{"id":99648,"date":"2024-11-28T11:27:59","date_gmt":"2024-11-28T11:27:59","guid":{"rendered":"https:\/\/electromenagerexpress.com\/product\/plancha-gazplanettableoasi205oasi55friteeviermitigeur\/"},"modified":"2024-11-28T11:28:02","modified_gmt":"2024-11-28T11:28:02","slug":"plancha-gazplanettableoasi205oasi55friteeviermitigeur","status":"publish","type":"product","link":"https:\/\/electromenagerexpress.com\/en\/product\/plancha-gazplanettableoasi205oasi55friteeviermitigeur\/","title":{"rendered":"Plancha gaz\t\t\t\t\t\t\tPLANET\t\t\t\tTableOASI205+OASI55+Frite+Evier+Mitigeur"},"content":{"rendered":"<div class=\"product-features__content\">\n<ul role=\"list\">\n<li class=\"product-features__item\" role=\"listitem\">\n<h3 class=\"product-features__label\">Informations compl\u00e9mentaires<\/h3>\n<ul role=\"list\">\n<li class=\"product-features__item-list__item\" role=\"listitem\"><span class=\"is--medium\">Disponibilit\u00e9 des pi\u00e8ces d\u00e9tach\u00e9es (donn\u00e9es fournisseur) :<\/span> Non communiqu\u00e9e\t\t\t\t\t<\/li>\n<\/ul>\n<\/li>\n<\/ul>\n<\/div>\n<div class=\"product__disclosure-content\">\n<div class=\"js-read-more product-description__content\" data-read-more-name=\"description\" style=\"max-height: 500px; overflow: hidden;\">\n<p>Table Cuisson ferm\u00e9e Inox304 Qualit\u00e9 Alimentaire, Porte avant maintenue par 2 verins, joues lat\u00e9rales amovibles, \u00e9quip\u00e9e d&rsquo;une Plancha OASI 80 Lisse, Plaque de cuisson 79x40cm, \u00e9paisseur 5mm, Renforts anti-torsion, D\u00e9coupe possible sur la plaque, Pas de migration entre la plaque et les aliments, pas de modification du go\u00fbt des aliments, Tablettes en contreplaqu\u00e9 marine tout Okum\u00e9 FSC, capot int\u00e9gral en Inox Marin 316, La table peut \u00eatre install\u00e9e sur pieds r\u00e9glages ou roulettes discr\u00e8tes en teflon pour \u00eatre mobile, Dimensions : 205x56x88, Puissance : 8400 Watts, Norme : CE, Nombre de convives : , Type de Gaz : Butane&amp;Propane ou M\u00e9thane (buses fournies), Garantie : Composants 3 ans, Plaque 10 ans<\/p>\n<p>Inox 304 Alimentaire<\/p>\n<\/div>\n<\/div>","protected":false},"excerpt":{"rendered":"<p>None<\/p>","protected":false},"featured_media":49582,"template":"","meta":{"_glsr_average":0,"_glsr_ranking":0,"_glsr_reviews":0},"product_cat":[352],"product_tag":[230,353,354],"class_list":{"0":"post-99648","1":"product","2":"type-product","3":"status-publish","4":"has-post-thumbnail","6":"product_cat-plancha-gaz","7":"product_tag-cuisine-et-cuisson","8":"product_tag-plancha","9":"product_tag-plancha-gaz","11":"first","12":"instock","13":"sale","14":"shipping-taxable","15":"purchasable","16":"product-type-simple"},"_links":{"self":[{"href":"https:\/\/electromenagerexpress.com\/en\/wp-json\/wp\/v2\/product\/99648","targetHints":{"allow":["GET"]}}],"collection":[{"href":"https:\/\/electromenagerexpress.com\/en\/wp-json\/wp\/v2\/product"}],"about":[{"href":"https:\/\/electromenagerexpress.com\/en\/wp-json\/wp\/v2\/types\/product"}],"wp:featuredmedia":[{"embeddable":true,"href":"https:\/\/electromenagerexpress.com\/en\/wp-json\/wp\/v2\/media\/49582"}],"wp:attachment":[{"href":"https:\/\/electromenagerexpress.com\/en\/wp-json\/wp\/v2\/media?parent=99648"}],"wp:term":[{"taxonomy":"product_cat","embeddable":true,"href":"https:\/\/electromenagerexpress.com\/en\/wp-json\/wp\/v2\/product_cat?post=99648"},{"taxonomy":"product_tag","embeddable":true,"href":"https:\/\/electromenagerexpress.com\/en\/wp-json\/wp\/v2\/product_tag?post=99648"}],"curies":[{"name":"wp","href":"https:\/\/api.w.org\/{rel}","templated":true}]}}