{"id":99644,"date":"2024-11-28T11:27:47","date_gmt":"2024-11-28T11:27:47","guid":{"rendered":"https:\/\/electromenagerexpress.com\/product\/desserteziipadesserte-fredda-ardoise\/"},"modified":"2024-11-28T11:27:50","modified_gmt":"2024-11-28T11:27:50","slug":"desserteziipadesserte-fredda-ardoise","status":"publish","type":"product","link":"https:\/\/electromenagerexpress.com\/en\/product\/desserteziipadesserte-fredda-ardoise\/","title":{"rendered":"Desserte\t\t\t\t\t\t\tZIIPA\t\t\t\tDesserte Fredda &#8211; Ardoise"},"content":{"rendered":"<div class=\"product-features__content\">\n<ul role=\"list\">\n<li class=\"product-features__item\" role=\"listitem\">\n<h3 class=\"product-features__label\">Caract\u00e9ristiques g\u00e9n\u00e9rales<\/h3>\n<ul role=\"list\">\n<li class=\"product-features__item-list__item\" role=\"listitem\"><span class=\"is--medium\">Mati\u00e8re du chariot :<\/span> Acier Laqu\u00e9 inoxydable\t\t\t\t\t<\/li>\n<li class=\"product-features__item-list__item\" role=\"listitem\"><span class=\"is--medium\">Type de chariot :<\/span> Desserte\t\t\t\t\t<\/li>\n<li class=\"product-features__item-list__item\" role=\"listitem\"><span class=\"is--medium\">Roulettes int\u00e9gr\u00e9es :<\/span> Oui\t\t\t\t\t<\/li>\n<li class=\"product-features__item-list__item\" role=\"listitem\"><span class=\"is--medium\">Compatibilit\u00e9 plancha :<\/span> Oui\t\t\t\t\t<\/li>\n<li class=\"product-features__item-list__item\" role=\"listitem\"><span class=\"is--medium\">Mobilit\u00e9 :<\/span> 2 roues\t\t\t\t\t<\/li>\n<li class=\"product-features__item-list__item\" role=\"listitem\"><span class=\"is--medium\">Marque compatible :<\/span> Ziipa\t\t\t\t\t<\/li>\n<li class=\"product-features__item-list__item\" role=\"listitem\"><span class=\"is--medium\">Mod\u00e8le compatible :<\/span> Piana Pellets et Piana Gaz\t\t\t\t\t<\/li>\n<\/ul>\n<\/li>\n<li class=\"product-features__item\" role=\"listitem\">\n<h3 class=\"product-features__label\">Dimensions<\/h3>\n<ul role=\"list\">\n<li class=\"product-features__item-list__item\" role=\"listitem\"><span class=\"is--medium\">Dimensions l x h x p :<\/span> 73.2 x 87 x 130.8 cm\t\t\t\t\t<\/li>\n<li class=\"product-features__item-list__item\" role=\"listitem\"><span class=\"is--medium\">Poids :<\/span> 35,0 kg\t\t\t\t\t<\/li>\n<\/ul>\n<\/li>\n<li class=\"product-features__item\" role=\"listitem\">\n<h3 class=\"product-features__label\">Informations compl\u00e9mentaires<\/h3>\n<ul role=\"list\">\n<li class=\"product-features__item-list__item\" role=\"listitem\"><span class=\"is--medium\">Fabriqu\u00e9 en :<\/span> Chine\t\t\t\t\t<\/li>\n<li class=\"product-features__item-list__item\" role=\"listitem\"><span class=\"is--medium\">Disponibilit\u00e9 des pi\u00e8ces d\u00e9tach\u00e9es (donn\u00e9es fournisseur) :<\/span> Non concern\u00e9\t\t\t\t\t<\/li>\n<li class=\"product-features__item-list__item\" role=\"listitem\"><span class=\"is--medium\">R\u00e9f\u00e9rence constructeur :<\/span> Desserte Fredda &#8211; Ardoise\t\t\t\t\t<\/li>\n<li class=\"product-features__item-list__item\" role=\"listitem\"><span class=\"is--medium\">Marque :<\/span> ZIIPA\t\t\t\t\t<\/li>\n<\/ul>\n<\/li>\n<\/ul>\n<\/div>\n<div class=\"product__disclosure-content\">\n<div class=\"js-read-more product-description__content\" data-read-more-name=\"description\" style=\"max-height: 500px; overflow: hidden;\">\n<p>La desserte Fredda !<\/p>\n<p>Utilisez cette desserte en acier thermolaqu\u00e9 pour poser votre four \u00e0 pizza Piana ou Piana Gaz. Mobile et robuste elle est id\u00e9ale pour installer un vrai coin pizza dans votre jardin. Elle se compose de deux plateaux escamotables tr\u00e8s pratiques pour pr\u00e9parer vos pizzas. \u00c0 l&rsquo;arri\u00e8re un grand tiroir pour stocker vos pellets. Ingr\u00e9dients, ustensiles et accessoires trouveront leur place sur le plateau interm\u00e9diaire. Gr\u00e2ce \u00e0 la poign\u00e9e et les deux roues \u00e0 l&rsquo;arri\u00e8re vous pourrez la d\u00e9placer facilement. La desserte de jardin Fredda se d\u00e9cline dans les quatre coloris embl\u00e9matiques de ZiiPa : charbon, eucalyptus, terracotta et ardoise. Laissez-vous tenter par un total look ou amusez-vous \u00e0 mixer les couleurs !<\/p>\n<p>Les + de la desserte Fredda<\/p>\n<p>\u2022\tDeux grands plateaux.<br \/>\u2022\tDeux plateaux r\u00e9tractables.<br \/>\u2022\tUne poign\u00e9e et deux roues pour d\u00e9placer le chariot plus facilement.<br \/>\u2022\tDimensions adapt\u00e9es au four \u00e0 pizza Piana et Piana Gaz.<br \/>\u2022\tDisponible en quatre couleurs : charbon, eucalyptus, terracotta et ardoise.<\/p>\n<\/div>\n<\/div>","protected":false},"excerpt":{"rendered":"<div class=\"keypoints\">\n<h3 class=\"keypoints__title\">Les points cl\u00e9s<\/h3>\n<ul role=\"list\">\n<li class=\"keypoints__item\" role=\"listitem\">                                        Ziipa                      <\/li>\n<li class=\"keypoints__item\" role=\"listitem\">                                        Piana Pellets et Piana Gaz                      <\/li>\n<li class=\"keypoints__item\" role=\"listitem\">                                        Mobilit\u00e9 : 2 roues                      <\/li>\n<li class=\"keypoints__item\" role=\"listitem\">                                        Mati\u00e8re du chariot : Acier Laqu\u00e9 inoxydable                      <\/li>\n<\/ul>","protected":false},"featured_media":49568,"template":"","meta":{"_glsr_average":0,"_glsr_ranking":0,"_glsr_reviews":0},"product_cat":[364],"product_tag":[366,365,230],"class_list":{"0":"post-99644","1":"product","2":"type-product","3":"status-publish","4":"has-post-thumbnail","6":"product_cat-accessoire-barbecue-plancha","7":"product_tag-accessoire-barbecue-plancha","8":"product_tag-accessoire-cuisine-et-cuisson","9":"product_tag-cuisine-et-cuisson","11":"first","12":"instock","13":"sale","14":"shipping-taxable","15":"purchasable","16":"product-type-simple"},"_links":{"self":[{"href":"https:\/\/electromenagerexpress.com\/en\/wp-json\/wp\/v2\/product\/99644","targetHints":{"allow":["GET"]}}],"collection":[{"href":"https:\/\/electromenagerexpress.com\/en\/wp-json\/wp\/v2\/product"}],"about":[{"href":"https:\/\/electromenagerexpress.com\/en\/wp-json\/wp\/v2\/types\/product"}],"wp:featuredmedia":[{"embeddable":true,"href":"https:\/\/electromenagerexpress.com\/en\/wp-json\/wp\/v2\/media\/49568"}],"wp:attachment":[{"href":"https:\/\/electromenagerexpress.com\/en\/wp-json\/wp\/v2\/media?parent=99644"}],"wp:term":[{"taxonomy":"product_cat","embeddable":true,"href":"https:\/\/electromenagerexpress.com\/en\/wp-json\/wp\/v2\/product_cat?post=99644"},{"taxonomy":"product_tag","embeddable":true,"href":"https:\/\/electromenagerexpress.com\/en\/wp-json\/wp\/v2\/product_tag?post=99644"}],"curies":[{"name":"wp","href":"https:\/\/api.w.org\/{rel}","templated":true}]}}