{"id":99634,"date":"2024-11-28T11:27:10","date_gmt":"2024-11-28T11:27:10","guid":{"rendered":"https:\/\/electromenagerexpress.com\/product\/rotissoireklarsteinsauenland-pro-inox\/"},"modified":"2024-11-28T11:27:15","modified_gmt":"2024-11-28T11:27:15","slug":"rotissoireklarsteinsauenland-pro-inox","status":"publish","type":"product","link":"https:\/\/electromenagerexpress.com\/en\/product\/rotissoireklarsteinsauenland-pro-inox\/","title":{"rendered":"R\u00f4tissoire\t\t\t\t\t\t\tKLARSTEIN\t\t\t\tSauenland Pro &#8211; Inox"},"content":{"rendered":"<div class=\"product-features__content\">\n<ul role=\"list\">\n<li class=\"product-features__item\" role=\"listitem\">\n<h3 class=\"product-features__label\">Caract\u00e9ristiques g\u00e9n\u00e9rales<\/h3>\n<ul role=\"list\">\n<li class=\"product-features__item-list__item\" role=\"listitem\"><span class=\"is--medium\">Fonction :<\/span> R\u00f4tissoire\t\t\t\t\t<\/li>\n<li class=\"product-features__item-list__item\" role=\"listitem\"><span class=\"is--medium\">Mati\u00e8re du corps :<\/span> Inox\t\t\t\t\t<\/li>\n<li class=\"product-features__item-list__item\" role=\"listitem\"><span class=\"is--medium\">Puissance :<\/span> 13 W\t\t\t\t\t<\/li>\n<li class=\"product-features__item-list__item\" role=\"listitem\"><span class=\"is--medium\">Surface de cuisson :<\/span> 112 x 40 cm\t\t\t\t\t<\/li>\n<li class=\"product-features__item-list__item\" role=\"listitem\"><span class=\"is--medium\">Thermostat r\u00e9glable :<\/span> Non\t\t\t\t\t<\/li>\n<\/ul>\n<\/li>\n<li class=\"product-features__item\" role=\"listitem\">\n<h3 class=\"product-features__label\">Plaques<\/h3>\n<ul role=\"list\">\n<li class=\"product-features__item-list__item\" role=\"listitem\"><span class=\"is--medium\">Rev\u00eatement :<\/span> anti-adh\u00e9sif\t\t\t\t\t<\/li>\n<li class=\"product-features__item-list__item\" role=\"listitem\"><span class=\"is--medium\">Plaques amovibles :<\/span> Oui\t\t\t\t\t<\/li>\n<li class=\"product-features__item-list__item\" role=\"listitem\"><span class=\"is--medium\">Plaques compatibles lave-vaisselle :<\/span> Non\t\t\t\t\t<\/li>\n<\/ul>\n<\/li>\n<li class=\"product-features__item\" role=\"listitem\">\n<h3 class=\"product-features__label\">Informations compl\u00e9mentaires<\/h3>\n<ul role=\"list\">\n<li class=\"product-features__item-list__item\" role=\"listitem\"><span class=\"is--medium\">Fabriqu\u00e9 en :<\/span> Chine\t\t\t\t\t<\/li>\n<li class=\"product-features__item-list__item\" role=\"listitem\"><span class=\"is--medium\">Disponibilit\u00e9 des pi\u00e8ces d\u00e9tach\u00e9es (donn\u00e9es fournisseur) :<\/span> Non communiqu\u00e9e\t\t\t\t\t<\/li>\n<\/ul>\n<\/li>\n<li class=\"product-features__item\" role=\"listitem\">\n<h3 class=\"product-features__label\">Dimensions<\/h3>\n<ul role=\"list\">\n<li class=\"product-features__item-list__item\" role=\"listitem\"><span class=\"is--medium\">Dimensions l x h x p :<\/span> 138 x 92 x 44 cm\t\t\t\t\t<\/li>\n<li class=\"product-features__item-list__item\" role=\"listitem\"><span class=\"is--medium\">Poids net :<\/span> 27,50 Kg\t\t\t\t\t<\/li>\n<\/ul>\n<\/li>\n<\/ul>\n<\/div>\n<div class=\"product__disclosure-content\">\n<div class=\"js-read-more product-description__content read-more read-more--truncated\" data-read-more-name=\"description\" style=\"max-height: 500px; overflow: hidden;\">\n<p><b>Grand barbecue pour cochon de lait avec moteur, broche motoris\u00e9e en inox et grande<br \/>surface de cuisson.<\/b><\/p>\n<p><b>Fabriqu\u00e9 en inox durable, facile \u00e0 nettoyer avec un grand paravent.<\/b><\/p>\n<p><b>Facile \u00e0 d\u00e9placer gr\u00e2ce aux quatre roues avec freins pour une utilisation mobile.<\/b><\/p>\n<p>Le Sauenland Pro de <b>Klarstein<\/b> est un <b>barbecue \u00e0 cochon de lait<\/b> qui permet de r\u00e9aliser<br \/>les r\u00eaves des amateurs de rustique.<\/p>\n<p>La fabrication en inox solide selon le concept <i>CrystalSteel<\/i> donne l&rsquo;apparence<br \/>ext\u00e9rieure du barbecue. Gr\u00e2ce \u00e0 ses quatre roulettes et aux deux freins int\u00e9gr\u00e9s, le<br \/>somptueux <b>barbecue pour cochon de lait<\/b> est tr\u00e8s facile \u00e0 d\u00e9placer malgr\u00e9 son poids et<br \/>est d\u00b4une grande stabilit\u00e9, pour aller du garage au jardin ou de la remise \u00e0 outils \u00e0<br \/>la terrasse. La broche du barbecue de dimension cons\u00e9quente en inox est certainement<br \/>ce qui attire en premier vers ce barbecue : vous pourrez y d\u00e9guster de d\u00e9licieux<br \/>r\u00f4tis ainsi que du poulet ou d&rsquo;autres grillades.<\/p>\n<p>La broche en inox du <b>barbecue pour cochon de lait<\/b> est aliment\u00e9e par un moteur : sa<br \/>rotation r\u00e9guli\u00e8re garantit une cuisson uniforme et une d\u00e9gustation parfaite de<br \/>viande bien juteuse. La l\u00e8chefrite contient suffisamment de charbon pour fournir la<br \/>chaleur n\u00e9cessaire sur une longue p\u00e9riode. Gr\u00e2ce aux quatre grilles, vous disposez<br \/>aussi d&rsquo;une surface de cuisson g\u00e9n\u00e9reuse, ce qui en fait le partenaire id\u00e9al pour vos<br \/>\u00e9v\u00e9nements de barbecue traditionnels.<\/p>\n<p>F\u00eate de famille, f\u00eate de rue ou anniversaire d&rsquo;entreprise : avec le <b>barbecue pour<br \/>cochon de lait<\/b> Sauenland Pro de <b>Klarstein<\/b>, r\u00e9ussissez comme il se doit des porcelets<br \/>rustiques, des r\u00f4tis savoureux et d&rsquo;autres sp\u00e9cialit\u00e9s !<\/p>\n<p><b>Remarque : le barbecue pour cochon de lait sera livr\u00e9 en kit.<\/b><\/p>\n<p><b>Top Features:<\/b><\/p>\n<p>\u2022 <b>Polyvalent :<\/b> peut servir de barbecue pour cochon de lait ou comme BBQ<br \/>classique<b>R\u00e9glage facile :<\/b> modification de la hauteur des aliments en fonction du<br \/>r\u00e9sultat souhait\u00e9<b>En inox :<\/b> nettoyage facile et tr\u00e8s solide suivant le concept<br \/><i>CrystalSteel<br \/><\/i><b>R\u00e9sistant aux intemp\u00e9ries :<\/b> grand paravent en inox<b>Puissant :<\/b> puissant moteur pour<br \/>diff\u00e9rents types de viandes<b>R\u00e9sultats excellents :<\/b> nombreuses possibilit\u00e9s de<br \/>pr\u00e9paration<b>Qualit\u00e9 massive :<\/b> enti\u00e8rement en inox durable<b>Mobile :<\/b> 4 roulettes dont 2<br \/>avec freins pour une utilisation mobile<\/p>\n<p><b>Caract\u00e9ristiques:<\/b><\/p>\n<p>\u2022 Construction solide en inox<br \/>\u2022 Avec paravent<br \/>\u2022 Puissance du moteur : 13 watts<br \/>\u2022 Alimentation : 220-240V | 50-60Hz<\/p>\n<p><b>Inclus dans la livraison:<\/b><\/p>\n<p>\u2022 1 x barbecue (broche, moteur et paravent fournis)4 x grilles de cuissonMode<br \/>d&#8217;emploi en fran\u00e7ais<\/p>\n<p><b>Dimensions:<\/b><\/p>\n<p>\u2022 Dimensions : env. 138 x 92 x 44 (LxHxP)<br \/>\u2022 Surface de cuisson : env. 112 x 40 cm (LxP)<br \/>\u2022 Poids : env. 27,5 kg<\/p>\n<\/div>\n<p><bl-button a11yexpanded=\"false\" arialabel=\"Afficher toute la description\" class=\"read-more__btn\" full=\"false\" link=\"true\"><\/bl-button><\/div>","protected":false},"excerpt":{"rendered":"<div class=\"keypoints\">\n<h3 class=\"keypoints__title\">Les points cl\u00e9s<\/h3>\n<ul role=\"list\">\n<li class=\"keypoints__item\" role=\"listitem\">                                        R\u00f4tissoire                      <\/li>\n<li class=\"keypoints__item\" role=\"listitem\">                                        13 W                      <\/li>\n<li class=\"keypoints__item\" role=\"listitem\">                                        Plaques amovibles                      <\/li>\n<li class=\"keypoints__item\" role=\"listitem\">                                        Surface de cuisson : 112 x 40 cm                      <\/li>\n<\/ul>","protected":false},"featured_media":49508,"template":"","meta":{"_glsr_average":0,"_glsr_ranking":0,"_glsr_reviews":0},"product_cat":[355],"product_tag":[230,356,353],"class_list":{"0":"post-99634","1":"product","2":"type-product","3":"status-publish","4":"has-post-thumbnail","6":"product_cat-grill-pierre-a-cuire","7":"product_tag-cuisine-et-cuisson","8":"product_tag-grill-pierre-a-cuire","9":"product_tag-plancha","11":"first","12":"instock","13":"sale","14":"shipping-taxable","15":"purchasable","16":"product-type-simple"},"_links":{"self":[{"href":"https:\/\/electromenagerexpress.com\/en\/wp-json\/wp\/v2\/product\/99634","targetHints":{"allow":["GET"]}}],"collection":[{"href":"https:\/\/electromenagerexpress.com\/en\/wp-json\/wp\/v2\/product"}],"about":[{"href":"https:\/\/electromenagerexpress.com\/en\/wp-json\/wp\/v2\/types\/product"}],"wp:featuredmedia":[{"embeddable":true,"href":"https:\/\/electromenagerexpress.com\/en\/wp-json\/wp\/v2\/media\/49508"}],"wp:attachment":[{"href":"https:\/\/electromenagerexpress.com\/en\/wp-json\/wp\/v2\/media?parent=99634"}],"wp:term":[{"taxonomy":"product_cat","embeddable":true,"href":"https:\/\/electromenagerexpress.com\/en\/wp-json\/wp\/v2\/product_cat?post=99634"},{"taxonomy":"product_tag","embeddable":true,"href":"https:\/\/electromenagerexpress.com\/en\/wp-json\/wp\/v2\/product_tag?post=99634"}],"curies":[{"name":"wp","href":"https:\/\/api.w.org\/{rel}","templated":true}]}}