{"id":99632,"date":"2024-11-28T11:27:04","date_gmt":"2024-11-28T11:27:04","guid":{"rendered":"https:\/\/electromenagerexpress.com\/product\/plancha-gazplanetplancha-chef-80-lisse-couv-charnieres\/"},"modified":"2024-11-28T11:27:06","modified_gmt":"2024-11-28T11:27:06","slug":"plancha-gazplanetplancha-chef-80-lisse-couv-charnieres","status":"publish","type":"product","link":"https:\/\/electromenagerexpress.com\/en\/product\/plancha-gazplanetplancha-chef-80-lisse-couv-charnieres\/","title":{"rendered":"Plancha gaz\t\t\t\t\t\t\tPLANET\t\t\t\tPlancha CHEF 80 Lisse + Couv Charni\u00e8res"},"content":{"rendered":"<div class=\"product-features__content\">\n<ul role=\"list\">\n<li class=\"product-features__item\" role=\"listitem\">\n<h3 class=\"product-features__label\">Informations compl\u00e9mentaires<\/h3>\n<ul role=\"list\">\n<li class=\"product-features__item-list__item\" role=\"listitem\"><span class=\"is--medium\">Disponibilit\u00e9 des pi\u00e8ces d\u00e9tach\u00e9es (donn\u00e9es fournisseur) :<\/span> Non communiqu\u00e9e\t\t\t\t\t<\/li>\n<\/ul>\n<\/li>\n<\/ul>\n<\/div>\n<div class=\"product__disclosure-content\">\n<div class=\"js-read-more product-description__content\" data-read-more-name=\"description\" style=\"max-height: 500px; overflow: hidden;\">\n<p>Plancha Inox304 Qualit\u00e9 Alimentaire Lisse Plaque Lisse 80 + Couvercle \u00e0 Charni\u00e8res PLANET &#8211; Plaque de cuisson 79x40cm, \u00e9paisseur 5mm, Renforts anti-torsion, D\u00e9coupe possible sur la plaque, Pas de migration entre la plaque et les aliments, pas de modification du go\u00fbt des aliments 3 Br\u00fbleurs \u00e0 bande large &#8211; Allumage Piezzo \u00e9lectronique &#8211; Bac \u00e0 graisse inclin\u00e9 int\u00e9gr\u00e9 sur fa\u00e7ade &#8211; Pieds r\u00e9glables en hauteur &#8211; Caisson de combustion isol\u00e9 de la structure pour la s\u00e9curit\u00e9 et la performance thermique  &#8211; Couvercle fixe \u00e0 Charni\u00e8res, Garantie : Composants = 3 ans, Plaque 10 ans<\/p>\n<p>Inox 304 Alimentaire<\/p>\n<\/div>\n<\/div>","protected":false},"excerpt":{"rendered":"<p>None<\/p>","protected":false},"featured_media":49500,"template":"","meta":{"_glsr_average":0,"_glsr_ranking":0,"_glsr_reviews":0},"product_cat":[352],"product_tag":[230,353,354],"class_list":{"0":"post-99632","1":"product","2":"type-product","3":"status-publish","4":"has-post-thumbnail","6":"product_cat-plancha-gaz","7":"product_tag-cuisine-et-cuisson","8":"product_tag-plancha","9":"product_tag-plancha-gaz","11":"first","12":"instock","13":"sale","14":"shipping-taxable","15":"purchasable","16":"product-type-simple"},"_links":{"self":[{"href":"https:\/\/electromenagerexpress.com\/en\/wp-json\/wp\/v2\/product\/99632","targetHints":{"allow":["GET"]}}],"collection":[{"href":"https:\/\/electromenagerexpress.com\/en\/wp-json\/wp\/v2\/product"}],"about":[{"href":"https:\/\/electromenagerexpress.com\/en\/wp-json\/wp\/v2\/types\/product"}],"wp:featuredmedia":[{"embeddable":true,"href":"https:\/\/electromenagerexpress.com\/en\/wp-json\/wp\/v2\/media\/49500"}],"wp:attachment":[{"href":"https:\/\/electromenagerexpress.com\/en\/wp-json\/wp\/v2\/media?parent=99632"}],"wp:term":[{"taxonomy":"product_cat","embeddable":true,"href":"https:\/\/electromenagerexpress.com\/en\/wp-json\/wp\/v2\/product_cat?post=99632"},{"taxonomy":"product_tag","embeddable":true,"href":"https:\/\/electromenagerexpress.com\/en\/wp-json\/wp\/v2\/product_tag?post=99632"}],"curies":[{"name":"wp","href":"https:\/\/api.w.org\/{rel}","templated":true}]}}