{"id":99629,"date":"2024-11-28T11:26:56","date_gmt":"2024-11-28T11:26:56","guid":{"rendered":"https:\/\/electromenagerexpress.com\/product\/dessertecookin-gardencookin-garden-desserte-reva-110-premi\/"},"modified":"2024-11-28T11:26:57","modified_gmt":"2024-11-28T11:26:57","slug":"dessertecookin-gardencookin-garden-desserte-reva-110-premi","status":"publish","type":"product","link":"https:\/\/electromenagerexpress.com\/en\/product\/dessertecookin-gardencookin-garden-desserte-reva-110-premi\/","title":{"rendered":"Desserte\t\t\t\t\t\t\tCOOK&rsquo;IN GARDEN\t\t\t\tCook&rsquo;in Garden &#8211; Desserte REVA 110 PREMI"},"content":{"rendered":"<div class=\"product-features__content\">\n<ul role=\"list\">\n<li class=\"product-features__item\" role=\"listitem\">\n<h3 class=\"product-features__label\">Caract\u00e9ristiques g\u00e9n\u00e9rales<\/h3>\n<ul role=\"list\">\n<li class=\"product-features__item-list__item\" role=\"listitem\"><span class=\"is--medium\">Mati\u00e8re du chariot :<\/span> Acier \u00e9poxy\t\t\t\t\t<\/li>\n<li class=\"product-features__item-list__item\" role=\"listitem\"><span class=\"is--medium\">Type de chariot :<\/span> Desserte\t\t\t\t\t<\/li>\n<li class=\"product-features__item-list__item\" role=\"listitem\"><span class=\"is--medium\">Couleur :<\/span> Noir\t\t\t\t\t<\/li>\n<li class=\"product-features__item-list__item\" role=\"listitem\"><span class=\"is--medium\">Roulettes int\u00e9gr\u00e9es :<\/span> Oui\t\t\t\t\t<\/li>\n<li class=\"product-features__item-list__item\" role=\"listitem\"><span class=\"is--medium\">Compatibilit\u00e9 plancha :<\/span> oui\t\t\t\t\t<\/li>\n<li class=\"product-features__item-list__item\" role=\"listitem\"><span class=\"is--medium\">Mobilit\u00e9 :<\/span> 2 roues\t\t\t\t\t<\/li>\n<li class=\"product-features__item-list__item\" role=\"listitem\"><span class=\"is--medium\">Marque compatible :<\/span> Cook&rsquo;in Garden\t\t\t\t\t<\/li>\n<li class=\"product-features__item-list__item\" role=\"listitem\"><span class=\"is--medium\">Mod\u00e8le compatible :<\/span> Universel\t\t\t\t\t<\/li>\n<\/ul>\n<\/li>\n<li class=\"product-features__item\" role=\"listitem\">\n<h3 class=\"product-features__label\">Dimensions<\/h3>\n<ul role=\"list\">\n<li class=\"product-features__item-list__item\" role=\"listitem\"><span class=\"is--medium\">Dimensions l x h x p :<\/span> 65 x 110 x 121 cm\t\t\t\t\t<\/li>\n<li class=\"product-features__item-list__item\" role=\"listitem\"><span class=\"is--medium\">Poids :<\/span> 24,7 kg\t\t\t\t\t<\/li>\n<li class=\"product-features__item-list__item\" role=\"listitem\"><span class=\"is--medium\">Poids Brut (kg) :<\/span> 28.5\t\t\t\t\t<\/li>\n<\/ul>\n<\/li>\n<li class=\"product-features__item\" role=\"listitem\">\n<h3 class=\"product-features__label\">Informations compl\u00e9mentaires<\/h3>\n<ul role=\"list\">\n<li class=\"product-features__item-list__item\" role=\"listitem\"><span class=\"is--medium\">Fabriqu\u00e9 en :<\/span> Chine\t\t\t\t\t<\/li>\n<li class=\"product-features__item-list__item\" role=\"listitem\"><span class=\"is--medium\">Disponibilit\u00e9 des pi\u00e8ces d\u00e9tach\u00e9es (donn\u00e9es fournisseur) :<\/span> Non communiqu\u00e9e\t\t\t\t\t<\/li>\n<li class=\"product-features__item-list__item\" role=\"listitem\"><span class=\"is--medium\">R\u00e9f\u00e9rence constructeur :<\/span> Cook&rsquo;in Garden &#8211; Desserte REVA 110 PREMI\t\t\t\t\t<\/li>\n<li class=\"product-features__item-list__item\" role=\"listitem\"><span class=\"is--medium\">Marque :<\/span> COOK&rsquo;IN GARDEN\t\t\t\t\t<\/li>\n<\/ul>\n<\/li>\n<\/ul>\n<\/div>\n<div class=\"product__disclosure-content\">\n<div class=\"js-read-more product-description__content read-more read-more--truncated\" data-read-more-name=\"description\" style=\"max-height: 500px; overflow: hidden;\">\n<p> <strong>Description :<\/strong> <br \/>Optez pour un accessoire de jardin complet qui vous aide \u00e0 pr\u00e9parer vos petits plats de l&rsquo;\u00e9t\u00e9. Cette desserte de jardin se d\u00e9place facilement de la cuisine \u00e0 votre terrasse gr\u00e2ce \u00e0 ses deux roues, ce qui vous permet d&#8217;emmener tout ce dont vous avez besoin pour r\u00e9aliser vos grillades \u00e0 la plancha. Elle comporte deux plaques ajour\u00e9es, dont l&rsquo;une peut servir de cr\u00e9dence pour prot\u00e9ger la plaque de cuisson contre le vent. Vous disposez donc d&rsquo;un plan de travail, d&rsquo;un plateau bas et d&rsquo;une tablette lat\u00e9rale, qui peut \u00eatre rabattue pour gagner de la place lorsque vous rangez la desserte. Ce chariot pour plancha est \u00e9quip\u00e9 d&rsquo;accessoires tels une planche \u00e0 d\u00e9couper, un bac \u00e0 \u00e9pices, des crochets, etc.  <\/p>\n<p> <strong>D\u00e9tails :<\/strong> <br \/>Dimensions : <br \/>&#8211; Desserte : L 121 \u00d7 l 65 \u00d7 H 110cm<br \/>&#8211; Surface de travail : L 108 \u00d7 l 55cm<br \/>&#8211; Hauteur entre les plateaux : H 61,5cm<br \/>&#8211; \u00c9paisseur plateaux : 8cm<br \/>&#8211; Roues : \u00d8 17cm <br \/>Mati\u00e8res : <br \/>&#8211; Structure : acier epoxy    <br \/>Couleurs : <br \/>&#8211; Structure : noire<br \/>&#8211; Tablette : noire   <\/p>\n<p> <strong>Options :<\/strong> <br \/>&#8211; 1 jupe<br \/>&#8211; 1 cr\u00e9dence<br \/>&#8211; 1 bac \u00e0 \u00e9pices<br \/>&#8211; 1 tablette avec planche \u00e0 d\u00e9couper<br \/>&#8211; 1 bac \u00e0 viande<br \/>&#8211; 1 support poubelle<br \/>&#8211; 1 roue renforc\u00e9e  <\/p>\n<p> <strong>Informations compl\u00e9mentaires :<\/strong> <br \/>&#8211; Poids maximum support\u00e9s : 50kg (tablette haute) \/ 25kg (tablette basse)<br \/>&#8211; Desserte clipsable : montage en 10 minutes sans outils<br \/>&#8211; Compatible avec la housse de protection : AC002<br \/>&#8211; \u00c0 monter (notice incluse)<\/p>\n<\/div>\n<p><bl-button a11yexpanded=\"false\" arialabel=\"Afficher toute la description\" class=\"read-more__btn\" full=\"false\" link=\"true\"><\/bl-button><\/div>","protected":false},"excerpt":{"rendered":"<div class=\"keypoints\">\n<h3 class=\"keypoints__title\">Les points cl\u00e9s<\/h3>\n<ul role=\"list\">\n<li class=\"keypoints__item\" role=\"listitem\">                                        Cook&rsquo;in Garden                      <\/li>\n<li class=\"keypoints__item\" role=\"listitem\">                                        Universel                      <\/li>\n<li class=\"keypoints__item\" role=\"listitem\">                                        Mobilit\u00e9 : 2 roues                      <\/li>\n<li class=\"keypoints__item\" role=\"listitem\">                                        Mati\u00e8re du chariot : Acier \u00e9poxy                      <\/li>\n<\/ul>","protected":false},"featured_media":49488,"template":"","meta":{"_glsr_average":0,"_glsr_ranking":0,"_glsr_reviews":0},"product_cat":[364],"product_tag":[366,365,230],"class_list":{"0":"post-99629","1":"product","2":"type-product","3":"status-publish","4":"has-post-thumbnail","6":"product_cat-accessoire-barbecue-plancha","7":"product_tag-accessoire-barbecue-plancha","8":"product_tag-accessoire-cuisine-et-cuisson","9":"product_tag-cuisine-et-cuisson","11":"first","12":"instock","13":"sale","14":"shipping-taxable","15":"purchasable","16":"product-type-simple"},"_links":{"self":[{"href":"https:\/\/electromenagerexpress.com\/en\/wp-json\/wp\/v2\/product\/99629","targetHints":{"allow":["GET"]}}],"collection":[{"href":"https:\/\/electromenagerexpress.com\/en\/wp-json\/wp\/v2\/product"}],"about":[{"href":"https:\/\/electromenagerexpress.com\/en\/wp-json\/wp\/v2\/types\/product"}],"wp:featuredmedia":[{"embeddable":true,"href":"https:\/\/electromenagerexpress.com\/en\/wp-json\/wp\/v2\/media\/49488"}],"wp:attachment":[{"href":"https:\/\/electromenagerexpress.com\/en\/wp-json\/wp\/v2\/media?parent=99629"}],"wp:term":[{"taxonomy":"product_cat","embeddable":true,"href":"https:\/\/electromenagerexpress.com\/en\/wp-json\/wp\/v2\/product_cat?post=99629"},{"taxonomy":"product_tag","embeddable":true,"href":"https:\/\/electromenagerexpress.com\/en\/wp-json\/wp\/v2\/product_tag?post=99629"}],"curies":[{"name":"wp","href":"https:\/\/api.w.org\/{rel}","templated":true}]}}