{"id":99624,"date":"2024-11-28T11:13:28","date_gmt":"2024-11-28T11:13:28","guid":{"rendered":"https:\/\/electromenagerexpress.com\/product\/expresso-broyeurkrupsyy5058fd-intuition-experience\/"},"modified":"2024-11-28T11:13:37","modified_gmt":"2024-11-28T11:13:37","slug":"expresso-broyeurkrupsyy5058fd-intuition-experience","status":"publish","type":"product","link":"https:\/\/electromenagerexpress.com\/en\/product\/expresso-broyeurkrupsyy5058fd-intuition-experience\/","title":{"rendered":"Expresso Broyeur\t\t\t\t\t\t\tKRUPS\t\t\t\tYY5058FD intuition experience+"},"content":{"rendered":"<div class=\"product-features__content\">\n<ul role=\"list\">\n<li class=\"product-features__item\" role=\"listitem\">\n<h3 class=\"product-features__label\">L&rsquo; expresso broyeur vous apporte :<\/h3>\n<ul role=\"list\">\n<li class=\"product-features__item-list__item\" role=\"listitem\"><span class=\"is--medium\">Une mouture fra\u00eechement moulue :<\/span> b\u00e9n\u00e9ficiez du dosage automatis\u00e9 de votre appareil pour une boisson pleine de saveur\t\t\t\t\t<\/li>\n<li class=\"product-features__item-list__item\" role=\"listitem\"><span class=\"is--medium\">La pr\u00e9-infusion :<\/span> \u00e9tape interm\u00e9diaire permettant l&rsquo;expression d&rsquo;un maximum d&rsquo;ar\u00f4mes\t\t\t\t\t<\/li>\n<li class=\"product-features__item-list__item\" role=\"listitem\"><span class=\"is--medium\">L&rsquo;extraction :<\/span> une pression id\u00e9ale pour atteindre la perfection d&rsquo;un caf\u00e9 expresso\t\t\t\t\t<\/li>\n<\/ul>\n<\/li>\n<li class=\"product-features__item\" role=\"listitem\">\n<h3 class=\"product-features__label\">Choisir ce produit pour quels usages ?<\/h3>\n<ul role=\"list\">\n<li class=\"product-features__item-list__item\" role=\"listitem\"><span class=\"is--medium\">Type de boissons :<\/span> caf\u00e9, boissons lact\u00e9es, th\u00e9\t\t\t\t\t<\/li>\n<li class=\"product-features__item-list__item\" role=\"listitem\"><span class=\"is--medium\">Type de caf\u00e9 :<\/span> grain\t\t\t\t\t<\/li>\n<li class=\"product-features__item-list__item\" role=\"listitem\"><span class=\"is--medium\">Je trouve mon caf\u00e9 :<\/span> <a href=\"https:\/\/www.boulanger.com\/c\/accessoire-consommable-expresso-cafetiere\/facette_accessoire_cafetiere_et_expresso_____produit~cafe920en20grain\" target=\"_blank\">en sa<\/a><\/li>\n<li class=\"product-features__item-list__item\" role=\"listitem\"><span class=\"is--medium\">Nombre de tasses :<\/span> 1 ou 2 caf\u00e9s ou boissons lact\u00e9es en simultan\u00e9\t\t\t\t\t<\/li>\n<li class=\"product-features__item-list__item\" role=\"listitem\"><span class=\"is--medium\">Nombre de recettes caf\u00e9s :<\/span> 10\t\t\t\t\t<\/li>\n<li class=\"product-features__item-list__item\" role=\"listitem\"><span class=\"is--medium\">Nombre de recettes caf\u00e9s lact\u00e9es :<\/span> 8\t\t\t\t\t<\/li>\n<li class=\"product-features__item-list__item\" role=\"listitem\"><span class=\"is--medium\">Type de recettes :<\/span> Ristretto, Espresso, Lungo, Caf\u00e9, Caf\u00e9 XL, Doppio+, Caf\u00e9 long, Americano, Caf\u00e9 filtre, Caf\u00e9 frapp\u00e9, Caf\u00e9 Cortado, Caf\u00e9 cr\u00e8me, Cappuccino, Latte Macchiato, Caffelatte, Mousse de lait, Flat White, Espresso Macchiato\t\t\t\t\t<\/li>\n<li class=\"product-features__item-list__item\" role=\"listitem\"><span class=\"is--medium\">Aroma + :<\/span> Non\t\t\t\t\t<\/li>\n<li class=\"product-features__item-list__item\" role=\"listitem\"><span class=\"is--medium\">Nombre de recettes favoris :<\/span> 7\t\t\t\t\t<\/li>\n<li class=\"product-features__item-list__item\" role=\"listitem\"><span class=\"is--medium\">Mod\u00e8le de l&rsquo;expresso broyeur :<\/span> Intuition Pr\u00e9f\u00e9rence +\t\t\t\t\t<\/li>\n<\/ul>\n<\/li>\n<li class=\"product-features__item\" role=\"listitem\">\n<h3 class=\"product-features__label\">Confort d&rsquo;utilisation<\/h3>\n<ul role=\"list\">\n<li class=\"product-features__item-list__item\" role=\"listitem\"><span class=\"is--medium\">Syst\u00e8me de boissons lact\u00e9es :<\/span> carafe \u00e0 lait amovible pour pr\u00e9parer automatiquement vos boissons lact\u00e9es et conserver votre lait au r\u00e9frig\u00e9rateur\t\t\t\t\t<\/li>\n<li class=\"product-features__item-list__item\" role=\"listitem\"><span class=\"is--medium\">Panneau de commande :<\/span> \u00e9cran couleur tactile\t\t\t\t\t<\/li>\n<li class=\"product-features__item-list__item\" role=\"listitem\"><span class=\"is--medium\">Nombre de profils : :<\/span> 8\t\t\t\t\t<\/li>\n<li class=\"product-features__item-list__item\" role=\"listitem\"><span class=\"is--medium\">Capacit\u00e9 du bac \u00e0 grains :<\/span> 250 g\t\t\t\t\t<\/li>\n<li class=\"product-features__item-list__item\" role=\"listitem\"><span class=\"is--medium\">Capacit\u00e9 du r\u00e9servoir d&rsquo;eau :<\/span> 3,0 L\t\t\t\t\t<\/li>\n<li class=\"product-features__item-list__item\" role=\"listitem\"><span class=\"is--medium\">Emplacement du r\u00e9servoir d&rsquo;eau :<\/span> A l&rsquo;arri\u00e8re\t\t\t\t\t<\/li>\n<li class=\"product-features__item-list__item\" role=\"listitem\"><span class=\"is--medium\">Capacit\u00e9 du bac \u00e0 marc :<\/span> 9\t\t\t\t\t<\/li>\n<li class=\"product-features__item-list__item\" role=\"listitem\"><span class=\"is--medium\">Chauffe tasses :<\/span> Non\t\t\t\t\t<\/li>\n<li class=\"product-features__item-list__item\" role=\"listitem\"><span class=\"is--medium\">Arr\u00eat automatique de la machine :<\/span> Oui\t\t\t\t\t<\/li>\n<li class=\"product-features__item-list__item\" role=\"listitem\"><span class=\"is--medium\">Arr\u00eat automatique de l&rsquo;\u00e9coulement de la boisson :<\/span> Oui\t\t\t\t\t<\/li>\n<li class=\"product-features__item-list__item\" role=\"listitem\"><span class=\"is--medium\">R\u00e9glage de l&rsquo;intensit\u00e9 du caf\u00e9 :<\/span> Oui\t\t\t\t\t<\/li>\n<li class=\"product-features__item-list__item\" role=\"listitem\"><span class=\"is--medium\">Nombre de caf\u00e9s par jours :<\/span> 25\t\t\t\t\t<\/li>\n<\/ul>\n<\/li>\n<li class=\"product-features__item\" role=\"listitem\">\n<h3 class=\"product-features__label\">Equipement<\/h3>\n<ul role=\"list\">\n<li class=\"product-features__item-list__item\" role=\"listitem\"><span class=\"is--medium\">Mati\u00e8re du broyeur :<\/span> en acier, incassable, pour une meilleure dur\u00e9e de vie de votre appareil\t\t\t\t\t<\/li>\n<li class=\"product-features__item-list__item\" role=\"listitem\"><span class=\"is--medium\">R\u00e9glage de finesse de mouture :<\/span> 5 pour adapter la finesse selon le type et la vari\u00e9t\u00e9 du caf\u00e9\t\t\t\t\t<\/li>\n<li class=\"product-features__item-list__item\" role=\"listitem\"><span class=\"is--medium\">T\u00e9moin de r\u00e9servoir d&rsquo;eau vide :<\/span> Oui\t\t\t\t\t<\/li>\n<li class=\"product-features__item-list__item\" role=\"listitem\"><span class=\"is--medium\">Buse \u00e0 caf\u00e9 r\u00e9glable en hauteur :<\/span> oui, permet d&rsquo;ajuster \u00e0 la hauteur de la tasse\t\t\t\t\t<\/li>\n<li class=\"product-features__item-list__item\" role=\"listitem\"><span class=\"is--medium\">Puissance :<\/span> 1.550 W\t\t\t\t\t<\/li>\n<li class=\"product-features__item-list__item\" role=\"listitem\"><span class=\"is--medium\">Pression :<\/span> 15 bars\t\t\t\t\t<\/li>\n<li class=\"product-features__item-list__item\" role=\"listitem\"><span class=\"is--medium\">Applications :<\/span> pas d&rsquo;application\t\t\t\t\t<\/li>\n<\/ul>\n<\/li>\n<li class=\"product-features__item\" role=\"listitem\">\n<h3 class=\"product-features__label\">Entretien<\/h3>\n<ul role=\"list\">\n<li class=\"product-features__item-list__item\" role=\"listitem\"><span class=\"is--medium\">filtre \u00e0 eau :<\/span> oui, pour pr\u00e9server la dur\u00e9e de vie de la machine et garantir un meilleur r\u00e9sultat en tasse\t\t\t\t\t<\/li>\n<li class=\"product-features__item-list__item\" role=\"listitem\"><span class=\"is--medium\">Rin\u00e7age de la buse caf\u00e9 :<\/span> automatique, pour nettoyer la buse apr\u00e8s chaque utilisation\t\t\t\t\t<\/li>\n<li class=\"product-features__item-list__item\" role=\"listitem\"><span class=\"is--medium\">Indicateur de d\u00e9tartrage :<\/span> oui, pour alerter qu&rsquo;un d\u00e9tartrage est n\u00e9cessaire pour pr\u00e9server la dur\u00e9e de vie de votre appareil\t\t\t\t\t<\/li>\n<li class=\"product-features__item-list__item\" role=\"listitem\"><span class=\"is--medium\">Programme de nettoyage :<\/span> oui, vous guide sur les \u00e9tapes d&rsquo;entretien de la machine\t\t\t\t\t<\/li>\n<li class=\"product-features__item-list__item\" role=\"listitem\"><span class=\"is--medium\">Bloc infuseur amovible :<\/span> non\t\t\t\t\t<\/li>\n<\/ul>\n<\/li>\n<li class=\"product-features__item\" role=\"listitem\">\n<h3 class=\"product-features__label\">Dimensions<\/h3>\n<ul role=\"list\">\n<li class=\"product-features__item-list__item\" role=\"listitem\"><span class=\"is--medium\">Dimensions l x h x p :<\/span> 28 x 40 x 44 cm\t\t\t\t\t<\/li>\n<li class=\"product-features__item-list__item\" role=\"listitem\"><span class=\"is--medium\">Poids Net :<\/span> 9 kg\t\t\t\t\t<\/li>\n<li class=\"product-features__item-list__item\" role=\"listitem\"><span class=\"is--medium\">Poids Brut :<\/span> 11 kg\t\t\t\t\t<\/li>\n<li class=\"product-features__item-list__item\" role=\"listitem\"><span class=\"is--medium\">Volume :<\/span> 61,03 L\t\t\t\t\t<\/li>\n<\/ul>\n<\/li>\n<li class=\"product-features__item\" role=\"listitem\">\n<h3 class=\"product-features__label\">Informations compl\u00e9mentaires<\/h3>\n<ul role=\"list\">\n<li class=\"product-features__item-list__item\" role=\"listitem\"><span class=\"is--medium\">Fabriqu\u00e9 en :<\/span> France\t\t\t\t\t<\/li>\n<li class=\"product-features__item-list__item\" role=\"listitem\"><span class=\"is--medium\">Disponibilit\u00e9 des pi\u00e8ces d\u00e9tach\u00e9es (donn\u00e9es fournisseur) :<\/span> Pendant 15 ans, \u00e0 compter de la date d&rsquo;achat\t\t\t\t\t<\/li>\n<\/ul>\n<\/li>\n<\/ul>\n<\/div>\n<div class=\"product__disclosure-content\">\n<div class=\"js-read-more product-description__content read-more read-more--truncated\" data-read-more-name=\"description\" style=\"max-height: 500px; overflow: hidden;\">\n<\/p>\n<p><center><a href=\"https:\/\/boulanger.scene7.com\/is\/content\/Boulanger\/1.Produit\/Annexes\/planning_krups_oct_dec.pdf\"><img fetchpriority=\"high\" decoding=\"async\" alt=\"\" height=\"190\" src=\"https:\/\/boulanger.scene7.com\/is\/image\/Boulanger\/banniere_animation_krups?wid=1260\" width=\"1260\"\/><\/a><\/center><\/p>\n<div class=\"product__description-content read-more\" style=\"\">\n<p>D\u00e9gustation de caf\u00e9 haut de gamme avec le KRUPS YY5058FD Intuition Experience+<\/p>\n<h3><img decoding=\"async\" ,=\"\" alt=\"Expresso Broyeur KRUPS YY5058FD intuition experience+\" class=\"wy_tableau_gauche\" height=\"270\" src=\"https:\/\/boulanger.scene7.com\/is\/image\/Boulanger\/3700342456783_h_f_l_0?wid=400&amp;hei=270\" width=\"400\"\/>Une technologie avanc\u00e9e pour un caf\u00e9 sur mesure                <\/h3>\n<p>                    La machine \u00e0 caf\u00e9 en grains KRUPS YY5058FD Intuition Experience+ est con\u00e7ue pour les amateurs de caf\u00e9 d\u00e9sireux de retrouver chez eux la qualit\u00e9 d&rsquo;un caf\u00e9 de barista. Dot\u00e9e d&rsquo;un broyeur \u00e0 grains avec c\u00f4nes m\u00e9talliques, elle garantit une mouture parfaite pour une extraction optimale des ar\u00f4mes. Avec une capacit\u00e9 de r\u00e9glage manuel sur 5 niveaux de finesse de la mouture, cette machine offre une personnalisation pouss\u00e9e avec 4 intensit\u00e9s de caf\u00e9 pr\u00e9-r\u00e9glables et la possibilit\u00e9 de sauvegarder jusqu&rsquo;\u00e0 8 profils utilisateurs. L&rsquo;\u00e9cran tactile intuitif et les voyants lumineux facilitent la s\u00e9lection parmi plus de 21 boissons chaudes et froides, y compris des nouveaut\u00e9s telles que le caf\u00e9 frapp\u00e9 et le nitro coffee. Le syst\u00e8me One Touch Cappuccino, associ\u00e9 \u00e0 la technologie Milk Advanced, permet de pr\u00e9parer des boissons lact\u00e9es avec une mousse onctueuse en une seule pression.                <\/p>\n<\/p>\n<h3><img decoding=\"async\" ,=\"\" alt=\"Expresso Broyeur KRUPS YY5058FD intuition experience+\" class=\"wy_tableau_right\" height=\"270\" src=\"https:\/\/boulanger.scene7.com\/is\/image\/Boulanger\/3700342456783_h_f_l_1?wid=400&amp;hei=270\" width=\"400\"\/>Confort et design \u00e9l\u00e9gant pour une exp\u00e9rience caf\u00e9 in\u00e9gal\u00e9e                <\/h3>\n<p>                     Le KRUPS YY5058FD Intuition Experience+ se distingue par son design en acier inoxydable avec une finition bross\u00e9e, s&rsquo;int\u00e9grant harmonieusement dans toute cuisine moderne. L&rsquo;\u00e9clairage de la tasse ajoute une touche d&rsquo;\u00e9l\u00e9gance lors de la pr\u00e9paration de votre boisson. En termes de confort, cette machine est la plus silencieuse de la gamme KRUPS, permettant de savourer son caf\u00e9 sans bruit perturbateur. La maintenance est simplifi\u00e9e gr\u00e2ce aux programmes automatiques de nettoyage, de rin\u00e7age et de d\u00e9tection du d\u00e9tartrage, assurant une long\u00e9vit\u00e9 et une hygi\u00e8ne irr\u00e9prochables. Avec un r\u00e9servoir d&rsquo;eau de 3 L et un bac de r\u00e9cup\u00e9ration amovible, le KRUPS YY5058FD est aussi pratique qu&rsquo;intuitif, offrant une exp\u00e9rience caf\u00e9 immersive \u00e0 chaque utilisation.                <\/p>\n<\/div>\n<p><video class=\"s7Video\" controls=\"\" controlslist=\"nodownload\" poster=\"https:\/\/boulanger.scene7.com\/is\/image\/Boulanger\/3700342456783_v_0?scl=1\" preload=\"metadata\" src=\"https:\/\/boulanger.scene7.com\/is\/content\/Boulanger\/3700342456783_v_0\" width=\"100%\"><\/video><\/p>\n<\/div>\n<p><bl-button a11yexpanded=\"false\" arialabel=\"Afficher toute la description\" class=\"read-more__btn\" full=\"false\" link=\"true\"><\/bl-button><\/div>","protected":false},"excerpt":{"rendered":"<div class=\"keypoints\">\n<h3 class=\"keypoints__title\">Les points cl\u00e9s<\/h3>\n<ul role=\"list\">\n<li class=\"keypoints__item\" role=\"listitem\">                                        10 recettes de caf\u00e9                      <\/li>\n<li class=\"keypoints__item\" role=\"listitem\">                          8 recettes de caf\u00e9s lact\u00e9es &#8211;                                                      Ecran couleur tactile                      <\/li>\n<li class=\"keypoints__item\" role=\"listitem\">                                        Nombre de tasses : 1 ou 2 caf\u00e9s ou boissons lact\u00e9es en simultan\u00e9                      <\/li>\n<li class=\"keypoints__item\" role=\"listitem\">                                        Nombre de finesse de mouture : 5                      <\/li>\n<li class=\"keypoints__item keypoints__item--advantage\" role=\"listitem\"><strong>Le + :<\/strong> Multitudes de boissons chaudes ou froides (21 recettes) , et ultra silencieuse      <\/li>\n<\/ul>","protected":false},"featured_media":42415,"template":"","meta":{"_glsr_average":0,"_glsr_ranking":0,"_glsr_reviews":0},"product_cat":[308],"product_tag":[230,286,309],"class_list":{"0":"post-99624","1":"product","2":"type-product","3":"status-publish","4":"has-post-thumbnail","6":"product_cat-machine-a-cafe-a-grain","7":"product_tag-cuisine-et-cuisson","8":"product_tag-machine-a-cafe","9":"product_tag-machine-a-cafe-a-grain","11":"first","12":"instock","13":"sale","14":"shipping-taxable","15":"purchasable","16":"product-type-simple"},"_links":{"self":[{"href":"https:\/\/electromenagerexpress.com\/en\/wp-json\/wp\/v2\/product\/99624","targetHints":{"allow":["GET"]}}],"collection":[{"href":"https:\/\/electromenagerexpress.com\/en\/wp-json\/wp\/v2\/product"}],"about":[{"href":"https:\/\/electromenagerexpress.com\/en\/wp-json\/wp\/v2\/types\/product"}],"wp:featuredmedia":[{"embeddable":true,"href":"https:\/\/electromenagerexpress.com\/en\/wp-json\/wp\/v2\/media\/42415"}],"wp:attachment":[{"href":"https:\/\/electromenagerexpress.com\/en\/wp-json\/wp\/v2\/media?parent=99624"}],"wp:term":[{"taxonomy":"product_cat","embeddable":true,"href":"https:\/\/electromenagerexpress.com\/en\/wp-json\/wp\/v2\/product_cat?post=99624"},{"taxonomy":"product_tag","embeddable":true,"href":"https:\/\/electromenagerexpress.com\/en\/wp-json\/wp\/v2\/product_tag?post=99624"}],"curies":[{"name":"wp","href":"https:\/\/api.w.org\/{rel}","templated":true}]}}