{"id":99618,"date":"2024-11-28T11:12:45","date_gmt":"2024-11-28T11:12:45","guid":{"rendered":"https:\/\/electromenagerexpress.com\/product\/expresso-broyeurkrupsintuition-preference-yy4491fd\/"},"modified":"2024-11-28T11:12:58","modified_gmt":"2024-11-28T11:12:58","slug":"expresso-broyeurkrupsintuition-preference-yy4491fd","status":"publish","type":"product","link":"https:\/\/electromenagerexpress.com\/en\/product\/expresso-broyeurkrupsintuition-preference-yy4491fd\/","title":{"rendered":"Expresso Broyeur\t\t\t\t\t\t\tKRUPS\t\t\t\tintuition preference+ YY4491FD"},"content":{"rendered":"<div class=\"product-features__content\">\n<ul role=\"list\">\n<li class=\"product-features__item\" role=\"listitem\">\n<h3 class=\"product-features__label\">Profitez de vos produits autrement<\/h3>\n<ul role=\"list\">\n<li class=\"product-features__item-list__item\" role=\"listitem\"><span class=\"is--medium\">Avez-vous pens\u00e9 \u00e0 la location :<\/span> <a href=\"https:\/\/location.boulanger.com\/location-petit-electromenager\/location-expresso-broyeur.html?at_medium=boulanger&amp;at_campaign=cafe&amp;at_type=lien-fp\" target=\"_blank\">Cliquez ici<\/a><\/li>\n<\/ul>\n<\/li>\n<li class=\"product-features__item\" role=\"listitem\">\n<h3 class=\"product-features__label\">L&rsquo; expresso broyeur vous apporte :<\/h3>\n<ul role=\"list\">\n<li class=\"product-features__item-list__item\" role=\"listitem\"><span class=\"is--medium\">Une mouture fra\u00eechement moulue :<\/span> b\u00e9n\u00e9ficiez du dosage automatis\u00e9 de votre appareil pour une boisson pleine de saveur\t\t\t\t\t<\/li>\n<li class=\"product-features__item-list__item\" role=\"listitem\"><span class=\"is--medium\">La pr\u00e9-infusion :<\/span> \u00e9tape interm\u00e9diaire permettant l&rsquo;expression d&rsquo;un maximum d&rsquo;ar\u00f4mes\t\t\t\t\t<\/li>\n<li class=\"product-features__item-list__item\" role=\"listitem\"><span class=\"is--medium\">L&rsquo;extraction :<\/span> une pression id\u00e9ale pour atteindre la perfection d&rsquo;un caf\u00e9 expresso\t\t\t\t\t<\/li>\n<\/ul>\n<\/li>\n<li class=\"product-features__item\" role=\"listitem\">\n<h3 class=\"product-features__label\">Choisir ce produit pour quels usages ?<\/h3>\n<ul role=\"list\">\n<li class=\"product-features__item-list__item\" role=\"listitem\"><span class=\"is--medium\">Type de boissons :<\/span> caf\u00e9 et boissons lact\u00e9es\t\t\t\t\t<\/li>\n<li class=\"product-features__item-list__item\" role=\"listitem\"><span class=\"is--medium\">Type de caf\u00e9 :<\/span> grain\t\t\t\t\t<\/li>\n<li class=\"product-features__item-list__item\" role=\"listitem\"><span class=\"is--medium\">Je trouve mon caf\u00e9 :<\/span> <a href=\"https:\/\/www.boulanger.com\/c\/accessoire-consommable-expresso-cafetiere\/facette_accessoire_cafetiere_et_expresso_____produit~cafe920en20grain\" target=\"_blank\">en sa<\/a><\/li>\n<li class=\"product-features__item-list__item\" role=\"listitem\"><span class=\"is--medium\">Nombre de tasses :<\/span> 1 ou 2 caf\u00e9s ou boissons lact\u00e9es en simultan\u00e9\t\t\t\t\t<\/li>\n<li class=\"product-features__item-list__item\" role=\"listitem\"><span class=\"is--medium\">Nombre de recettes caf\u00e9s :<\/span> 7\t\t\t\t\t<\/li>\n<li class=\"product-features__item-list__item\" role=\"listitem\"><span class=\"is--medium\">Nombre de recettes caf\u00e9s lact\u00e9es :<\/span> 5\t\t\t\t\t<\/li>\n<li class=\"product-features__item-list__item\" role=\"listitem\"><span class=\"is--medium\">Type de recettes :<\/span> Ristretto, Espresso, Lungo, Caf\u00e9, Caf\u00e9 XL, Doppio+, Caf\u00e9 long, Americano, Carafe \u00e0 caf\u00e9, Caf\u00e9 cr\u00e8me, Cappuccino, Latte Macchiato, Caffelatte, Mousse de lait, Flat White, Espresso Macchiato, Th\u00e9\t\t\t\t\t<\/li>\n<li class=\"product-features__item-list__item\" role=\"listitem\"><span class=\"is--medium\">Aroma + :<\/span> Non\t\t\t\t\t<\/li>\n<li class=\"product-features__item-list__item\" role=\"listitem\"><span class=\"is--medium\">Nombre de recettes favoris :<\/span> 7\t\t\t\t\t<\/li>\n<li class=\"product-features__item-list__item\" role=\"listitem\"><span class=\"is--medium\">Mod\u00e8le de l&rsquo;expresso broyeur :<\/span> Intuition pr\u00e9f\u00e9rence\t\t\t\t\t<\/li>\n<\/ul>\n<\/li>\n<li class=\"product-features__item\" role=\"listitem\">\n<h3 class=\"product-features__label\">Confort d&rsquo;utilisation<\/h3>\n<ul role=\"list\">\n<li class=\"product-features__item-list__item\" role=\"listitem\"><span class=\"is--medium\">Syst\u00e8me de boissons lact\u00e9es :<\/span> carafe \u00e0 lait amovible pour pr\u00e9parer automatiquement vos boissons lact\u00e9es et conserver votre lait au r\u00e9frig\u00e9rateur\t\t\t\t\t<\/li>\n<li class=\"product-features__item-list__item\" role=\"listitem\"><span class=\"is--medium\">Panneau de commande :<\/span> \u00e9cran couleur tactile\t\t\t\t\t<\/li>\n<li class=\"product-features__item-list__item\" role=\"listitem\"><span class=\"is--medium\">Nombre de profils : :<\/span> 2\t\t\t\t\t<\/li>\n<li class=\"product-features__item-list__item\" role=\"listitem\"><span class=\"is--medium\">Capacit\u00e9 du bac \u00e0 grains :<\/span> 250 g\t\t\t\t\t<\/li>\n<li class=\"product-features__item-list__item\" role=\"listitem\"><span class=\"is--medium\">Capacit\u00e9 du r\u00e9servoir d&rsquo;eau :<\/span> 3,0 L\t\t\t\t\t<\/li>\n<li class=\"product-features__item-list__item\" role=\"listitem\"><span class=\"is--medium\">Emplacement du r\u00e9servoir d&rsquo;eau :<\/span> A l&rsquo;arri\u00e8re\t\t\t\t\t<\/li>\n<li class=\"product-features__item-list__item\" role=\"listitem\"><span class=\"is--medium\">Capacit\u00e9 du bac \u00e0 marc :<\/span> 9\t\t\t\t\t<\/li>\n<li class=\"product-features__item-list__item\" role=\"listitem\"><span class=\"is--medium\">Chauffe tasses :<\/span> Non\t\t\t\t\t<\/li>\n<li class=\"product-features__item-list__item\" role=\"listitem\"><span class=\"is--medium\">Arr\u00eat automatique de la machine :<\/span> Oui\t\t\t\t\t<\/li>\n<li class=\"product-features__item-list__item\" role=\"listitem\"><span class=\"is--medium\">Arr\u00eat automatique de l&rsquo;\u00e9coulement de la boisson :<\/span> Oui\t\t\t\t\t<\/li>\n<li class=\"product-features__item-list__item\" role=\"listitem\"><span class=\"is--medium\">R\u00e9glage de l&rsquo;intensit\u00e9 du caf\u00e9 :<\/span> Oui\t\t\t\t\t<\/li>\n<li class=\"product-features__item-list__item\" role=\"listitem\"><span class=\"is--medium\">Nombre de caf\u00e9s par jours :<\/span> 25\t\t\t\t\t<\/li>\n<\/ul>\n<\/li>\n<li class=\"product-features__item\" role=\"listitem\">\n<h3 class=\"product-features__label\">Equipement<\/h3>\n<ul role=\"list\">\n<li class=\"product-features__item-list__item\" role=\"listitem\"><span class=\"is--medium\">Mati\u00e8re du broyeur :<\/span> en acier, incassable, pour une meilleure dur\u00e9e de vie de votre appareil\t\t\t\t\t<\/li>\n<li class=\"product-features__item-list__item\" role=\"listitem\"><span class=\"is--medium\">R\u00e9glage de finesse de mouture :<\/span> 5 pour adapter la finesse selon le type et la vari\u00e9t\u00e9 du caf\u00e9\t\t\t\t\t<\/li>\n<li class=\"product-features__item-list__item\" role=\"listitem\"><span class=\"is--medium\">T\u00e9moin de r\u00e9servoir d&rsquo;eau vide :<\/span> Oui\t\t\t\t\t<\/li>\n<li class=\"product-features__item-list__item\" role=\"listitem\"><span class=\"is--medium\">Buse \u00e0 caf\u00e9 r\u00e9glable en hauteur :<\/span> oui, permet d&rsquo;ajuster \u00e0 la hauteur de la tasse\t\t\t\t\t<\/li>\n<li class=\"product-features__item-list__item\" role=\"listitem\"><span class=\"is--medium\">Puissance :<\/span> 1.450 W\t\t\t\t\t<\/li>\n<li class=\"product-features__item-list__item\" role=\"listitem\"><span class=\"is--medium\">Pression :<\/span> 15 bars\t\t\t\t\t<\/li>\n<li class=\"product-features__item-list__item\" role=\"listitem\"><span class=\"is--medium\">Applications :<\/span> pas d&rsquo;application\t\t\t\t\t<\/li>\n<\/ul>\n<\/li>\n<li class=\"product-features__item\" role=\"listitem\">\n<h3 class=\"product-features__label\">Entretien<\/h3>\n<ul role=\"list\">\n<li class=\"product-features__item-list__item\" role=\"listitem\"><span class=\"is--medium\">filtre \u00e0 eau :<\/span> oui, pour pr\u00e9server la dur\u00e9e de vie de la machine et garantir un meilleur r\u00e9sultat en tasse\t\t\t\t\t<\/li>\n<li class=\"product-features__item-list__item\" role=\"listitem\"><span class=\"is--medium\">Rin\u00e7age de la buse caf\u00e9 :<\/span> automatique, pour nettoyer la buse apr\u00e8s chaque utilisation\t\t\t\t\t<\/li>\n<li class=\"product-features__item-list__item\" role=\"listitem\"><span class=\"is--medium\">Indicateur de d\u00e9tartrage :<\/span> oui, pour alerter qu&rsquo;un d\u00e9tartrage est n\u00e9cessaire pour pr\u00e9server la dur\u00e9e de vie de votre appareil\t\t\t\t\t<\/li>\n<li class=\"product-features__item-list__item\" role=\"listitem\"><span class=\"is--medium\">Programme de nettoyage :<\/span> oui, vous guide sur les \u00e9tapes d&rsquo;entretien de la machine\t\t\t\t\t<\/li>\n<li class=\"product-features__item-list__item\" role=\"listitem\"><span class=\"is--medium\">Bloc infuseur amovible :<\/span> non\t\t\t\t\t<\/li>\n<li class=\"product-features__item-list__item\" role=\"listitem\"><span class=\"is--medium\">J&rsquo;entretiens mon broyeur :<\/span> <a href=\"https:\/\/www.boulanger.com\/c\/nav-filtre\/accessoire-consommable-expresso-cafetiere?facette_accessoire_cafetiere_et_expresso_____usage_cafe_et_the~j27entretien20ma20machine20e020cafe9\" target=\"_blank\">En cliquant ici<\/a><\/li>\n<\/ul>\n<\/li>\n<li class=\"product-features__item\" role=\"listitem\">\n<h3 class=\"product-features__label\">Dimensions<\/h3>\n<ul role=\"list\">\n<li class=\"product-features__item-list__item\" role=\"listitem\"><span class=\"is--medium\">Dimensions l x h x p :<\/span> 28 x 35 x 44 cm\t\t\t\t\t<\/li>\n<li class=\"product-features__item-list__item\" role=\"listitem\"><span class=\"is--medium\">Poids Net :<\/span> 8 kg\t\t\t\t\t<\/li>\n<li class=\"product-features__item-list__item\" role=\"listitem\"><span class=\"is--medium\">Poids Brut :<\/span> 10 kg\t\t\t\t\t<\/li>\n<li class=\"product-features__item-list__item\" role=\"listitem\"><span class=\"is--medium\">Volume :<\/span> 56,61 L\t\t\t\t\t<\/li>\n<\/ul>\n<\/li>\n<li class=\"product-features__item\" role=\"listitem\">\n<h3 class=\"product-features__label\">Informations compl\u00e9mentaires<\/h3>\n<ul role=\"list\">\n<li class=\"product-features__item-list__item\" role=\"listitem\"><span class=\"is--medium\">Fabriqu\u00e9 en :<\/span> France\t\t\t\t\t<\/li>\n<li class=\"product-features__item-list__item\" role=\"listitem\"><span class=\"is--medium\">Disponibilit\u00e9 des pi\u00e8ces d\u00e9tach\u00e9es (donn\u00e9es fournisseur) :<\/span> Pendant 15 ans, \u00e0 compter de la date d&rsquo;achat\t\t\t\t\t<\/li>\n<\/ul>\n<\/li>\n<\/ul>\n<\/div>\n<div class=\"product__disclosure-content\">\n<div class=\"js-read-more product-description__content read-more read-more--truncated\" data-read-more-name=\"description\" style=\"max-height: 500px; overflow: hidden;\">\n<\/p>\n<p><center><a href=\"https:\/\/boulanger.scene7.com\/is\/content\/Boulanger\/1.Produit\/Annexes\/OP0622PAM2.pdf\" target=\"_blank\"><img decoding=\"async\" alt=\"Animations Krups Juin 2021\" src=\"https:\/\/boulanger.scene7.com\/is\/image\/Boulanger\/krups banniere animations intuition preference?wid=1000\"\/><\/a><\/center><\/p>\n<p><center><\/center><\/p>\n<h3>\u00a0<\/h3>\n<div class=\"description\">\n<h3 style=\"text-align: center;\">LAISSEZ-VOUS GUIDER PAR VOTRE INTUITION PREFERENCE+<\/h3>\n<h3 style=\"text-align: center;\">UN CAF\u00c9 COMME AU RESTAURANT ET DES BOISSONS LACT\u00c9ES TOUJOURS PARFAITES<\/h3>\n<h3><img fetchpriority=\"high\" decoding=\"async\" alt=\"D\u00e9froisseur Laurastar\" class=\"wy_tableau_right\" height=\"216\" src=\"https:\/\/boulanger.scene7.com\/is\/image\/Boulanger\/3700342444841_h_z_l_1?wid=375&amp;hei=270\" width=\"300\"\/><\/h3>\n<p>Gr\u00e2ce \u00e0 la\u00a0<strong>technologie KRUPS<\/strong>, la machine \u00e0 caf\u00e9 automatique expresso broyeur Intuition Pr\u00e9f\u00e9rence+ vous offre des espressos, caf\u00e9s allong\u00e9s et boissons \u00e0 base de lait de qualit\u00e9 professionnelle tout au long de la journ\u00e9e. Au choix,\u00a0<strong>15 boissons pr\u00e9-enregistr\u00e9es<\/strong>\u00a0: espresso, lungo, americano, cappuccino, latte macchiatto, mousse de lait, infusion, th\u00e9&#8230; et syst\u00e8me lait int\u00e9gr\u00e9 avec fonction One Touch Cappuccino pour des boissons lact\u00e9es onctueuses.<\/p>\n<p>La <strong>technologie Quattro Force<\/strong> de Krups, avec sa puissance de 1450 W et sa pression de 15 bars, vous assure un broyage rapide des grains, une percolation optimis\u00e9e, un tassage parfait et un syst\u00e8me autonettoyant pour un caf\u00e9 toujours plus savoureux.<\/p>\n<hr\/>\n<h3>UNE MACHINE \u00c0 CAF\u00c9 EXPRESSO BROYEUR PARFAITEMENT INTUITIVE<img decoding=\"async\" alt=\"D\u00e9froisseur Laurastar\" class=\"wy_tableau_gauche\" height=\"216\" src=\"https:\/\/boulanger.scene7.com\/is\/image\/Boulanger\/3700342444841_h_z_l_3?wid=382&amp;hei=270\" width=\"300\"\/><\/h3>\n<p>R\u00e9alisez espressos et boissons lact\u00e9es tr\u00e8s facilement avec\u00a0<strong>son grand \u00e9cran tactile slider<\/strong>\u00a03,5\u00a0\u00bb. L&rsquo;interface, tr\u00e8s intuitive et simple \u00e0 utiliser, est con\u00e7ue comme un smartphone personnalisable pour faciliter la s\u00e9lection de votre boisson pr\u00e9f\u00e9r\u00e9e.<br \/> La\u00a0<strong>personnalisation disponible<\/strong>\u00a0dans la machine \u00e0 caf\u00e9 automatique permet d&rsquo;enregistrer <strong>2 profils<\/strong>, pour lesquels vous choisissez la couleur de la lumi\u00e8re, le type d&rsquo;affichage, la luminosit\u00e9, ainsi que <strong>7 boissons favorites chacun<\/strong> ; en un seul coup d&rsquo;oeil, vous savez sur quel profil la machine est allum\u00e9e.<br \/> Les textes \u00e0 l&rsquo;\u00e9cran vous guident dans l&rsquo;utilisation quotidienne de votre machine \u00e0 caf\u00e9 KRUPS.<\/p>\n<hr\/>\n<h3>UNE MACHINE \u00c0 CAF\u00c9 FACILE \u00c0 UTILISER ET TOUJOURS PROPRE<img decoding=\"async\" alt=\"D\u00e9froisseur Laurastar\" class=\"wy_tableau_right\" height=\"216\" src=\"https:\/\/boulanger.scene7.com\/is\/image\/Boulanger\/3700342444841_h_z_l_0?wid=476&amp;hei=270\" width=\"300\"\/><\/h3>\n<p>Avec sa fa\u00e7ade inclin\u00e9e et sa finition haut de gamme, l&rsquo;ajustement de la hauteur des buses, un bac \u00e0 marc de caf\u00e9 accessible \u00e0 l&rsquo;avant et un bac r\u00e9colte-gouttes anti-d\u00e9bordement, vous aurez plaisir \u00e0 utiliser votre appareil.<\/p>\n<p>Gr\u00e2ce \u00e0 son syst\u00e8me automatique de nettoyage, l&rsquo;entretien de la machine \u00e0 caf\u00e9 expresso broyeur Intuition Preference+ est un jeu d&rsquo;enfant. Un signal lumineux et une notification sur l&rsquo;\u00e9cran vous alertent lorsque vous devez vider le bac \u00e0 marc de caf\u00e9 ou le bac r\u00e9colte gouttes. Pour r\u00e9aliser les nettoyages en profondeur, la machine \u00e0 caf\u00e9 vous alerte : une simple pastille de nettoyage suffit. 2 pastilles sont incluses et sont ensuite disponibles en accessoires.<\/p>\n<hr\/>\n<h3>UN APPAREIL S\u00dbR ET \u00c0 IMPACT POSITIF<img loading=\"lazy\" decoding=\"async\" alt=\"D\u00e9froisseur Laurastar\" class=\"wy_tableau_gauche\" height=\"216\" src=\"https:\/\/boulanger.scene7.com\/is\/image\/Boulanger\/3700342444841_h_z_l_2?wid=300&amp;hei=270\" width=\"250\"\/><\/h3>\n<p><strong>Fabriqu\u00e9e en France<\/strong> \u00e0 Mayenne, cette machine \u00e0 caf\u00e9 \u00e0 grain b\u00e9n\u00e9ficie d&rsquo;une qualit\u00e9 irr\u00e9prochable et d&rsquo;une <strong> mise \u00e0 disposition des pi\u00e8ces d\u00e9tach\u00e9es pendant 15 ans<\/strong>, dans l&rsquo;un des 6500 centres de r\u00e9parations dans le monde. Elle est garantie 2 ans.<\/p>\n<p>Enfin, en utilisant du caf\u00e9 en grain plut\u00f4t que des capsules ou dosettes, vous r\u00e9duisez votre production de d\u00e9chets. De plus, le marc de caf\u00e9 peut \u00e9galement \u00eatre utilis\u00e9 comme engrais naturel. Avec la machine \u00e0 caf\u00e9 expresso broyeur \u00e0 grains KRUPS Intuition Preference+ YY4491FD, faites confiance \u00e0 votre intuition pour pr\u00e9parer de d\u00e9licieux espressos, caf\u00e9s et boissons lact\u00e9es \u00e0 la maison.<\/p>\n<hr\/>\n<\/div>\n<p><video class=\"s7Video\" controls=\"\" controlslist=\"nodownload\" poster=\"https:\/\/boulanger.scene7.com\/is\/image\/Boulanger\/3700342444841_v_0?scl=1\" preload=\"metadata\" src=\"https:\/\/boulanger.scene7.com\/is\/content\/Boulanger\/3700342444841_v_0\" width=\"100%\"><\/video><\/p>\n<\/div>\n<p><bl-button a11yexpanded=\"false\" arialabel=\"Afficher toute la description\" class=\"read-more__btn\" full=\"false\" link=\"true\"><\/bl-button><\/div>","protected":false},"excerpt":{"rendered":"<div class=\"keypoints\">\n<h3 class=\"keypoints__title\">Les points cl\u00e9s<\/h3>\n<ul role=\"list\">\n<li class=\"keypoints__item\" role=\"listitem\">                                        7 recettes de caf\u00e9                      <\/li>\n<li class=\"keypoints__item\" role=\"listitem\">                          5 recettes de caf\u00e9s lact\u00e9es &#8211;                                                      Ecran couleur tactile                      <\/li>\n<li class=\"keypoints__item\" role=\"listitem\">                                        Nombre de tasses : 1 ou 2 caf\u00e9s ou boissons lact\u00e9es en simultan\u00e9                      <\/li>\n<li class=\"keypoints__item\" role=\"listitem\">                                        Nombre de finesse de mouture : 5                      <\/li>\n<li class=\"keypoints__item keypoints__item--advantage\" role=\"listitem\"><strong>Le + :<\/strong> Ecran tactile couleur avec 12 boissons pr\u00e9-enregistr\u00e9es      <\/li>\n<\/ul>","protected":false},"featured_media":42335,"template":"","meta":{"_glsr_average":0,"_glsr_ranking":0,"_glsr_reviews":0},"product_cat":[308],"product_tag":[230,286,309],"class_list":{"0":"post-99618","1":"product","2":"type-product","3":"status-publish","4":"has-post-thumbnail","6":"product_cat-machine-a-cafe-a-grain","7":"product_tag-cuisine-et-cuisson","8":"product_tag-machine-a-cafe","9":"product_tag-machine-a-cafe-a-grain","11":"first","12":"instock","13":"sale","14":"shipping-taxable","15":"purchasable","16":"product-type-simple"},"_links":{"self":[{"href":"https:\/\/electromenagerexpress.com\/en\/wp-json\/wp\/v2\/product\/99618","targetHints":{"allow":["GET"]}}],"collection":[{"href":"https:\/\/electromenagerexpress.com\/en\/wp-json\/wp\/v2\/product"}],"about":[{"href":"https:\/\/electromenagerexpress.com\/en\/wp-json\/wp\/v2\/types\/product"}],"wp:featuredmedia":[{"embeddable":true,"href":"https:\/\/electromenagerexpress.com\/en\/wp-json\/wp\/v2\/media\/42335"}],"wp:attachment":[{"href":"https:\/\/electromenagerexpress.com\/en\/wp-json\/wp\/v2\/media?parent=99618"}],"wp:term":[{"taxonomy":"product_cat","embeddable":true,"href":"https:\/\/electromenagerexpress.com\/en\/wp-json\/wp\/v2\/product_cat?post=99618"},{"taxonomy":"product_tag","embeddable":true,"href":"https:\/\/electromenagerexpress.com\/en\/wp-json\/wp\/v2\/product_tag?post=99618"}],"curies":[{"name":"wp","href":"https:\/\/api.w.org\/{rel}","templated":true}]}}