{"id":99608,"date":"2024-11-28T11:11:52","date_gmt":"2024-11-28T11:11:52","guid":{"rendered":"https:\/\/electromenagerexpress.com\/product\/expresso-broyeurdelonghiecam310-80-sb\/"},"modified":"2024-11-28T11:11:56","modified_gmt":"2024-11-28T11:11:56","slug":"expresso-broyeurdelonghiecam310-80-sb","status":"publish","type":"product","link":"https:\/\/electromenagerexpress.com\/en\/product\/expresso-broyeurdelonghiecam310-80-sb\/","title":{"rendered":"Expresso Broyeur\t\t\t\t\t\t\tDELONGHI\t\t\t\tECAM310.80.SB"},"content":{"rendered":"<div class=\"product-features__content\">\n<ul role=\"list\">\n<li class=\"product-features__item\" role=\"listitem\">\n<h3 class=\"product-features__label\">Choisir ce produit pour quels usages ?<\/h3>\n<ul role=\"list\">\n<li class=\"product-features__item-list__item\" role=\"listitem\"><span class=\"is--medium\">Type de boissons :<\/span> caf\u00e9 et boissons lact\u00e9es\t\t\t\t\t<\/li>\n<li class=\"product-features__item-list__item\" role=\"listitem\"><span class=\"is--medium\">Type de caf\u00e9 :<\/span> grain et moulu\t\t\t\t\t<\/li>\n<li class=\"product-features__item-list__item\" role=\"listitem\"><span class=\"is--medium\">Nombre de tasses :<\/span> 1 ou 2 caf\u00e9s simultan\u00e9s\t\t\t\t\t<\/li>\n<li class=\"product-features__item-list__item\" role=\"listitem\"><span class=\"is--medium\">Nombre de recettes caf\u00e9s :<\/span> 13\t\t\t\t\t<\/li>\n<li class=\"product-features__item-list__item\" role=\"listitem\"><span class=\"is--medium\">Nombre de recettes caf\u00e9s lact\u00e9es :<\/span> 5\t\t\t\t\t<\/li>\n<li class=\"product-features__item-list__item\" role=\"listitem\"><span class=\"is--medium\">Type de recettes :<\/span> Ristretto, Espresso, Caf\u00e9, Doppio+, Caf\u00e9 long, Americano, Cappuccino, Latte Macchiato, Mousse de lait, Lait chaud, Espresso Macchiato\t\t\t\t\t<\/li>\n<li class=\"product-features__item-list__item\" role=\"listitem\"><span class=\"is--medium\">Mod\u00e8le de l&rsquo;expresso broyeur :<\/span> Magnifica EVO\t\t\t\t\t<\/li>\n<\/ul>\n<\/li>\n<li class=\"product-features__item\" role=\"listitem\">\n<h3 class=\"product-features__label\">Confort d&rsquo;utilisation<\/h3>\n<ul role=\"list\">\n<li class=\"product-features__item-list__item\" role=\"listitem\"><span class=\"is--medium\">Syst\u00e8me de boissons lact\u00e9es :<\/span> carafe \u00e0 lait amovible pour pr\u00e9parer automatiquement vos boissons lact\u00e9es et conserver votre lait au r\u00e9frig\u00e9rateur\t\t\t\t\t<\/li>\n<li class=\"product-features__item-list__item\" role=\"listitem\"><span class=\"is--medium\">Panneau de commande :<\/span> \u00e9cran couleur tactile\t\t\t\t\t<\/li>\n<li class=\"product-features__item-list__item\" role=\"listitem\"><span class=\"is--medium\">Nombre de profils : :<\/span> 3\t\t\t\t\t<\/li>\n<li class=\"product-features__item-list__item\" role=\"listitem\"><span class=\"is--medium\">Nombre de bac \u00e0 grains :<\/span> 1 pour profiter de diff\u00e9rentes vari\u00e9t\u00e9s de caf\u00e9\t\t\t\t\t<\/li>\n<li class=\"product-features__item-list__item\" role=\"listitem\"><span class=\"is--medium\">Capacit\u00e9 du bac \u00e0 grains :<\/span> 250 g\t\t\t\t\t<\/li>\n<li class=\"product-features__item-list__item\" role=\"listitem\"><span class=\"is--medium\">Capacit\u00e9 du r\u00e9servoir d&rsquo;eau :<\/span> 1,9 L\t\t\t\t\t<\/li>\n<li class=\"product-features__item-list__item\" role=\"listitem\"><span class=\"is--medium\">Emplacement du r\u00e9servoir d&rsquo;eau :<\/span> en fa\u00e7ade\t\t\t\t\t<\/li>\n<li class=\"product-features__item-list__item\" role=\"listitem\"><span class=\"is--medium\">Capacit\u00e9 du bac \u00e0 marc :<\/span> 14\t\t\t\t\t<\/li>\n<li class=\"product-features__item-list__item\" role=\"listitem\"><span class=\"is--medium\">Chauffe tasses :<\/span> Non\t\t\t\t\t<\/li>\n<li class=\"product-features__item-list__item\" role=\"listitem\"><span class=\"is--medium\">Arr\u00eat automatique de la machine :<\/span> Oui\t\t\t\t\t<\/li>\n<li class=\"product-features__item-list__item\" role=\"listitem\"><span class=\"is--medium\">Arr\u00eat automatique de l&rsquo;\u00e9coulement de la boisson :<\/span> Oui\t\t\t\t\t<\/li>\n<li class=\"product-features__item-list__item\" role=\"listitem\"><span class=\"is--medium\">R\u00e9glage de l&rsquo;intensit\u00e9 du caf\u00e9 :<\/span> Oui\t\t\t\t\t<\/li>\n<\/ul>\n<\/li>\n<li class=\"product-features__item\" role=\"listitem\">\n<h3 class=\"product-features__label\">Equipement<\/h3>\n<ul role=\"list\">\n<li class=\"product-features__item-list__item\" role=\"listitem\"><span class=\"is--medium\">Mati\u00e8re du broyeur :<\/span> en acier, incassable, pour une meilleure dur\u00e9e de vie de votre appareil\t\t\t\t\t<\/li>\n<li class=\"product-features__item-list__item\" role=\"listitem\"><span class=\"is--medium\">R\u00e9glage de finesse de mouture :<\/span> 13 pour adapter la finesse selon le type et la vari\u00e9t\u00e9 du caf\u00e9\t\t\t\t\t<\/li>\n<li class=\"product-features__item-list__item\" role=\"listitem\"><span class=\"is--medium\">T\u00e9moin de r\u00e9servoir d&rsquo;eau vide :<\/span> Oui\t\t\t\t\t<\/li>\n<li class=\"product-features__item-list__item\" role=\"listitem\"><span class=\"is--medium\">Buse \u00e0 caf\u00e9 r\u00e9glable en hauteur :<\/span> oui, permet d&rsquo;ajuster \u00e0 la hauteur de la tasse\t\t\t\t\t<\/li>\n<li class=\"product-features__item-list__item\" role=\"listitem\"><span class=\"is--medium\">Puissance :<\/span> 1.450 W\t\t\t\t\t<\/li>\n<li class=\"product-features__item-list__item\" role=\"listitem\"><span class=\"is--medium\">Pression :<\/span> 15 bars\t\t\t\t\t<\/li>\n<li class=\"product-features__item-list__item\" role=\"listitem\"><span class=\"is--medium\">Applications :<\/span> pas d&rsquo;application\t\t\t\t\t<\/li>\n<\/ul>\n<\/li>\n<li class=\"product-features__item\" role=\"listitem\">\n<h3 class=\"product-features__label\">Entretien<\/h3>\n<ul role=\"list\">\n<li class=\"product-features__item-list__item\" role=\"listitem\"><span class=\"is--medium\">filtre \u00e0 eau :<\/span> oui, pour pr\u00e9server la dur\u00e9e de vie de la machine et garantir un meilleur r\u00e9sultat en tasse\t\t\t\t\t<\/li>\n<li class=\"product-features__item-list__item\" role=\"listitem\"><span class=\"is--medium\">Rin\u00e7age de la buse caf\u00e9 :<\/span> automatique, pour nettoyer la buse apr\u00e8s chaque utilisation\t\t\t\t\t<\/li>\n<li class=\"product-features__item-list__item\" role=\"listitem\"><span class=\"is--medium\">Indicateur de d\u00e9tartrage :<\/span> oui, pour alerter qu&rsquo;un d\u00e9tartrage est n\u00e9cessaire pour pr\u00e9server la dur\u00e9e de vie de votre appareil\t\t\t\t\t<\/li>\n<li class=\"product-features__item-list__item\" role=\"listitem\"><span class=\"is--medium\">Programme de nettoyage :<\/span> oui, vous guide sur les \u00e9tapes d&rsquo;entretien de la machine\t\t\t\t\t<\/li>\n<li class=\"product-features__item-list__item\" role=\"listitem\"><span class=\"is--medium\">Bloc infuseur amovible :<\/span> oui, se retire facilement sur le c\u00f4t\u00e9 et se nettoie sous l&rsquo;eau chaude pour pr\u00e9server la qualit\u00e9 du caf\u00e9 et la long\u00e9vit\u00e9 de votre appareil\t\t\t\t\t<\/li>\n<\/ul>\n<\/li>\n<li class=\"product-features__item\" role=\"listitem\">\n<h3 class=\"product-features__label\">Dimensions<\/h3>\n<ul role=\"list\">\n<li class=\"product-features__item-list__item\" role=\"listitem\"><span class=\"is--medium\">Dimensions l x h x p :<\/span> 24 x 36 x 44 cm\t\t\t\t\t<\/li>\n<li class=\"product-features__item-list__item\" role=\"listitem\"><span class=\"is--medium\">Poids Net :<\/span> 10 kg\t\t\t\t\t<\/li>\n<li class=\"product-features__item-list__item\" role=\"listitem\"><span class=\"is--medium\">Poids Brut :<\/span> 12 kg\t\t\t\t\t<\/li>\n<\/ul>\n<\/li>\n<li class=\"product-features__item\" role=\"listitem\">\n<h3 class=\"product-features__label\">Informations compl\u00e9mentaires<\/h3>\n<ul role=\"list\">\n<li class=\"product-features__item-list__item\" role=\"listitem\"><span class=\"is--medium\">Fabriqu\u00e9 en :<\/span> Roumanie\t\t\t\t\t<\/li>\n<li class=\"product-features__item-list__item\" role=\"listitem\"><span class=\"is--medium\">Disponibilit\u00e9 des pi\u00e8ces d\u00e9tach\u00e9es (donn\u00e9es fournisseur) :<\/span> Pendant 10 ans, \u00e0 compter de la date d&rsquo;achat\t\t\t\t\t<\/li>\n<\/ul>\n<\/li>\n<\/ul>\n<\/div>\n<div class=\"product__disclosure-content\">\n<div class=\"js-read-more product-description__content read-more read-more--truncated\" data-read-more-name=\"description\" style=\"max-height: 500px; overflow: hidden;\">\n<div class=\"product__description-content read-more\" style=\"\">\n<p>Savourez la perfection du caf\u00e9 avec le De&rsquo;Longhi ECAM310.80.SB<\/p>\n<h3> <img fetchpriority=\"high\" decoding=\"async\" ,=\"\" alt=\"Expresso Broyeur DELONGHI ECAM310.80.SB\" class=\"wy_tableau_gauche\" height=\"270\" src=\"https:\/\/boulanger.scene7.com\/is\/image\/Boulanger\/8004399029149_h_f_l_0?wid=400&amp;hei=270\" width=\"400\"\/>Technologie avanc\u00e9e et personnalisation <\/h3>\n<p> Le De&rsquo;Longhi ECAM310.80.SB est une r\u00e9volution dans l&rsquo;univers des expressos broyeurs, offrant une exp\u00e9rience caf\u00e9 in\u00e9gal\u00e9e gr\u00e2ce \u00e0 son \u00e9cran couleur TFT de 2,4 pouces. La navigation intuitive permet de personnaliser facilement les boissons, avec la possibilit\u00e9 de cr\u00e9er jusqu&rsquo;\u00e0 3 profils d&rsquo;utilisateur. Chaque amateur de caf\u00e9 peut ajuster les param\u00e8tres selon ses pr\u00e9f\u00e9rences, en choisissant parmi 5 niveaux d&rsquo;intensit\u00e9, 4 tailles de tasse et 3 temp\u00e9ratures diff\u00e9rentes. Le syst\u00e8me LatteCrema Hot garantit des boissons lact\u00e9es chaudes et onctueuses d&rsquo;une simple pression, tandis que la fonction My permet une personnalisation encore plus pouss\u00e9e pour un caf\u00e9 qui r\u00e9pond parfaitement \u00e0 vos attentes. <\/p>\n<\/p>\n<h3> <img decoding=\"async\" ,=\"\" alt=\"Expresso Broyeur DELONGHI ECAM310.80.SB\" class=\"wy_tableau_right\" height=\"270\" src=\"https:\/\/boulanger.scene7.com\/is\/image\/Boulanger\/8004399029149_h_f_l_1?wid=400&amp;hei=270\" width=\"400\"\/>Confort d&rsquo;utilisation et entretien simplifi\u00e9 <\/h3>\n<p> Le De&rsquo;Longhi ECAM310.80.SB brille par sa facilit\u00e9 d&rsquo;entretien et sa conception pens\u00e9e pour l&rsquo;utilisateur. Les composants tels que l&rsquo;\u00e9gouttoir, le r\u00e9cup\u00e9rateur \u00e0 marc et la grille repose-tasse sont ais\u00e9ment d\u00e9montables et compatibles avec le lave-vaisselle. La propret\u00e9 de la machine est assur\u00e9e par un syst\u00e8me de nettoyage automatique, notamment pour la buse de lait, qui se nettoie apr\u00e8s chaque utilisation. De plus, la carafe \u00e0 lait peut \u00eatre conserv\u00e9e au r\u00e9frig\u00e9rateur si n\u00e9cessaire. Avec un choix de 13 boissons caf\u00e9 et latte, la possibilit\u00e9 de pr\u00e9parer deux tasses simultan\u00e9ment et un broyeur int\u00e9gr\u00e9 r\u00e9glable sur 13 niveaux, cet expresso broyeur est con\u00e7u pour satisfaire tous les go\u00fbts et toutes les occasions. <\/p>\n<\/p><\/div>\n<\/p>\n<\/div>\n<p><bl-button a11yexpanded=\"false\" arialabel=\"Afficher toute la description\" class=\"read-more__btn\" full=\"false\" link=\"true\">Voir plus<\/bl-button><\/div>","protected":false},"excerpt":{"rendered":"<div class=\"keypoints\">\n<h3 class=\"keypoints__title\">Les points cl\u00e9s<\/h3>\n<ul role=\"list\">\n<li class=\"keypoints__item\" role=\"listitem\">                                        13 recettes de caf\u00e9                      <\/li>\n<li class=\"keypoints__item\" role=\"listitem\">                          5 recettes de caf\u00e9s lact\u00e9es &#8211;                                                      Ecran couleur tactile                      <\/li>\n<li class=\"keypoints__item\" role=\"listitem\">                                        Nombre de tasses : 1 ou 2 caf\u00e9s simultan\u00e9s                      <\/li>\n<li class=\"keypoints__item\" role=\"listitem\">                                        Nombre de finesse de mouture : 13                      <\/li>\n<\/ul>","protected":false},"featured_media":42234,"template":"","meta":{"_glsr_average":0,"_glsr_ranking":0,"_glsr_reviews":0},"product_cat":[308],"product_tag":[230,286,309],"class_list":{"0":"post-99608","1":"product","2":"type-product","3":"status-publish","4":"has-post-thumbnail","6":"product_cat-machine-a-cafe-a-grain","7":"product_tag-cuisine-et-cuisson","8":"product_tag-machine-a-cafe","9":"product_tag-machine-a-cafe-a-grain","11":"first","12":"instock","13":"sale","14":"shipping-taxable","15":"purchasable","16":"product-type-simple"},"_links":{"self":[{"href":"https:\/\/electromenagerexpress.com\/en\/wp-json\/wp\/v2\/product\/99608","targetHints":{"allow":["GET"]}}],"collection":[{"href":"https:\/\/electromenagerexpress.com\/en\/wp-json\/wp\/v2\/product"}],"about":[{"href":"https:\/\/electromenagerexpress.com\/en\/wp-json\/wp\/v2\/types\/product"}],"wp:featuredmedia":[{"embeddable":true,"href":"https:\/\/electromenagerexpress.com\/en\/wp-json\/wp\/v2\/media\/42234"}],"wp:attachment":[{"href":"https:\/\/electromenagerexpress.com\/en\/wp-json\/wp\/v2\/media?parent=99608"}],"wp:term":[{"taxonomy":"product_cat","embeddable":true,"href":"https:\/\/electromenagerexpress.com\/en\/wp-json\/wp\/v2\/product_cat?post=99608"},{"taxonomy":"product_tag","embeddable":true,"href":"https:\/\/electromenagerexpress.com\/en\/wp-json\/wp\/v2\/product_tag?post=99608"}],"curies":[{"name":"wp","href":"https:\/\/api.w.org\/{rel}","templated":true}]}}