{"id":99602,"date":"2024-11-28T11:11:12","date_gmt":"2024-11-28T11:11:12","guid":{"rendered":"https:\/\/electromenagerexpress.com\/product\/expresso-avec-broyeur-integredelonghispecialista-arte-ec9155-mb-inox\/"},"modified":"2024-11-28T11:11:18","modified_gmt":"2024-11-28T11:11:18","slug":"expresso-avec-broyeur-integredelonghispecialista-arte-ec9155-mb-inox","status":"publish","type":"product","link":"https:\/\/electromenagerexpress.com\/en\/product\/expresso-avec-broyeur-integredelonghispecialista-arte-ec9155-mb-inox\/","title":{"rendered":"Expresso avec broyeur int\u00e9gr\u00e9\t\t\t\t\t\t\tDELONGHI\t\t\t\tSpecialista Arte EC9155.MB inox"},"content":{"rendered":"<div class=\"product-features__content\">\n<ul role=\"list\">\n<li class=\"product-features__item\" role=\"listitem\">\n<h3 class=\"product-features__label\">Choisir ce produit pour quels usages ?<\/h3>\n<ul role=\"list\">\n<li class=\"product-features__item-list__item\" role=\"listitem\"><span class=\"is--medium\">Type de machine caf\u00e9 :<\/span> broyeur int\u00e9gr\u00e9, permet de d\u00e9guster un expresso fraichement moulu pour d\u00e9velopper les ar\u00f4mes de votre caf\u00e9\t\t\t\t\t<\/li>\n<li class=\"product-features__item-list__item\" role=\"listitem\"><span class=\"is--medium\">Type de boissons :<\/span> expresso\t\t\t\t\t<\/li>\n<li class=\"product-features__item-list__item\" role=\"listitem\"><span class=\"is--medium\">Type de caf\u00e9 :<\/span> caf\u00e9 moulu et caf\u00e9 en grain\t\t\t\t\t<\/li>\n<li class=\"product-features__item-list__item\" role=\"listitem\"><span class=\"is--medium\">Nombre de recettes caf\u00e9 :<\/span> 2\t\t\t\t\t<\/li>\n<li class=\"product-features__item-list__item\" role=\"listitem\"><span class=\"is--medium\">Nombre de recettes lact\u00e9es :<\/span> 6\t\t\t\t\t<\/li>\n<li class=\"product-features__item-list__item\" role=\"listitem\"><span class=\"is--medium\">Boisson \u00e0 pr\u00e9parer :<\/span> Caf\u00e9, Espresso, Lungo, Allong\u00e9 (Americano), Ristretto, Cappuccino, Latte Macchiato, Mousse de lait, Caf\u00e9 au Lait, Lait chaud, Cappuccino mix\t\t\t\t\t<\/li>\n<\/ul>\n<\/li>\n<li class=\"product-features__item\" role=\"listitem\">\n<h3 class=\"product-features__label\">Confort d&rsquo;utilisation<\/h3>\n<ul role=\"list\">\n<li class=\"product-features__item-list__item\" role=\"listitem\"><span class=\"is--medium\">Panneau de commande :<\/span> bouton manuel inox\t\t\t\t\t<\/li>\n<li class=\"product-features__item-list__item\" role=\"listitem\"><span class=\"is--medium\">Nombre de boissons pr\u00e9-programm\u00e9es :<\/span> 2 boissons pr\u00e9-programm\u00e9es pour acc\u00e9der \u00e0 vos boissons en un seul geste\t\t\t\t\t<\/li>\n<li class=\"product-features__item-list__item\" role=\"listitem\"><span class=\"is--medium\">Nombre de profils :<\/span> 2 profils param\u00e9trables pour choisir sa boisson favorite d&rsquo;un seul geste\t\t\t\t\t<\/li>\n<li class=\"product-features__item-list__item\" role=\"listitem\"><span class=\"is--medium\">Nombre de tasses :<\/span> 1 ou 2 caf\u00e9s en simultan\u00e9s\t\t\t\t\t<\/li>\n<li class=\"product-features__item-list__item\" role=\"listitem\"><span class=\"is--medium\">Longueur de tasse :<\/span> automatique, les r\u00e9glages sont pr\u00e9-d\u00e9finis pour acc\u00e9der \u00e0 votre expresso d&rsquo;un seul geste\t\t\t\t\t<\/li>\n<li class=\"product-features__item-list__item\" role=\"listitem\"><span class=\"is--medium\">Buse vapeur :<\/span> manuelle, pour faire mousser manuellement votre lait pour vos boissons lact\u00e9es\t\t\t\t\t<\/li>\n<li class=\"product-features__item-list__item\" role=\"listitem\"><span class=\"is--medium\">Tassage de la mouture :<\/span> semi automatique, un levier pour vous accompagner pour un tassage parfait , afin de r\u00e9ussir votre expresso\t\t\t\t\t<\/li>\n<li class=\"product-features__item-list__item\" role=\"listitem\"><span class=\"is--medium\">Arr\u00eat automatique de la machine :<\/span> Oui\t\t\t\t\t<\/li>\n<li class=\"product-features__item-list__item\" role=\"listitem\"><span class=\"is--medium\">Chauffe tasses :<\/span> Oui\t\t\t\t\t<\/li>\n<li class=\"product-features__item-list__item\" role=\"listitem\"><span class=\"is--medium\">Capacit\u00e9 du r\u00e9servoir d&rsquo;eau :<\/span> 1,70 L\t\t\t\t\t<\/li>\n<li class=\"product-features__item-list__item\" role=\"listitem\"><span class=\"is--medium\">Capacit\u00e9 de la verseuse :<\/span> Non concern\u00e9\t\t\t\t\t<\/li>\n<\/ul>\n<\/li>\n<li class=\"product-features__item\" role=\"listitem\">\n<h3 class=\"product-features__label\">Entretien<\/h3>\n<ul role=\"list\">\n<li class=\"product-features__item-list__item\" role=\"listitem\"><span class=\"is--medium\">Rin\u00e7age de la buse vapeur :<\/span> manuel, il est important de rincer la buse apr\u00e8s chaque utilisation\t\t\t\t\t<\/li>\n<li class=\"product-features__item-list__item\" role=\"listitem\"><span class=\"is--medium\">Indicateur de d\u00e9tartrage :<\/span> oui, pour alerter qu&rsquo;un d\u00e9tartrage est n\u00e9cessaire pour pr\u00e9server la dur\u00e9e de vie de votre appareil\t\t\t\t\t<\/li>\n<li class=\"product-features__item-list__item\" role=\"listitem\"><span class=\"is--medium\">Programme de nettoyage :<\/span> oui, vous guide sur les \u00e9tapes d&rsquo;entretien de la machine\t\t\t\t\t<\/li>\n<\/ul>\n<\/li>\n<li class=\"product-features__item\" role=\"listitem\">\n<h3 class=\"product-features__label\">Equipement<\/h3>\n<ul role=\"list\">\n<li class=\"product-features__item-list__item\" role=\"listitem\"><span class=\"is--medium\">Nombre de filtres :<\/span> 2 pour la pr\u00e9paration d&rsquo;un expresso et d&rsquo;un double expresso\t\t\t\t\t<\/li>\n<li class=\"product-features__item-list__item\" role=\"listitem\"><span class=\"is--medium\">Mati\u00e8re du porte filtre :<\/span> inox, pour le gage de qualit\u00e9 et pour retrouver les sensations du sp\u00e9cialiste de caf\u00e9\t\t\t\t\t<\/li>\n<li class=\"product-features__item-list__item\" role=\"listitem\"><span class=\"is--medium\">Pot \u00e0 lait :<\/span> Oui\t\t\t\t\t<\/li>\n<li class=\"product-features__item-list__item\" role=\"listitem\"><span class=\"is--medium\">Finition de la machine :<\/span> inox\t\t\t\t\t<\/li>\n<li class=\"product-features__item-list__item\" role=\"listitem\"><span class=\"is--medium\">Puissance :<\/span> 1.300 W\t\t\t\t\t<\/li>\n<li class=\"product-features__item-list__item\" role=\"listitem\"><span class=\"is--medium\">Pression :<\/span> 15,0 bars\t\t\t\t\t<\/li>\n<\/ul>\n<\/li>\n<li class=\"product-features__item\" role=\"listitem\">\n<h3 class=\"product-features__label\">Dimensions<\/h3>\n<ul role=\"list\">\n<li class=\"product-features__item-list__item\" role=\"listitem\"><span class=\"is--medium\">Poids Net (kg) :<\/span> 9.7\t\t\t\t\t<\/li>\n<li class=\"product-features__item-list__item\" role=\"listitem\"><span class=\"is--medium\">Poids Brut (kg) :<\/span> 13\t\t\t\t\t<\/li>\n<\/ul>\n<\/li>\n<li class=\"product-features__item\" role=\"listitem\">\n<h3 class=\"product-features__label\">Informations compl\u00e9mentaires<\/h3>\n<ul role=\"list\">\n<li class=\"product-features__item-list__item\" role=\"listitem\"><span class=\"is--medium\">Garantie :<\/span> 2 ans\t\t\t\t\t<\/li>\n<li class=\"product-features__item-list__item\" role=\"listitem\"><span class=\"is--medium\">Disponibilit\u00e9 des pi\u00e8ces d\u00e9tach\u00e9es (donn\u00e9es fournisseur) :<\/span> Pendant 10 ans, \u00e0 compter de la date d&rsquo;achat\t\t\t\t\t<\/li>\n<li class=\"product-features__item-list__item\" role=\"listitem\"><span class=\"is--medium\">R\u00e9f\u00e9rence constructeur :<\/span> Specialista arte EC9155.MB\t\t\t\t\t<\/li>\n<li class=\"product-features__item-list__item\" role=\"listitem\"><span class=\"is--medium\">Marque :<\/span> DELONGHI\t\t\t\t\t<\/li>\n<li class=\"product-features__item-list__item\" role=\"listitem\"><span class=\"is--medium\">Fabriqu\u00e9 en :<\/span> Chine\t\t\t\t\t<\/li>\n<\/ul>\n<\/li>\n<\/ul>\n<\/div>\n<div class=\"product__disclosure-content\">\n<div class=\"js-read-more product-description__content read-more read-more--truncated\" data-read-more-name=\"description\" style=\"max-height: 500px; overflow: hidden;\">\n<p>La Machine \u00e0 Caf\u00e9 Expresso DELONGHI Specialista Arte EC9155 est la machine \u00e0 caf\u00e9 indispensable pour r\u00e9aliser des caf\u00e9s de barista directement chez vous.<\/p>\n<p><center><b>Le choix de la polyvalence <\/b><\/center><center><img decoding=\"async\" alt=\"URL SCENE7\" src=\"https:\/\/boulanger.scene7.com\/is\/image\/Boulanger\/8004399021921_h_f_l_8?wid=1000\" width=\"400\"\/><\/center><\/p>\n<p>Quelles que soient vos pr\u00e9f\u00e9rences en mati\u00e8re de caf\u00e9, la Machine \u00e0 Caf\u00e9 Expresso DELONGHI Specialista Arte EC9155 vous satisfera. <\/p>\n<p>Polyvalente, elle est \u00e9quip\u00e9e d&rsquo;un\u00a0moulin broyeur int\u00e9gr\u00e9\u00a0qui lui permet d&rsquo;accueillir du\u00a0caf\u00e9 en grain, mais aussi d&rsquo;un r\u00e9servoir pour\u00a0caf\u00e9 moulu. Quels que soient vos go\u00fbts, vous appr\u00e9cierez un caf\u00e9 d\u00e9licieux. Au-del\u00e0 des traditionnels caf\u00e9s courts de type\u00a0ristretto ou espresso, vous pourrez r\u00e9aliser de d\u00e9licieuses sp\u00e9cialit\u00e9s lact\u00e9es avec la Machine \u00e0 Caf\u00e9 Expresso DELONGHI Specialista Arte EC9155. Gr\u00e2ce \u00e0 sa\u00a0buse vapeur, vous r\u00e9ussirez toutes vos mousses de lait et concocterez des\u00a0cappuccinos et latte macchiatos\u00a0aussi simples que d\u00e9licieux.<\/p>\n<p><center><b>Des technologies \u00e0 la pointe de la modernit\u00e9 <\/b><\/center><center><img decoding=\"async\" alt=\"URL SCENE7\" src=\"https:\/\/boulanger.scene7.com\/is\/image\/Boulanger\/8004399021921_h_b_l_0?wid=1000\" width=\"400\"\/><\/center><\/p>\n<p>Si vous pouvez r\u00e9aliser de telles cr\u00e9ations, c&rsquo;est parce que la Machine \u00e0 Caf\u00e9 Expresso DELONGHI Specialista Arte EC9155 est \u00e9quip\u00e9e de la\u00a0technologie My Latte Art\u00a0et d&rsquo;une\u00a0buse semi-professionnelle.<\/p>\n<p>Quant au\u00a0manom\u00e8tre int\u00e9gr\u00e9, il indiquera la pression appliqu\u00e9e sur la mouture. Il affiche une &lsquo;Optimal Zone&rsquo; pour vous guider et vous aider \u00e0 s\u00e9lectionner la pression parfaite pour votre caf\u00e9. Le service et l&rsquo;utilisation de la Machine \u00e0 Caf\u00e9 Expresso DELONGHI Specialista Arte EC9155 seront faciles. Vous pourrez servir\u00a01 ou 2 caf\u00e9s\u00a0simultan\u00e9ment. Vous aurez la possibilit\u00e9 de personnaliser vos boissons via le panneau de commandes.<\/p>\n<p>Vous pourrez notamment ajuster la quantit\u00e9 de\u00a0caf\u00e9 \u00e0 moudre sur 8 niveaux de mouture via la molette de r\u00e9glage. Vous b\u00e9n\u00e9ficierez aussi de\u00a03 choix de temp\u00e9ratures.<\/p>\n<p><center><b>La puissance au format compact<\/b><\/center><\/p>\n<p>Avec la Machine \u00e0 Caf\u00e9 Expresso DELONGHI Specialista Arte EC9155, plus besoin d&rsquo;un plan de travail immense pour jouer au barista \u00e0 la maison\u00a0! Son format compacte vous permet d&rsquo;optimiser l&rsquo;espace de votre cuisine, tout en r\u00e9alisant vos recettes caf\u00e9 pr\u00e9f\u00e9r\u00e9es.<\/p>\n<p><center><img decoding=\"async\" alt=\"URL SCENE7\" src=\"https:\/\/boulanger.scene7.com\/is\/image\/Boulanger\/8004399021921_h_b_l_3?wid=1000\" width=\"700\"\/><\/center><center><b>Un kit de barista complet<\/b><\/center><center><img decoding=\"async\" alt=\"URL SCENE7\" src=\"https:\/\/boulanger.scene7.com\/is\/image\/Boulanger\/8004399021921_h_f_l_9?wid=1000\" width=\"400\"\/><\/center><\/p>\n<p>Laissez-vous guider par le kit de tamping fourni avec la machine \u00e0 Caf\u00e9 Expresso DELONGHI Specialista Arte EC9155. Compos\u00e9 d&rsquo;un tapis de tassage, d&rsquo;un tamper et un entonnoir, r\u00e9alisez facilement chacun des gestes du barista pour un r\u00e9sultat parfait en tasse.<\/p>\n<p>\u00a0<\/p>\n<\/p>\n<p><video class=\"s7Video\" controls=\"\" controlslist=\"nodownload\" poster=\"https:\/\/boulanger.scene7.com\/is\/image\/Boulanger\/8004399021921_v_0?scl=1\" preload=\"metadata\" src=\"https:\/\/boulanger.scene7.com\/is\/content\/Boulanger\/8004399021921_v_0\" width=\"100%\"><\/video><\/p>\n<\/div>\n<p><bl-button a11yexpanded=\"false\" arialabel=\"Afficher toute la description\" class=\"read-more__btn\" full=\"false\" link=\"true\">Voir plus<\/bl-button><\/div>","protected":false},"excerpt":{"rendered":"<div class=\"keypoints\">\n<h3 class=\"keypoints__title\">Les points cl\u00e9s<\/h3>\n<ul role=\"list\">\n<li class=\"keypoints__item\" role=\"listitem\">                                        caf\u00e9 moulu et caf\u00e9 en grain                      <\/li>\n<li class=\"keypoints__item\" role=\"listitem\">                                        1 ou 2 caf\u00e9s en simultan\u00e9s                      <\/li>\n<li class=\"keypoints__item\" role=\"listitem\">                                        broyeur int\u00e9gr\u00e9                      <\/li>\n<li class=\"keypoints__item\" role=\"listitem\">                          15,0 bars &#8211;                                                      1.300 W                      <\/li>\n<li class=\"keypoints__item keypoints__item--advantage\" role=\"listitem\"><strong>Le + :<\/strong> La buse vapeur pour r\u00e9ussir toutes vos mousses de lait afin d&rsquo;obtenir d&rsquo;onctueux  Cappuccinos ou Latte Macchiatos en toute simplicit\u00e9      <\/li>\n<\/ul>","protected":false},"featured_media":42162,"template":"","meta":{"_glsr_average":0,"_glsr_ranking":0,"_glsr_reviews":0},"product_cat":[285],"product_tag":[230,287,286],"class_list":{"0":"post-99602","1":"product","2":"type-product","3":"status-publish","4":"has-post-thumbnail","6":"product_cat-expresso","7":"product_tag-cuisine-et-cuisson","8":"product_tag-expresso","9":"product_tag-machine-a-cafe","11":"first","12":"instock","13":"sale","14":"shipping-taxable","15":"purchasable","16":"product-type-simple"},"_links":{"self":[{"href":"https:\/\/electromenagerexpress.com\/en\/wp-json\/wp\/v2\/product\/99602","targetHints":{"allow":["GET"]}}],"collection":[{"href":"https:\/\/electromenagerexpress.com\/en\/wp-json\/wp\/v2\/product"}],"about":[{"href":"https:\/\/electromenagerexpress.com\/en\/wp-json\/wp\/v2\/types\/product"}],"wp:featuredmedia":[{"embeddable":true,"href":"https:\/\/electromenagerexpress.com\/en\/wp-json\/wp\/v2\/media\/42162"}],"wp:attachment":[{"href":"https:\/\/electromenagerexpress.com\/en\/wp-json\/wp\/v2\/media?parent=99602"}],"wp:term":[{"taxonomy":"product_cat","embeddable":true,"href":"https:\/\/electromenagerexpress.com\/en\/wp-json\/wp\/v2\/product_cat?post=99602"},{"taxonomy":"product_tag","embeddable":true,"href":"https:\/\/electromenagerexpress.com\/en\/wp-json\/wp\/v2\/product_tag?post=99602"}],"curies":[{"name":"wp","href":"https:\/\/api.w.org\/{rel}","templated":true}]}}