{"id":99576,"date":"2024-11-28T11:08:10","date_gmt":"2024-11-28T11:08:10","guid":{"rendered":"https:\/\/electromenagerexpress.com\/product\/expresso-broyeurdelonghirivelia-feb4435-bg\/"},"modified":"2024-11-28T11:08:15","modified_gmt":"2024-11-28T11:08:15","slug":"expresso-broyeurdelonghirivelia-feb4435-bg","status":"publish","type":"product","link":"https:\/\/electromenagerexpress.com\/en\/product\/expresso-broyeurdelonghirivelia-feb4435-bg\/","title":{"rendered":"Expresso Broyeur\t\t\t\t\t\t\tDELONGHI\t\t\t\trivelia FEB4435.BG"},"content":{"rendered":"<div class=\"product-features__content\">\n<ul role=\"list\">\n<li class=\"product-features__item\" role=\"listitem\">\n<h3 class=\"product-features__label\">Choisir ce produit pour quels usages ?<\/h3>\n<ul role=\"list\">\n<li class=\"product-features__item-list__item\" role=\"listitem\"><span class=\"is--medium\">Type de boissons :<\/span> caf\u00e9\t\t\t\t\t<\/li>\n<li class=\"product-features__item-list__item\" role=\"listitem\"><span class=\"is--medium\">Type de caf\u00e9 :<\/span> grain et moulu\t\t\t\t\t<\/li>\n<li class=\"product-features__item-list__item\" role=\"listitem\"><span class=\"is--medium\">Nombre de tasses :<\/span> 1 ou 2 caf\u00e9s simultan\u00e9s\t\t\t\t\t<\/li>\n<li class=\"product-features__item-list__item\" role=\"listitem\"><span class=\"is--medium\">Nombre de recettes caf\u00e9s :<\/span> 8\t\t\t\t\t<\/li>\n<li class=\"product-features__item-list__item\" role=\"listitem\"><span class=\"is--medium\">Type de recettes :<\/span> Ristretto, Espresso, Lungo, Caf\u00e9, Caf\u00e9 long, Americano, Espresso (over ice)\t\t\t\t\t<\/li>\n<li class=\"product-features__item-list__item\" role=\"listitem\"><span class=\"is--medium\">Mod\u00e8le de l&rsquo;expresso broyeur :<\/span> Rivelia\t\t\t\t\t<\/li>\n<li class=\"product-features__item-list__item\" role=\"listitem\"><span class=\"is--medium\">Espresso (over ice) :<\/span> Oui\t\t\t\t\t<\/li>\n<\/ul>\n<\/li>\n<li class=\"product-features__item\" role=\"listitem\">\n<h3 class=\"product-features__label\">Confort d&rsquo;utilisation<\/h3>\n<ul role=\"list\">\n<li class=\"product-features__item-list__item\" role=\"listitem\"><span class=\"is--medium\">Panneau de commande :<\/span> \u00e9cran tactile\t\t\t\t\t<\/li>\n<li class=\"product-features__item-list__item\" role=\"listitem\"><span class=\"is--medium\">Nombre de profils : :<\/span> 4\t\t\t\t\t<\/li>\n<li class=\"product-features__item-list__item\" role=\"listitem\"><span class=\"is--medium\">Nombre de bac \u00e0 grains :<\/span> 2 pour profiter de diff\u00e9rentes vari\u00e9t\u00e9s de caf\u00e9\t\t\t\t\t<\/li>\n<li class=\"product-features__item-list__item\" role=\"listitem\"><span class=\"is--medium\">Capacit\u00e9 du bac \u00e0 grains :<\/span> 250 g\t\t\t\t\t<\/li>\n<li class=\"product-features__item-list__item\" role=\"listitem\"><span class=\"is--medium\">Capacit\u00e9 du r\u00e9servoir d&rsquo;eau :<\/span> 1,4 L\t\t\t\t\t<\/li>\n<li class=\"product-features__item-list__item\" role=\"listitem\"><span class=\"is--medium\">Emplacement du r\u00e9servoir d&rsquo;eau :<\/span> sur le c\u00f4t\u00e9\t\t\t\t\t<\/li>\n<li class=\"product-features__item-list__item\" role=\"listitem\"><span class=\"is--medium\">Capacit\u00e9 du bac \u00e0 marc :<\/span> 10\t\t\t\t\t<\/li>\n<li class=\"product-features__item-list__item\" role=\"listitem\"><span class=\"is--medium\">Chauffe tasses :<\/span> Non\t\t\t\t\t<\/li>\n<li class=\"product-features__item-list__item\" role=\"listitem\"><span class=\"is--medium\">Arr\u00eat automatique de la machine :<\/span> Oui\t\t\t\t\t<\/li>\n<li class=\"product-features__item-list__item\" role=\"listitem\"><span class=\"is--medium\">Arr\u00eat automatique de l&rsquo;\u00e9coulement de la boisson :<\/span> Oui\t\t\t\t\t<\/li>\n<li class=\"product-features__item-list__item\" role=\"listitem\"><span class=\"is--medium\">R\u00e9glage de l&rsquo;intensit\u00e9 du caf\u00e9 :<\/span> Oui\t\t\t\t\t<\/li>\n<\/ul>\n<\/li>\n<li class=\"product-features__item\" role=\"listitem\">\n<h3 class=\"product-features__label\">Equipement<\/h3>\n<ul role=\"list\">\n<li class=\"product-features__item-list__item\" role=\"listitem\"><span class=\"is--medium\">Mati\u00e8re du broyeur :<\/span> en acier, incassable, pour une meilleure dur\u00e9e de vie de votre appareil\t\t\t\t\t<\/li>\n<li class=\"product-features__item-list__item\" role=\"listitem\"><span class=\"is--medium\">R\u00e9glage de finesse de mouture :<\/span> 13 pour adapter la finesse selon le type et la vari\u00e9t\u00e9 du caf\u00e9\t\t\t\t\t<\/li>\n<li class=\"product-features__item-list__item\" role=\"listitem\"><span class=\"is--medium\">T\u00e9moin de r\u00e9servoir d&rsquo;eau vide :<\/span> Oui\t\t\t\t\t<\/li>\n<li class=\"product-features__item-list__item\" role=\"listitem\"><span class=\"is--medium\">Buse \u00e0 caf\u00e9 r\u00e9glable en hauteur :<\/span> oui, permet d&rsquo;ajuster \u00e0 la hauteur de la tasse\t\t\t\t\t<\/li>\n<li class=\"product-features__item-list__item\" role=\"listitem\"><span class=\"is--medium\">Puissance :<\/span> 1.450 W\t\t\t\t\t<\/li>\n<li class=\"product-features__item-list__item\" role=\"listitem\"><span class=\"is--medium\">Pression :<\/span> 19 bars\t\t\t\t\t<\/li>\n<li class=\"product-features__item-list__item\" role=\"listitem\"><span class=\"is--medium\">Applications :<\/span> pas d&rsquo;application\t\t\t\t\t<\/li>\n<\/ul>\n<\/li>\n<li class=\"product-features__item\" role=\"listitem\">\n<h3 class=\"product-features__label\">Entretien<\/h3>\n<ul role=\"list\">\n<li class=\"product-features__item-list__item\" role=\"listitem\"><span class=\"is--medium\">filtre \u00e0 eau :<\/span> oui, pour pr\u00e9server la dur\u00e9e de vie de la machine et garantir un meilleur r\u00e9sultat en tasse\t\t\t\t\t<\/li>\n<li class=\"product-features__item-list__item\" role=\"listitem\"><span class=\"is--medium\">Rin\u00e7age de la buse caf\u00e9 :<\/span> automatique, pour nettoyer la buse apr\u00e8s chaque utilisation\t\t\t\t\t<\/li>\n<li class=\"product-features__item-list__item\" role=\"listitem\"><span class=\"is--medium\">Indicateur de d\u00e9tartrage :<\/span> oui, pour alerter qu&rsquo;un d\u00e9tartrage est n\u00e9cessaire pour pr\u00e9server la dur\u00e9e de vie de votre appareil\t\t\t\t\t<\/li>\n<li class=\"product-features__item-list__item\" role=\"listitem\"><span class=\"is--medium\">Programme de nettoyage :<\/span> oui, vous guide sur les \u00e9tapes d&rsquo;entretien de la machine\t\t\t\t\t<\/li>\n<li class=\"product-features__item-list__item\" role=\"listitem\"><span class=\"is--medium\">Bloc infuseur amovible :<\/span> oui, se retire facilement sur le c\u00f4t\u00e9 et se nettoie sous l&rsquo;eau chaude pour pr\u00e9server la qualit\u00e9 du caf\u00e9 et la long\u00e9vit\u00e9 de votre appareil\t\t\t\t\t<\/li>\n<\/ul>\n<\/li>\n<li class=\"product-features__item\" role=\"listitem\">\n<h3 class=\"product-features__label\">Dimensions<\/h3>\n<ul role=\"list\">\n<li class=\"product-features__item-list__item\" role=\"listitem\"><span class=\"is--medium\">Dimensions l x h x p :<\/span> 24.5 x 38.5 x 43 cm\t\t\t\t\t<\/li>\n<li class=\"product-features__item-list__item\" role=\"listitem\"><span class=\"is--medium\">Poids Net :<\/span> 10 kg\t\t\t\t\t<\/li>\n<li class=\"product-features__item-list__item\" role=\"listitem\"><span class=\"is--medium\">Poids Brut :<\/span> 12 kg\t\t\t\t\t<\/li>\n<\/ul>\n<\/li>\n<li class=\"product-features__item\" role=\"listitem\">\n<h3 class=\"product-features__label\">Informations compl\u00e9mentaires<\/h3>\n<ul role=\"list\">\n<li class=\"product-features__item-list__item\" role=\"listitem\"><span class=\"is--medium\">Fabriqu\u00e9 en :<\/span> Roumanie\t\t\t\t\t<\/li>\n<li class=\"product-features__item-list__item\" role=\"listitem\"><span class=\"is--medium\">Disponibilit\u00e9 des pi\u00e8ces d\u00e9tach\u00e9es (donn\u00e9es fournisseur) :<\/span> Pendant 10 ans, \u00e0 compter de la date d&rsquo;achat\t\t\t\t\t<\/li>\n<\/ul>\n<\/li>\n<\/ul>\n<\/div>\n<div class=\"product__disclosure-content\">\n<div class=\"js-read-more product-description__content read-more read-more--truncated\" data-read-more-name=\"description\" style=\"max-height: 500px; overflow: hidden;\">\n<h3>Une nouvelle exp\u00e9rience caf\u00e9<\/h3>\n<p>Plongez dans un monde infini de vari\u00e9t\u00e9s de caf\u00e9s en grains avec la Rivelia De&rsquo;Longhi et son syst\u00e8me de bac \u00e0 grains interchangeables. Profitez d&rsquo;une exp\u00e9rience caf\u00e9 immersive gr\u00e2ce \u00e0 l&rsquo;\u00e9cran couleur tactile de 3,5 pouces et une routine caf\u00e9 personnalis\u00e9e selon vos pr\u00e9f\u00e9rences. Cr\u00e9ez une mousse onctueuse avec sa carafe \u00e0 lait LatteCrema Hot, le tout dans une machine compacte qui s&rsquo;adapte parfaitement \u00e0 votre style. D\u00e9couvrez le plaisir ultime d&rsquo;un caf\u00e9 sur mesure.\u00a0<\/p>\n<p>DESIGN \u00c9L\u00c9GANT ET COMPACT : La machine arbore des angles arrondis, des reflets brillants et un design compact enti\u00e8rement repens\u00e9.<\/p>\n<p>LATTE CREMA HOT\u00a0: La carafe \u00e0 lait dot\u00e9e de la technologie LatteCrema System assure la pr\u00e9paration optimale de la mousse de lait pour une boisson lact\u00e9 onctueuse, dense, \u00e0 la parfaite temp\u00e9rature&#8230;\u00a0<\/p>\n<p>EXPLOREZ LES DIFF\u00c9RENTES VARI\u00c9T\u00c9S DE CAF\u00c9 EN GRAINS : Avec deux bacs \u00e0 grains interchangeables de 250 g, d\u00e9couvrez toute une gamme de caf\u00e9s en grains, passant ais\u00e9ment d&rsquo;une vari\u00e9t\u00e9 \u00e0 une autre.<\/p>\n<p>EXTRACTION OPTIMALE DU CAF\u00c9 : Gr\u00e2ce \u00e0 la technologie Bean Adapt, la machine adapte automatiquement les r\u00e9glages en fonction de la vari\u00e9t\u00e9 de caf\u00e9 en grains choisie, \u00e9quilibrant ainsi la mouture, la dose de caf\u00e9 et la temp\u00e9rature d&rsquo;infusion pour une extraction optimale.<\/p>\n<p>INTERACTION IMMERSIVE : Profitez d&rsquo;une interaction fluide gr\u00e2ce \u00e0 l&rsquo;\u00e9cran couleur tactile 3,5 pouces intuitif. La machine propose 16 boissons pr\u00e9programm\u00e9es d&rsquo;une simple touche et apprend vos habitudes de caf\u00e9, personnalisant ainsi votre menu tout au long de la journ\u00e9e, et pouvant sauvegarder jusqu&rsquo;\u00e0 4 profils d&rsquo;utilisateurs. Plongez-vous dans une exp\u00e9rience caf\u00e9 des plus captivantes.<\/p>\n<p>NETTOYAGE FACILE : la fonction de nettoyage automatique et la carafe \u00e0\u00a0lait lavable au lave-vaisselle vous permettent de garder votre machine propre apr\u00e8s chaque utilisation.\u00a0<\/p>\n<p><img fetchpriority=\"high\" decoding=\"async\" alt=\"URL SCENE7\" height=\"357\" src=\"https:\/\/boulanger.scene7.com\/is\/image\/Boulanger\/8004399027640_h_f_l_1?wid=1000\" width=\"373\"\/><\/p>\n<h3>Partez \u00e0 la d\u00e9couverte du caf\u00e9 en grains avec Rivelia !<\/h3>\n<p>Gr\u00e2ce au nouveau syst\u00e8me Bean\u00a0Switch, explorez ais\u00e9ment le vaste univers des caf\u00e9s en grains. Il vous suffit de placer votre caf\u00e9 en grains pr\u00e9f\u00e9r\u00e9 dans l&rsquo;un des deux bacs \u00e0 grains, et de changer de bac quand bon vous semble ! Profitez d&rsquo;une exp\u00e9rience caf\u00e9 in\u00e9dite et gourmande \u00e0 chaque d\u00e9gustation.<\/p>\n<h3>Une exp\u00e9rience caf\u00e9 sur mesure<\/h3>\n<p><\/p>\n<p>L&rsquo;\u00e9cran couleur tactile de 3,5 pouces vous permet d&rsquo;interagir facilement avec Rivelia. La machine m\u00e9morise votre routine caf\u00e9 et ajuste votre menu tout au long de la journ\u00e9e, pour une exp\u00e9rience caf\u00e9 immersive totalement personnalis\u00e9e. Avec la possibilit\u00e9 de cr\u00e9er jusqu&rsquo;\u00e0 4 profils utilisateurs, chaque tasse de caf\u00e9 sera parfaitement adapt\u00e9e \u00e0 vos go\u00fbts et pr\u00e9f\u00e9rences. Profitez de moments caf\u00e9 uniques et savoureux, con\u00e7us sp\u00e9cialement pour vous.<\/p>\n<p><img decoding=\"async\" alt=\"URL SCENE7\" class=\"wy_tableau_right\" height=\"441\" src=\"https:\/\/boulanger.scene7.com\/is\/image\/Boulanger\/8004399027640_h_f_l_5?wid=1000\" width=\"441\"\/><\/p>\n<h3>Caf\u00e9 fra\u00eechement moulu<\/h3>\n<p>La machine broie les grains juste avant l&rsquo;infusion, pr\u00e9servant ainsi toute leur fra\u00eecheur et leurs ar\u00f4mes intenses. Savourez chaque gorg\u00e9e avec l&rsquo;assurance de d\u00e9guster un caf\u00e9 v\u00e9ritablement frais \u00e0 tout moment.\u00a0L&rsquo;\u00e9cran intuitif vous offre un acc\u00e8s direct aux recettes de boissons. D&rsquo;une simple touche, vous pouvez s\u00e9lectionner et pr\u00e9parer vos boissons pr\u00e9f\u00e9r\u00e9es, pour une exp\u00e9rience caf\u00e9 fluide. D\u00e9couvrez la facilit\u00e9 de d\u00e9guster vos caf\u00e9s pr\u00e9f\u00e9r\u00e9s, exactement comme vous les aimez, en toute simplicit\u00e9.\u00a0Une mousse de lait parfaite &#8211; Technologie LatteCrema Hot\u00a0<\/p>\n<p><\/p>\n<p>Profitez d&rsquo;une mousse de lait onctueuse \u00e0 la bonne temp\u00e9rature pour de d\u00e9licieux r\u00e9sultats en tasse gr\u00e2ce \u00e0 la carafe \u00e0 lait automatique.<\/p>\n<h3>Une vaste gamme de boissons pour une exp\u00e9rience personnalis\u00e9e<\/h3>\n<p>Avec une vaste gamme de 16 boissons d\u00e9licieuses, chacun trouvera son bonheur. Parcourez ais\u00e9ment les diff\u00e9rentes options, de l&rsquo;expresso \u00e0 l&rsquo;americano en passant par le caf\u00e9, et s\u00e9lectionnez en toute simplicit\u00e9 votre boisson pr\u00e9f\u00e9r\u00e9e. Quel que soit vos go\u00fbts, vous serez combl\u00e9 par la diversit\u00e9 de saveurs offertes, vous permettant de savourer votre caf\u00e9 id\u00e9al \u00e0 tout moment !<\/p>\n<h3>L&rsquo;harmonie parfaite avec toutes les cuisines<\/h3>\n<p>Disponible dans une gamme de couleurs \u00e9l\u00e9gantes, dont le blanc arctique, le noir onyx, le beige sable et le gris galet, cet expresso broyeur s&rsquo;adapte ais\u00e9ment \u00e0 votre style et \u00e0 l&rsquo;esth\u00e9tique de votre cuisine.<\/p>\n<p><img decoding=\"async\" alt=\"URL SCENE7\" class=\"wy_tableau_gauche\" height=\"416\" src=\"https:\/\/boulanger.scene7.com\/is\/image\/Boulanger\/8004399027725_h_f_l_2?wid=1000\" width=\"416\"\/><\/p>\n<\/p>\n<\/p>\n<p><center><a href=\"https:\/\/boulanger.scene7.com\/is\/content\/Boulanger\/1.Produit\/Annexes\/Planning_demo_delonghi.pdf\" target=\"_blank\"><img decoding=\"async\" alt=\"Animation magasin Delonghi\" src=\"https:\/\/boulanger.scene7.com\/is\/image\/Boulanger\/Banni\u00e8re_d\u00e9mo_mag_d?wid=1000\"\/><\/a><\/p>\n<p><\/center><\/div>\n<p><bl-button a11yexpanded=\"false\" arialabel=\"Afficher toute la description\" class=\"read-more__btn\" full=\"false\" link=\"true\">Voir plus<\/bl-button><\/div>","protected":false},"excerpt":{"rendered":"<div class=\"keypoints\">\n<h3 class=\"keypoints__title\">Les points cl\u00e9s<\/h3>\n<ul role=\"list\">\n<li class=\"keypoints__item\" role=\"listitem\">                                        8 recettes de caf\u00e9                      <\/li>\n<li class=\"keypoints__item\" role=\"listitem\">                                        Ecran tactile                      <\/li>\n<li class=\"keypoints__item\" role=\"listitem\">                                        Nombre de tasses : 1 ou 2 caf\u00e9s simultan\u00e9s                      <\/li>\n<li class=\"keypoints__item\" role=\"listitem\">                                        Nombre de finesse de mouture : 13                      <\/li>\n<li class=\"keypoints__item keypoints__item--advantage\" role=\"listitem\"><strong>Le + :<\/strong> Son bac \u00e0 grains interchangeable qui vous permet de changer de caf\u00e9 en grains selon vos envies !      <\/li>\n<\/ul>","protected":false},"featured_media":41832,"template":"","meta":{"_glsr_average":0,"_glsr_ranking":0,"_glsr_reviews":0},"product_cat":[308],"product_tag":[230,286,309],"class_list":{"0":"post-99576","1":"product","2":"type-product","3":"status-publish","4":"has-post-thumbnail","6":"product_cat-machine-a-cafe-a-grain","7":"product_tag-cuisine-et-cuisson","8":"product_tag-machine-a-cafe","9":"product_tag-machine-a-cafe-a-grain","11":"first","12":"instock","13":"sale","14":"shipping-taxable","15":"purchasable","16":"product-type-simple"},"_links":{"self":[{"href":"https:\/\/electromenagerexpress.com\/en\/wp-json\/wp\/v2\/product\/99576","targetHints":{"allow":["GET"]}}],"collection":[{"href":"https:\/\/electromenagerexpress.com\/en\/wp-json\/wp\/v2\/product"}],"about":[{"href":"https:\/\/electromenagerexpress.com\/en\/wp-json\/wp\/v2\/types\/product"}],"wp:featuredmedia":[{"embeddable":true,"href":"https:\/\/electromenagerexpress.com\/en\/wp-json\/wp\/v2\/media\/41832"}],"wp:attachment":[{"href":"https:\/\/electromenagerexpress.com\/en\/wp-json\/wp\/v2\/media?parent=99576"}],"wp:term":[{"taxonomy":"product_cat","embeddable":true,"href":"https:\/\/electromenagerexpress.com\/en\/wp-json\/wp\/v2\/product_cat?post=99576"},{"taxonomy":"product_tag","embeddable":true,"href":"https:\/\/electromenagerexpress.com\/en\/wp-json\/wp\/v2\/product_tag?post=99576"}],"curies":[{"name":"wp","href":"https:\/\/api.w.org\/{rel}","templated":true}]}}