{"id":99569,"date":"2024-11-28T11:07:25","date_gmt":"2024-11-28T11:07:25","guid":{"rendered":"https:\/\/electromenagerexpress.com\/product\/expresso-avec-broyeur-integresage-appliancesbarista-express\/"},"modified":"2024-11-28T11:07:36","modified_gmt":"2024-11-28T11:07:36","slug":"expresso-avec-broyeur-integresage-appliancesbarista-express","status":"publish","type":"product","link":"https:\/\/electromenagerexpress.com\/en\/product\/expresso-avec-broyeur-integresage-appliancesbarista-express\/","title":{"rendered":"Expresso avec broyeur int\u00e9gr\u00e9\t\t\t\t\t\t\tSAGE APPLIANCES\t\t\t\tBarista Express"},"content":{"rendered":"<div class=\"product-features__content\">\n<ul role=\"list\">\n<li class=\"product-features__item\" role=\"listitem\">\n<h3 class=\"product-features__label\">Choisir ce produit pour quels usages ?<\/h3>\n<ul role=\"list\">\n<li class=\"product-features__item-list__item\" role=\"listitem\"><span class=\"is--medium\">Type de machine caf\u00e9 :<\/span> broyeur int\u00e9gr\u00e9, permet de d\u00e9guster un expresso fraichement moulu pour d\u00e9velopper les ar\u00f4mes de votre caf\u00e9\t\t\t\t\t<\/li>\n<li class=\"product-features__item-list__item\" role=\"listitem\"><span class=\"is--medium\">Type de boissons :<\/span> expresso\t\t\t\t\t<\/li>\n<li class=\"product-features__item-list__item\" role=\"listitem\"><span class=\"is--medium\">Type de caf\u00e9 :<\/span> caf\u00e9 moulu et caf\u00e9 en grain\t\t\t\t\t<\/li>\n<li class=\"product-features__item-list__item\" role=\"listitem\"><span class=\"is--medium\">Nombre de recettes caf\u00e9 :<\/span> 0\t\t\t\t\t<\/li>\n<li class=\"product-features__item-list__item\" role=\"listitem\"><span class=\"is--medium\">Nombre de recettes lact\u00e9es :<\/span> 0\t\t\t\t\t<\/li>\n<li class=\"product-features__item-list__item\" role=\"listitem\"><span class=\"is--medium\">Boisson \u00e0 pr\u00e9parer :<\/span> Caf\u00e9, Espresso, Lungo, Allong\u00e9 (Americano), Caf\u00e9 long, Ristretto, Cappuccino, Latte Macchiato, Mousse de lait, Caf\u00e9 au Lait, Lait chaud\t\t\t\t\t<\/li>\n<\/ul>\n<\/li>\n<li class=\"product-features__item\" role=\"listitem\">\n<h3 class=\"product-features__label\">Confort d&rsquo;utilisation<\/h3>\n<ul role=\"list\">\n<li class=\"product-features__item-list__item\" role=\"listitem\"><span class=\"is--medium\">Panneau de commande :<\/span> bouton manuel plastique\t\t\t\t\t<\/li>\n<li class=\"product-features__item-list__item\" role=\"listitem\"><span class=\"is--medium\">Nombre de tasses :<\/span> 1 ou 2 caf\u00e9s en simultan\u00e9s\t\t\t\t\t<\/li>\n<li class=\"product-features__item-list__item\" role=\"listitem\"><span class=\"is--medium\">Longueur de tasse :<\/span> automatique, les r\u00e9glages sont pr\u00e9-d\u00e9finis pour acc\u00e9der \u00e0 votre expresso d&rsquo;un seul geste\t\t\t\t\t<\/li>\n<li class=\"product-features__item-list__item\" role=\"listitem\"><span class=\"is--medium\">Buse vapeur :<\/span> manuelle, pour faire mousser manuellement votre lait pour vos boissons lact\u00e9es\t\t\t\t\t<\/li>\n<li class=\"product-features__item-list__item\" role=\"listitem\"><span class=\"is--medium\">Arr\u00eat automatique de la machine :<\/span> Oui\t\t\t\t\t<\/li>\n<li class=\"product-features__item-list__item\" role=\"listitem\"><span class=\"is--medium\">Chauffe tasses :<\/span> Oui\t\t\t\t\t<\/li>\n<li class=\"product-features__item-list__item\" role=\"listitem\"><span class=\"is--medium\">Capacit\u00e9 du r\u00e9servoir d&rsquo;eau :<\/span> 2,00 L\t\t\t\t\t<\/li>\n<li class=\"product-features__item-list__item\" role=\"listitem\"><span class=\"is--medium\">Capacit\u00e9 du bac \u00e0 grains :<\/span> 250\t\t\t\t\t<\/li>\n<\/ul>\n<\/li>\n<li class=\"product-features__item\" role=\"listitem\">\n<h3 class=\"product-features__label\">Entretien<\/h3>\n<ul role=\"list\">\n<li class=\"product-features__item-list__item\" role=\"listitem\"><span class=\"is--medium\">Rin\u00e7age de la buse vapeur :<\/span> automatique, pour nettoyer la buse apr\u00e8s chaque utilisation\t\t\t\t\t<\/li>\n<li class=\"product-features__item-list__item\" role=\"listitem\"><span class=\"is--medium\">Filtre \u00e0 eau :<\/span> oui, pour pr\u00e9server la dur\u00e9e de vie de la machine et garantir un meilleur r\u00e9sultat en tasse\t\t\t\t\t<\/li>\n<\/ul>\n<\/li>\n<li class=\"product-features__item\" role=\"listitem\">\n<h3 class=\"product-features__label\">Equipement<\/h3>\n<ul role=\"list\">\n<li class=\"product-features__item-list__item\" role=\"listitem\"><span class=\"is--medium\">Nombre de filtres :<\/span> 1 pour la pr\u00e9paration d&rsquo;un expresso\t\t\t\t\t<\/li>\n<li class=\"product-features__item-list__item\" role=\"listitem\"><span class=\"is--medium\">Mati\u00e8re du broyeur :<\/span> en acier\t\t\t\t\t<\/li>\n<li class=\"product-features__item-list__item\" role=\"listitem\"><span class=\"is--medium\">Bac \u00e0 marc de caf\u00e9 :<\/span> oui, permet d&rsquo;\u00e9vacuer le caf\u00e9 du porte filtre\t\t\t\t\t<\/li>\n<li class=\"product-features__item-list__item\" role=\"listitem\"><span class=\"is--medium\">Finition de la machine :<\/span> inox\t\t\t\t\t<\/li>\n<li class=\"product-features__item-list__item\" role=\"listitem\"><span class=\"is--medium\">Puissance :<\/span> 1.850 W\t\t\t\t\t<\/li>\n<li class=\"product-features__item-list__item\" role=\"listitem\"><span class=\"is--medium\">Pression :<\/span> 15,0 bars\t\t\t\t\t<\/li>\n<\/ul>\n<\/li>\n<li class=\"product-features__item\" role=\"listitem\">\n<h3 class=\"product-features__label\">Dimensions<\/h3>\n<ul role=\"list\">\n<li class=\"product-features__item-list__item\" role=\"listitem\"><span class=\"is--medium\">Poids Net (kg) :<\/span> 12.5\t\t\t\t\t<\/li>\n<\/ul>\n<\/li>\n<li class=\"product-features__item\" role=\"listitem\">\n<h3 class=\"product-features__label\">Informations compl\u00e9mentaires<\/h3>\n<ul role=\"list\">\n<li class=\"product-features__item-list__item\" role=\"listitem\"><span class=\"is--medium\">Garantie :<\/span> 2 ans\t\t\t\t\t<\/li>\n<li class=\"product-features__item-list__item\" role=\"listitem\"><span class=\"is--medium\">Disponibilit\u00e9 des pi\u00e8ces d\u00e9tach\u00e9es (donn\u00e9es fournisseur) :<\/span> Pendant 5 ans, \u00e0 compter de la date d&rsquo;achat\t\t\t\t\t<\/li>\n<li class=\"product-features__item-list__item\" role=\"listitem\"><span class=\"is--medium\">R\u00e9f\u00e9rence constructeur :<\/span> Barista Express\t\t\t\t\t<\/li>\n<li class=\"product-features__item-list__item\" role=\"listitem\"><span class=\"is--medium\">Marque :<\/span> SAGE APPLIANCES\t\t\t\t\t<\/li>\n<li class=\"product-features__item-list__item\" role=\"listitem\"><span class=\"is--medium\">Fabriqu\u00e9 en :<\/span> Chine\t\t\t\t\t<\/li>\n<\/ul>\n<\/li>\n<\/ul>\n<\/div>\n<div class=\"product__disclosure-content\">\n<div class=\"js-read-more product-description__content read-more read-more--truncated\" data-read-more-name=\"description\" style=\"max-height: 500px; overflow: hidden;\">\n<p>D\u00e9velopp\u00e9 par Sage, la <b>machine Expresso SAGE APPLIANCES Barista Express<\/b> est l\u00e0 pour vous offrir l&rsquo;ultime tasse de caf\u00e9. Con\u00e7ue sur le principe que les ingr\u00e9dients ont meilleur go\u00fbt lorsqu&rsquo;ils sont frais, elle emp\u00eache la d\u00e9gradation de la qualit\u00e9 des grains en les broyant directement dans le filtre pour vous, pour en extraire toute leur saveur. L&rsquo;ensemble du processus, du grain au caf\u00e9, prendra moins d&rsquo;une minute. Une v\u00e9ritable r\u00e9volution. <\/p>\n<h3><img fetchpriority=\"high\" decoding=\"async\" ,=\"\" alt=\"Expresso SAGE APPLIANCES Barista Express\" class=\"wy_tableau_gauche\" height=\"270\" src=\"https:\/\/boulanger.scene7.com\/is\/image\/Boulanger\/9312432030144_h_f_l_0?wid=400&amp;hei=270\" width=\"400\"\/>Un caf\u00e9 d&rsquo;exception<\/h3>\n<p>La Expresso SAGE APPLIANCES Barista Express <b>vous permet d&rsquo;utiliser du caf\u00e9 en grain ou des grains pr\u00e9moulus<\/b> et le broyeur conique permet une mouture efficace \u00e0 haute vitesse. Un vrai plus pour vous apporter une libert\u00e9 totale. Ses 15 param\u00e8tres de mouture signifient que vous pouvez avoir vos grains aussi grossiers ou fins que vous le souhaitez, selon vos go\u00fbts pour un caf\u00e9 vraiment personnalis\u00e9. <\/p>\n<p>Le broyeur int\u00e9gr\u00e9 peut contenir jusqu&rsquo;\u00e0 250 grammes de caf\u00e9, <b>assez pour 25 tasses d&rsquo;expresso<\/b>, tandis que le r\u00e9servoir d&rsquo;eau peut contenir jusqu&rsquo;\u00e0 2 litres, avec filtration d&rsquo;eau int\u00e9gr\u00e9e. Son temps de chauffe ultra rapide gr\u00e2ce \u00e0 sa puissance de 1850 W vous permettra de vous pr\u00e9parer un caf\u00e9 extr\u00eamement rapidement. <\/p>\n<h3><img decoding=\"async\" ,=\"\" alt=\"Expresso SAGE APPLIANCES Barista Express\" class=\"wy_tableau_right\" height=\"270\" src=\"https:\/\/boulanger.scene7.com\/is\/image\/Boulanger\/9312432030144_h_f_l_0?wid=400&amp;hei=270\" width=\"400\"\/>Une machine performante<\/h3>\n<p>Le syst\u00e8me de chauffe de la machine Expresso SAGE APPLIANCES Barista Express vous offre un <b>contr\u00f4le de temp\u00e9rature r\u00e9glable<\/b>, pour que vous puissiez ainsi maintenir la temp\u00e9rature en ligne avec le caf\u00e9 que vous voulez et \u00e9viter de br\u00fbler les grains et donc de vous retrouver avec un caf\u00e9 amer.<\/p>\n<p>Le puissant syst\u00e8me de pression de 15 bars de la machine Expresso SAGE APPLIANCES Barista Express vous fournira une <b>extraction contr\u00f4l\u00e9e \u00e0 9 bars et uniforme du caf\u00e9<\/b>, vous offrant une boisson riche et savoureuse. Le distributeur d&rsquo;eau chaude vous fournira de l&rsquo;eau chaude instantan\u00e9ment, id\u00e9ale pour les caf\u00e9s noirs, tandis que le plateau chauffant de 6 tasses s&rsquo;assurera que les tasses sont pr\u00e9chauff\u00e9es pour ne pas nuire \u00e0 la qualit\u00e9 de votre moment de d\u00e9tente. <\/p>\n<\/p>\n<p><video class=\"s7Video\" controls=\"\" controlslist=\"nodownload\" poster=\"https:\/\/boulanger.scene7.com\/is\/image\/Boulanger\/9312432030144_v_0?scl=1\" preload=\"metadata\" src=\"https:\/\/boulanger.scene7.com\/is\/content\/Boulanger\/9312432030144_v_0\" width=\"100%\"><\/video><\/p>\n<\/div>\n<p><bl-button a11yexpanded=\"false\" arialabel=\"Afficher toute la description\" class=\"read-more__btn\" full=\"false\" link=\"true\">Voir plus<\/bl-button><\/div>","protected":false},"excerpt":{"rendered":"<div class=\"keypoints\">\n<h3 class=\"keypoints__title\">Les points cl\u00e9s<\/h3>\n<ul role=\"list\">\n<li class=\"keypoints__item\" role=\"listitem\">                                        caf\u00e9 moulu et caf\u00e9 en grain                      <\/li>\n<li class=\"keypoints__item\" role=\"listitem\">                                        1 ou 2 caf\u00e9s en simultan\u00e9s                      <\/li>\n<li class=\"keypoints__item\" role=\"listitem\">                                        broyeur int\u00e9gr\u00e9                      <\/li>\n<li class=\"keypoints__item\" role=\"listitem\">                          15,0 bars &#8211;                                                      1.850 W                      <\/li>\n<li class=\"keypoints__item keypoints__item--advantage\" role=\"listitem\"><strong>Le + :<\/strong> Son broyeur int\u00e9gr\u00e9 permettant de pr\u00e9parer jusqu&rsquo;\u00e0 25 tasses de caf\u00e9 et son contr\u00f4le de temp\u00e9rature r\u00e9glable vous permettront de pr\u00e9parer le caf\u00e9 parfait!      <\/li>\n<\/ul>","protected":false},"featured_media":41748,"template":"","meta":{"_glsr_average":0,"_glsr_ranking":0,"_glsr_reviews":0},"product_cat":[285],"product_tag":[230,287,286],"class_list":{"0":"post-99569","1":"product","2":"type-product","3":"status-publish","4":"has-post-thumbnail","6":"product_cat-expresso","7":"product_tag-cuisine-et-cuisson","8":"product_tag-expresso","9":"product_tag-machine-a-cafe","11":"first","12":"instock","13":"sale","14":"shipping-taxable","15":"purchasable","16":"product-type-simple"},"_links":{"self":[{"href":"https:\/\/electromenagerexpress.com\/en\/wp-json\/wp\/v2\/product\/99569","targetHints":{"allow":["GET"]}}],"collection":[{"href":"https:\/\/electromenagerexpress.com\/en\/wp-json\/wp\/v2\/product"}],"about":[{"href":"https:\/\/electromenagerexpress.com\/en\/wp-json\/wp\/v2\/types\/product"}],"wp:featuredmedia":[{"embeddable":true,"href":"https:\/\/electromenagerexpress.com\/en\/wp-json\/wp\/v2\/media\/41748"}],"wp:attachment":[{"href":"https:\/\/electromenagerexpress.com\/en\/wp-json\/wp\/v2\/media?parent=99569"}],"wp:term":[{"taxonomy":"product_cat","embeddable":true,"href":"https:\/\/electromenagerexpress.com\/en\/wp-json\/wp\/v2\/product_cat?post=99569"},{"taxonomy":"product_tag","embeddable":true,"href":"https:\/\/electromenagerexpress.com\/en\/wp-json\/wp\/v2\/product_tag?post=99569"}],"curies":[{"name":"wp","href":"https:\/\/api.w.org\/{rel}","templated":true}]}}