{"id":99553,"date":"2024-11-28T11:05:20","date_gmt":"2024-11-28T11:05:20","guid":{"rendered":"https:\/\/electromenagerexpress.com\/product\/cheminee-electriquechemin-arte201\/"},"modified":"2024-12-22T16:43:13","modified_gmt":"2024-12-22T16:43:13","slug":"cheminee-electriquechemin-arte201","status":"publish","type":"product","link":"https:\/\/electromenagerexpress.com\/en\/product\/cheminee-electriquechemin-arte201\/","title":{"rendered":"Chemin\u00e9e \u00e9lectrique CHEMIN ARTE 201"},"content":{"rendered":"<h5>Caract\u00e9ristiques g\u00e9n\u00e9rales<\/h5>\n<ul>\n<li>Type : Chemin\u00e9e \u00e9lectrique<\/li>\n<li>Alimentation : Secteur<\/li>\n<li>Puissance max : 2.000 W<\/li>\n<li>Surface chauff\u00e9e : 30 m\u00b2<\/li>\n<li>Consommation minimale : 10,0 W<\/li>\n<li>Effet flamme : Oui<\/li>\n<li>Thermostat : M\u00e9canique<\/li>\n<li>Coloris : Noir<\/li>\n<\/ul>\n<h5>Utilisation<\/h5>\n<ul>\n<li>Nombre de vitesses : 2 vitesses<\/li>\n<li>Position ventilation : Oui<\/li>\n<li>T\u00e9moin de fonctionnement : Oui<\/li>\n<\/ul>\n<h5>S\u00e9curit\u00e9<\/h5>\n<ul>\n<li>Vitre froide : Oui<\/li>\n<li>Compatible Salle de bain : Non<\/li>\n<\/ul>\n<h5>Installation<\/h5>\n<ul>\n<li>Temps moyen d&rsquo;installation : 5,00 mn<\/li>\n<li>Installation au sol : Oui<\/li>\n<\/ul>\n<h5>Dimensions<\/h5>\n<ul>\n<li>Dimensions l x h x p : 67 x 23 x 24 cm<\/li>\n<li>Poids net : 7,00 kg<\/li>\n<li>Poids Brut : 7 kg<\/li>\n<\/ul>\n<h5>Informations compl\u00e9mentaires<\/h5>\n<ul>\n<li>Disponibilit\u00e9 des pi\u00e8ces d\u00e9tach\u00e9es (donn\u00e9es fournisseur) : Non communiqu\u00e9e<\/li>\n<\/ul>\n<p>Effet feu de bois rougissant XL + effet flammes<br \/>Thermostat d&rsquo;ambiance avec r\u00e9gulateur 2000W (position 1000 ou 2000W)<br \/>Se pose \u00e0 l&rsquo;int\u00e9rieur d&rsquo;une chemin\u00e9e existante<\/p>","protected":false},"excerpt":{"rendered":"<h5>Les points cl\u00e9s<\/h5>\n<ul>\n<li>Surface chauff\u00e9e : 30 m\u00b2<\/li>\n<li>Puissance max : 2.000 W<\/li>\n<li>2 vitesses<\/li>\n<\/ul>","protected":false},"featured_media":41511,"template":"","meta":{"_glsr_average":0,"_glsr_ranking":0,"_glsr_reviews":0},"product_cat":[288],"product_tag":[290,153],"class_list":{"0":"post-99553","1":"product","2":"type-product","3":"status-publish","4":"has-post-thumbnail","6":"product_cat-chauffage","7":"product_tag-chauffage","8":"product_tag-maison-entretien","10":"first","11":"instock","12":"sale","13":"shipping-taxable","14":"purchasable","15":"product-type-simple"},"_links":{"self":[{"href":"https:\/\/electromenagerexpress.com\/en\/wp-json\/wp\/v2\/product\/99553","targetHints":{"allow":["GET"]}}],"collection":[{"href":"https:\/\/electromenagerexpress.com\/en\/wp-json\/wp\/v2\/product"}],"about":[{"href":"https:\/\/electromenagerexpress.com\/en\/wp-json\/wp\/v2\/types\/product"}],"wp:featuredmedia":[{"embeddable":true,"href":"https:\/\/electromenagerexpress.com\/en\/wp-json\/wp\/v2\/media\/41511"}],"wp:attachment":[{"href":"https:\/\/electromenagerexpress.com\/en\/wp-json\/wp\/v2\/media?parent=99553"}],"wp:term":[{"taxonomy":"product_cat","embeddable":true,"href":"https:\/\/electromenagerexpress.com\/en\/wp-json\/wp\/v2\/product_cat?post=99553"},{"taxonomy":"product_tag","embeddable":true,"href":"https:\/\/electromenagerexpress.com\/en\/wp-json\/wp\/v2\/product_tag?post=99553"}],"curies":[{"name":"wp","href":"https:\/\/api.w.org\/{rel}","templated":true}]}}