{"id":99551,"date":"2024-11-28T11:05:13","date_gmt":"2024-11-28T11:05:13","guid":{"rendered":"https:\/\/electromenagerexpress.com\/product\/chauffage-infrarougeklarsteinklarstein-klarstein-cosmic-beam-smart-24-2\/"},"modified":"2024-12-27T16:13:21","modified_gmt":"2024-12-27T16:13:21","slug":"chauffage-infrarougeklarsteinklarstein-klarstein-cosmic-beam-smart-24-2","status":"publish","type":"product","link":"https:\/\/electromenagerexpress.com\/en\/product\/chauffage-infrarougeklarsteinklarstein-klarstein-cosmic-beam-smart-24-2\/","title":{"rendered":"Chauffage infrarouge KLARSTEIN Klarstein Cosmic Beam Smart 24"},"content":{"rendered":"<div>\n<ul>\n<li>\n<h5>Caract\u00e9ristiques g\u00e9n\u00e9rales<\/h5>\n<ul>\n<li><span class=\"is--medium\">Type :<\/span> Chauffage infrarouge<\/li>\n<\/ul>\n<\/li>\n<li>\n<h5>Informations compl\u00e9mentaires<\/h5>\n<ul>\n<li><span class=\"is--medium\">Disponibilit\u00e9 des pi\u00e8ces d\u00e9tach\u00e9es (donn\u00e9es fournisseur) :<\/span> Non communiqu\u00e9e<\/li>\n<\/ul>\n<\/li>\n<\/ul>\n<\/div>\n<div>\n<div class=\"js-read-more product-description__content read-more read-more--truncated\" data-read-more-name=\"description\" style=\"max-height: 500px; overflow: hidden;\">\n<p>Une chaleur intelligente et un design simple : le <b>radiateur infrarouge Klarstein<\/b> Cosmic Beam Smart 24 chauffe efficacement votre coin salon sur la terrasse ou dans le jardin et s&rsquo;y int\u00e8gre parfaitement gr\u00e2ce \u00e0 son installation au mur ou au plafond.<\/p>\n<p>Le <b>radiateur \u00e9lectrique<\/b> l\u00e9ger <b>Klarstein<\/b> Cosmic Beam Smart 24 se monte simplement au mur ou au plafond. De cette fa\u00e7on il ne prend pas de place et \u00e9met rapidement et efficacement un rayonnement infrarouge \u00e0 ondes longues avec une puissance de 2400 W. La technologie IR ComfortHeat utilise le principe de la chaleur solaire. Les objets lumineux et les personnes sont chauff\u00e9s de mani\u00e8re cibl\u00e9e sans avoir \u00e0 chauffer l&rsquo;air ambiant. M\u00eame une brise fra\u00eeche peut difficilement influencer sa puissance de chauffage. Gr\u00e2ce \u00e0 sa conception, le Cosmic Beam Smart 24 appartient au groupe des <b>radiateurs sombres<\/b>. Il ne d\u00e9gage que de la chaleur et non de la lumi\u00e8re. De plus, il est totalement silencieux et ne soul\u00e8ve pas la poussi\u00e8re &#8211; id\u00e9al pour les zones sensibles au bruit et les allergiques.<\/p>\n<p>Maintenant encore plus intelligents : les nouveaux <b>radiateurs infrarouges Klarstein<\/b> Cosmic Beam Smart 24 se connectent au r\u00e9seau WiFi local et se contr\u00f4lent ensuite de n&rsquo;importe o\u00f9 avec votre smartphone ou tablette avec l&rsquo;application Klarstein Experience. Avec la t\u00e9l\u00e9commande pratique ou le panneau de commande int\u00e9gr\u00e9 avec affichage sur l&rsquo;appareil, le radiateur \u00e9lectrique peut aussi se commander directement. Organisez des d\u00eeners, des garden-parties et des f\u00eates de garage sans vous soucier des temp\u00e9ratures gr\u00e2ce au <b>radiateur Klarstein<\/b> Cosmic Beam Smart 24. Son corps en aluminium thermolaqu\u00e9 r\u00e9siste aux intemp\u00e9ries et, avec la classe de protection IP44, il est par\u00e9 pour une utilisation en ext\u00e9rieur. Le mat\u00e9riel de montage fourni permet une installation simple au plafond ou au mur.<\/p>\n<p>Faites la f\u00eate jusqu&rsquo;\u00e0 tard dans la nuit ou profitez d&rsquo;une soir\u00e9e romantique \u00e0 la bougie et au vin sur la terrasse jusqu&rsquo;\u00e0 ce que les \u00e9toiles scintillent dans le ciel. Gr\u00e2ce au <b>radiateur de terrasse Klarstein<\/b> Cosmic Beam Smart 24, restez bien au chaud jusqu&rsquo;au bout.<\/p>\n<p><b>Top Features:<\/b><\/p>\n<p> \u2022 <b>Smart Home :<\/b> contr\u00f4le par WiFi avec Klarstein App Experience pour Android ou iPhone<br \/> \u2022 <b>Chaleur puissante :<\/b> radiateur infrarouge efficace de 2400 watts pour l&rsquo;int\u00e9rieur ou l&rsquo;ext\u00e9rieur<br \/> \u2022 <b>Agr\u00e9able comme le soleil :<\/b> IR ComfortHeat vous r\u00e9chauffe vous et vos invit\u00e9s avec ses infrarouges sains, m\u00eame quand il fait froid<br \/> \u2022 <b>Au degr\u00e9 pr\u00e8s :<\/b> thermostat pour des temp\u00e9ratures entre 5 et 45 \u00b0C et minuterie de 24 h<br \/> \u2022 <b>Solide et r\u00e9sistant aux intemp\u00e9ries :<\/b> bo\u00eetier thermolaqu\u00e9 en aluminium avec norme de protection IP44<br \/> \u2022 <b>Simple et pratique :<\/b> contr\u00f4le tr\u00e8s simple sans se lever par t\u00e9l\u00e9commande, ou directement sur l&rsquo;appareil<br \/> \u2022 <b>Flexible :<\/b> installation murale ou au plafond avec supports et mat\u00e9riel de montage fournis<br \/> \u2022 <b>Intelligent :<\/b> OpenWindow Detection pour un arr\u00eat automatique en cas de fen\u00eatre ouverte<\/p>\n<p><b>Caract\u00e9ristiques:<\/b><\/p>\n<p> \u2022 Bouton de marche\/arr\u00eat sur l&rsquo;appareil<br \/> \u2022 Puissance : 2400 watts<br \/> \u2022 Zone d&rsquo;efficacit\u00e9 : jusqu&rsquo;\u00e0 44 m\u00b2<br \/> \u2022 Port\u00e9e : env. 5 m<br \/> \u2022 Plage de temp\u00e9ratures : 5 &#8211; 45 \u00b0C<br \/> \u2022 Bo\u00eetier thermolaqu\u00e9 r\u00e9sistant aux intemp\u00e9ries<br \/> \u2022 T\u00e9l\u00e9commande pour allumer et \u00e9teindre facilement<br \/> \u2022 Norme de protection : IP44<br \/> \u2022 Mat\u00e9riel de montage fourni<br \/> \u2022 Technologie IR Comfort Heat : chaleur cibl\u00e9e sur les personnes et les objets sans chauffer l&rsquo;environnement<br \/> \u2022 Application Klarstein Experience : contr\u00f4le simple avec l&rsquo;appli Klarstein pour Android ou iPhone par connexion WiFi<br \/> \u2022 OpenWindow Detection d\u00e9tecte les fen\u00eatres ouvertes et \u00e9teint automatiquement l&rsquo;appareil<br \/> \u2022 Radiateur sombre : pas d&rsquo;\u00e9mission de lumi\u00e8re, n&rsquo;attire pas les moustiques<br \/> \u2022 Alimentation : 220-240 V~ | 50\/60 Hz<\/p>\n<p><b>Inclus dans la livraison:<\/b><\/p>\n<p> \u2022 1 x radiateur infrarouge<br \/> \u2022 1 x t\u00e9l\u00e9commande<br \/> \u2022 1 x mat\u00e9riel de fixation<br \/> \u2022 Mode d&#8217;emploi en fran\u00e7ais<\/p>\n<p><b>Dimensions:<\/b><\/p>\n<p> \u2022 Dimensions : env. 157,5 x 15 x 19 cm (LxHxP)<br \/> \u2022 C\u00e2ble : env. 150 cm<br \/> \u2022 Poids : env. 9,2 kg<\/p>\n<\/p><\/div>\n<\/div>","protected":false},"excerpt":{"rendered":"<p>Caract\u00e9ristiques g\u00e9n\u00e9rales Type : Chauffage infrarouge Informations compl\u00e9mentaires Disponibilit\u00e9 des pi\u00e8ces d\u00e9tach\u00e9es (donn\u00e9es fournisseur) : Non communiqu\u00e9e Une chaleur intelligente et un design simple : le radiateur infrarouge Klarstein Cosmic Beam Smart 24 chauffe efficacement votre coin salon sur la terrasse ou dans le jardin et s&rsquo;y int\u00e8gre parfaitement gr\u00e2ce \u00e0 son installation au mur [&hellip;]<\/p>","protected":false},"featured_media":41500,"template":"","meta":{"_glsr_average":0,"_glsr_ranking":0,"_glsr_reviews":0},"product_cat":[288],"product_tag":[290,153],"class_list":{"0":"post-99551","1":"product","2":"type-product","3":"status-publish","4":"has-post-thumbnail","6":"product_cat-chauffage","7":"product_tag-chauffage","8":"product_tag-maison-entretien","10":"first","11":"instock","12":"sale","13":"shipping-taxable","14":"purchasable","15":"product-type-simple"},"_links":{"self":[{"href":"https:\/\/electromenagerexpress.com\/en\/wp-json\/wp\/v2\/product\/99551","targetHints":{"allow":["GET"]}}],"collection":[{"href":"https:\/\/electromenagerexpress.com\/en\/wp-json\/wp\/v2\/product"}],"about":[{"href":"https:\/\/electromenagerexpress.com\/en\/wp-json\/wp\/v2\/types\/product"}],"wp:featuredmedia":[{"embeddable":true,"href":"https:\/\/electromenagerexpress.com\/en\/wp-json\/wp\/v2\/media\/41500"}],"wp:attachment":[{"href":"https:\/\/electromenagerexpress.com\/en\/wp-json\/wp\/v2\/media?parent=99551"}],"wp:term":[{"taxonomy":"product_cat","embeddable":true,"href":"https:\/\/electromenagerexpress.com\/en\/wp-json\/wp\/v2\/product_cat?post=99551"},{"taxonomy":"product_tag","embeddable":true,"href":"https:\/\/electromenagerexpress.com\/en\/wp-json\/wp\/v2\/product_tag?post=99551"}],"curies":[{"name":"wp","href":"https:\/\/api.w.org\/{rel}","templated":true}]}}