{"id":99548,"date":"2024-11-28T11:05:02","date_gmt":"2024-11-28T11:05:02","guid":{"rendered":"https:\/\/electromenagerexpress.com\/product\/cheminee-electriqueklarsteinbormio-panorama-1000-2000w-2\/"},"modified":"2024-12-27T16:41:43","modified_gmt":"2024-12-27T16:41:43","slug":"cheminee-electriqueklarsteinbormio-panorama-1000-2000w-2","status":"publish","type":"product","link":"https:\/\/electromenagerexpress.com\/en\/product\/cheminee-electriqueklarsteinbormio-panorama-1000-2000w-2\/","title":{"rendered":"Chemin\u00e9e \u00e9lectrique KLARSTEIN Bormio Panorama 1000\/2000W"},"content":{"rendered":"<div class=\"product-features__content\">\n<ul role=\"list\">\n<li class=\"product-features__item\" role=\"listitem\">\n<h3 class=\"product-features__label\">Caract\u00e9ristiques g\u00e9n\u00e9rales<\/h3>\n<ul role=\"list\">\n<li class=\"product-features__item-list__item\" role=\"listitem\"><span class=\"is--medium\">Type :<\/span> Chemin\u00e9e \u00e9lectrique<\/li>\n<li class=\"product-features__item-list__item\" role=\"listitem\"><span class=\"is--medium\">Alimentation :<\/span> Secteur<\/li>\n<li class=\"product-features__item-list__item\" role=\"listitem\"><span class=\"is--medium\">Puissance minimale :<\/span> 1.000 W<\/li>\n<li class=\"product-features__item-list__item\" role=\"listitem\"><span class=\"is--medium\">Puissance max :<\/span> 2.000 W<\/li>\n<li class=\"product-features__item-list__item\" role=\"listitem\"><span class=\"is--medium\">Surface chauff\u00e9e :<\/span> 40 m\u00b2<\/li>\n<li class=\"product-features__item-list__item\" role=\"listitem\"><span class=\"is--medium\">Effet flamme :<\/span> Oui<\/li>\n<li class=\"product-features__item-list__item\" role=\"listitem\"><span class=\"is--medium\">Fa\u00e7ade :<\/span> Verre tremp\u00e9<\/li>\n<li class=\"product-features__item-list__item\" role=\"listitem\"><span class=\"is--medium\">Coloris :<\/span> Noir<\/li>\n<\/ul>\n<\/li>\n<li class=\"product-features__item\" role=\"listitem\">\n<h3 class=\"product-features__label\">Utilisation<\/h3>\n<ul role=\"list\">\n<li class=\"product-features__item-list__item\" role=\"listitem\"><span class=\"is--medium\">Nombre de vitesses :<\/span> 2 vitesses<\/li>\n<\/ul>\n<\/li>\n<li class=\"product-features__item\" role=\"listitem\">\n<h3 class=\"product-features__label\">S\u00e9curit\u00e9<\/h3>\n<ul role=\"list\">\n<li class=\"product-features__item-list__item\" role=\"listitem\"><span class=\"is--medium\">Anti-surchauffe :<\/span> Oui<\/li>\n<\/ul>\n<\/li>\n<li class=\"product-features__item\" role=\"listitem\">\n<h3 class=\"product-features__label\">Dimensions<\/h3>\n<ul role=\"list\">\n<li class=\"product-features__item-list__item\" role=\"listitem\"><span class=\"is--medium\">Dimensions l x h x p :<\/span> 44.5 x 74.5 x 33 cm<\/li>\n<li class=\"product-features__item-list__item\" role=\"listitem\"><span class=\"is--medium\">Poids net :<\/span> 13,30 kg<\/li>\n<\/ul>\n<\/li>\n<li class=\"product-features__item\" role=\"listitem\">\n<h3 class=\"product-features__label\">Informations compl\u00e9mentaires<\/h3>\n<ul role=\"list\">\n<li class=\"product-features__item-list__item\" role=\"listitem\"><span class=\"is--medium\">Fabriqu\u00e9 en :<\/span> Chine<\/li>\n<li class=\"product-features__item-list__item\" role=\"listitem\"><span class=\"is--medium\">Disponibilit\u00e9 des pi\u00e8ces d\u00e9tach\u00e9es (donn\u00e9es fournisseur) :<\/span> Non concern\u00e9<\/li>\n<\/ul>\n<\/li>\n<\/ul>\n<\/div>\n<div class=\"product__disclosure-content\">\n<div class=\"js-read-more product-description__content read-more read-more--truncated\" style=\"max-height: 500px;overflow: hidden\" data-read-more-name=\"description\">\n<p>La <b>chemin\u00e9e \u00e9lectrique<\/b> Bormio Panorama de <b>Klarstein<\/b> cr\u00e9e gr\u00e2ce \u00e0 une fen\u00eatre d&rsquo;observation en trois parties et bien visible comme par magie des illusions de flammes r\u00e9alistes dans chaque pi\u00e8ce. La lumi\u00e8re douce imite \u00e0 s&rsquo;y m\u00e9prendre les flammes et les b\u00fbches incandescentes et diffuse imm\u00e9diatement une atmosph\u00e8re agr\u00e9able et romantique. Si vous le souhaitez, vous pouvez activer le chauffage avec 1000 ou 2000 watts au choix.<\/p>\n<p>Le design classique de la <b>chemin\u00e9e \u00e9lectrique Klarstein<\/b> s\u00e9duit par sa sobri\u00e9t\u00e9 et son \u00e9l\u00e9gance sans fioritures. Un point fort particulier est l&rsquo;espace de <b>rangement d\u00e9coratif pour les <\/b>b\u00fbches, \u00e0 c\u00f4t\u00e9 de la fen\u00eatre panoramique en 3 parties au pied de la chemin\u00e9e.<\/p>\n<p><b>Remarque : ce produit ne convient qu&rsquo;aux pi\u00e8ces bien isol\u00e9es ou pour une utilisation occasionnelle.<\/b><\/p>\n<p><b>Top Features:<\/b><\/p>\n<p><b>Illusion de flammes :<\/b> chemin\u00e9e \u00e9lectrique avec effets de lumi\u00e8re<br \/>\n<b>Panorama enflamm\u00e9 : <\/b>fen\u00eatre d&rsquo;observation en 3 parties<br \/>\n<b>2 niveaux de puissance de chauffage :<\/b> 1000 ou 2000 watts<br \/>\n<b>Un style unique :<\/b> avec espace de rangement pour les b\u00fbches d\u00e9coratives<br \/>\n<b>Ambiance de chemin\u00e9e :<\/b> sans fum\u00e9e ni r\u00e9sidus de cendres<\/p>\n<p><b>Caract\u00e9ristiques:<\/b><\/p>\n<ul>\n<li>chemin\u00e9e \u00e9lectrique avec fonction de chauffage<\/li>\n<li>2 niveaux de puissance de chauffage : 1000 ou 2000 watts<\/li>\n<li>charbons incandescents r\u00e9alistes et illusion de flammes<\/li>\n<li>Fen\u00eatre panoramique en 3 parties<\/li>\n<li>protection int\u00e9gr\u00e9e contre la surchauffe<\/li>\n<li>R\u00e9glages possibles sur l&rsquo;appareil<\/li>\n<li>panneau de commande \u00e0 l&rsquo;arri\u00e8re<\/li>\n<li>Espace de rangement pour les b\u00fbches<\/li>\n<li>Thermostat int\u00e9gr\u00e9<\/li>\n<\/ul>\n<p><b>Inclus dans la livraison:<\/b><\/p>\n<ul>\n<li>1 x chemin\u00e9e<\/li>\n<li>Mode d&#8217;emploi en fran\u00e7ais<\/li>\n<\/ul>\n<p><b>Dimension:<\/b><\/p>\n<ul>\n<li>Dimensions : environ 44,5 x 74,5 x 33 cm (LxHxP)<\/li>\n<li>Longueur du c\u00e2ble : env. 150 cm<\/li>\n<li>Poids : env. 13,3 kg<\/li>\n<li>Alimentation \u00e9lectrique : 220-240 V~ | 50 Hz<\/li>\n<\/ul>\n<\/div>\n<p>&nbsp;<\/p>\n<\/div>","protected":false},"excerpt":{"rendered":"<div class=\"keypoints\">\n<h3 class=\"keypoints__title\">Les points cl\u00e9s<\/h3>\n<ul role=\"list\">\n<li class=\"keypoints__item\" role=\"listitem\">Surface chauff\u00e9e : 40 m\u00b2<\/li>\n<li class=\"keypoints__item\" role=\"listitem\">Puissance max : 2.000 W<\/li>\n<li class=\"keypoints__item\" role=\"listitem\">2 vitesses<\/li>\n<\/ul>\n<\/div>","protected":false},"featured_media":41485,"template":"","meta":{"_glsr_average":0,"_glsr_ranking":0,"_glsr_reviews":0},"product_cat":[288],"product_tag":[290,153],"class_list":{"0":"post-99548","1":"product","2":"type-product","3":"status-publish","4":"has-post-thumbnail","6":"product_cat-chauffage","7":"product_tag-chauffage","8":"product_tag-maison-entretien","10":"first","11":"instock","12":"sale","13":"shipping-taxable","14":"purchasable","15":"product-type-simple"},"_links":{"self":[{"href":"https:\/\/electromenagerexpress.com\/en\/wp-json\/wp\/v2\/product\/99548","targetHints":{"allow":["GET"]}}],"collection":[{"href":"https:\/\/electromenagerexpress.com\/en\/wp-json\/wp\/v2\/product"}],"about":[{"href":"https:\/\/electromenagerexpress.com\/en\/wp-json\/wp\/v2\/types\/product"}],"wp:featuredmedia":[{"embeddable":true,"href":"https:\/\/electromenagerexpress.com\/en\/wp-json\/wp\/v2\/media\/41485"}],"wp:attachment":[{"href":"https:\/\/electromenagerexpress.com\/en\/wp-json\/wp\/v2\/media?parent=99548"}],"wp:term":[{"taxonomy":"product_cat","embeddable":true,"href":"https:\/\/electromenagerexpress.com\/en\/wp-json\/wp\/v2\/product_cat?post=99548"},{"taxonomy":"product_tag","embeddable":true,"href":"https:\/\/electromenagerexpress.com\/en\/wp-json\/wp\/v2\/product_tag?post=99548"}],"curies":[{"name":"wp","href":"https:\/\/api.w.org\/{rel}","templated":true}]}}