{"id":99547,"date":"2024-11-28T11:04:58","date_gmt":"2024-11-28T11:04:58","guid":{"rendered":"https:\/\/electromenagerexpress.com\/product\/cheminee-electriqueklarsteinlausanne-1000-2000w-3\/"},"modified":"2024-12-27T16:47:37","modified_gmt":"2024-12-27T16:47:37","slug":"cheminee-electriqueklarsteinlausanne-1000-2000w-3","status":"publish","type":"product","link":"https:\/\/electromenagerexpress.com\/en\/product\/cheminee-electriqueklarsteinlausanne-1000-2000w-3\/","title":{"rendered":"Chemin\u00e9e \u00e9lectrique KLARSTEIN Lausanne 1000\/2000W"},"content":{"rendered":"<div class=\"product-features__content\">\n<ul role=\"list\">\n<li class=\"product-features__item\" role=\"listitem\">\n<h3 class=\"product-features__label\">Caract\u00e9ristiques g\u00e9n\u00e9rales<\/h3>\n<ul role=\"list\">\n<li class=\"product-features__item-list__item\" role=\"listitem\"><span class=\"is--medium\">Type :<\/span> Chemin\u00e9e \u00e9lectrique<\/li>\n<li class=\"product-features__item-list__item\" role=\"listitem\"><span class=\"is--medium\">Alimentation :<\/span> Secteur<\/li>\n<li class=\"product-features__item-list__item\" role=\"listitem\"><span class=\"is--medium\">Puissance minimale :<\/span> 1.000 W<\/li>\n<li class=\"product-features__item-list__item\" role=\"listitem\"><span class=\"is--medium\">Puissance max :<\/span> 2.000 W<\/li>\n<li class=\"product-features__item-list__item\" role=\"listitem\"><span class=\"is--medium\">Surface chauff\u00e9e :<\/span> 40 m\u00b2<\/li>\n<li class=\"product-features__item-list__item\" role=\"listitem\"><span class=\"is--medium\">Effet flamme :<\/span> Oui<\/li>\n<li class=\"product-features__item-list__item\" role=\"listitem\"><span class=\"is--medium\">Fa\u00e7ade :<\/span> Verre tremp\u00e9<\/li>\n<li class=\"product-features__item-list__item\" role=\"listitem\"><span class=\"is--medium\">Coloris :<\/span> Noir<\/li>\n<li class=\"product-features__item-list__item\" role=\"listitem\"><span class=\"is--medium\">Programmateur :<\/span> Oui<\/li>\n<\/ul>\n<\/li>\n<li class=\"product-features__item\" role=\"listitem\">\n<h3 class=\"product-features__label\">Utilisation<\/h3>\n<ul role=\"list\">\n<li class=\"product-features__item-list__item\" role=\"listitem\"><span class=\"is--medium\">Nombre de vitesses :<\/span> 2 vitesses<\/li>\n<li class=\"product-features__item-list__item\" role=\"listitem\"><span class=\"is--medium\">T\u00e9moin de fonctionnement :<\/span> Oui<\/li>\n<\/ul>\n<\/li>\n<li class=\"product-features__item\" role=\"listitem\">\n<h3 class=\"product-features__label\">S\u00e9curit\u00e9<\/h3>\n<ul role=\"list\">\n<li class=\"product-features__item-list__item\" role=\"listitem\"><span class=\"is--medium\">Arr\u00eat automatique :<\/span> Oui<\/li>\n<\/ul>\n<\/li>\n<li class=\"product-features__item\" role=\"listitem\">\n<h3 class=\"product-features__label\">Dimensions<\/h3>\n<ul role=\"list\">\n<li class=\"product-features__item-list__item\" role=\"listitem\"><span class=\"is--medium\">Dimensions l x h x p :<\/span> 88 x 56 x 14 cm<\/li>\n<li class=\"product-features__item-list__item\" role=\"listitem\"><span class=\"is--medium\">Poids net :<\/span> 16,00 kg<\/li>\n<li class=\"product-features__item-list__item\" role=\"listitem\"><span class=\"is--medium\">Poids Brut :<\/span> 16 kg<\/li>\n<\/ul>\n<\/li>\n<li class=\"product-features__item\" role=\"listitem\">\n<h3 class=\"product-features__label\">Informations compl\u00e9mentaires<\/h3>\n<ul role=\"list\">\n<li class=\"product-features__item-list__item\" role=\"listitem\"><span class=\"is--medium\">Fabriqu\u00e9 en :<\/span> Chine<\/li>\n<li class=\"product-features__item-list__item\" role=\"listitem\"><span class=\"is--medium\">Disponibilit\u00e9 des pi\u00e8ces d\u00e9tach\u00e9es (donn\u00e9es fournisseur) :<\/span> Non communiqu\u00e9e<\/li>\n<\/ul>\n<\/li>\n<\/ul>\n<\/div>\n<div class=\"product__disclosure-content\">\n<div class=\"js-read-more product-description__content read-more read-more--truncated\" style=\"max-height: 500px;overflow: hidden\" data-read-more-name=\"description\">\n<p>La Lausanne de <b>Klarstein <\/b> est une <b>chemin\u00e9e \u00e9lectrique<\/b>qui vous offre un confort<br \/>\nromantique et incandescent &#8211; sans feu, ni cendres, ni fum\u00e9e. Avec sa fa\u00e7ade noire<br \/>\nbrillante en verre v\u00e9ritable, elle apporte une touche d&rsquo;\u00e9l\u00e9gance \u00e0 la pi\u00e8ce avant<br \/>\nm\u00eame de l&rsquo;allumer. Une fois allum\u00e9e, elle simule magnifiquement la lueur des flammes<br \/>\nqui \u00e9clairent toute la pi\u00e8ce avec diff\u00e9rents niveaux de luminosit\u00e9. L&rsquo;installation<br \/>\nlumineuse confortable est renforc\u00e9e de mani\u00e8re fascinante par le r\u00e9tro\u00e9clairage LED<br \/>\ncolor\u00e9 \u00e0 commande s\u00e9par\u00e9e et, en appuyant sur un bouton, vous pouvez m\u00eame activer un<br \/>\nradiateur soufflant \u00e0 deux vitesses.<\/p>\n<p>Un confort incandescent par t\u00e9l\u00e9commande : la <b>chemin\u00e9e \u00e9lectrique <\/b> Lausanne de<br \/>\n<b>Klarstein <\/b>illumine et r\u00e9chauffe votre int\u00e9rieur avec une simulation de feu sans<br \/>\ncomplication.<\/p>\n<p><b>Veuillez noter que ce produit ne convient qu&rsquo;aux pi\u00e8ces bien isol\u00e9es ou pour une<br \/>\nutilisation occasionnelle.<\/b><\/p>\n<p><b>Top Features:<\/b><\/p>\n<p>\u2022 <b>Design moderne : <\/b>Chemin\u00e9e \u00e9lectrique \u00e9l\u00e9gante <b>Simulation de flammes :<\/b> Effets de<br \/>\nlumi\u00e8re vacillante et r\u00e9tro\u00e9clairage LED <b>Un romantisme incandescent : <\/b> Une ambiance de<br \/>\nchemin\u00e9e chaleureuse sans v\u00e9ritable feu <b>Puissante : <\/b> Radiateur soufflant ind\u00e9pendant<br \/>\navec 2 niveaux de Chauffage <b>Du canap\u00e9 :<\/b> contr\u00f4le ais\u00e9 par t\u00e9l\u00e9commande <b>Utilisation<br \/>\nuniverselle :<\/b> comme appareil sur pied ou pour une installation murale<\/p>\n<p><b>Caract\u00e9ristiques:<\/b><\/p>\n<p>\u2022 chemin\u00e9e artificielle avec simulation de feu et de braises<br \/>\n\u2022 remarquable simulation de flammes ardentes<br \/>\n\u2022 R\u00e9tro\u00e9clairage LED \u00e0 commande s\u00e9par\u00e9e<br \/>\n\u2022 id\u00e9al pour les pi\u00e8ces jusqu&rsquo;\u00e0 40 m\u00b2<br \/>\n\u2022 montage mural facile<br \/>\n\u2022 Variateur d&rsquo;intensit\u00e9<br \/>\n\u2022 radiateur soufflant \u00e0 deux vitesses (1000 ou 2000 watts)<br \/>\n\u2022 puissant et silencieux<br \/>\n\u2022 avec t\u00e9l\u00e9commande<br \/>\n\u2022 fa\u00e7ade en verre brillant<br \/>\n\u2022 Interrupteur marche\/arr\u00eat sur le haut de l&rsquo;appareil<br \/>\n\u2022 Alimentation : 230 V \/ 50 Hz<\/p>\n<p><b>Inclus dans la livraison:<\/b><\/p>\n<p>\u2022 1 x\u00a0chemin\u00e9e1 x\u00a0t\u00e9l\u00e9commande1 x\u00a0mat\u00e9riel de montage1 x\u00a0pierre d\u00e9corativeManuel<br \/>\nd&rsquo;utilisation inclus<\/p>\n<p><b>Dimensions:<\/b><\/p>\n<p>\u2022 88 x 56 x 14 cm (LxHxP)<br \/>\n\u2022 Poids : env. 16 kg<\/p>\n<\/div>\n<p>&nbsp;<\/p>\n<\/div>","protected":false},"excerpt":{"rendered":"<div class=\"keypoints\">\n<h3 class=\"keypoints__title\">Les points cl\u00e9s<\/h3>\n<ul role=\"list\">\n<li class=\"keypoints__item\" role=\"listitem\">Surface chauff\u00e9e : 40 m\u00b2<\/li>\n<li class=\"keypoints__item\" role=\"listitem\">Puissance max : 2.000 W<\/li>\n<li class=\"keypoints__item\" role=\"listitem\">Programmateur<\/li>\n<li class=\"keypoints__item\" role=\"listitem\">2 vitesses<\/li>\n<\/ul>\n<\/div>","protected":false},"featured_media":41479,"template":"","meta":{"_glsr_average":0,"_glsr_ranking":0,"_glsr_reviews":0},"product_cat":[288],"product_tag":[290,153],"class_list":{"0":"post-99547","1":"product","2":"type-product","3":"status-publish","4":"has-post-thumbnail","6":"product_cat-chauffage","7":"product_tag-chauffage","8":"product_tag-maison-entretien","10":"first","11":"instock","12":"sale","13":"shipping-taxable","14":"purchasable","15":"product-type-simple"},"_links":{"self":[{"href":"https:\/\/electromenagerexpress.com\/en\/wp-json\/wp\/v2\/product\/99547","targetHints":{"allow":["GET"]}}],"collection":[{"href":"https:\/\/electromenagerexpress.com\/en\/wp-json\/wp\/v2\/product"}],"about":[{"href":"https:\/\/electromenagerexpress.com\/en\/wp-json\/wp\/v2\/types\/product"}],"wp:featuredmedia":[{"embeddable":true,"href":"https:\/\/electromenagerexpress.com\/en\/wp-json\/wp\/v2\/media\/41479"}],"wp:attachment":[{"href":"https:\/\/electromenagerexpress.com\/en\/wp-json\/wp\/v2\/media?parent=99547"}],"wp:term":[{"taxonomy":"product_cat","embeddable":true,"href":"https:\/\/electromenagerexpress.com\/en\/wp-json\/wp\/v2\/product_cat?post=99547"},{"taxonomy":"product_tag","embeddable":true,"href":"https:\/\/electromenagerexpress.com\/en\/wp-json\/wp\/v2\/product_tag?post=99547"}],"curies":[{"name":"wp","href":"https:\/\/api.w.org\/{rel}","templated":true}]}}