{"id":99544,"date":"2024-11-28T11:04:45","date_gmt":"2024-11-28T11:04:45","guid":{"rendered":"https:\/\/electromenagerexpress.com\/product\/cheminee-electriquechemin-artepure-inox-xxl-color-style\/"},"modified":"2024-12-27T17:02:02","modified_gmt":"2024-12-27T17:02:02","slug":"cheminee-electriquechemin-artepure-inox-xxl-color-style","status":"publish","type":"product","link":"https:\/\/electromenagerexpress.com\/en\/product\/cheminee-electriquechemin-artepure-inox-xxl-color-style\/","title":{"rendered":"Chemin\u00e9e \u00e9lectrique CHEMIN ARTE Pure Inox XXL Color Style"},"content":{"rendered":"<div class=\"product-features__content\">\n<ul role=\"list\">\n<li class=\"product-features__item\" role=\"listitem\">\n<h3 class=\"product-features__label\">Les + de ce mod\u00e8le<\/h3>\n<ul role=\"list\">\n<li class=\"product-features__item-list__item\" role=\"listitem\"><span class=\"is--medium\">Avantages :<\/span> Fa\u00e7ades interchangeable, 2 allures de chauffe pour des \u00e9conomies d&rsquo;\u00e9nergie<\/li>\n<\/ul>\n<\/li>\n<li class=\"product-features__item\" role=\"listitem\">\n<h3 class=\"product-features__label\">Caract\u00e9ristiques g\u00e9n\u00e9rales<\/h3>\n<ul role=\"list\">\n<li class=\"product-features__item-list__item\" role=\"listitem\"><span class=\"is--medium\">Type :<\/span> Chemin\u00e9e \u00e9lectrique<\/li>\n<li class=\"product-features__item-list__item\" role=\"listitem\"><span class=\"is--medium\">Alimentation :<\/span> Secteur<\/li>\n<li class=\"product-features__item-list__item\" role=\"listitem\"><span class=\"is--medium\">Puissance minimale :<\/span> 1.000 W<\/li>\n<li class=\"product-features__item-list__item\" role=\"listitem\"><span class=\"is--medium\">Puissance max :<\/span> 2.000 W<\/li>\n<li class=\"product-features__item-list__item\" role=\"listitem\"><span class=\"is--medium\">Surface chauff\u00e9e :<\/span> 30 m\u00b2<\/li>\n<li class=\"product-features__item-list__item\" role=\"listitem\"><span class=\"is--medium\">Consommation minimale :<\/span> 8,5 W<\/li>\n<li class=\"product-features__item-list__item\" role=\"listitem\"><span class=\"is--medium\">Effet flamme :<\/span> Oui<\/li>\n<li class=\"product-features__item-list__item\" role=\"listitem\"><span class=\"is--medium\">Thermostat :<\/span> S\u00e9curit\u00e9<\/li>\n<li class=\"product-features__item-list__item\" role=\"listitem\"><span class=\"is--medium\">Fa\u00e7ade :<\/span> Inox<\/li>\n<li class=\"product-features__item-list__item\" role=\"listitem\"><span class=\"is--medium\">Corps :<\/span> Acier<\/li>\n<li class=\"product-features__item-list__item\" role=\"listitem\"><span class=\"is--medium\">Coloris :<\/span> Inox<\/li>\n<li class=\"product-features__item-list__item\" role=\"listitem\"><span class=\"is--medium\">Programmateur :<\/span> Non<\/li>\n<li class=\"product-features__item-list__item\" role=\"listitem\"><span class=\"is--medium\">Niveau sonore :<\/span> 10 dB<\/li>\n<\/ul>\n<\/li>\n<li class=\"product-features__item\" role=\"listitem\">\n<h3 class=\"product-features__label\">Utilisation<\/h3>\n<ul role=\"list\">\n<li class=\"product-features__item-list__item\" role=\"listitem\"><span class=\"is--medium\">Nombre de vitesses :<\/span> 2 vitesses \/ 2 positions<\/li>\n<li class=\"product-features__item-list__item\" role=\"listitem\"><span class=\"is--medium\">Position froid :<\/span> Oui<\/li>\n<li class=\"product-features__item-list__item\" role=\"listitem\"><span class=\"is--medium\">Position chaud :<\/span> Oui<\/li>\n<li class=\"product-features__item-list__item\" role=\"listitem\"><span class=\"is--medium\">Oscillation :<\/span> Non<\/li>\n<li class=\"product-features__item-list__item\" role=\"listitem\"><span class=\"is--medium\">T\u00e9moin de fonctionnement :<\/span> Oui<\/li>\n<li class=\"product-features__item-list__item\" role=\"listitem\"><span class=\"is--medium\">Auto-r\u00e9gulation de la temp\u00e9rature :<\/span> Non<\/li>\n<li class=\"product-features__item-list__item\" role=\"listitem\"><span class=\"is--medium\">R\u00e9servoir d&rsquo;eau pour humidification :<\/span> Non<\/li>\n<\/ul>\n<\/li>\n<li class=\"product-features__item\" role=\"listitem\">\n<h3 class=\"product-features__label\">S\u00e9curit\u00e9<\/h3>\n<ul role=\"list\">\n<li class=\"product-features__item-list__item\" role=\"listitem\"><span class=\"is--medium\">Anti-surchauffe :<\/span> Oui<\/li>\n<li class=\"product-features__item-list__item\" role=\"listitem\"><span class=\"is--medium\">Anti-basculement :<\/span> Non<\/li>\n<li class=\"product-features__item-list__item\" role=\"listitem\"><span class=\"is--medium\">Compatible Salle de bain :<\/span> Norme IP24 : Prot\u00e8ge votre appareil des projections d&rsquo;eau<\/li>\n<\/ul>\n<\/li>\n<li class=\"product-features__item\" role=\"listitem\">\n<h3 class=\"product-features__label\">Installation<\/h3>\n<ul role=\"list\">\n<li class=\"product-features__item-list__item\" role=\"listitem\"><span class=\"is--medium\">Temps moyen d&rsquo;installation :<\/span> 15,00 mn<\/li>\n<li class=\"product-features__item-list__item\" role=\"listitem\"><span class=\"is--medium\">Installation murale :<\/span> Fixation fournie<\/li>\n<\/ul>\n<\/li>\n<li class=\"product-features__item\" role=\"listitem\">\n<h3 class=\"product-features__label\">Dimensions<\/h3>\n<ul role=\"list\">\n<li class=\"product-features__item-list__item\" role=\"listitem\"><span class=\"is--medium\">Dimensions l x h x p :<\/span> 120 x 56 x 11 cm<\/li>\n<li class=\"product-features__item-list__item\" role=\"listitem\"><span class=\"is--medium\">Poids net :<\/span> 22,00 kg<\/li>\n<\/ul>\n<\/li>\n<li class=\"product-features__item\" role=\"listitem\">\n<h3 class=\"product-features__label\">Informations compl\u00e9mentaires<\/h3>\n<ul role=\"list\">\n<li class=\"product-features__item-list__item\" role=\"listitem\"><span class=\"is--medium\">Garantie :<\/span> 2 ans<\/li>\n<li class=\"product-features__item-list__item\" role=\"listitem\"><span class=\"is--medium\">Disponibilit\u00e9 des pi\u00e8ces d\u00e9tach\u00e9es (donn\u00e9es fournisseur) :<\/span> Non communiqu\u00e9e<\/li>\n<\/ul>\n<\/li>\n<\/ul>\n<\/div>\n<div class=\"product__disclosure-content\">\n<div class=\"js-read-more product-description__content read-more read-more--truncated\" style=\"max-height: 500px;overflow: hidden\" data-read-more-name=\"description\">\n<p>La puret\u00e9 de l&rsquo;\u00e9clat inox s&rsquo;associe \u00e0 la technologie LED Chemin&rsquo;Arte pour produire des flammes de couleur vertes, jaunes, bleues ou rouges selon l&rsquo;humeur et l&rsquo;ambiance. La modernit\u00e9 de ses lignes fait de ce mod\u00e8le panoramique un objet de d\u00e9co pour toutes les pi\u00e8ces.<\/p>\n<p>Effet flamme ultra r\u00e9aliste (technologie leds Chemin&rsquo;Arte) qui reproduit l&rsquo;ambiance d&rsquo;une v\u00e9ritable chemin\u00e9e<br \/>\nLeds \u00e0 changement de couleurs: JAUNE\/VERT\/ROUGE\/BLEU<br \/>\n2 modes de chauffage 1000 et 2000W s\u00e9lectionnables depuis la t\u00e9l\u00e9commande ou la chemin\u00e9e<br \/>\nMode \u00e9conomie d&rsquo;\u00e9nergie qui ne consomme que 8,5W (seulement les flammes)<br \/>\nChauffe une pi\u00e8ce d&rsquo;environ 30m\u00b2<br \/>\nThermostat de s\u00e9curit\u00e9 anti surchauffe<br \/>\nS\u00e9curit\u00e9 totale car pas de combustion r\u00e9elle mais un effet flamme tr\u00e8s r\u00e9aliste<br \/>\nLa fa\u00e7ade en inox reste parfaitement froide (pas de risque de br\u00fblures)<br \/>\nT\u00e9l\u00e9commande de r\u00e9glage \u00e0 distance<br \/>\nLes couleurs d\u00e9filent en appuyant sur le bouton de la t\u00e9l\u00e9commande<br \/>\nPossibilit\u00e9 de conjuguer plusieurs couleurs (pr\u00e9definies)<br \/>\nLa fa\u00e7ade de la chemin\u00e9e est en inox<br \/>\nDesign moderne et \u00e9pur\u00e9<br \/>\nLivr\u00e9e avec des galets d\u00e9coratifs<br \/>\nPossibilit\u00e9 d&rsquo;int\u00e9grer des accessoires de d\u00e9coration (b\u00fbches, cristaux rouges,&#8230;). Vendus en option<br \/>\nInstallation rapide et ais\u00e9e (15 minutes environ)<br \/>\nSe fixe au mur \u00e0 l&rsquo;aide des accessoires livr\u00e9s ou se pose gr\u00e2ce \u00e0 un pied (vendu en option)<br \/>\nLa chemin\u00e9e est encastrable (pr\u00e9voir un jour de 10cm au dessus du corps de la chemin\u00e9e)<br \/>\nAucun entretien, pas de fum\u00e9e, pas d&rsquo;odeur, pas de poussi\u00e8re, ni de conduit n\u00e9cessaire<br \/>\nGarantie 2 ans<\/p>\n<\/div>\n<p>&nbsp;<\/p>\n<\/div>","protected":false},"excerpt":{"rendered":"<div class=\"keypoints\">\n<h3 class=\"keypoints__title\">Les points cl\u00e9s<\/h3>\n<ul role=\"list\">\n<li class=\"keypoints__item\" role=\"listitem\">Surface chauff\u00e9e : 30 m\u00b2<\/li>\n<li class=\"keypoints__item\" role=\"listitem\">Puissance max : 2.000 W<\/li>\n<li class=\"keypoints__item\" role=\"listitem\">Compatible Salle de bain &#8211; Compatible Salle de bain<\/li>\n<li class=\"keypoints__item\" role=\"listitem\">2 vitesses \/ 2 positions<\/li>\n<\/ul>\n<\/div>","protected":false},"featured_media":41456,"template":"","meta":{"_glsr_average":0,"_glsr_ranking":0,"_glsr_reviews":0},"product_cat":[288],"product_tag":[290,153],"class_list":{"0":"post-99544","1":"product","2":"type-product","3":"status-publish","4":"has-post-thumbnail","6":"product_cat-chauffage","7":"product_tag-chauffage","8":"product_tag-maison-entretien","10":"first","11":"instock","12":"sale","13":"shipping-taxable","14":"purchasable","15":"product-type-simple"},"_links":{"self":[{"href":"https:\/\/electromenagerexpress.com\/en\/wp-json\/wp\/v2\/product\/99544","targetHints":{"allow":["GET"]}}],"collection":[{"href":"https:\/\/electromenagerexpress.com\/en\/wp-json\/wp\/v2\/product"}],"about":[{"href":"https:\/\/electromenagerexpress.com\/en\/wp-json\/wp\/v2\/types\/product"}],"wp:featuredmedia":[{"embeddable":true,"href":"https:\/\/electromenagerexpress.com\/en\/wp-json\/wp\/v2\/media\/41456"}],"wp:attachment":[{"href":"https:\/\/electromenagerexpress.com\/en\/wp-json\/wp\/v2\/media?parent=99544"}],"wp:term":[{"taxonomy":"product_cat","embeddable":true,"href":"https:\/\/electromenagerexpress.com\/en\/wp-json\/wp\/v2\/product_cat?post=99544"},{"taxonomy":"product_tag","embeddable":true,"href":"https:\/\/electromenagerexpress.com\/en\/wp-json\/wp\/v2\/product_tag?post=99544"}],"curies":[{"name":"wp","href":"https:\/\/api.w.org\/{rel}","templated":true}]}}