{"id":99543,"date":"2024-11-28T11:04:39","date_gmt":"2024-11-28T11:04:39","guid":{"rendered":"https:\/\/electromenagerexpress.com\/product\/cheminee-electriqueklarsteinkaprun-1800w\/"},"modified":"2024-12-27T17:05:31","modified_gmt":"2024-12-27T17:05:31","slug":"cheminee-electriqueklarsteinkaprun-1800w","status":"publish","type":"product","link":"https:\/\/electromenagerexpress.com\/en\/product\/cheminee-electriqueklarsteinkaprun-1800w\/","title":{"rendered":"Chemin\u00e9e \u00e9lectrique KLARSTEIN Kaprun 1800W"},"content":{"rendered":"<div class=\"product-features__content\">\n<ul role=\"list\">\n<li class=\"product-features__item\" role=\"listitem\">\n<h3 class=\"product-features__label\">Caract\u00e9ristiques g\u00e9n\u00e9rales<\/h3>\n<ul role=\"list\">\n<li class=\"product-features__item-list__item\" role=\"listitem\"><span class=\"is--medium\">Type :<\/span> Chemin\u00e9e \u00e9lectrique<\/li>\n<li class=\"product-features__item-list__item\" role=\"listitem\"><span class=\"is--medium\">Alimentation :<\/span> Secteur<\/li>\n<li class=\"product-features__item-list__item\" role=\"listitem\"><span class=\"is--medium\">Puissance minimale :<\/span> 900 W<\/li>\n<li class=\"product-features__item-list__item\" role=\"listitem\"><span class=\"is--medium\">Puissance max :<\/span> 1.800 W<\/li>\n<li class=\"product-features__item-list__item\" role=\"listitem\"><span class=\"is--medium\">Surface chauff\u00e9e :<\/span> 40 m\u00b2<\/li>\n<li class=\"product-features__item-list__item\" role=\"listitem\"><span class=\"is--medium\">Effet flamme :<\/span> Oui<\/li>\n<li class=\"product-features__item-list__item\" role=\"listitem\"><span class=\"is--medium\">Thermostat :<\/span> M\u00e9canique<\/li>\n<li class=\"product-features__item-list__item\" role=\"listitem\"><span class=\"is--medium\">Fa\u00e7ade :<\/span> Verre tremp\u00e9<\/li>\n<li class=\"product-features__item-list__item\" role=\"listitem\"><span class=\"is--medium\">Coloris :<\/span> Beige<\/li>\n<li class=\"product-features__item-list__item\" role=\"listitem\"><span class=\"is--medium\">Programmateur :<\/span> Oui<\/li>\n<\/ul>\n<\/li>\n<li class=\"product-features__item\" role=\"listitem\">\n<h3 class=\"product-features__label\">Utilisation<\/h3>\n<ul role=\"list\">\n<li class=\"product-features__item-list__item\" role=\"listitem\"><span class=\"is--medium\">Nombre de vitesses :<\/span> 2 vitesses<\/li>\n<li class=\"product-features__item-list__item\" role=\"listitem\"><span class=\"is--medium\">T\u00e9moin de fonctionnement :<\/span> Oui<\/li>\n<\/ul>\n<\/li>\n<li class=\"product-features__item\" role=\"listitem\">\n<h3 class=\"product-features__label\">S\u00e9curit\u00e9<\/h3>\n<ul role=\"list\">\n<li class=\"product-features__item-list__item\" role=\"listitem\"><span class=\"is--medium\">Anti-surchauffe :<\/span> Oui<\/li>\n<li class=\"product-features__item-list__item\" role=\"listitem\"><span class=\"is--medium\">Arr\u00eat automatique :<\/span> Oui<\/li>\n<\/ul>\n<\/li>\n<li class=\"product-features__item\" role=\"listitem\">\n<h3 class=\"product-features__label\">Confort<\/h3>\n<ul role=\"list\">\n<li class=\"product-features__item-list__item\" role=\"listitem\"><span class=\"is--medium\">Mobilit\u00e9 :<\/span> Sans<\/li>\n<\/ul>\n<\/li>\n<li class=\"product-features__item\" role=\"listitem\">\n<h3 class=\"product-features__label\">Dimensions<\/h3>\n<ul role=\"list\">\n<li class=\"product-features__item-list__item\" role=\"listitem\"><span class=\"is--medium\">Dimensions l x h x p :<\/span> 60 x 66 x 22 cm<\/li>\n<li class=\"product-features__item-list__item\" role=\"listitem\"><span class=\"is--medium\">Poids net :<\/span> 18,90 kg<\/li>\n<li class=\"product-features__item-list__item\" role=\"listitem\"><span class=\"is--medium\">Poids Brut :<\/span> 19 kg<\/li>\n<\/ul>\n<\/li>\n<li class=\"product-features__item\" role=\"listitem\">\n<h3 class=\"product-features__label\">Informations compl\u00e9mentaires<\/h3>\n<ul role=\"list\">\n<li class=\"product-features__item-list__item\" role=\"listitem\"><span class=\"is--medium\">Fabriqu\u00e9 en :<\/span> Chine<\/li>\n<li class=\"product-features__item-list__item\" role=\"listitem\"><span class=\"is--medium\">Disponibilit\u00e9 des pi\u00e8ces d\u00e9tach\u00e9es (donn\u00e9es fournisseur) :<\/span> Non communiqu\u00e9e<\/li>\n<\/ul>\n<\/li>\n<\/ul>\n<\/div>\n<div class=\"product__disclosure-content\">\n<div class=\"js-read-more product-description__content read-more read-more--truncated\" style=\"max-height: 500px;overflow: hidden\" data-read-more-name=\"description\">\n<p>L&rsquo;\u00e9l\u00e9gante <b>chemin\u00e9e \u00e9lectrique<\/b><b>Klarstein<\/b> Kaprun cr\u00e9e une illusion de flammes r\u00e9alistes<br \/>\ndans chaque pi\u00e8ce ! Sa lumi\u00e8re douce imite des flammes et b\u00fbches incandescentes plus<br \/>\nvraies que nature et diffuse imm\u00e9diatement une atmosph\u00e8re agr\u00e9able et romantique. Les<br \/>\nflammes LED \u00e0 faible consommation d&rsquo;\u00e9nergie vacillent de mani\u00e8re totalement<br \/>\nind\u00e9pendante de la fonction de chauffage, m\u00eame pendant les nuits d&rsquo;\u00e9t\u00e9. La fonction<br \/>\nde chauffage \u00e0 deux niveaux activable par t\u00e9l\u00e9commande ou m\u00eame pr\u00e9 programmable par<br \/>\nminuterie, garantit une chaleur agr\u00e9able. \u00c0 cela s&rsquo;ajoute un d\u00e9cor unique et rustique<br \/>\nen pierre, qui fait que la <b>chemin\u00e9e \u00e9lectrique <\/b> ressemble \u00e0 s&rsquo;y m\u00e9prendre \u00e0 une vraie<br \/>\nchemin\u00e9e.<\/p>\n<p>Le <b>chemin\u00e9e \u00e9lectrique<\/b><b><\/b> Kaprun de <b>Klarstein <\/b>: un moment fort et romantique sans vrai<br \/>\nfeu, sans cendres, sans suie et sans fum\u00e9e !<\/p>\n<p><b>Remarque : ce produit ne convient qu&rsquo;aux pi\u00e8ces bien isol\u00e9es ou pour une utilisation<br \/>\noccasionnelle.<\/b><\/p>\n<p><b>Top Features:<\/b><\/p>\n<p>\u2022 <b>Confortable :<\/b> chemin\u00e9e \u00e9lectrique avec illusion de flammes r\u00e9alistes<br \/>\n\u2022 <b>Puissante :<\/b> 2 niveaux de chauffage jusqu&rsquo;\u00e0 1800 watts<br \/>\n\u2022 <b>S\u00fbre :<\/b> ambiance de chemin\u00e9e sans feu ni fum\u00e9e<br \/>\n\u2022 <b>Toutes saisons :<\/b> illusion de flammes plus vraies que nature m\u00eame sans chauffage<br \/>\n\u2022 <b>Luminosit\u00e9 r\u00e9glable :<\/b> avec \u00e9clairage variable<br \/>\n\u2022 <b>Esth\u00e9tique rustique :<\/b> Le d\u00e9cor de pierre en polystone est plus vrai que nature<br \/>\n\u2022 <b>Automatique : <\/b>Fonction de minuterie pour la puissance de chauffage<br \/>\n\u2022 <b>Open Window Detection :<\/b> avec thermostat et arr\u00eat automatique<br \/>\n\u2022 <b>Contr\u00f4le simple<\/b> : t\u00e9l\u00e9commande incluse<\/p>\n<p><b>Caract\u00e9ristiques:<\/b><\/p>\n<p>\u2022 chemin\u00e9e \u00e9lectrique avec \u00e9clairage<br \/>\n\u2022 Simulation de flammes plus vraies que nature<br \/>\n\u2022 fonction de chauffage ind\u00e9pendante \u00e0 2 niveaux d&rsquo;intensit\u00e9<br \/>\n\u2022 luminosit\u00e9 r\u00e9glable<br \/>\n\u2022 Fonction de minuterie<br \/>\n\u2022 Fonction de chauffage jusqu&rsquo;\u00e0 1800 watts<br \/>\n\u2022 Mat\u00e9riau : Polystone<br \/>\n\u2022 d\u00e9cor attrayant en pierre<br \/>\n\u2022 design rustique<br \/>\n\u2022 b\u00fbches incandescentes plus vraies que nature<br \/>\n\u2022 D\u00e9tection de fen\u00eatre ouverte : l&rsquo;appareil s&rsquo;\u00e9teint automatiquement lorsque la<br \/>\ntemp\u00e9rature baisse<br \/>\n\u2022 t\u00e9l\u00e9commande incluse<br \/>\n\u2022 Alimentation : 220-240 V~ | 50 Hz<\/p>\n<p><b>Inclus dans la livraison:<\/b><\/p>\n<p>\u2022 1 x chemin\u00e9e<br \/>\n\u2022 1 x t\u00e9l\u00e9commande<br \/>\n\u2022 Mode d&#8217;emploi en fran\u00e7ais<\/p>\n<p><b>Dimensions:<\/b><\/p>\n<p>\u2022 Dimensions\u00a0: environ 60 x 66 x 22 cm (LxHxP)<br \/>\n\u2022 Poids : env. 18,9 kg<\/p>\n<\/div>\n<p>&nbsp;<\/p>\n<\/div>","protected":false},"excerpt":{"rendered":"<div class=\"keypoints\">\n<h3 class=\"keypoints__title\">Les points cl\u00e9s<\/h3>\n<ul role=\"list\">\n<li class=\"keypoints__item\" role=\"listitem\">Surface chauff\u00e9e : 40 m\u00b2<\/li>\n<li class=\"keypoints__item\" role=\"listitem\">Puissance max : 1.800 W<\/li>\n<li class=\"keypoints__item\" role=\"listitem\">Programmateur<\/li>\n<li class=\"keypoints__item\" role=\"listitem\">2 vitesses<\/li>\n<\/ul>\n<\/div>","protected":false},"featured_media":41447,"template":"","meta":{"_glsr_average":0,"_glsr_ranking":0,"_glsr_reviews":0},"product_cat":[288],"product_tag":[290,153],"class_list":{"0":"post-99543","1":"product","2":"type-product","3":"status-publish","4":"has-post-thumbnail","6":"product_cat-chauffage","7":"product_tag-chauffage","8":"product_tag-maison-entretien","10":"first","11":"instock","12":"sale","13":"shipping-taxable","14":"purchasable","15":"product-type-simple"},"_links":{"self":[{"href":"https:\/\/electromenagerexpress.com\/en\/wp-json\/wp\/v2\/product\/99543","targetHints":{"allow":["GET"]}}],"collection":[{"href":"https:\/\/electromenagerexpress.com\/en\/wp-json\/wp\/v2\/product"}],"about":[{"href":"https:\/\/electromenagerexpress.com\/en\/wp-json\/wp\/v2\/types\/product"}],"wp:featuredmedia":[{"embeddable":true,"href":"https:\/\/electromenagerexpress.com\/en\/wp-json\/wp\/v2\/media\/41447"}],"wp:attachment":[{"href":"https:\/\/electromenagerexpress.com\/en\/wp-json\/wp\/v2\/media?parent=99543"}],"wp:term":[{"taxonomy":"product_cat","embeddable":true,"href":"https:\/\/electromenagerexpress.com\/en\/wp-json\/wp\/v2\/product_cat?post=99543"},{"taxonomy":"product_tag","embeddable":true,"href":"https:\/\/electromenagerexpress.com\/en\/wp-json\/wp\/v2\/product_tag?post=99543"}],"curies":[{"name":"wp","href":"https:\/\/api.w.org\/{rel}","templated":true}]}}