{"id":99542,"date":"2024-11-28T11:04:34","date_gmt":"2024-11-28T11:04:34","guid":{"rendered":"https:\/\/electromenagerexpress.com\/product\/chauffage-bain-dhuileklarsteinthermaxx-heatstream-2500w-2\/"},"modified":"2025-05-17T14:45:54","modified_gmt":"2025-05-17T14:45:54","slug":"chauffage-bain-dhuileklarsteinthermaxx-heatstream-2500w-2","status":"publish","type":"product","link":"https:\/\/electromenagerexpress.com\/en\/product\/chauffage-bain-dhuileklarsteinthermaxx-heatstream-2500w-2\/","title":{"rendered":"Chauffage Bain d&rsquo;huile KLARSTEIN\tThermaxx Heatstream 2500W"},"content":{"rendered":"<div class=\"product-features__content\">\n<ul role=\"list\">\n<li class=\"product-features__item\" role=\"listitem\">\n<h3 class=\"product-features__label\">Caract\u00e9ristiques g\u00e9n\u00e9rales<\/h3>\n<ul role=\"list\">\n<li class=\"product-features__item-list__item\" role=\"listitem\"><span class=\"is--medium\">Type :<\/span> Chauffage bain d&rsquo;huile<\/li>\n<li class=\"product-features__item-list__item\" role=\"listitem\"><span class=\"is--medium\">Alimentation :<\/span> Secteur<\/li>\n<li class=\"product-features__item-list__item\" role=\"listitem\"><span class=\"is--medium\">Puissance max :<\/span> 2.500 W<\/li>\n<li class=\"product-features__item-list__item\" role=\"listitem\"><span class=\"is--medium\">Surface chauff\u00e9e :<\/span> 50 m\u00b2<\/li>\n<li class=\"product-features__item-list__item\" role=\"listitem\"><span class=\"is--medium\">Coloris :<\/span> Blanc<\/li>\n<li class=\"product-features__item-list__item\" role=\"listitem\"><span class=\"is--medium\">Programmateur :<\/span> Minuteur 24h<\/li>\n<\/ul>\n<\/li>\n<li class=\"product-features__item\" role=\"listitem\">\n<h3 class=\"product-features__label\">Utilisation<\/h3>\n<ul role=\"list\">\n<li class=\"product-features__item-list__item\" role=\"listitem\"><span class=\"is--medium\">Nombre de vitesses :<\/span> 4 vitesses<\/li>\n<li class=\"product-features__item-list__item\" role=\"listitem\"><span class=\"is--medium\">T\u00e9moin de fonctionnement :<\/span> Oui<\/li>\n<\/ul>\n<\/li>\n<li class=\"product-features__item\" role=\"listitem\">\n<h3 class=\"product-features__label\">S\u00e9curit\u00e9<\/h3>\n<ul role=\"list\">\n<li class=\"product-features__item-list__item\" role=\"listitem\"><span class=\"is--medium\">Anti-surchauffe :<\/span> Oui<\/li>\n<li class=\"product-features__item-list__item\" role=\"listitem\"><span class=\"is--medium\">Arr\u00eat automatique :<\/span> Oui<\/li>\n<\/ul>\n<\/li>\n<li class=\"product-features__item\" role=\"listitem\">\n<h3 class=\"product-features__label\">Installation<\/h3>\n<ul role=\"list\">\n<li class=\"product-features__item-list__item\" role=\"listitem\"><span class=\"is--medium\">Installation sur pied :<\/span> Pied fourni<\/li>\n<\/ul>\n<\/li>\n<li class=\"product-features__item\" role=\"listitem\">\n<h3 class=\"product-features__label\">Confort<\/h3>\n<ul role=\"list\">\n<li class=\"product-features__item-list__item\" role=\"listitem\"><span class=\"is--medium\">Mobilit\u00e9 :<\/span> 4 roulettes multi-directionnelles<\/li>\n<\/ul>\n<\/li>\n<li class=\"product-features__item\" role=\"listitem\">\n<h3 class=\"product-features__label\">Dimensions<\/h3>\n<ul role=\"list\">\n<li class=\"product-features__item-list__item\" role=\"listitem\"><span class=\"is--medium\">Dimensions l x h x p :<\/span> 48.3 x 66.5 x 14.3 cm<\/li>\n<li class=\"product-features__item-list__item\" role=\"listitem\"><span class=\"is--medium\">Poids net :<\/span> 9,00 kg<\/li>\n<li class=\"product-features__item-list__item\" role=\"listitem\"><span class=\"is--medium\">Poids Brut :<\/span> 9 kg<\/li>\n<\/ul>\n<\/li>\n<li class=\"product-features__item\" role=\"listitem\">\n<h3 class=\"product-features__label\">Informations compl\u00e9mentaires<\/h3>\n<ul role=\"list\">\n<li class=\"product-features__item-list__item\" role=\"listitem\"><span class=\"is--medium\">Fabriqu\u00e9 en :<\/span> Chine<\/li>\n<li class=\"product-features__item-list__item\" role=\"listitem\"><span class=\"is--medium\">Disponibilit\u00e9 des pi\u00e8ces d\u00e9tach\u00e9es (donn\u00e9es fournisseur) :<\/span> Non communiqu\u00e9e<\/li>\n<\/ul>\n<\/li>\n<\/ul>\n<\/div>\n<div class=\"product__disclosure-content\">\n<div class=\"js-read-more product-description__content read-more read-more--truncated\" style=\"max-height: 500px;overflow: hidden\" data-read-more-name=\"description\">\n<p><b>Radiateur \u00e9lectrique puissant de 2500 watts pour le chauffage mobile des salons ou<br \/>\ndes bureaux.<\/b><\/p>\n<p><b>Chauffage rapide dans la plage de temp\u00e9rature de 5 \u00e0 35 \u00b0C et r\u00e9partition optimale de<br \/>\nla chaleur gr\u00e2ce \u00e0 la surface de chauffe \u00e9largie.<\/b><\/p>\n<p><b><i>Hyperheat<\/i> : nervures chauffantes avec passages d&rsquo;air pour un chauffage plus rapide de<br \/>\nl&rsquo;air gr\u00e2ce \u00e0 une circulation d&rsquo;air grandement am\u00e9lior\u00e9e.<\/b><\/p>\n<p>Pour une chaleur agr\u00e9able et rapide par temps frais : le <b>Klarstein<\/b> Thermaxx<br \/>\nHeatstream est un <b>radiateur \u00e0 bain d&rsquo;huile<\/b> compact et facile \u00e0 utiliser pour des<br \/>\ntemp\u00e9ratures agr\u00e9ables dans chaque pi\u00e8ce.<\/p>\n<p>Avec une puissance de chauffage de 2500 watts, il chauffe en tr\u00e8s peu de temps et<br \/>\nfournit une chaleur fiable et uniforme avec 3 niveaux de chauffage ainsi qu&rsquo;un mode<br \/>\nECO \u00e9conomique dans une plage de temp\u00e9rature de 5 \u00e0 35 \u00b0C. Le fonctionnement du<br \/>\n<b>radiateur \u00e0 bain d&rsquo;huile Klarstein<\/b> Thermaxx Heatstream est tr\u00e8s simple : l&rsquo;affichage<br \/>\n\u00e0 LED et la commande \u00e9lectronique offrent toujours une vue d&rsquo;ensemble et permettent<br \/>\nde r\u00e9gler facilement les temp\u00e9ratures souhait\u00e9es, le mode de chauffage et la<br \/>\nminuterie marche \/ arr\u00eat. Le nouveau <i>syst\u00e8me Hyperheat<\/i> avec sorties d&rsquo;air sp\u00e9ciales<br \/>\ndans les douze nervures de chauffage fournit non seulement une surface de chauffage<br \/>\nextra large, mais permet aussi de chauffer l&rsquo;air ambiant tr\u00e8s rapidement gr\u00e2ce \u00e0 sa<br \/>\ncirculation d&rsquo;air nettement meilleure. Pas de rencontres douloureuses possibles avec<br \/>\nle radiateur, car le couvercle sup\u00e9rieur et la structure nervur\u00e9e am\u00e9lior\u00e9e emp\u00eachent<br \/>\nla surface de trop chauffer.<\/p>\n<p>Gr\u00e2ce \u00e0 une minuterie de 24 heures pour l&rsquo;allumer et l&rsquo;\u00e9teindre, vous pouvez dormir<br \/>\ntranquille et d\u00e9tendu pendant que le <b>radiateur \u00e0 bain d&rsquo;huile<\/b> reste en marche : il<br \/>\ns&rsquo;\u00e9teint de mani\u00e8re fiable apr\u00e8s la dur\u00e9e r\u00e9gl\u00e9e. Un mode ECO \u00e9galement disponible<br \/>\npermet un fonctionnement particuli\u00e8rement \u00e9conomique. Le faible poids et les 4<br \/>\nroulettes facilitent le d\u00e9placement du <b>radiateur \u00e9lectrique<\/b> et permettent une<br \/>\nutilisation mobile. Avec la t\u00e9l\u00e9commande fournie, le contr\u00f4le s&rsquo;effectue<br \/>\nconfortablement depuis le canap\u00e9.<\/p>\n<p>Temp\u00e9ratures rapidement agr\u00e9ables dans la chambre ou le bureau, dans l&rsquo;atelier ou le<br \/>\ngarage : le <b>radiateur \u00e0 bain d&rsquo;huile Klarstein<\/b> Thermaxx Heatstream est un atout pour<br \/>\nchaque foyer !<\/p>\n<p><b>Veuillez noter que l&rsquo;appareil est uniquement destin\u00e9 \u00e0 \u00eatre utilis\u00e9 dans des pi\u00e8ces<br \/>\nbien isol\u00e9es ou \u00e0 un usage occasionnel.<\/b><\/p>\n<p><b>Top Features:<\/b><\/p>\n<p>\u2022 <b>Chauffage puissant :<\/b> avec 2500 watts de puissance, 3 niveaux de chauffage et mode<br \/>\nECO<b>Puissance de chauffage au choix :<\/b> r\u00e9glage facile de la temp\u00e9rature de 5 \u00e0 35 \u00b0 C<br \/>\ngr\u00e2ce \u00e0 l&rsquo;affichage num\u00e9rique <b>Mont\u00e9e rapide en temp\u00e9rature :<\/b> syst\u00e8me <i>Hyperheat<\/i> avec<br \/>\nsorties d&rsquo;air dans les 12 nervures chauffantes pour une chaleur efficace et<br \/>\nrapide <b>Pratique :<\/b> contr\u00f4le simple par t\u00e9l\u00e9commande <b>Economique :<\/b> consommation d&rsquo;\u00e9nergie<br \/>\nr\u00e9duite avec le mode ECO <b>S\u00e9curit\u00e9 de fonctionnement :<\/b> arr\u00eat automatique de protection<br \/>\ncontre la surchauffe <b>Mobile :<\/b> d\u00e9placement facilit\u00e9 par les roulettes <b>Sommeil d\u00e9tendu :<\/b><br \/>\navec minuterie 24 heures pour la fonction marche \/ arr\u00eat<\/p>\n<p><b>Caract\u00e9ristiques:<\/b><\/p>\n<p>\u2022 Puissance calorifique : 2500 watts<br \/>\n\u2022 Taille de pi\u00e8ce correspondante : 35 &#8211; 50 m\u00b2 (selon l&rsquo;isolation)<br \/>\n\u2022 4 modes de fonctionnement : faible \/ moyen \/ \u00e9lev\u00e9 \/ ECO<br \/>\n\u2022 Minuterie : marche \/ arr\u00eat jusqu&rsquo;\u00e0 24 h<br \/>\n\u2022 Plage de temp\u00e9ratures : 5 \u00e0 35 \u00b0C<br \/>\n\u2022 Roulettes fournies pour une utilisation mobile<br \/>\n\u2022 Memory System : les param\u00e8tres sont m\u00e9moris\u00e9s en mode veille<br \/>\n\u2022 Protection contre la surchauffe<br \/>\n\u2022 Interrupteur anti basculement<br \/>\n\u2022 Niveau sonore tr\u00e8s r\u00e9duit<br \/>\n\u2022 Id\u00e9al pour les allergiques gr\u00e2ce aux tourbillons d&rsquo;air limit\u00e9s<br \/>\n\u2022 Alimentation : 220-240 V~ | 50 Hz<\/p>\n<p><b>Inclus dans la livraison:<\/b><\/p>\n<p>\u2022 1 x radiateur \u00e0 bain d&rsquo;huile1 x t\u00e9l\u00e9commande2 x roulettesMode d&#8217;emploi en fran\u00e7ais<\/p>\n<p><b>Dimensions:<\/b><\/p>\n<p>\u2022 Dimensions : env. 48,3 x 66,5 x 14,3 cm (LxHxP)<br \/>\n\u2022 Longueur du c\u00e2ble secteur : env. 170 cm<br \/>\n\u2022 Poids : env. 9 kg<\/p>\n<\/div>\n<p>&nbsp;<\/p>\n<\/div>","protected":false},"excerpt":{"rendered":"<div class=\"keypoints\">\n<h3 class=\"keypoints__title\">Les points cl\u00e9s<\/h3>\n<ul role=\"list\">\n<li class=\"keypoints__item\" role=\"listitem\">Surface chauff\u00e9e : 50 m\u00b2<\/li>\n<li class=\"keypoints__item\" role=\"listitem\">Puissance max : 2.500 W<\/li>\n<li class=\"keypoints__item\" role=\"listitem\">Programmateur : Minuteur 24h<\/li>\n<li class=\"keypoints__item\" role=\"listitem\">4 vitesses<\/li>\n<\/ul>\n<\/div>","protected":false},"featured_media":41437,"template":"","meta":{"_glsr_average":0,"_glsr_ranking":0,"_glsr_reviews":0},"product_cat":[292,653],"product_tag":[295,290,153],"class_list":{"0":"post-99542","1":"product","2":"type-product","3":"status-publish","4":"has-post-thumbnail","6":"product_cat-chauffage-maison-entretien","7":"product_cat-radiateur-bain-dhuile-2","8":"product_tag-radiateur-bain-dhuile","9":"product_tag-chauffage","10":"product_tag-maison-entretien","12":"first","13":"instock","14":"sale","15":"shipping-taxable","16":"purchasable","17":"product-type-simple"},"_links":{"self":[{"href":"https:\/\/electromenagerexpress.com\/en\/wp-json\/wp\/v2\/product\/99542","targetHints":{"allow":["GET"]}}],"collection":[{"href":"https:\/\/electromenagerexpress.com\/en\/wp-json\/wp\/v2\/product"}],"about":[{"href":"https:\/\/electromenagerexpress.com\/en\/wp-json\/wp\/v2\/types\/product"}],"wp:featuredmedia":[{"embeddable":true,"href":"https:\/\/electromenagerexpress.com\/en\/wp-json\/wp\/v2\/media\/41437"}],"wp:attachment":[{"href":"https:\/\/electromenagerexpress.com\/en\/wp-json\/wp\/v2\/media?parent=99542"}],"wp:term":[{"taxonomy":"product_cat","embeddable":true,"href":"https:\/\/electromenagerexpress.com\/en\/wp-json\/wp\/v2\/product_cat?post=99542"},{"taxonomy":"product_tag","embeddable":true,"href":"https:\/\/electromenagerexpress.com\/en\/wp-json\/wp\/v2\/product_tag?post=99542"}],"curies":[{"name":"wp","href":"https:\/\/api.w.org\/{rel}","templated":true}]}}