{"id":99537,"date":"2024-11-28T11:04:14","date_gmt":"2024-11-28T11:04:14","guid":{"rendered":"https:\/\/electromenagerexpress.com\/product\/chauffage-infrarougeklarsteinwonderwall-smart\/"},"modified":"2024-12-27T17:36:53","modified_gmt":"2024-12-27T17:36:53","slug":"chauffage-infrarougeklarsteinwonderwall-smart","status":"publish","type":"product","link":"https:\/\/electromenagerexpress.com\/en\/product\/chauffage-infrarougeklarsteinwonderwall-smart\/","title":{"rendered":"Chauffage infrarouge KLARSTEIN Wonderwall Smart"},"content":{"rendered":"<div class=\"product-features__content\">\n<ul role=\"list\">\n<li class=\"product-features__item\" role=\"listitem\">\n<h3 class=\"product-features__label\">Caract\u00e9ristiques g\u00e9n\u00e9rales<\/h3>\n<ul role=\"list\">\n<li class=\"product-features__item-list__item\" role=\"listitem\"><span class=\"is--medium\">Type :<\/span> Chauffage infrarouge<\/li>\n<\/ul>\n<\/li>\n<li class=\"product-features__item\" role=\"listitem\">\n<h3 class=\"product-features__label\">Informations compl\u00e9mentaires<\/h3>\n<ul role=\"list\">\n<li class=\"product-features__item-list__item\" role=\"listitem\"><span class=\"is--medium\">Disponibilit\u00e9 des pi\u00e8ces d\u00e9tach\u00e9es (donn\u00e9es fournisseur) :<\/span> Non communiqu\u00e9e<\/li>\n<\/ul>\n<\/li>\n<\/ul>\n<\/div>\n<div class=\"product__disclosure-content\">\n<div class=\"js-read-more product-description__content read-more read-more--truncated\" style=\"max-height: 500px;overflow: hidden\" data-read-more-name=\"description\">\n<p><b>Des pi\u00e8ces chauff\u00e9es avec une technologie dernier cri : radiateur infrarouge avec<br \/>\nWiFi pour le chauffage rapide et sans complication de vos pi\u00e8ces<\/b>.<\/p>\n<p><b>Efficace en gestion de l&rsquo;\u00e9nergie : 1200 watts et 95 % de l&rsquo;\u00e9nergie transform\u00e9e en<br \/>\nrayonnement thermique.<\/b><\/p>\n<p><b>Pas de tourbillon de poussi\u00e8re et pas d&rsquo;odeur d\u00e9sagr\u00e9able, donc parfait pour les<br \/>\nallergiques et les personnes sensibles.<\/b><\/p>\n<p>Une technologie de pointe pour une chaleur agr\u00e9able : le <b>radiateur infrarouge<br \/>\nKlarstein<\/b> Wonderwall offre une chaleur extr\u00eamement efficace et peu encombrante dans<br \/>\nn&rsquo;importe quelle pi\u00e8ce.<\/p>\n<p>Le <b>radiateur infrarouge<\/b> Wonderwall r\u00e9volutionne le chauffage avec sa technologie<br \/>\nmoderne. Ultra plat, le grand <b>panneau chauffant<\/b> de 100 x 120 cm peut s&rsquo;accrocher<br \/>\ndirectement au mur ou au plafond et assure ainsi ses services de chauffage tout en<br \/>\nvous faisant gagner beaucoup de place. Avec ses 960 watts, il diffuse sur la peau<br \/>\nhumaine une chaleur infrarouge tr\u00e8s agr\u00e9able, la chaleur \u00e9tant transmise<br \/>\nsp\u00e9cifiquement aux personnes \u00e0 proximit\u00e9. Le <b>panneau chauffant<\/b> est extr\u00eamement<br \/>\n\u00e9conome en \u00e9nergie : gr\u00e2ce \u00e0 <i>IR Comfort Heat<\/i>, jusqu&rsquo;\u00e0 95% de la puissance consomm\u00e9e<br \/>\nest convertie en rayonnement thermique.<\/p>\n<p>Dot\u00e9 d&rsquo;un thermostat et de fonctionnalit\u00e9s avanc\u00e9es telles que le WiFi et<br \/>\nl&rsquo;application <i>Klarstein App Experience<\/i>, le <b>radiateur infrarouge<\/b> r\u00e9pond aux plus<br \/>\ngrandes exigences : l&rsquo;application t\u00e9l\u00e9chargeable gratuitement transforme n&rsquo;importe<br \/>\nquel smartphone en t\u00e9l\u00e9commande permettant de contr\u00f4ler un nombre illimit\u00e9<br \/>\nd&rsquo;appareils gr\u00e2ce \u00e0 <i>MultiCommand<\/i>. M\u00eame en d\u00e9placement, vous gardez le contr\u00f4le des<br \/>\nradiateurs en r\u00e9seau et pouvez les programmer avec l&rsquo;application. Une minuterie<br \/>\nhebdomadaire r\u00e9glable vous permet de programmer les p\u00e9riodes de chauffage pour chaque<br \/>\njour de la semaine. Et comme le Wonderwall fonctionne sans ventilateur, il est<br \/>\nultra-silencieux avec <i>ZeroNoise Infrared<\/i> et ne fait pas voler la poussi\u00e8re, ce qui<br \/>\nfait de ce <b>radiateur<\/b> un choix id\u00e9al pour les personnes allergiques.<\/p>\n<p>La mise en marche est tr\u00e8s simple : le panneau s&rsquo;accroche au mur ou au plafond et il<br \/>\nsuffit ensuite de le brancher sur une prise.<\/p>\n<p>L&rsquo;avenir de la technologie de chauffage : le <b>radiateur infrarouge<\/b> Wonderwall<br \/>\n1200\u00a0Smart de <b>Klarstein<\/b>.<\/p>\n<p><b>Top Features:<\/b><\/p>\n<p>\u2022 <b>Une chaleur rapide :<\/b> radiateur infrarouge de 1200 watts<br \/>\n\u2022 <b>Fonction WiFi :<\/b> contr\u00f4le d&rsquo;un nombre infini de radiateurs m\u00eame en votre absence<br \/>\navec l&rsquo;application <i>Klarstein Experience<\/i><br \/>\n\u2022 <b>Gestion efficace de l&rsquo;\u00e9nergie : <\/b>technologie Carbon Crystal Infrared qui transforme<br \/>\nen chaleur jusqu&rsquo;\u00e0 95% de l&rsquo;\u00e9nergie<br \/>\n\u2022 <b>Suivant le principe du soleil : <\/b><i>IR ComfortHeat<\/i> pour une chaleur particuli\u00e8rement<br \/>\nagr\u00e9able<br \/>\n\u2022 <b>Convient pour une salle de bain :<\/b> prot\u00e9g\u00e9 contre les \u00e9claboussures avec classe de<br \/>\nprotection IP24<br \/>\n\u2022 <b>Id\u00e9al pour les allergiques :<\/b> fonctionne sans ventilateur, donc sans faire voler la<br \/>\npoussi\u00e8re<br \/>\n\u2022 <b>Confortable et bien pens\u00e9 :<\/b> avec thermostat, minuterie hebdomadaire et fonction<br \/>\nd&rsquo;arr\u00eat automatique<br \/>\n\u2022 <b>Sans bruit de fonctionnement g\u00eanant : <\/b>rayonnement infrarouge ultra silencieux <i>avec<br \/>\nZeroNoise Infrared<\/i><br \/>\n\u2022 <b>Installation simple :<\/b> il suffit de brancher l&rsquo;appareil sur le secteur<br \/>\n\u2022 <b>Peu encombrant :<\/b> panneau chauffant plat \u00e0 accrocher au mur ou au plafond<\/p>\n<p><b>Caract\u00e9ristiques:<\/b><\/p>\n<p>\u2022 Pas de pr\u00e9chauffage, produit une chaleur imm\u00e9diate<br \/>\n\u2022 Classe de protection IP24<br \/>\n\u2022 A combiner avec d&rsquo;autres panneaux pour chauffer de plus grandes pi\u00e8ces<br \/>\n\u2022 Pieds de support pratiques disponibles sous la r\u00e9f\u00e9rence 10032802 pour l&rsquo;utiliser<br \/>\ncomme appareil sur pied<br \/>\n\u2022 Alimentation : 220 &#8211; 240 V~ | 50\/60 Hz<\/p>\n<p><b>Inclus dans la livraison:<\/b><\/p>\n<p>\u2022 1 x radiateur infrarouge<br \/>\n\u2022 1 x mat\u00e9riel de montage<br \/>\n\u2022 Mode d&#8217;emploi en fran\u00e7ais<\/p>\n<p><b>Dimensions:<\/b><\/p>\n<p>\u2022 Dimensions : env. 100 x 120 cm (LxH)<br \/>\n\u2022 Poids : env. 7,5 kg<\/p>\n<\/div>\n<p>&nbsp;<\/p>\n<\/div>","protected":false},"excerpt":{"rendered":"<p>None<\/p>","protected":false},"featured_media":41068,"template":"","meta":{"_glsr_average":0,"_glsr_ranking":0,"_glsr_reviews":0},"product_cat":[288],"product_tag":[290,153],"class_list":{"0":"post-99537","1":"product","2":"type-product","3":"status-publish","4":"has-post-thumbnail","6":"product_cat-chauffage","7":"product_tag-chauffage","8":"product_tag-maison-entretien","10":"first","11":"instock","12":"sale","13":"shipping-taxable","14":"purchasable","15":"product-type-simple"},"_links":{"self":[{"href":"https:\/\/electromenagerexpress.com\/en\/wp-json\/wp\/v2\/product\/99537","targetHints":{"allow":["GET"]}}],"collection":[{"href":"https:\/\/electromenagerexpress.com\/en\/wp-json\/wp\/v2\/product"}],"about":[{"href":"https:\/\/electromenagerexpress.com\/en\/wp-json\/wp\/v2\/types\/product"}],"wp:featuredmedia":[{"embeddable":true,"href":"https:\/\/electromenagerexpress.com\/en\/wp-json\/wp\/v2\/media\/41068"}],"wp:attachment":[{"href":"https:\/\/electromenagerexpress.com\/en\/wp-json\/wp\/v2\/media?parent=99537"}],"wp:term":[{"taxonomy":"product_cat","embeddable":true,"href":"https:\/\/electromenagerexpress.com\/en\/wp-json\/wp\/v2\/product_cat?post=99537"},{"taxonomy":"product_tag","embeddable":true,"href":"https:\/\/electromenagerexpress.com\/en\/wp-json\/wp\/v2\/product_tag?post=99537"}],"curies":[{"name":"wp","href":"https:\/\/api.w.org\/{rel}","templated":true}]}}