{"id":99535,"date":"2024-11-28T11:04:05","date_gmt":"2024-11-28T11:04:05","guid":{"rendered":"https:\/\/electromenagerexpress.com\/product\/cheminee-electriqueklarsteingaleras-mural-et-encastrable-3\/"},"modified":"2024-12-27T21:19:39","modified_gmt":"2024-12-27T21:19:39","slug":"cheminee-electriqueklarsteingaleras-mural-et-encastrable-3","status":"publish","type":"product","link":"https:\/\/electromenagerexpress.com\/en\/product\/cheminee-electriqueklarsteingaleras-mural-et-encastrable-3\/","title":{"rendered":"Chemin\u00e9e \u00e9lectrique KLARSTEIN Galeras mural et encastrable"},"content":{"rendered":"<div class=\"product-features__content\">\n<ul role=\"list\">\n<li class=\"product-features__item\" role=\"listitem\">\n<h3 class=\"product-features__label\">Caract\u00e9ristiques g\u00e9n\u00e9rales<\/h3>\n<ul role=\"list\">\n<li class=\"product-features__item-list__item\" role=\"listitem\"><span class=\"is--medium\">Type :<\/span> Chemin\u00e9e \u00e9lectrique<\/li>\n<li class=\"product-features__item-list__item\" role=\"listitem\"><span class=\"is--medium\">Alimentation :<\/span> Secteur<\/li>\n<li class=\"product-features__item-list__item\" role=\"listitem\"><span class=\"is--medium\">Puissance minimale :<\/span> 900 W<\/li>\n<li class=\"product-features__item-list__item\" role=\"listitem\"><span class=\"is--medium\">Puissance max :<\/span> 1.800 W<\/li>\n<li class=\"product-features__item-list__item\" role=\"listitem\"><span class=\"is--medium\">Surface chauff\u00e9e :<\/span> 40 m\u00b2<\/li>\n<li class=\"product-features__item-list__item\" role=\"listitem\"><span class=\"is--medium\">Effet flamme :<\/span> Oui<\/li>\n<li class=\"product-features__item-list__item\" role=\"listitem\"><span class=\"is--medium\">Fa\u00e7ade :<\/span> Verre tremp\u00e9<\/li>\n<li class=\"product-features__item-list__item\" role=\"listitem\"><span class=\"is--medium\">Coloris :<\/span> Blanc<\/li>\n<li class=\"product-features__item-list__item\" role=\"listitem\"><span class=\"is--medium\">Programmateur :<\/span> Oui<\/li>\n<\/ul>\n<\/li>\n<li class=\"product-features__item\" role=\"listitem\">\n<h3 class=\"product-features__label\">Utilisation<\/h3>\n<ul role=\"list\">\n<li class=\"product-features__item-list__item\" role=\"listitem\"><span class=\"is--medium\">Nombre de vitesses :<\/span> 2 vitesses<\/li>\n<\/ul>\n<\/li>\n<li class=\"product-features__item\" role=\"listitem\">\n<h3 class=\"product-features__label\">S\u00e9curit\u00e9<\/h3>\n<ul role=\"list\">\n<li class=\"product-features__item-list__item\" role=\"listitem\"><span class=\"is--medium\">Anti-surchauffe :<\/span> Oui<\/li>\n<li class=\"product-features__item-list__item\" role=\"listitem\"><span class=\"is--medium\">Arr\u00eat automatique :<\/span> Oui<\/li>\n<\/ul>\n<\/li>\n<li class=\"product-features__item\" role=\"listitem\">\n<h3 class=\"product-features__label\">Installation<\/h3>\n<ul role=\"list\">\n<li class=\"product-features__item-list__item\" role=\"listitem\"><span class=\"is--medium\">Installation murale :<\/span> Fixation fournie<\/li>\n<\/ul>\n<\/li>\n<li class=\"product-features__item\" role=\"listitem\">\n<h3 class=\"product-features__label\">Dimensions<\/h3>\n<ul role=\"list\">\n<li class=\"product-features__item-list__item\" role=\"listitem\"><span class=\"is--medium\">Dimensions l x h x p :<\/span> 127 x 47 x 13 cm<\/li>\n<li class=\"product-features__item-list__item\" role=\"listitem\"><span class=\"is--medium\">Poids net :<\/span> 22,00 kg<\/li>\n<\/ul>\n<\/li>\n<li class=\"product-features__item\" role=\"listitem\">\n<h3 class=\"product-features__label\">Informations compl\u00e9mentaires<\/h3>\n<ul role=\"list\">\n<li class=\"product-features__item-list__item\" role=\"listitem\"><span class=\"is--medium\">Fabriqu\u00e9 en :<\/span> Chine<\/li>\n<li class=\"product-features__item-list__item\" role=\"listitem\"><span class=\"is--medium\">Disponibilit\u00e9 des pi\u00e8ces d\u00e9tach\u00e9es (donn\u00e9es fournisseur) :<\/span> Non concern\u00e9<\/li>\n<\/ul>\n<\/li>\n<\/ul>\n<\/div>\n<div class=\"product__disclosure-content\">\n<div class=\"js-read-more product-description__content read-more read-more--truncated\" style=\"max-height: 500px;overflow: hidden\" data-read-more-name=\"description\">\n<p>D\u00e9coration murale fonctionnelle d&rsquo;un genre diff\u00e9rent : avec la <b>chemin\u00e9e \u00e9lectrique <\/b><b>Klarstein<\/b> Galeras, enrichissez votre int\u00e9rieur d&rsquo;une chemin\u00e9e murale <b> \u00e0 la fois magnifique et produisant de la chaleur.<\/b> En appuyant sur un bouton de la t\u00e9l\u00e9commande pratique, faites briller le jeu de flammes de la Galeras en diff\u00e9rentes couleurs et intensit\u00e9s. Le thermostat int\u00e9gr\u00e9 r\u00e9glable entre 16 et 30 \u00b0C garantit une temp\u00e9rature de bien-\u00eatre ad\u00e9quate. Gr\u00e2ce au programmateur hebdomadaire, d\u00e9finissez vos propres horaires de chauffage et laissez-vous accueillir par une chaleur agr\u00e9able et des couleurs inspirantes. Gr\u00e2ce \u00e0 son design sobre, le <b>foyer mural et encastrable Galeras <\/b> s&rsquo;int\u00e8gre id\u00e9alement dans tout type d&rsquo;int\u00e9rieur.<\/p>\n<p><b>Top Features:<\/b><\/p>\n<p><b>Pratique<\/b> : contr\u00f4le par t\u00e9l\u00e9commande<br \/>\n<b>Invisible : <\/b>\u00e9cran LED qui dispara\u00eet<br \/>\n<b>Bois, pierre ou verre :<\/b> avec trois types d&rsquo;\u00e9l\u00e9ments d\u00e9coratifs<\/p>\n<p><b>Caract\u00e9ristiques:<\/b><\/p>\n<ul>\n<li>Puissance : 900 \/ 1800 watts<\/li>\n<li>\u00c9clairage : LED<\/li>\n<li>3 couleurs<\/li>\n<li>2 niveaux de chaleur<\/li>\n<li>Temp\u00e9rature : 16 \u00e0 30 \u00b0C<\/li>\n<li>R\u00e9glage de la luminosit\u00e9 \u00e0 5 niveaux<\/li>\n<li>Minuterie d&rsquo;arr\u00eat<\/li>\n<li>Programmateur hebdomadaire<\/li>\n<li>\u00c9cran LED et thermostat<\/li>\n<li>Affichage de la temp\u00e9rature : en Celsius ou Fahrenheit<\/li>\n<li>Protection contre la surchauffe<\/li>\n<li>avec t\u00e9l\u00e9commande<\/li>\n<li>Fonction d&rsquo;avertissement de temp\u00e9rature<\/li>\n<li>Design moderne<\/li>\n<li>accessoires d\u00e9coratifs inclus<\/li>\n<\/ul>\n<p><b>Inclus dans la livraison:<\/b><\/p>\n<ul>\n<li>1 x chemin\u00e9e<\/li>\n<li>1 x t\u00e9l\u00e9commande<\/li>\n<li>Mode d&#8217;emploi en fran\u00e7ais<\/li>\n<\/ul>\n<p><b>Dimension:<\/b><\/p>\n<ul>\n<li>Dimensions : environ 127 x 47 x 13 cm (LxHxP)<\/li>\n<li>Dimensions d&rsquo;encastrement : env. 103,5 x 45 x 11,5 cm (LxHxP)<\/li>\n<li>Longueur du c\u00e2ble : env. 175 cm<\/li>\n<li>Poids : env. 22 kg<\/li>\n<li>Mat\u00e9riau du bo\u00eetier : acier et verre<\/li>\n<li>Alimentation : 220-240 V~ 50 Hz<\/li>\n<li>Alimentation de la t\u00e9l\u00e9commande : pile AAA<\/li>\n<\/ul>\n<\/div>\n<p>&nbsp;<\/p>\n<\/div>","protected":false},"excerpt":{"rendered":"<div class=\"keypoints\">\n<h3 class=\"keypoints__title\">Les points cl\u00e9s<\/h3>\n<ul role=\"list\">\n<li class=\"keypoints__item\" role=\"listitem\">Surface chauff\u00e9e : 40 m\u00b2<\/li>\n<li class=\"keypoints__item\" role=\"listitem\">Puissance max : 1.800 W<\/li>\n<li class=\"keypoints__item\" role=\"listitem\">Programmateur<\/li>\n<li class=\"keypoints__item\" role=\"listitem\">2 vitesses<\/li>\n<\/ul>\n<\/div>","protected":false},"featured_media":41052,"template":"","meta":{"_glsr_average":0,"_glsr_ranking":0,"_glsr_reviews":0},"product_cat":[288],"product_tag":[290,153],"class_list":{"0":"post-99535","1":"product","2":"type-product","3":"status-publish","4":"has-post-thumbnail","6":"product_cat-chauffage","7":"product_tag-chauffage","8":"product_tag-maison-entretien","10":"first","11":"instock","12":"sale","13":"shipping-taxable","14":"purchasable","15":"product-type-simple"},"_links":{"self":[{"href":"https:\/\/electromenagerexpress.com\/en\/wp-json\/wp\/v2\/product\/99535","targetHints":{"allow":["GET"]}}],"collection":[{"href":"https:\/\/electromenagerexpress.com\/en\/wp-json\/wp\/v2\/product"}],"about":[{"href":"https:\/\/electromenagerexpress.com\/en\/wp-json\/wp\/v2\/types\/product"}],"wp:featuredmedia":[{"embeddable":true,"href":"https:\/\/electromenagerexpress.com\/en\/wp-json\/wp\/v2\/media\/41052"}],"wp:attachment":[{"href":"https:\/\/electromenagerexpress.com\/en\/wp-json\/wp\/v2\/media?parent=99535"}],"wp:term":[{"taxonomy":"product_cat","embeddable":true,"href":"https:\/\/electromenagerexpress.com\/en\/wp-json\/wp\/v2\/product_cat?post=99535"},{"taxonomy":"product_tag","embeddable":true,"href":"https:\/\/electromenagerexpress.com\/en\/wp-json\/wp\/v2\/product_tag?post=99535"}],"curies":[{"name":"wp","href":"https:\/\/api.w.org\/{rel}","templated":true}]}}