{"id":99534,"date":"2024-11-28T11:04:00","date_gmt":"2024-11-28T11:04:00","guid":{"rendered":"https:\/\/electromenagerexpress.com\/product\/cheminee-electriqueklarsteinstudio-light-fire-2-smart-2\/"},"modified":"2024-12-27T21:27:30","modified_gmt":"2024-12-27T21:27:30","slug":"cheminee-electriqueklarsteinstudio-light-fire-2-smart-2","status":"publish","type":"product","link":"https:\/\/electromenagerexpress.com\/en\/product\/cheminee-electriqueklarsteinstudio-light-fire-2-smart-2\/","title":{"rendered":"Chemin\u00e9e \u00e9lectrique KLARSTEIN Studio Light &amp; Fire 2 smart"},"content":{"rendered":"<div class=\"product-features__content\">\n<ul role=\"list\">\n<li class=\"product-features__item\" role=\"listitem\">\n<h3 class=\"product-features__label\">Caract\u00e9ristiques g\u00e9n\u00e9rales<\/h3>\n<ul role=\"list\">\n<li class=\"product-features__item-list__item\" role=\"listitem\"><span class=\"is--medium\">Type :<\/span> Chemin\u00e9e \u00e9lectrique<\/li>\n<li class=\"product-features__item-list__item\" role=\"listitem\"><span class=\"is--medium\">Alimentation :<\/span> Secteur<\/li>\n<li class=\"product-features__item-list__item\" role=\"listitem\"><span class=\"is--medium\">Puissance minimale :<\/span> 1.000 W<\/li>\n<li class=\"product-features__item-list__item\" role=\"listitem\"><span class=\"is--medium\">Puissance max :<\/span> 2.000 W<\/li>\n<li class=\"product-features__item-list__item\" role=\"listitem\"><span class=\"is--medium\">Surface chauff\u00e9e :<\/span> 40 m\u00b2<\/li>\n<li class=\"product-features__item-list__item\" role=\"listitem\"><span class=\"is--medium\">Effet flamme :<\/span> Oui<\/li>\n<li class=\"product-features__item-list__item\" role=\"listitem\"><span class=\"is--medium\">Thermostat :<\/span> Num\u00e9rique<\/li>\n<li class=\"product-features__item-list__item\" role=\"listitem\"><span class=\"is--medium\">Fa\u00e7ade :<\/span> Verre tremp\u00e9<\/li>\n<li class=\"product-features__item-list__item\" role=\"listitem\"><span class=\"is--medium\">Coloris :<\/span> Noir<\/li>\n<li class=\"product-features__item-list__item\" role=\"listitem\"><span class=\"is--medium\">Programmateur :<\/span> 8 heures<\/li>\n<\/ul>\n<\/li>\n<li class=\"product-features__item\" role=\"listitem\">\n<h3 class=\"product-features__label\">Utilisation<\/h3>\n<ul role=\"list\">\n<li class=\"product-features__item-list__item\" role=\"listitem\"><span class=\"is--medium\">Nombre de vitesses :<\/span> 2 vitesses<\/li>\n<\/ul>\n<\/li>\n<li class=\"product-features__item\" role=\"listitem\">\n<h3 class=\"product-features__label\">S\u00e9curit\u00e9<\/h3>\n<ul role=\"list\">\n<li class=\"product-features__item-list__item\" role=\"listitem\"><span class=\"is--medium\">Arr\u00eat automatique :<\/span> Oui<\/li>\n<\/ul>\n<\/li>\n<li class=\"product-features__item\" role=\"listitem\">\n<h3 class=\"product-features__label\">Installation<\/h3>\n<ul role=\"list\">\n<li class=\"product-features__item-list__item\" role=\"listitem\"><span class=\"is--medium\">Installation murale :<\/span> Fixation fournie<\/li>\n<\/ul>\n<\/li>\n<li class=\"product-features__item\" role=\"listitem\">\n<h3 class=\"product-features__label\">Dimensions<\/h3>\n<ul role=\"list\">\n<li class=\"product-features__item-list__item\" role=\"listitem\"><span class=\"is--medium\">Dimensions l x h x p :<\/span> 134 x 58 x 21 cm<\/li>\n<li class=\"product-features__item-list__item\" role=\"listitem\"><span class=\"is--medium\">Poids net :<\/span> 24,50 kg<\/li>\n<li class=\"product-features__item-list__item\" role=\"listitem\"><span class=\"is--medium\">Poids Brut :<\/span> 24 kg<\/li>\n<\/ul>\n<\/li>\n<li class=\"product-features__item\" role=\"listitem\">\n<h3 class=\"product-features__label\">Informations compl\u00e9mentaires<\/h3>\n<ul role=\"list\">\n<li class=\"product-features__item-list__item\" role=\"listitem\"><span class=\"is--medium\">Fabriqu\u00e9 en :<\/span> Chine<\/li>\n<li class=\"product-features__item-list__item\" role=\"listitem\"><span class=\"is--medium\">Disponibilit\u00e9 des pi\u00e8ces d\u00e9tach\u00e9es (donn\u00e9es fournisseur) :<\/span> Non communiqu\u00e9e<\/li>\n<\/ul>\n<\/li>\n<\/ul>\n<\/div>\n<div class=\"product__disclosure-content\">\n<div class=\"js-read-more product-description__content read-more read-more--truncated\" style=\"max-height: 500px;overflow: hidden\" data-read-more-name=\"description\">\n<p>L&rsquo;\u00e9l\u00e9gante <b>chemin\u00e9e \u00e9lectrique<\/b><b>Klarstein<\/b> Studio Light &amp; Fire 2 Smart avec commande<br \/>\nWiFi via l&rsquo;application Klarstein cr\u00e9e comme par magie des illusions de flammes<br \/>\nr\u00e9alistes dans chaque pi\u00e8ce. Le <b>chauffage \u00e0 air chaud<\/b> activable, d&rsquo;une puissance de<br \/>\n1000 ou 2000 watts au choix, assure \u00e0 tout moment une chaleur agr\u00e9able. La minuterie<br \/>\npratique permet d&rsquo;allumer et d&rsquo;\u00e9teindre la lumi\u00e8re et le chauffage jusqu&rsquo;\u00e0 9 heures<br \/>\nen avance. La commande simple de la <b>chemin\u00e9e \u00e9lectrique<\/b> s&rsquo;effectue directement sur la<br \/>\n<b>chemin\u00e9e<\/b> ainsi que de mani\u00e8re confortable via une application ou une t\u00e9l\u00e9commande.<br \/>\nVous pouvez ainsi effectuer tous les r\u00e9glages confortablement install\u00e9 dans ton<br \/>\ncanap\u00e9 ou en d\u00e9placement.<\/p>\n<p><b>Top Features:<\/b><\/p>\n<p>\u2022 <b>Simplicit\u00e9 d&rsquo;utilisation :<\/b> commande WiFi via l&rsquo;application Klarstein <b>\u00c0 distance :<\/b><br \/>\nt\u00e9l\u00e9commande incluse <b>Puissant :<\/b> niveau de chauffage \u00e0 1000 ou 2000 watts <b>\u00c9l\u00e9gant :<\/b><br \/>\nautonome ou \u00e0 montage mural avec \u00e9clairage ambiant <b>Arr\u00eat automatique :<\/b> d\u00e9tection des<br \/>\nfen\u00eatres ouvertes permet d&rsquo;\u00e9conomiser de l&rsquo;\u00e9nergie <b>Polyvalent :<\/b> \u00e9cran LED avec<br \/>\nminuterie de mise en marche\/arr\u00eat jusqu&rsquo;\u00e0 9 heures <b>Trompeur :<\/b> \u00e9l\u00e9ment d\u00e9coratif en<br \/>\nbois en 3D <b>Design moderne :<\/b> bo\u00eetier attrayant en MDF robuste <b>Pour chaque saison :<br \/>\n<\/b>illusion de flammes LED avec luminosit\u00e9 adaptable<\/p>\n<p><b>Caract\u00e9ristiques:<\/b><\/p>\n<p>\u2022 Niveaux de chauffe : 1000 et 2000 watts<br \/>\n\u2022 Mat\u00e9riau : MDF<br \/>\n\u2022 Minuterie de mise en marche et d&rsquo;arr\u00eat : 0-9 h<br \/>\n\u2022 Temp\u00e9rature\u00a0: 18 \u00e0 -35\u00a0\u00b0C<br \/>\n\u2022 Luminosit\u00e9 de la flamme : 5 niveaux<br \/>\n\u2022 7 couleurs de flammes<br \/>\n\u2022 D\u00e9tection des fen\u00eatres ouvertes<br \/>\n\u2022 Fr\u00e9quence de Wi-Fi\u00a0: 2,4<br \/>\n\u2022 Norme WiFi : 802.11 b\/g\/n<br \/>\n\u2022 Puissance d&rsquo;\u00e9mission de WiFi (max)\u00a0: 20 dBm<br \/>\n\u2022 t\u00e9l\u00e9commande incluse<br \/>\n\u2022 Disponible en diff\u00e9rentes couleurs<br \/>\n\u2022 Alimentation \u00e9lectrique : 220-240 V~ | 50\/60 Hz<\/p>\n<p><b>Inclus dans la livraison:<\/b><\/p>\n<p>\u2022 1 chemin\u00e9e1 x t\u00e9l\u00e9commande1 x mat\u00e9riel de montage Mode d&#8217;emploi multilingue<\/p>\n<p><b>Dimensions:<\/b><\/p>\n<p>\u2022 Dimensions : env. 134 x 58 x 21 cm (LxHxP)<br \/>\n\u2022 Poids : env. 24,5 kg<br \/>\n\u2022 Longueur du c\u00e2ble\u00a0: env. 105\u00a0cm<\/p>\n<\/div>\n<p>&nbsp;<\/p>\n<\/div>","protected":false},"excerpt":{"rendered":"<div class=\"keypoints\">\n<h3 class=\"keypoints__title\">Les points cl\u00e9s<\/h3>\n<ul role=\"list\">\n<li class=\"keypoints__item\" role=\"listitem\">Surface chauff\u00e9e : 40 m\u00b2<\/li>\n<li class=\"keypoints__item\" role=\"listitem\">Puissance max : 2.000 W<\/li>\n<li class=\"keypoints__item\" role=\"listitem\">Programmateur : 8 heures<\/li>\n<li class=\"keypoints__item\" role=\"listitem\">2 vitesses<\/li>\n<\/ul>\n<\/div>","protected":false},"featured_media":41045,"template":"","meta":{"_glsr_average":0,"_glsr_ranking":0,"_glsr_reviews":0},"product_cat":[288],"product_tag":[290,153],"class_list":{"0":"post-99534","1":"product","2":"type-product","3":"status-publish","4":"has-post-thumbnail","6":"product_cat-chauffage","7":"product_tag-chauffage","8":"product_tag-maison-entretien","10":"first","11":"instock","12":"sale","13":"shipping-taxable","14":"purchasable","15":"product-type-simple"},"_links":{"self":[{"href":"https:\/\/electromenagerexpress.com\/en\/wp-json\/wp\/v2\/product\/99534","targetHints":{"allow":["GET"]}}],"collection":[{"href":"https:\/\/electromenagerexpress.com\/en\/wp-json\/wp\/v2\/product"}],"about":[{"href":"https:\/\/electromenagerexpress.com\/en\/wp-json\/wp\/v2\/types\/product"}],"wp:featuredmedia":[{"embeddable":true,"href":"https:\/\/electromenagerexpress.com\/en\/wp-json\/wp\/v2\/media\/41045"}],"wp:attachment":[{"href":"https:\/\/electromenagerexpress.com\/en\/wp-json\/wp\/v2\/media?parent=99534"}],"wp:term":[{"taxonomy":"product_cat","embeddable":true,"href":"https:\/\/electromenagerexpress.com\/en\/wp-json\/wp\/v2\/product_cat?post=99534"},{"taxonomy":"product_tag","embeddable":true,"href":"https:\/\/electromenagerexpress.com\/en\/wp-json\/wp\/v2\/product_tag?post=99534"}],"curies":[{"name":"wp","href":"https:\/\/api.w.org\/{rel}","templated":true}]}}