{"id":99532,"date":"2024-11-28T11:03:57","date_gmt":"2024-11-28T11:03:57","guid":{"rendered":"https:\/\/electromenagerexpress.com\/product\/seche-serviettevidaxl141905\/"},"modified":"2024-12-27T21:34:29","modified_gmt":"2024-12-27T21:34:29","slug":"seche-serviettevidaxl141905","status":"publish","type":"product","link":"https:\/\/electromenagerexpress.com\/en\/product\/seche-serviettevidaxl141905\/","title":{"rendered":"S\u00e8che serviette VIDAXL 141905"},"content":{"rendered":"<div class=\"product-features__content\">\n<ul role=\"list\">\n<li class=\"product-features__item\" role=\"listitem\">\n<h3 class=\"product-features__label\">Caract\u00e9ristiques g\u00e9n\u00e9rales<\/h3>\n<ul role=\"list\">\n<li class=\"product-features__item-list__item\" role=\"listitem\"><span class=\"is--medium\">Type :<\/span> S\u00e8che serviette<\/li>\n<li class=\"product-features__item-list__item\" role=\"listitem\"><span class=\"is--medium\">Alimentation :<\/span> Secteur<\/li>\n<li class=\"product-features__item-list__item\" role=\"listitem\"><span class=\"is--medium\">Puissance max :<\/span> 293 W<\/li>\n<li class=\"product-features__item-list__item\" role=\"listitem\"><span class=\"is--medium\">Surface chauff\u00e9e :<\/span> 7 m\u00b2<\/li>\n<li class=\"product-features__item-list__item\" role=\"listitem\"><span class=\"is--medium\">Coloris :<\/span> Noir<\/li>\n<\/ul>\n<\/li>\n<li class=\"product-features__item\" role=\"listitem\">\n<h3 class=\"product-features__label\">Informations compl\u00e9mentaires<\/h3>\n<ul role=\"list\">\n<li class=\"product-features__item-list__item\" role=\"listitem\"><span class=\"is--medium\">Fabriqu\u00e9 en :<\/span> Chine<\/li>\n<li class=\"product-features__item-list__item\" role=\"listitem\"><span class=\"is--medium\">Disponibilit\u00e9 des pi\u00e8ces d\u00e9tach\u00e9es (donn\u00e9es fournisseur) :<\/span> Non communiqu\u00e9e<\/li>\n<\/ul>\n<\/li>\n<\/ul>\n<\/div>\n<div class=\"product__disclosure-content\">\n<div class=\"js-read-more product-description__content read-more read-more--truncated\" style=\"max-height: 500px;overflow: hidden\" data-read-more-name=\"description\">\n<p>Ce radiateur s\u00e8che-serviettes \u00e0 double usage sert \u00e0 la fois de s\u00e8che-serviettes et de radiateur. Il aide la salle de bain \u00e0 rester chaude et exempte de moisissure, et peut \u00e9galement \u00eatre utilis\u00e9 pour s\u00e9cher de grandes serviettes et de longs peignoirs entre-temps.<\/p>\n<p>Gr\u00e2ce au syst\u00e8me de circulation d&rsquo;eau chaude, qui n&rsquo;utilise pas d&rsquo;\u00e9lectricit\u00e9, vos serviettes seront s\u00e8ches en un rien de temps. Le s\u00e8che-serviettes est dot\u00e9 de 12 barres transversales en acier de 22 mm de diam\u00e8tre et d&rsquo;une finition peinture noire. Les barres transversales sont tr\u00e8s \u00e9paisses et ont donc une puissance calorifique plus \u00e9lev\u00e9e. Le haut et le bas sont tous deux \u00e9quip\u00e9s d&rsquo;arriv\u00e9es d&rsquo;eau pour un d\u00e9bit d&rsquo;eau optimal.<\/p>\n<p>Il est facile \u00e0 assembler et \u00e0 entretenir. La livraison comprend 1 radiateur s\u00e8che-serviettes, des supports muraux et des vis.<\/p>\n<p>Couleur: Noir<br \/>\nMat\u00e9riel: Acier<br \/>\nStyle: Droit<br \/>\nPuissance thermique nominale : 293 W<br \/>\nDimensions : 500 x 764 mm (L x H)<br \/>\nDistance entre les centres des tubes : 450 mm<br \/>\nDistance entre le mur et la fa\u00e7ade du radiateur : 80 mm<br \/>\nNombre de barres transversales : 12, d&rsquo;un diam\u00e8tre de 22 mm<br \/>\nPour montage mural<br \/>\nLa livraison comprend 1 radiateur s\u00e8che-serviettes, des supports muraux et des vis<br \/>\nRemarque : Le radiateur s\u00e8che-serviettes chauffe \u00e0 l&rsquo;eau et non \u00e0 l&rsquo;\u00e9lectricit\u00e9.<\/p>\n<\/div>\n<p>&nbsp;<\/p>\n<\/div>","protected":false},"excerpt":{"rendered":"<div class=\"keypoints\">\n<h3 class=\"keypoints__title\">Les points cl\u00e9s<\/h3>\n<ul role=\"list\">\n<li class=\"keypoints__item\" role=\"listitem\">Surface chauff\u00e9e : 7 m\u00b2<\/li>\n<li class=\"keypoints__item\" role=\"listitem\">Puissance max : 293 W<\/li>\n<\/ul>\n<\/div>","protected":false},"featured_media":41043,"template":"","meta":{"_glsr_average":0,"_glsr_ranking":0,"_glsr_reviews":0},"product_cat":[306],"product_tag":[290,307,153],"class_list":{"0":"post-99532","1":"product","2":"type-product","3":"status-publish","4":"has-post-thumbnail","6":"product_cat-chauffage-electrique","7":"product_tag-chauffage","8":"product_tag-chauffage-electrique","9":"product_tag-maison-entretien","11":"first","12":"instock","13":"sale","14":"shipping-taxable","15":"purchasable","16":"product-type-simple"},"_links":{"self":[{"href":"https:\/\/electromenagerexpress.com\/en\/wp-json\/wp\/v2\/product\/99532","targetHints":{"allow":["GET"]}}],"collection":[{"href":"https:\/\/electromenagerexpress.com\/en\/wp-json\/wp\/v2\/product"}],"about":[{"href":"https:\/\/electromenagerexpress.com\/en\/wp-json\/wp\/v2\/types\/product"}],"wp:featuredmedia":[{"embeddable":true,"href":"https:\/\/electromenagerexpress.com\/en\/wp-json\/wp\/v2\/media\/41043"}],"wp:attachment":[{"href":"https:\/\/electromenagerexpress.com\/en\/wp-json\/wp\/v2\/media?parent=99532"}],"wp:term":[{"taxonomy":"product_cat","embeddable":true,"href":"https:\/\/electromenagerexpress.com\/en\/wp-json\/wp\/v2\/product_cat?post=99532"},{"taxonomy":"product_tag","embeddable":true,"href":"https:\/\/electromenagerexpress.com\/en\/wp-json\/wp\/v2\/product_tag?post=99532"}],"curies":[{"name":"wp","href":"https:\/\/api.w.org\/{rel}","templated":true}]}}