{"id":99531,"date":"2024-11-28T11:03:53","date_gmt":"2024-11-28T11:03:53","guid":{"rendered":"https:\/\/electromenagerexpress.com\/product\/chauffage-infrarougeklarsteinklarstein-klarstein-cosmic-beam-smart-30\/"},"modified":"2024-12-27T22:00:47","modified_gmt":"2024-12-27T22:00:47","slug":"chauffage-infrarougeklarsteinklarstein-klarstein-cosmic-beam-smart-30","status":"publish","type":"product","link":"https:\/\/electromenagerexpress.com\/en\/product\/chauffage-infrarougeklarsteinklarstein-klarstein-cosmic-beam-smart-30\/","title":{"rendered":"Chauffage infrarouge KLARSTEIN  Cosmic Beam Smart 30"},"content":{"rendered":"<div class=\"product-features__content\">\n<ul role=\"list\">\n<li class=\"product-features__item\" role=\"listitem\">\n<h3 class=\"product-features__label\">Caract\u00e9ristiques g\u00e9n\u00e9rales<\/h3>\n<ul role=\"list\">\n<li class=\"product-features__item-list__item\" role=\"listitem\"><span class=\"is--medium\">Type :<\/span> Chauffage infrarouge<\/li>\n<li class=\"product-features__item-list__item\" role=\"listitem\"><span class=\"is--medium\">Alimentation :<\/span> Secteur<\/li>\n<li class=\"product-features__item-list__item\" role=\"listitem\"><span class=\"is--medium\">Puissance max :<\/span> 2.400 W<\/li>\n<li class=\"product-features__item-list__item\" role=\"listitem\"><span class=\"is--medium\">Surface chauff\u00e9e :<\/span> 15 m\u00b2<\/li>\n<li class=\"product-features__item-list__item\" role=\"listitem\"><span class=\"is--medium\">Thermostat :<\/span> Electronique<\/li>\n<li class=\"product-features__item-list__item\" role=\"listitem\"><span class=\"is--medium\">Coloris :<\/span> Blanc<\/li>\n<li class=\"product-features__item-list__item\" role=\"listitem\"><span class=\"is--medium\">Produit connect\u00e9 :<\/span> Thermostat<\/li>\n<li class=\"product-features__item-list__item\" role=\"listitem\"><span class=\"is--medium\">A quoi \u00e7a sert? :<\/span> Pilotez votre chauffage depuis votre Smartphone, tablette ou ordinateur<\/li>\n<\/ul>\n<\/li>\n<li class=\"product-features__item\" role=\"listitem\">\n<h3 class=\"product-features__label\">S\u00e9curit\u00e9<\/h3>\n<ul role=\"list\">\n<li class=\"product-features__item-list__item\" role=\"listitem\"><span class=\"is--medium\">Arr\u00eat automatique :<\/span> Oui<\/li>\n<li class=\"product-features__item-list__item\" role=\"listitem\"><span class=\"is--medium\">Compatible Salle de bain :<\/span> Norme IP44 : Prot\u00e9g\u00e9 votre appareil des petites projections d&rsquo;eau<\/li>\n<\/ul>\n<\/li>\n<li class=\"product-features__item\" role=\"listitem\">\n<h3 class=\"product-features__label\">Installation<\/h3>\n<ul role=\"list\">\n<li class=\"product-features__item-list__item\" role=\"listitem\"><span class=\"is--medium\">Installation murale :<\/span> Fixation fournie<\/li>\n<\/ul>\n<\/li>\n<li class=\"product-features__item\" role=\"listitem\">\n<h3 class=\"product-features__label\">Dimensions<\/h3>\n<ul role=\"list\">\n<li class=\"product-features__item-list__item\" role=\"listitem\"><span class=\"is--medium\">Dimensions l x h x p :<\/span> 153 x 6.5 x 15 cm<\/li>\n<li class=\"product-features__item-list__item\" role=\"listitem\"><span class=\"is--medium\">Poids net :<\/span> 7,30 kg<\/li>\n<\/ul>\n<\/li>\n<li class=\"product-features__item\" role=\"listitem\">\n<h3 class=\"product-features__label\">Informations compl\u00e9mentaires<\/h3>\n<ul role=\"list\">\n<li class=\"product-features__item-list__item\" role=\"listitem\"><span class=\"is--medium\">Disponibilit\u00e9 des pi\u00e8ces d\u00e9tach\u00e9es (donn\u00e9es fournisseur) :<\/span> Non communiqu\u00e9e<\/li>\n<\/ul>\n<\/li>\n<\/ul>\n<\/div>\n<div class=\"product__disclosure-content\">\n<div class=\"js-read-more product-description__content read-more read-more--truncated\" style=\"max-height: 500px;overflow: hidden\" data-read-more-name=\"description\">\n<p>Une chaleur intelligente et un design simple : le <b>radiateur infrarouge Klarstein<\/b><br \/>\nCosmic Beam Smart 30 chauffe efficacement votre coin salon sur la terrasse ou dans le<br \/>\njardin et s&rsquo;y int\u00e8gre parfaitement gr\u00e2ce \u00e0 son installation au mur ou au plafond.<\/p>\n<p>Le <b>radiateur \u00e9lectrique<\/b> l\u00e9ger <b>Klarstein<\/b> Cosmic Beam Smart 30 se monte simplement au<br \/>\nmur ou au plafond. De cette fa\u00e7on il ne prend pas de place et \u00e9met rapidement et<br \/>\nefficacement un rayonnement infrarouge \u00e0 ondes longues avec une puissance de 3000 W.<br \/>\nLa technologie IR ComfortHeat utilise le principe de la chaleur solaire. Les objets<br \/>\nlumineux et les personnes sont chauff\u00e9s de mani\u00e8re cibl\u00e9e sans avoir \u00e0 chauffer l&rsquo;air<br \/>\nambiant. M\u00eame une brise fra\u00eeche peut difficilement influencer sa puissance de<br \/>\nchauffage. Gr\u00e2ce \u00e0 sa conception, le Cosmic Beam Smart 30 appartient au groupe des<br \/>\n<b>radiateurs sombres<\/b>. Il ne d\u00e9gage que de la chaleur et non de la lumi\u00e8re. De plus, il<br \/>\nest totalement silencieux et ne soul\u00e8ve pas la poussi\u00e8re &#8211; id\u00e9al pour les zones<br \/>\nsensibles au bruit et les allergiques.<\/p>\n<p>Maintenant encore plus intelligents : les nouveaux <b>radiateurs infrarouges Klarstein<\/b><br \/>\nCosmic Beam Smart 30 se connectent au r\u00e9seau WiFi local et se contr\u00f4lent ensuite de<br \/>\nn&rsquo;importe o\u00f9 avec votre smartphone ou tablette avec l&rsquo;application Klarstein<br \/>\nExperience. Avec la t\u00e9l\u00e9commande pratique ou le panneau de commande int\u00e9gr\u00e9 avec<br \/>\naffichage sur l&rsquo;appareil, le radiateur \u00e9lectrique peut aussi se commander<br \/>\ndirectement. Organisez des d\u00eeners, des garden-parties et des f\u00eates de garage sans<br \/>\nvous soucier des temp\u00e9ratures gr\u00e2ce au <b>radiateur Klarstein<\/b> Cosmic Beam Smart 30. Son<br \/>\ncorps en aluminium thermolaqu\u00e9 r\u00e9siste aux intemp\u00e9ries et, avec la classe de<br \/>\nprotection IP44, il est par\u00e9 pour une utilisation en ext\u00e9rieur. Le mat\u00e9riel de<br \/>\nmontage fourni permet une installation simple au plafond ou au mur.<\/p>\n<p>Faites la f\u00eate jusqu&rsquo;\u00e0 tard dans la nuit ou profitez d&rsquo;une soir\u00e9e romantique \u00e0 la<br \/>\nbougie et au vin sur la terrasse jusqu&rsquo;\u00e0 ce que les \u00e9toiles scintillent dans le ciel.<br \/>\nGr\u00e2ce au <b>radiateur de terrasse Klarstein<\/b> Cosmic Beam Smart 30, restez bien au chaud<br \/>\njusqu&rsquo;au bout.<\/p>\n<p><b>Top Features:<\/b><\/p>\n<p>\u2022 <b>Smart Home :<\/b> contr\u00f4le par WiFi avec Klarstein App Experience pour Android ou iPhone<br \/>\n\u2022 <b>Chaleur puissante :<\/b> radiateur infrarouge efficace de 3000watts pour l&rsquo;int\u00e9rieur ou<br \/>\nl&rsquo;ext\u00e9rieur<br \/>\n\u2022 <b>Agr\u00e9able comme le soleil :<\/b> IR ComfortHeat vous r\u00e9chauffe vous et vos invit\u00e9s avec<br \/>\nses infrarouges sains, m\u00eame quand il fait froid<br \/>\n\u2022 <b>Au degr\u00e9 pr\u00e8s :<\/b> thermostat pour des temp\u00e9ratures entre 5 et 45 \u00b0C et minuterie de<br \/>\n24 h<br \/>\n\u2022 <b>Solide et r\u00e9sistant aux intemp\u00e9ries :<\/b> bo\u00eetier thermolaqu\u00e9 en aluminium avec norme<br \/>\nde protection IP44<br \/>\n\u2022 <b>Simple et pratique :<\/b> contr\u00f4le tr\u00e8s simple sans se lever par t\u00e9l\u00e9commande, ou<br \/>\ndirectement sur l&rsquo;appareil<br \/>\n\u2022 <b>Flexible :<\/b> installation murale ou au plafond avec supports et mat\u00e9riel de montage<br \/>\nfournis<br \/>\n\u2022 <b>Intelligent :<\/b> OpenWindow Detection pour un arr\u00eat automatique en cas de fen\u00eatre<br \/>\nouverte<\/p>\n<p><b>Caract\u00e9ristiques:<\/b><\/p>\n<p>\u2022 Bouton de marche\/arr\u00eat sur l&rsquo;appareil<br \/>\n\u2022 Puissance : 3000 watts<br \/>\n\u2022 Zone d&rsquo;efficacit\u00e9 : jusqu&rsquo;\u00e0 60 m\u00b2<br \/>\n\u2022 Port\u00e9e : env. 5 m<br \/>\n\u2022 Plage de temp\u00e9ratures : 5 &#8211; 45 \u00b0C<br \/>\n\u2022 Bo\u00eetier thermolaqu\u00e9 r\u00e9sistant aux intemp\u00e9ries<br \/>\n\u2022 T\u00e9l\u00e9commande pour allumer et \u00e9teindre facilement<br \/>\n\u2022 Norme de protection : IP44<br \/>\n\u2022 Mat\u00e9riel de montage fourni<br \/>\n\u2022 Technologie IR Comfort Heat : chaleur cibl\u00e9e sur les personnes et les objets sans<br \/>\nchauffer l&rsquo;environnement<br \/>\n\u2022 Application Klarstein Experience : contr\u00f4le simple avec l&rsquo;appli Klarstein pour<br \/>\nAndroid ou iPhone par connexion WiFi<br \/>\n\u2022 OpenWindow Detection d\u00e9tecte les fen\u00eatres ouvertes et \u00e9teint automatiquement<br \/>\nl&rsquo;appareil<br \/>\n\u2022 Radiateur sombre : pas d&rsquo;\u00e9mission de lumi\u00e8re, n&rsquo;attire pas les moustiques<br \/>\n\u2022 Alimentation : 220-240 V~ | 50\/60 Hz<\/p>\n<p><b>Inclus dans la livraison:<\/b><\/p>\n<p>\u2022 1 x radiateur infrarouge<br \/>\n\u2022 1 x t\u00e9l\u00e9commande<br \/>\n\u2022 1 x mat\u00e9riel de fixation<br \/>\n\u2022 Mode d&#8217;emploi en fran\u00e7ais<\/p>\n<p><b>Dimensions:<\/b><\/p>\n<p>\u2022 Dimensions : env. 187,5 x 15 x 19 cm (LxHxP)<br \/>\n\u2022 C\u00e2ble : env. 150 cm<br \/>\n\u2022 Poids : env. 10,9 kg<\/p>\n<\/div>\n<p>&nbsp;<\/p>\n<\/div>","protected":false},"excerpt":{"rendered":"<div class=\"keypoints\">\n<h3 class=\"keypoints__title\">Les points cl\u00e9s<\/h3>\n<ul role=\"list\">\n<li class=\"keypoints__item\" role=\"listitem\">Surface chauff\u00e9e : 15 m\u00b2<\/li>\n<li class=\"keypoints__item\" role=\"listitem\">Puissance max : 2.400 W<\/li>\n<li class=\"keypoints__item\" role=\"listitem\">Compatible Salle de bain &#8211; Compatible Salle de bain<\/li>\n<li class=\"keypoints__item keypoints__item--advantage\" role=\"listitem\"><strong>Le + :<\/strong> Convient id\u00e9alement pour les espaces ext\u00e9rieurs prot\u00e9g\u00e9s<\/li>\n<\/ul>\n<\/div>","protected":false},"featured_media":41035,"template":"","meta":{"_glsr_average":0,"_glsr_ranking":0,"_glsr_reviews":0},"product_cat":[288],"product_tag":[290,153],"class_list":{"0":"post-99531","1":"product","2":"type-product","3":"status-publish","4":"has-post-thumbnail","6":"product_cat-chauffage","7":"product_tag-chauffage","8":"product_tag-maison-entretien","10":"first","11":"instock","12":"sale","13":"shipping-taxable","14":"purchasable","15":"product-type-simple"},"_links":{"self":[{"href":"https:\/\/electromenagerexpress.com\/en\/wp-json\/wp\/v2\/product\/99531","targetHints":{"allow":["GET"]}}],"collection":[{"href":"https:\/\/electromenagerexpress.com\/en\/wp-json\/wp\/v2\/product"}],"about":[{"href":"https:\/\/electromenagerexpress.com\/en\/wp-json\/wp\/v2\/types\/product"}],"wp:featuredmedia":[{"embeddable":true,"href":"https:\/\/electromenagerexpress.com\/en\/wp-json\/wp\/v2\/media\/41035"}],"wp:attachment":[{"href":"https:\/\/electromenagerexpress.com\/en\/wp-json\/wp\/v2\/media?parent=99531"}],"wp:term":[{"taxonomy":"product_cat","embeddable":true,"href":"https:\/\/electromenagerexpress.com\/en\/wp-json\/wp\/v2\/product_cat?post=99531"},{"taxonomy":"product_tag","embeddable":true,"href":"https:\/\/electromenagerexpress.com\/en\/wp-json\/wp\/v2\/product_tag?post=99531"}],"curies":[{"name":"wp","href":"https:\/\/api.w.org\/{rel}","templated":true}]}}