{"id":99529,"date":"2024-11-28T11:03:44","date_gmt":"2024-11-28T11:03:44","guid":{"rendered":"https:\/\/electromenagerexpress.com\/product\/cheminee-electriquechemin-artecheminee-electrique-1800w-noir\/"},"modified":"2024-12-27T22:09:52","modified_gmt":"2024-12-27T22:09:52","slug":"cheminee-electriquechemin-artecheminee-electrique-1800w-noir","status":"publish","type":"product","link":"https:\/\/electromenagerexpress.com\/en\/product\/cheminee-electriquechemin-artecheminee-electrique-1800w-noir\/","title":{"rendered":"Chemin\u00e9e \u00e9lectrique CHEMIN ARTE Chemin\u00e9e \u00e9lectrique 1800w noir"},"content":{"rendered":"<div class=\"product-features__content\">\n<ul role=\"list\">\n<li class=\"product-features__item\" role=\"listitem\">\n<h3 class=\"product-features__label\">Caract\u00e9ristiques g\u00e9n\u00e9rales<\/h3>\n<ul role=\"list\">\n<li class=\"product-features__item-list__item\" role=\"listitem\"><span class=\"is--medium\">Type :<\/span> Chemin\u00e9e \u00e9lectrique<\/li>\n<li class=\"product-features__item-list__item\" role=\"listitem\"><span class=\"is--medium\">Puissance max :<\/span> 1.800 W<\/li>\n<li class=\"product-features__item-list__item\" role=\"listitem\"><span class=\"is--medium\">Thermostat :<\/span> Electronique<\/li>\n<li class=\"product-features__item-list__item\" role=\"listitem\"><span class=\"is--medium\">Coloris :<\/span> Noir<\/li>\n<li class=\"product-features__item-list__item\" role=\"listitem\"><span class=\"is--medium\">Programmateur :<\/span> Non<\/li>\n<li class=\"product-features__item-list__item\" role=\"listitem\"><span class=\"is--medium\">Niveau sonore :<\/span> 10 dB<\/li>\n<\/ul>\n<\/li>\n<li class=\"product-features__item\" role=\"listitem\">\n<h3 class=\"product-features__label\">Utilisation<\/h3>\n<ul role=\"list\">\n<li class=\"product-features__item-list__item\" role=\"listitem\"><span class=\"is--medium\">Nombre de vitesses :<\/span> 2 modes : 900 et 1800 W<\/li>\n<li class=\"product-features__item-list__item\" role=\"listitem\"><span class=\"is--medium\">Oscillation :<\/span> Non<\/li>\n<\/ul>\n<\/li>\n<li class=\"product-features__item\" role=\"listitem\">\n<h3 class=\"product-features__label\">S\u00e9curit\u00e9<\/h3>\n<ul role=\"list\">\n<li class=\"product-features__item-list__item\" role=\"listitem\"><span class=\"is--medium\">Compatible Salle de bain :<\/span> Norme IP24 : Prot\u00e8ge votre appareil des projections d&rsquo;eau<\/li>\n<\/ul>\n<\/li>\n<li class=\"product-features__item\" role=\"listitem\">\n<h3 class=\"product-features__label\">Dimensions<\/h3>\n<ul role=\"list\">\n<li class=\"product-features__item-list__item\" role=\"listitem\"><span class=\"is--medium\">Poids net :<\/span> 19,00 kg<\/li>\n<\/ul>\n<\/li>\n<li class=\"product-features__item\" role=\"listitem\">\n<h3 class=\"product-features__label\">Informations compl\u00e9mentaires<\/h3>\n<ul role=\"list\">\n<li class=\"product-features__item-list__item\" role=\"listitem\"><span class=\"is--medium\">Garantie :<\/span> 2 ans<\/li>\n<li class=\"product-features__item-list__item\" role=\"listitem\"><span class=\"is--medium\">Disponibilit\u00e9 des pi\u00e8ces d\u00e9tach\u00e9es (donn\u00e9es fournisseur) :<\/span> Non communiqu\u00e9e<\/li>\n<\/ul>\n<\/li>\n<\/ul>\n<\/div>\n<div class=\"product__disclosure-content\">\n<div class=\"js-read-more product-description__content\" style=\"max-height: 500px;overflow: hidden\" data-read-more-name=\"description\">\n<ul>\n<li>La chemin\u00e9e d\u00e9corative EMPIRE STATE de Chemin&rsquo;Arte est con\u00e7ue pour vous apporter confort et plaisir sans avoir \u00e0 vous soucier de l&rsquo;entretien ou de la s\u00e9curit\u00e9 de votre chemin\u00e9e. Il n&rsquo;y a pas de risque pour vous ou vos proches car il n&rsquo;y a pas de combustion r\u00e9elle mais un effet de feu plus vrai que nature. Oubliez les poussi\u00e8res, le bois \u00e0 transporter, les allumages laborieux\u00a0\u00bb.Vous contr\u00f4lez votre chemin\u00e9e du bout des doigts gr\u00e2ce \u00e0 la t\u00e9l\u00e9commande.<\/li>\n<li>La chemin\u00e9e d\u00e9corative EMPIRE STATE de Chemin&rsquo;Arte peut r\u00e9chauffer une pi\u00e8ce d&rsquo;environ 25 m\u00b2. En effet, elle int\u00e8gre un chauffage de 1800 W et un \u00e9clairage LED consommant uniquement 8.5 W.<\/li>\n<li>Les chemin\u00e9es d\u00e9coratives Chemin&rsquo;Arte sont de v\u00e9ritables objets de d\u00e9coration, sobres et \u00e9l\u00e9gantes, qui r\u00e9chaufferont votre int\u00e9rieur de part leurs c\u00f4t\u00e9s design et chaleureux.<\/li>\n<\/ul>\n<p>Puissance: thermostat 900 ou 1800W, protection contre la surchauffe<br \/>\nAcier et verre tremp\u00e9 noir (trait\u00e9 anti coupure en cas de casse)<br \/>\nEffet feu de bois tr\u00e8s r\u00e9aliste : technologie \u00e0 leds brevet\u00e9 Chemin&rsquo;Arte<br \/>\nT\u00e9l\u00e9commande pour r\u00e9glage \u00e0 distance<br \/>\nDesign moderne noir et bordure miroir<br \/>\nSe fixe au mur \u00e0 l&rsquo;aide des supports pr\u00e9vus \u00e0 cet effet<br \/>\nLivr\u00e9 avec un manuel de montage et d&rsquo;utilisation, kit d&rsquo;installation murale, t\u00e9l\u00e9commande, 1 fa\u00e7ade<br \/>\nDimensions : 65 x 14 x 85 cm<br \/>\nCouleur : Noir et bord miroir<\/p>\n<\/div>\n<\/div>","protected":false},"excerpt":{"rendered":"<div class=\"keypoints\">\n<h3 class=\"keypoints__title\">Les points cl\u00e9s<\/h3>\n<ul role=\"list\">\n<li class=\"keypoints__item\" role=\"listitem\">Puissance max : 1.800 W<\/li>\n<li class=\"keypoints__item\" role=\"listitem\">Compatible Salle de bain &#8211; Compatible Salle de bain<\/li>\n<li class=\"keypoints__item\" role=\"listitem\">2 modes : 900 et 1800 W<\/li>\n<\/ul>\n<\/div>","protected":false},"featured_media":41020,"template":"","meta":{"_glsr_average":0,"_glsr_ranking":0,"_glsr_reviews":0},"product_cat":[288],"product_tag":[290,153],"class_list":{"0":"post-99529","1":"product","2":"type-product","3":"status-publish","4":"has-post-thumbnail","6":"product_cat-chauffage","7":"product_tag-chauffage","8":"product_tag-maison-entretien","10":"first","11":"instock","12":"sale","13":"shipping-taxable","14":"purchasable","15":"product-type-simple"},"_links":{"self":[{"href":"https:\/\/electromenagerexpress.com\/en\/wp-json\/wp\/v2\/product\/99529","targetHints":{"allow":["GET"]}}],"collection":[{"href":"https:\/\/electromenagerexpress.com\/en\/wp-json\/wp\/v2\/product"}],"about":[{"href":"https:\/\/electromenagerexpress.com\/en\/wp-json\/wp\/v2\/types\/product"}],"wp:featuredmedia":[{"embeddable":true,"href":"https:\/\/electromenagerexpress.com\/en\/wp-json\/wp\/v2\/media\/41020"}],"wp:attachment":[{"href":"https:\/\/electromenagerexpress.com\/en\/wp-json\/wp\/v2\/media?parent=99529"}],"wp:term":[{"taxonomy":"product_cat","embeddable":true,"href":"https:\/\/electromenagerexpress.com\/en\/wp-json\/wp\/v2\/product_cat?post=99529"},{"taxonomy":"product_tag","embeddable":true,"href":"https:\/\/electromenagerexpress.com\/en\/wp-json\/wp\/v2\/product_tag?post=99529"}],"curies":[{"name":"wp","href":"https:\/\/api.w.org\/{rel}","templated":true}]}}