{"id":99528,"date":"2024-11-28T11:03:38","date_gmt":"2024-11-28T11:03:38","guid":{"rendered":"https:\/\/electromenagerexpress.com\/product\/chauffage-bain-dhuileklarsteinthermaxx-heatstream-2500w\/"},"modified":"2025-05-17T14:46:03","modified_gmt":"2025-05-17T14:46:03","slug":"chauffage-bain-dhuileklarsteinthermaxx-heatstream-2500w","status":"publish","type":"product","link":"https:\/\/electromenagerexpress.com\/en\/product\/chauffage-bain-dhuileklarsteinthermaxx-heatstream-2500w\/","title":{"rendered":"Chauffage Bain d&rsquo;huile KLARSTEIN\tThermaxx Heatstream 2500W"},"content":{"rendered":"<div class=\"product-features__content\">\n<ul role=\"list\">\n<li class=\"product-features__item\" role=\"listitem\">\n<h3 class=\"product-features__label\">Caract\u00e9ristiques g\u00e9n\u00e9rales<\/h3>\n<ul role=\"list\">\n<li class=\"product-features__item-list__item\" role=\"listitem\"><span class=\"is--medium\">Type :<\/span> Chauffage bain d&rsquo;huile<\/li>\n<li class=\"product-features__item-list__item\" role=\"listitem\"><span class=\"is--medium\">Alimentation :<\/span> Secteur<\/li>\n<li class=\"product-features__item-list__item\" role=\"listitem\"><span class=\"is--medium\">Puissance max :<\/span> 2.500 W<\/li>\n<li class=\"product-features__item-list__item\" role=\"listitem\"><span class=\"is--medium\">Surface chauff\u00e9e :<\/span> 40 m\u00b2<\/li>\n<li class=\"product-features__item-list__item\" role=\"listitem\"><span class=\"is--medium\">Coloris :<\/span> Noir<\/li>\n<li class=\"product-features__item-list__item\" role=\"listitem\"><span class=\"is--medium\">Programmateur :<\/span> Minuteur 24h<\/li>\n<\/ul>\n<\/li>\n<li class=\"product-features__item\" role=\"listitem\">\n<h3 class=\"product-features__label\">Utilisation<\/h3>\n<ul role=\"list\">\n<li class=\"product-features__item-list__item\" role=\"listitem\"><span class=\"is--medium\">Nombre de vitesses :<\/span> 3 vitesses<\/li>\n<li class=\"product-features__item-list__item\" role=\"listitem\"><span class=\"is--medium\">T\u00e9moin de fonctionnement :<\/span> Oui<\/li>\n<li class=\"product-features__item-list__item\" role=\"listitem\"><span class=\"is--medium\">Fonction hors-gel :<\/span> Oui<\/li>\n<\/ul>\n<\/li>\n<li class=\"product-features__item\" role=\"listitem\">\n<h3 class=\"product-features__label\">S\u00e9curit\u00e9<\/h3>\n<ul role=\"list\">\n<li class=\"product-features__item-list__item\" role=\"listitem\"><span class=\"is--medium\">Vitre froide :<\/span> Oui<\/li>\n<li class=\"product-features__item-list__item\" role=\"listitem\"><span class=\"is--medium\">Anti-surchauffe :<\/span> Oui<\/li>\n<li class=\"product-features__item-list__item\" role=\"listitem\"><span class=\"is--medium\">Anti-basculement :<\/span> Oui<\/li>\n<li class=\"product-features__item-list__item\" role=\"listitem\"><span class=\"is--medium\">Arr\u00eat automatique :<\/span> Oui<\/li>\n<\/ul>\n<\/li>\n<li class=\"product-features__item\" role=\"listitem\">\n<h3 class=\"product-features__label\">Installation<\/h3>\n<ul role=\"list\">\n<li class=\"product-features__item-list__item\" role=\"listitem\"><span class=\"is--medium\">Installation sur pied :<\/span> Pied fourni<\/li>\n<\/ul>\n<\/li>\n<li class=\"product-features__item\" role=\"listitem\">\n<h3 class=\"product-features__label\">Dimensions<\/h3>\n<ul role=\"list\">\n<li class=\"product-features__item-list__item\" role=\"listitem\"><span class=\"is--medium\">Dimensions l x h x p :<\/span> 48.5 x 66.5 x 14.3 cm<\/li>\n<li class=\"product-features__item-list__item\" role=\"listitem\"><span class=\"is--medium\">Poids net :<\/span> 9,00 kg<\/li>\n<li class=\"product-features__item-list__item\" role=\"listitem\"><span class=\"is--medium\">Poids Brut :<\/span> 9 kg<\/li>\n<\/ul>\n<\/li>\n<li class=\"product-features__item\" role=\"listitem\">\n<h3 class=\"product-features__label\">Informations compl\u00e9mentaires<\/h3>\n<ul role=\"list\">\n<li class=\"product-features__item-list__item\" role=\"listitem\"><span class=\"is--medium\">Fabriqu\u00e9 en :<\/span> Chine<\/li>\n<li class=\"product-features__item-list__item\" role=\"listitem\"><span class=\"is--medium\">Disponibilit\u00e9 des pi\u00e8ces d\u00e9tach\u00e9es (donn\u00e9es fournisseur) :<\/span> Non communiqu\u00e9e<\/li>\n<\/ul>\n<\/li>\n<\/ul>\n<\/div>\n<div class=\"product__disclosure-content\">\n<div class=\"js-read-more product-description__content read-more read-more--truncated\" style=\"max-height: 500px;overflow: hidden\" data-read-more-name=\"description\">\n<p><b>Puissant chauffage \u00e9lectrique d&rsquo;une puissance de 2500\u00a0watts pour le chauffage mobile<br \/>\ndes espaces de vie ou de bureau.<\/b><\/p>\n<p><b>Chauffage rapide dans la plage de temp\u00e9rature de 5 \u00e0 35\u00a0\u00b0C et r\u00e9partition optimale de<br \/>\nla chaleur gr\u00e2ce \u00e0 une surface de chauffe \u00e9largie.<\/b><\/p>\n<p><b><i>Hyperheat<\/i>\u00a0: ailettes de chauffage avec passages d&rsquo;air pour un chauffage plus rapide<br \/>\nde l&rsquo;air<\/b><b> gr\u00e2ce \u00e0 une circulation d&rsquo;air grandement am\u00e9lior\u00e9e.<\/b><\/p>\n<p>Diffuse rapidement une chaleur agr\u00e9able lors des journ\u00e9es froides\u00a0: Le <b>Klarstein<\/b><br \/>\nThermaxx Heatstream est un radiateur \u00e0 huile compact et facile \u00e0 utiliser <b><\/b> pour des<br \/>\ntemp\u00e9ratures agr\u00e9ables dans toutes les pi\u00e8ces.<\/p>\n<p>Avec une puissance de chauffe de 2500\u00a0watts, il chauffe en un rien de temps et<br \/>\nfournit une chaleur fiable et homog\u00e8ne dans une plage de temp\u00e9rature allant de 5 \u00e0<br \/>\n35\u00a0\u00b0C, avec 3\u00a0r\u00e9glages de chaleur ainsi qu&rsquo;un mode ECO \u00e9conomique. L&rsquo;utilisation du<br \/>\nradiateur \u00e0 huile <b>Klarstein<\/b> Thermaxx Heatstream <b><\/b> est des plus simples\u00a0: l&rsquo;\u00e9cran LED<br \/>\net la commande \u00e9lectronique vous permettent de garder le contr\u00f4le et le r\u00e9glage des<br \/>\ntemp\u00e9ratures souhait\u00e9es, du mode de chauffage et de la minuterie de marche ou d&rsquo;arr\u00eat<br \/>\ndevient un jeu d&rsquo;enfant. Le nouveau syst\u00e8me <i>Hyperheat<\/i>, dot\u00e9 de passages d&rsquo;air<br \/>\nsp\u00e9ciaux dans les douze ailettes de chauffage, offre non seulement une surface de<br \/>\nchauffe extra large, mais assure \u00e9galement un chauffage particuli\u00e8rement rapide de<br \/>\nl&rsquo;air ambiant gr\u00e2ce \u00e0 une circulation d&rsquo;air nettement am\u00e9lior\u00e9e. Le radiateur limite<br \/>\nle risque de blessure avec sa protection sup\u00e9rieure et sa structure des nervures<br \/>\nam\u00e9lior\u00e9e emp\u00eachent la surface de trop chauffer.<\/p>\n<p>Gr\u00e2ce \u00e0 une minuterie de 24\u00a0heures pour la mise en marche et \u00e0 l&rsquo;arr\u00eat, vous pouvez<br \/>\ndormir paisiblement et vous d\u00e9tendre pendant que le radiateur \u00e0 huile <b><\/b> est encore en<br \/>\nservice\u00a0: il s&rsquo;\u00e9teint de mani\u00e8re fiable apr\u00e8s l&rsquo;heure s\u00e9lectionn\u00e9e. Il dispose<br \/>\n\u00e9galement d&rsquo;un mode ECO qui permet un fonctionnement particuli\u00e8rement \u00e9conomique.<br \/>\nPour une utilisation mobile, le faible poids et les 4\u00a0roulettes au sol garantissent<br \/>\nque le<b> chauffage \u00e9lectrique <\/b> peut facilement changer d&#8217;emplacement. Et gr\u00e2ce \u00e0 la<br \/>\nt\u00e9l\u00e9commande incluse, le contr\u00f4le peut se faire depuis le confort du canap\u00e9.<\/p>\n<p>Profitez rapidement de temp\u00e9ratures agr\u00e9ables, que vous soyez dans la chambre ou le<br \/>\nbureau, dans l&rsquo;atelier ou le garage\u00a0: le<b> radiateur \u00e0 huile<\/b> Thermaxx Heatstream de<br \/>\n<b>Klarstein<\/b> est un atout pour chaque m\u00e9nage\u00a0!<\/p>\n<p><b>Veuillez noter que l&rsquo;appareil est destin\u00e9 \u00e0 \u00eatre utilis\u00e9 dans des pi\u00e8ces bien isol\u00e9es<br \/>\nou pour un usage occasionnel uniquement.<\/b><\/p>\n<p><b>Top Features:<\/b><\/p>\n<p>\u2022 <b>Chauffage puissant\u00a0:<\/b> avec une puissance de 2500\u00a0watts, 3\u00a0niveaux de chauffage et le<br \/>\nmode ECO <b>Puissance de chauffe r\u00e9glable\u00a0:<\/b> R\u00e9glage facile de la temp\u00e9rature de 5 \u00e0 35\u00a0\u00b0C<br \/>\ngr\u00e2ce \u00e0 l&rsquo;affichage num\u00e9rique\u00a0 <b>Chauffage rapide :<\/b><i>Le syst\u00e8me Hyper heat<\/i> avec des passages<br \/>\nd&rsquo;air dans les 12\u00a0ailettes de chauffage permet de chauffer efficacement et<br \/>\nrapidement <b>Simple et pratique\u00a0:<\/b> contr\u00f4le facile gr\u00e2ce \u00e0 la t\u00e9l\u00e9commande <b>\u00c9conomique\u00a0:<\/b><br \/>\nConsommation d&rsquo;\u00e9nergie r\u00e9duite gr\u00e2ce au mode ECO <b>S\u00e9curit\u00e9 pendant le fonctionnement\u00a0:<\/b><br \/>\nArr\u00eat automatique en cas de surchauffe <b>Mobile\u00a0:<\/b> facile \u00e0 d\u00e9placer gr\u00e2ce \u00e0 des<br \/>\nroulettes au sol <b>Dormez en toute qui\u00e9tude\u00a0:<\/b> avec minuterie de 24\u00a0heures pour la<br \/>\nfonction marche\/arr\u00eat<\/p>\n<p><b>Caract\u00e9ristiques:<\/b><\/p>\n<p>\u2022 Puissance calorifique\u00a0: 2500\u00a0watts<br \/>\n\u2022 taille de la pi\u00e8ce appropri\u00e9e\u00a0: 35 &#8211; 50\u00a0m\u00b2 (selon l&rsquo;isolation)<br \/>\n\u2022 4\u00a0modes de fonctionnement\u00a0: bas \/ moyen \/ haut \/ ECO<br \/>\n\u2022 Minuterie\u00a0: On \/ Off jusqu&rsquo;\u00e0 24\u00a0h<br \/>\n\u2022 Plage de temp\u00e9rature\u00a0: 5 \u00e0 35\u00a0 \u00b0C<br \/>\n\u2022 roulettes au sol incluses pour plus de mobilit\u00e9<br \/>\n\u2022 Syst\u00e8me de m\u00e9moire\u00a0: les r\u00e9glages sont sauvegard\u00e9s en mode veille<br \/>\n\u2022 Protection contre la surchauffe<br \/>\n\u2022 Disjoncteur \u00e0 bascule<br \/>\n\u2022 Niveau sonore particuli\u00e8rement faible<br \/>\n\u2022 convient aux personnes allergiques en raison des faibles turbulences de l&rsquo;air<br \/>\n\u2022 Alimentation\u00a0: 220-240\u00a0V~ | 50\u00a0Hz<\/p>\n<p><b>Inclus dans la livraison:<\/b><\/p>\n<p>\u2022 1 x radiateur \u00e0 bain d&rsquo;huile1 x t\u00e9l\u00e9commande2 x roulettes Mode d&#8217;emploi en fran\u00e7ais<\/p>\n<p><b>Dimensions:<\/b><\/p>\n<p>\u2022 Dimensions\u00a0: environ 48,5 x 66,5 x 14,3 cm (LxHxP)<br \/>\n\u2022 Longueur du c\u00e2ble d&rsquo;alimentation\u00a0: env. 170\u00a0cm<br \/>\n\u2022 Poids\u00a0: env. 9\u00a0kg<\/p>\n<\/div>\n<p>Voir plus<\/p>\n<\/div>","protected":false},"excerpt":{"rendered":"<div class=\"keypoints\">\n<h3 class=\"keypoints__title\">Les points cl\u00e9s<\/h3>\n<ul role=\"list\">\n<li class=\"keypoints__item\" role=\"listitem\">Surface chauff\u00e9e : 40 m\u00b2<\/li>\n<li class=\"keypoints__item\" role=\"listitem\">Puissance max : 2.500 W<\/li>\n<li class=\"keypoints__item\" role=\"listitem\">Programmateur : Minuteur 24h<\/li>\n<li class=\"keypoints__item\" role=\"listitem\">3 vitesses<\/li>\n<\/ul>\n<\/div>","protected":false},"featured_media":41010,"template":"","meta":{"_glsr_average":0,"_glsr_ranking":0,"_glsr_reviews":0},"product_cat":[292,653],"product_tag":[295,290,153],"class_list":{"0":"post-99528","1":"product","2":"type-product","3":"status-publish","4":"has-post-thumbnail","6":"product_cat-chauffage-maison-entretien","7":"product_cat-radiateur-bain-dhuile-2","8":"product_tag-radiateur-bain-dhuile","9":"product_tag-chauffage","10":"product_tag-maison-entretien","12":"first","13":"instock","14":"sale","15":"shipping-taxable","16":"purchasable","17":"product-type-simple"},"_links":{"self":[{"href":"https:\/\/electromenagerexpress.com\/en\/wp-json\/wp\/v2\/product\/99528","targetHints":{"allow":["GET"]}}],"collection":[{"href":"https:\/\/electromenagerexpress.com\/en\/wp-json\/wp\/v2\/product"}],"about":[{"href":"https:\/\/electromenagerexpress.com\/en\/wp-json\/wp\/v2\/types\/product"}],"wp:featuredmedia":[{"embeddable":true,"href":"https:\/\/electromenagerexpress.com\/en\/wp-json\/wp\/v2\/media\/41010"}],"wp:attachment":[{"href":"https:\/\/electromenagerexpress.com\/en\/wp-json\/wp\/v2\/media?parent=99528"}],"wp:term":[{"taxonomy":"product_cat","embeddable":true,"href":"https:\/\/electromenagerexpress.com\/en\/wp-json\/wp\/v2\/product_cat?post=99528"},{"taxonomy":"product_tag","embeddable":true,"href":"https:\/\/electromenagerexpress.com\/en\/wp-json\/wp\/v2\/product_tag?post=99528"}],"curies":[{"name":"wp","href":"https:\/\/api.w.org\/{rel}","templated":true}]}}