{"id":99526,"date":"2024-11-28T11:03:33","date_gmt":"2024-11-28T11:03:33","guid":{"rendered":"https:\/\/electromenagerexpress.com\/product\/chauffage-electriquebesthermbestherm-2\/"},"modified":"2024-12-27T22:21:30","modified_gmt":"2024-12-27T22:21:30","slug":"chauffage-electriquebesthermbestherm-2","status":"publish","type":"product","link":"https:\/\/electromenagerexpress.com\/en\/product\/chauffage-electriquebesthermbestherm-2\/","title":{"rendered":"Chauffage \u00e9lectrique BESTHERM Bestherm"},"content":{"rendered":"<div class=\"product-features__content\">\n<ul role=\"list\">\n<li class=\"product-features__item\" role=\"listitem\">\n<h3 class=\"product-features__label\">Les + de ce mod\u00e8le<\/h3>\n<ul role=\"list\">\n<li class=\"product-features__item-list__item\" role=\"listitem\"><span class=\"is--medium\">Avantages :<\/span> Contr\u00f4le \u00e9lectronique avec boutons tactiles<br \/>\n\u00c9l\u00e9ment chauffant en c\u00e9ramique et aluminium<br \/>\nCommande par fil pilote \u00e0 6 ordres<br \/>\nThermostat \u00e9lectronique r\u00e9glable<br \/>\nAffichage LCD<br \/>\nFonction s\u00e9curit\u00e9 enfant<br \/>\nD\u00e9tecteur de fen\u00eatre ouverte<br \/>\nProtection IPX4<br \/>\nClasse II<\/li>\n<\/ul>\n<\/li>\n<li class=\"product-features__item\" role=\"listitem\">\n<h3 class=\"product-features__label\">Caract\u00e9ristiques g\u00e9n\u00e9rales<\/h3>\n<ul role=\"list\">\n<li class=\"product-features__item-list__item\" role=\"listitem\"><span class=\"is--medium\">Type :<\/span> Radiateur \u00e9lectrique<\/li>\n<li class=\"product-features__item-list__item\" role=\"listitem\"><span class=\"is--medium\">Alimentation :<\/span> Secteur<\/li>\n<li class=\"product-features__item-list__item\" role=\"listitem\"><span class=\"is--medium\">Puissance minimale :<\/span> 2.000 W<\/li>\n<li class=\"product-features__item-list__item\" role=\"listitem\"><span class=\"is--medium\">Puissance max :<\/span> 2.000 W<\/li>\n<li class=\"product-features__item-list__item\" role=\"listitem\"><span class=\"is--medium\">Surface chauff\u00e9e :<\/span> 19 m\u00b2<\/li>\n<li class=\"product-features__item-list__item\" role=\"listitem\"><span class=\"is--medium\">Consommation minimale :<\/span> 2.000,0 W<\/li>\n<li class=\"product-features__item-list__item\" role=\"listitem\"><span class=\"is--medium\">Consommation max :<\/span> 2.000,0 W<\/li>\n<li class=\"product-features__item-list__item\" role=\"listitem\"><span class=\"is--medium\">Effet flamme :<\/span> Non<\/li>\n<li class=\"product-features__item-list__item\" role=\"listitem\"><span class=\"is--medium\">Thermostat :<\/span> Electronique<\/li>\n<li class=\"product-features__item-list__item\" role=\"listitem\"><span class=\"is--medium\">Fa\u00e7ade :<\/span> Acier<\/li>\n<li class=\"product-features__item-list__item\" role=\"listitem\"><span class=\"is--medium\">Corps :<\/span> Acier<\/li>\n<li class=\"product-features__item-list__item\" role=\"listitem\"><span class=\"is--medium\">Coloris :<\/span> Blanc<\/li>\n<li class=\"product-features__item-list__item\" role=\"listitem\"><span class=\"is--medium\">Programmateur :<\/span> Oui<\/li>\n<\/ul>\n<\/li>\n<li class=\"product-features__item\" role=\"listitem\">\n<h3 class=\"product-features__label\">Utilisation<\/h3>\n<ul role=\"list\">\n<li class=\"product-features__item-list__item\" role=\"listitem\"><span class=\"is--medium\">Position froid :<\/span> Non<\/li>\n<li class=\"product-features__item-list__item\" role=\"listitem\"><span class=\"is--medium\">Position chaud :<\/span> Non<\/li>\n<li class=\"product-features__item-list__item\" role=\"listitem\"><span class=\"is--medium\">Position ventilation :<\/span> Non<\/li>\n<li class=\"product-features__item-list__item\" role=\"listitem\"><span class=\"is--medium\">Oscillation :<\/span> Non<\/li>\n<li class=\"product-features__item-list__item\" role=\"listitem\"><span class=\"is--medium\">T\u00e9moin de fonctionnement :<\/span> Non<\/li>\n<li class=\"product-features__item-list__item\" role=\"listitem\"><span class=\"is--medium\">R\u00e9servoir d&rsquo;eau pour humidification :<\/span> Non<\/li>\n<li class=\"product-features__item-list__item\" role=\"listitem\"><span class=\"is--medium\">Fonction hors-gel :<\/span> Oui<\/li>\n<\/ul>\n<\/li>\n<li class=\"product-features__item\" role=\"listitem\">\n<h3 class=\"product-features__label\">S\u00e9curit\u00e9<\/h3>\n<ul role=\"list\">\n<li class=\"product-features__item-list__item\" role=\"listitem\"><span class=\"is--medium\">Anti-surchauffe :<\/span> Oui<\/li>\n<li class=\"product-features__item-list__item\" role=\"listitem\"><span class=\"is--medium\">Arr\u00eat automatique :<\/span> Oui<\/li>\n<li class=\"product-features__item-list__item\" role=\"listitem\"><span class=\"is--medium\">Filtre anti-poussi\u00e8re :<\/span> Non<\/li>\n<li class=\"product-features__item-list__item\" role=\"listitem\"><span class=\"is--medium\">Compatible Salle de bain :<\/span> Norme IP24 : Prot\u00e8ge votre appareil des projections d&rsquo;eau<\/li>\n<\/ul>\n<\/li>\n<li class=\"product-features__item\" role=\"listitem\">\n<h3 class=\"product-features__label\">Installation<\/h3>\n<ul role=\"list\">\n<li class=\"product-features__item-list__item\" role=\"listitem\"><span class=\"is--medium\">Temps moyen d&rsquo;installation :<\/span> 1,00 h<\/li>\n<li class=\"product-features__item-list__item\" role=\"listitem\"><span class=\"is--medium\">Installation murale :<\/span> Fixation fournie<\/li>\n<li class=\"product-features__item-list__item\" role=\"listitem\"><span class=\"is--medium\">Installation sur pied :<\/span> Non<\/li>\n<li class=\"product-features__item-list__item\" role=\"listitem\"><span class=\"is--medium\">Installation au sol :<\/span> Non<\/li>\n<\/ul>\n<\/li>\n<li class=\"product-features__item\" role=\"listitem\">\n<h3 class=\"product-features__label\">Confort<\/h3>\n<ul role=\"list\">\n<li class=\"product-features__item-list__item\" role=\"listitem\"><span class=\"is--medium\">Poign\u00e9e de transport :<\/span> Non<\/li>\n<li class=\"product-features__item-list__item\" role=\"listitem\"><span class=\"is--medium\">Mobilit\u00e9 :<\/span> Sans<\/li>\n<li class=\"product-features__item-list__item\" role=\"listitem\"><span class=\"is--medium\">Rangement de cordon :<\/span> Non<\/li>\n<\/ul>\n<\/li>\n<li class=\"product-features__item\" role=\"listitem\">\n<h3 class=\"product-features__label\">Smartphone et Tablette<\/h3>\n<ul role=\"list\">\n<li class=\"product-features__item-list__item\" role=\"listitem\"><span class=\"is--medium\">iPhone :<\/span> Non<\/li>\n<li class=\"product-features__item-list__item\" role=\"listitem\"><span class=\"is--medium\">iPad :<\/span> Non<\/li>\n<li class=\"product-features__item-list__item\" role=\"listitem\"><span class=\"is--medium\">iPod touch :<\/span> Non<\/li>\n<li class=\"product-features__item-list__item\" role=\"listitem\"><span class=\"is--medium\">Smartphone Android :<\/span> Non<\/li>\n<li class=\"product-features__item-list__item\" role=\"listitem\"><span class=\"is--medium\">Smartphone BlackBerry :<\/span> Non<\/li>\n<li class=\"product-features__item-list__item\" role=\"listitem\"><span class=\"is--medium\">Smartphone Windows Phone :<\/span> Non<\/li>\n<\/ul>\n<\/li>\n<li class=\"product-features__item\" role=\"listitem\">\n<h3 class=\"product-features__label\">Dimensions<\/h3>\n<ul role=\"list\">\n<li class=\"product-features__item-list__item\" role=\"listitem\"><span class=\"is--medium\">Dimensions l x h x p :<\/span> 74 x 58 x 10 cm<\/li>\n<\/ul>\n<\/li>\n<li class=\"product-features__item\" role=\"listitem\">\n<h3 class=\"product-features__label\">Informations compl\u00e9mentaires<\/h3>\n<ul role=\"list\">\n<li class=\"product-features__item-list__item\" role=\"listitem\"><span class=\"is--medium\">Fabriqu\u00e9 en :<\/span> Chine<\/li>\n<li class=\"product-features__item-list__item\" role=\"listitem\"><span class=\"is--medium\">Disponibilit\u00e9 des pi\u00e8ces d\u00e9tach\u00e9es (donn\u00e9es fournisseur) :<\/span> Pas de pi\u00e8ce disponible<\/li>\n<\/ul>\n<\/li>\n<\/ul>\n<\/div>\n<div class=\"product__disclosure-content\">\n<div class=\"js-read-more product-description__content read-more read-more--truncated\" style=\"max-height: 500px;overflow: hidden\" data-read-more-name=\"description\">\n<div class=\"flex flex-grow flex-col max-w-full\">\n<div class=\"min-h-[20px] text-message flex w-full flex-col items-end gap-2 whitespace-pre-wrap break-words [.text-message+&amp;]:mt-5 overflow-x-auto\" dir=\"auto\" data-message-author-role=\"assistant\" data-message-id=\"adbf2d19-478e-4ee1-9862-c608ffbad0fd\">\n<div class=\"flex w-full flex-col gap-1 empty:hidden first:pt-[3px]\">\n<div class=\"markdown prose w-full break-words dark:prose-invert light\">\n<h3>Radiateur \u00e9lectrique Tikei<\/h3>\n<p>Tikei, le radiateur \u00e9lectrique \u00e0 inertie s\u00e8che, est votre nouveau partenaire pour un int\u00e9rieur confortable et accueillant. Son c\u0153ur de chauffe en c\u00e9ramique et aluminium assure une diffusion optimale de la chaleur. Les programmes hebdomadaires personnalisables et les modes de fonctionnement de Tikei s&rsquo;adaptent \u00e0 votre rythme de vie, vous garantissant une chaleur pr\u00e9cis\u00e9ment ajust\u00e9e \u00e0 vos besoins. Choisissez Tikei pour une chaleur sur mesure et des \u00e9conomies d&rsquo;\u00e9nergie quotidiennes.<\/p>\n<h4>Radiateur \u00e9lectrique en c\u00e9ramique et aluminium<\/h4>\n<p>Dot\u00e9 d&rsquo;un c\u0153ur de chauffe en c\u00e9ramique et aluminium, le radiateur \u00e9lectrique Tikei offre un confort de chauffe optimal. Sa technologie d&rsquo;inertie s\u00e8che vous assure un confort optimal et des \u00e9conomies d&rsquo;\u00e9nergie au quotidien. Profitez d&rsquo;une chaleur douce et agr\u00e9able, avec une mont\u00e9e en temp\u00e9rature rapide et durable. M\u00eame lorsque vous \u00e9teignez votre radiateur, la chaleur continue de se diffuser pour maintenir une homog\u00e9n\u00e9it\u00e9 thermique dans votre espace de vie. Optez pour Tikei et savourez un bien-\u00eatre constant tout en r\u00e9duisant votre consommation \u00e9nerg\u00e9tique.<\/p>\n<h4>Une programmation simplifi\u00e9e et intuitive<\/h4>\n<p>Configurez facilement votre radiateur Tikei gr\u00e2ce \u00e0 une vari\u00e9t\u00e9 de programmes disponibles : choisissez parmi les programmes hebdomadaires personnalisables avec 7 programmes quotidiens libres. Vous pouvez \u00e9galement s\u00e9lectionner l&rsquo;un des 6 modes via le fil pilote de votre radiateur : Confort, Confort -1\u00b0C, Confort -2\u00b0C, Eco, Hors gel, Off.<\/p>\n<h4>Contr\u00f4le \u00e9lect<\/h4>\n<div class=\"flex flex-grow flex-col max-w-full\">\n<div class=\"min-h-[20px] text-message flex w-full flex-col items-end gap-2 whitespace-pre-wrap break-words [.text-message+&amp;]:mt-5 overflow-x-auto\" dir=\"auto\" data-message-author-role=\"assistant\" data-message-id=\"adbf2d19-478e-4ee1-9862-c608ffbad0fd\">\n<div class=\"flex w-full flex-col gap-1 empty:hidden first:pt-[3px]\">\n<div class=\"markdown prose w-full break-words dark:prose-invert light\">\n<h3>Radiateur \u00e9lectrique Tikei<\/h3>\n<p>Tikei, le radiateur \u00e9lectrique \u00e0 inertie s\u00e8che, est votre nouveau partenaire pour un int\u00e9rieur confortable et accueillant. Son c\u0153ur de chauffe en c\u00e9ramique et aluminium assure une diffusion optimale de la chaleur. Les programmes hebdomadaires personnalisables et les modes de fonctionnement de Tikei s&rsquo;adaptent \u00e0 votre rythme de vie, vous garantissant une chaleur pr\u00e9cis\u00e9ment ajust\u00e9e \u00e0 vos besoins. Choisissez Tikei pour une chaleur sur mesure et des \u00e9conomies d&rsquo;\u00e9nergie quotidiennes.<\/p>\n<h4>Radiateur \u00e9lectrique en c\u00e9ramique et aluminium<\/h4>\n<p>Dot\u00e9 d&rsquo;un c\u0153ur de chauffe en c\u00e9ramique et aluminium, le radiateur \u00e9lectrique Tikei offre un confort de chauffe optimal. Sa technologie d&rsquo;inertie s\u00e8che vous assure un confort optimal et des \u00e9conomies d&rsquo;\u00e9nergie au quotidien. Profitez d&rsquo;une chaleur douce et agr\u00e9able, avec une mont\u00e9e en temp\u00e9rature rapide et durable. M\u00eame lorsque vous \u00e9teignez votre radiateur, la chaleur continue de se diffuser pour maintenir une homog\u00e9n\u00e9it\u00e9 thermique dans votre espace de vie. Optez pour Tikei et savourez un bien-\u00eatre constant tout en r\u00e9duisant votre consommation \u00e9nerg\u00e9tique.<\/p>\n<h4>Une programmation simplifi\u00e9e et intuitive<\/h4>\n<p>Configurez facilement votre radiateur Tikei gr\u00e2ce \u00e0 une vari\u00e9t\u00e9 de programmes disponibles : choisissez parmi les programmes hebdomadaires personnalisables avec 7 programmes quotidiens libres. Vous pouvez \u00e9galement s\u00e9lectionner l&rsquo;un des 6 modes via le fil pilote de votre radiateur : Confort, Confort -1\u00b0C, Confort -2\u00b0C, Eco, Hors gel, Off.<\/p>\n<h4>Contr\u00f4le \u00e9lect<\/h4>\n<\/div>\n<\/div>\n<\/div>\n<\/div>\n<\/div>\n<\/div>\n<\/div>\n<\/div>\n<\/div>\n<p>Voir plus<\/p>\n<\/div>","protected":false},"excerpt":{"rendered":"<div class=\"keypoints\">\n<h3 class=\"keypoints__title\">Les points cl\u00e9s<\/h3>\n<ul role=\"list\">\n<li class=\"keypoints__item\" role=\"listitem\">Surface chauff\u00e9e : 19 m\u00b2<\/li>\n<li class=\"keypoints__item\" role=\"listitem\">Puissance max : 2.000 W<\/li>\n<li class=\"keypoints__item\" role=\"listitem\">Compatible Salle de bain &#8211; Programmateur &#8211; Compatible Salle de bain<\/li>\n<\/ul>\n<\/div>","protected":false},"featured_media":41002,"template":"","meta":{"_glsr_average":0,"_glsr_ranking":0,"_glsr_reviews":0},"product_cat":[288],"product_tag":[290,153],"class_list":{"0":"post-99526","1":"product","2":"type-product","3":"status-publish","4":"has-post-thumbnail","6":"product_cat-chauffage","7":"product_tag-chauffage","8":"product_tag-maison-entretien","10":"first","11":"instock","12":"sale","13":"shipping-taxable","14":"purchasable","15":"product-type-simple"},"_links":{"self":[{"href":"https:\/\/electromenagerexpress.com\/en\/wp-json\/wp\/v2\/product\/99526","targetHints":{"allow":["GET"]}}],"collection":[{"href":"https:\/\/electromenagerexpress.com\/en\/wp-json\/wp\/v2\/product"}],"about":[{"href":"https:\/\/electromenagerexpress.com\/en\/wp-json\/wp\/v2\/types\/product"}],"wp:featuredmedia":[{"embeddable":true,"href":"https:\/\/electromenagerexpress.com\/en\/wp-json\/wp\/v2\/media\/41002"}],"wp:attachment":[{"href":"https:\/\/electromenagerexpress.com\/en\/wp-json\/wp\/v2\/media?parent=99526"}],"wp:term":[{"taxonomy":"product_cat","embeddable":true,"href":"https:\/\/electromenagerexpress.com\/en\/wp-json\/wp\/v2\/product_cat?post=99526"},{"taxonomy":"product_tag","embeddable":true,"href":"https:\/\/electromenagerexpress.com\/en\/wp-json\/wp\/v2\/product_tag?post=99526"}],"curies":[{"name":"wp","href":"https:\/\/api.w.org\/{rel}","templated":true}]}}