{"id":99523,"date":"2024-11-28T11:03:22","date_gmt":"2024-11-28T11:03:22","guid":{"rendered":"https:\/\/electromenagerexpress.com\/product\/cheminee-electriquechemin-artevolcano-xxl-wifi-color-style\/"},"modified":"2024-12-27T22:31:13","modified_gmt":"2024-12-27T22:31:13","slug":"cheminee-electriquechemin-artevolcano-xxl-wifi-color-style","status":"publish","type":"product","link":"https:\/\/electromenagerexpress.com\/en\/product\/cheminee-electriquechemin-artevolcano-xxl-wifi-color-style\/","title":{"rendered":"Chemin\u00e9e \u00e9lectrique CHEMIN ARTE volcano xxl wifi &#8211; color style"},"content":{"rendered":"<div class=\"product-features__content\">\n<ul role=\"list\">\n<li class=\"product-features__item\" role=\"listitem\">\n<h3 class=\"product-features__label\">Caract\u00e9ristiques g\u00e9n\u00e9rales<\/h3>\n<ul role=\"list\">\n<li class=\"product-features__item-list__item\" role=\"listitem\"><span class=\"is--medium\">Type :<\/span> Chemin\u00e9e \u00e9lectrique<\/li>\n<li class=\"product-features__item-list__item\" role=\"listitem\"><span class=\"is--medium\">Puissance max :<\/span> 2.000 W<\/li>\n<li class=\"product-features__item-list__item\" role=\"listitem\"><span class=\"is--medium\">Surface chauff\u00e9e :<\/span> 30 m\u00b2<\/li>\n<li class=\"product-features__item-list__item\" role=\"listitem\"><span class=\"is--medium\">Thermostat :<\/span> Ajustable<\/li>\n<li class=\"product-features__item-list__item\" role=\"listitem\"><span class=\"is--medium\">Coloris :<\/span> Noir<\/li>\n<li class=\"product-features__item-list__item\" role=\"listitem\"><span class=\"is--medium\">Programmateur :<\/span> Oui<\/li>\n<\/ul>\n<\/li>\n<li class=\"product-features__item\" role=\"listitem\">\n<h3 class=\"product-features__label\">Utilisation<\/h3>\n<ul role=\"list\">\n<li class=\"product-features__item-list__item\" role=\"listitem\"><span class=\"is--medium\">Nombre de positions :<\/span> 2 positions<\/li>\n<li class=\"product-features__item-list__item\" role=\"listitem\"><span class=\"is--medium\">Oscillation :<\/span> Non<\/li>\n<\/ul>\n<\/li>\n<li class=\"product-features__item\" role=\"listitem\">\n<h3 class=\"product-features__label\">S\u00e9curit\u00e9<\/h3>\n<ul role=\"list\">\n<li class=\"product-features__item-list__item\" role=\"listitem\"><span class=\"is--medium\">Compatible Salle de bain :<\/span> Non<\/li>\n<\/ul>\n<\/li>\n<li class=\"product-features__item\" role=\"listitem\">\n<h3 class=\"product-features__label\">Dimensions<\/h3>\n<ul role=\"list\">\n<li class=\"product-features__item-list__item\" role=\"listitem\"><span class=\"is--medium\">Poids net :<\/span> 31,00 kg<\/li>\n<\/ul>\n<\/li>\n<li class=\"product-features__item\" role=\"listitem\">\n<h3 class=\"product-features__label\">Informations compl\u00e9mentaires<\/h3>\n<ul role=\"list\">\n<li class=\"product-features__item-list__item\" role=\"listitem\"><span class=\"is--medium\">Garantie :<\/span> 2 ans<\/li>\n<li class=\"product-features__item-list__item\" role=\"listitem\"><span class=\"is--medium\">Disponibilit\u00e9 des pi\u00e8ces d\u00e9tach\u00e9es (donn\u00e9es fournisseur) :<\/span> Non communiqu\u00e9e<\/li>\n<\/ul>\n<\/li>\n<\/ul>\n<\/div>\n<div class=\"product__disclosure-content\">\n<div class=\"js-read-more product-description__content read-more read-more--truncated\" style=\"max-height: 500px;overflow: hidden\" data-read-more-name=\"description\">\n<p>La chemin\u00e9e d\u00e9corative VOLCANO XXL WIFI de Chemin&rsquo;Arte est con\u00e7ue pour vous apporter confort et plaisir sans avoir \u00e0 vous soucier de l&rsquo;entretien ou de la s\u00e9curit\u00e9 de votre chemin\u00e9e. En effet, apr\u00e8s une installation rapide d&rsquo;environ 15 minutes, vous pouvez profiter d&rsquo;un authentique moment de d\u00e9tente au coin du feu. Il n&rsquo;y a pas de risque pour vous ou vos proches car il n&rsquo;y a pas de combustion r\u00e9elle mais un effet de feu plus vrai que nature. Oubliez les poussi\u00e8res, le bois \u00e0 transporter, les allumages laborieux.<br \/>\nVous contr\u00f4lez tr\u00e8s facilement votre chemin\u00e9e \u00e0 l&rsquo;aide de l&rsquo;application sur votre Smartphone.<br \/>\nLa chemin\u00e9e d\u00e9corative VOLCANO XXL WIFI de Chemin&rsquo;Arte peut r\u00e9chauffer une pi\u00e8ce d&rsquo;environ 30 m\u00b2. En effet, elle int\u00e8gre un chauffage de 2000 W.<br \/>\nLes chemin\u00e9es d\u00e9coratives Chemin&rsquo;Arte sont de v\u00e9ritables objets de d\u00e9coration, sobres et \u00e9l\u00e9gantes, qui r\u00e9chaufferont votre int\u00e9rieur de part leurs c\u00f4t\u00e9s design et chaleureux.<br \/>\nJouez avec la couleur des flammes, installez vous confortablement dans votre canap\u00e9 : ca y est, vous commencez d\u00e9j\u00e0 \u00e0 vous d\u00e9tendre.<br \/>\nLa chemin\u00e9e \u00e9lectrique Volcano XXL WIFI maintiendra votre pi\u00e8ce \u00e0 la temp\u00e9rature choisi gr\u00e2ce \u00e0 son thermostat r\u00e9glable.<\/p>\n<p>Puissance: thermostat 1000 ou 2000W, protection contre la surchauffe<br \/>\nLeds \u00e0 changement de couleurs. 12 couleurs rouge, vert, bleu, jaune et un m\u00e9lange de ces couleurs<br \/>\nThermostat de r\u00e9glage de la temp\u00e9rature via l&rsquo;application en fran\u00e7ais<br \/>\nProgrammation horaire et journali\u00e8re via l&rsquo;application<br \/>\nEffet flammes ultra r\u00e9aliste: technologie \u00e0 leds Chemin&rsquo;Arte<br \/>\nApplication disponible pour Android et Iphone<br \/>\nApplication smartphone pour un contr\u00f4le total de la chemin\u00e9e<br \/>\nDesign moderne extra large<br \/>\nSe fixe au mur \u00e0 l&rsquo;aide des supports pr\u00e9vus \u00e0 cet effet<br \/>\nAcier et verre tremp\u00e9 noir (trait\u00e9 anti coupure en cas de casse)<br \/>\nLivr\u00e9 avec un manuel de montage et d&rsquo;utilisation, kit d&rsquo;installation murale, galets blanc, 1 fa\u00e7ade noire interchangeable<br \/>\nDimensions : 122 x 8,5 x 56 cm<\/p>\n<\/div>\n<p>&nbsp;<\/p>\n<\/div>","protected":false},"excerpt":{"rendered":"<div class=\"keypoints\">\n<h3 class=\"keypoints__title\">Les points cl\u00e9s<\/h3>\n<ul role=\"list\">\n<li class=\"keypoints__item\" role=\"listitem\">Surface chauff\u00e9e : 30 m\u00b2<\/li>\n<li class=\"keypoints__item\" role=\"listitem\">Puissance max : 2.000 W<\/li>\n<li class=\"keypoints__item\" role=\"listitem\">Programmateur<\/li>\n<li class=\"keypoints__item\" role=\"listitem\">2 positions<\/li>\n<\/ul>\n<\/div>","protected":false},"featured_media":40987,"template":"","meta":{"_glsr_average":0,"_glsr_ranking":0,"_glsr_reviews":0},"product_cat":[288],"product_tag":[290,153],"class_list":{"0":"post-99523","1":"product","2":"type-product","3":"status-publish","4":"has-post-thumbnail","6":"product_cat-chauffage","7":"product_tag-chauffage","8":"product_tag-maison-entretien","10":"first","11":"instock","12":"sale","13":"shipping-taxable","14":"purchasable","15":"product-type-simple"},"_links":{"self":[{"href":"https:\/\/electromenagerexpress.com\/en\/wp-json\/wp\/v2\/product\/99523","targetHints":{"allow":["GET"]}}],"collection":[{"href":"https:\/\/electromenagerexpress.com\/en\/wp-json\/wp\/v2\/product"}],"about":[{"href":"https:\/\/electromenagerexpress.com\/en\/wp-json\/wp\/v2\/types\/product"}],"wp:featuredmedia":[{"embeddable":true,"href":"https:\/\/electromenagerexpress.com\/en\/wp-json\/wp\/v2\/media\/40987"}],"wp:attachment":[{"href":"https:\/\/electromenagerexpress.com\/en\/wp-json\/wp\/v2\/media?parent=99523"}],"wp:term":[{"taxonomy":"product_cat","embeddable":true,"href":"https:\/\/electromenagerexpress.com\/en\/wp-json\/wp\/v2\/product_cat?post=99523"},{"taxonomy":"product_tag","embeddable":true,"href":"https:\/\/electromenagerexpress.com\/en\/wp-json\/wp\/v2\/product_tag?post=99523"}],"curies":[{"name":"wp","href":"https:\/\/api.w.org\/{rel}","templated":true}]}}