{"id":99517,"date":"2024-11-28T11:03:02","date_gmt":"2024-11-28T11:03:02","guid":{"rendered":"https:\/\/electromenagerexpress.com\/product\/cheminee-electriquechemin-artefoyer-elect-imitation-fonte-helsinki\/"},"modified":"2024-12-27T22:51:49","modified_gmt":"2024-12-27T22:51:49","slug":"cheminee-electriquechemin-artefoyer-elect-imitation-fonte-helsinki","status":"publish","type":"product","link":"https:\/\/electromenagerexpress.com\/en\/product\/cheminee-electriquechemin-artefoyer-elect-imitation-fonte-helsinki\/","title":{"rendered":"Chemin\u00e9e \u00e9lectrique CHEMIN ARTE Foyer  imitation fonte HELSINKI"},"content":{"rendered":"<div class=\"product-features__content\">\n<ul role=\"list\">\n<li class=\"product-features__item\" role=\"listitem\">\n<h3 class=\"product-features__label\">Caract\u00e9ristiques g\u00e9n\u00e9rales<\/h3>\n<ul role=\"list\">\n<li class=\"product-features__item-list__item\" role=\"listitem\"><span class=\"is--medium\">Type :<\/span> Chemin\u00e9e \u00e9lectrique<\/li>\n<li class=\"product-features__item-list__item\" role=\"listitem\"><span class=\"is--medium\">Alimentation :<\/span> Secteur<\/li>\n<li class=\"product-features__item-list__item\" role=\"listitem\"><span class=\"is--medium\">Puissance max :<\/span> 2.000 W<\/li>\n<li class=\"product-features__item-list__item\" role=\"listitem\"><span class=\"is--medium\">Surface chauff\u00e9e :<\/span> 30 m\u00b2<\/li>\n<li class=\"product-features__item-list__item\" role=\"listitem\"><span class=\"is--medium\">Coloris :<\/span> Noir<\/li>\n<\/ul>\n<\/li>\n<li class=\"product-features__item\" role=\"listitem\">\n<h3 class=\"product-features__label\">Dimensions<\/h3>\n<ul role=\"list\">\n<li class=\"product-features__item-list__item\" role=\"listitem\"><span class=\"is--medium\">Poids Brut :<\/span> 20 kg<\/li>\n<\/ul>\n<\/li>\n<li class=\"product-features__item\" role=\"listitem\">\n<h3 class=\"product-features__label\">Informations compl\u00e9mentaires<\/h3>\n<ul role=\"list\">\n<li class=\"product-features__item-list__item\" role=\"listitem\"><span class=\"is--medium\">Disponibilit\u00e9 des pi\u00e8ces d\u00e9tach\u00e9es (donn\u00e9es fournisseur) :<\/span> Non communiqu\u00e9e<\/li>\n<\/ul>\n<\/li>\n<\/ul>\n<\/div>\n<div class=\"product__disclosure-content\">\n<div class=\"js-read-more product-description__content\" style=\"max-height: 500px;overflow: hidden\" data-read-more-name=\"description\">\n<p>Effet flammes ultra r\u00e9aliste Chemin&rsquo;Arte<br \/>\nThermostat de r\u00e9glage de la temp\u00e9rature ambiante<br \/>\nImitation fonte veritable<br \/>\nPuissance: thermostat 1000 ou 2000W,<br \/>\nprotection contre la surchauffe<br \/>\nDesign classique effet fonte v\u00e9ritable<br \/>\nRangement pour buches sous la chemin\u00e9e<br \/>\nSe pose au sol<\/p>\n<\/div>\n<\/div>","protected":false},"excerpt":{"rendered":"<div class=\"keypoints\">\n<h3 class=\"keypoints__title\">Les points cl\u00e9s<\/h3>\n<ul role=\"list\">\n<li class=\"keypoints__item\" role=\"listitem\">Surface chauff\u00e9e : 30 m\u00b2<\/li>\n<li class=\"keypoints__item\" role=\"listitem\">Puissance max : 2.000 W<\/li>\n<\/ul>\n<\/div>","protected":false},"featured_media":40957,"template":"","meta":{"_glsr_average":0,"_glsr_ranking":0,"_glsr_reviews":0},"product_cat":[288],"product_tag":[290,153],"class_list":{"0":"post-99517","1":"product","2":"type-product","3":"status-publish","4":"has-post-thumbnail","6":"product_cat-chauffage","7":"product_tag-chauffage","8":"product_tag-maison-entretien","10":"first","11":"instock","12":"sale","13":"shipping-taxable","14":"purchasable","15":"product-type-simple"},"_links":{"self":[{"href":"https:\/\/electromenagerexpress.com\/en\/wp-json\/wp\/v2\/product\/99517","targetHints":{"allow":["GET"]}}],"collection":[{"href":"https:\/\/electromenagerexpress.com\/en\/wp-json\/wp\/v2\/product"}],"about":[{"href":"https:\/\/electromenagerexpress.com\/en\/wp-json\/wp\/v2\/types\/product"}],"wp:featuredmedia":[{"embeddable":true,"href":"https:\/\/electromenagerexpress.com\/en\/wp-json\/wp\/v2\/media\/40957"}],"wp:attachment":[{"href":"https:\/\/electromenagerexpress.com\/en\/wp-json\/wp\/v2\/media?parent=99517"}],"wp:term":[{"taxonomy":"product_cat","embeddable":true,"href":"https:\/\/electromenagerexpress.com\/en\/wp-json\/wp\/v2\/product_cat?post=99517"},{"taxonomy":"product_tag","embeddable":true,"href":"https:\/\/electromenagerexpress.com\/en\/wp-json\/wp\/v2\/product_tag?post=99517"}],"curies":[{"name":"wp","href":"https:\/\/api.w.org\/{rel}","templated":true}]}}