{"id":99510,"date":"2024-11-28T11:02:41","date_gmt":"2024-11-28T11:02:41","guid":{"rendered":"https:\/\/electromenagerexpress.com\/product\/cheminee-electriquechemin-artecheminee-electrique-lounge-medium-blanc\/"},"modified":"2024-12-28T00:27:12","modified_gmt":"2024-12-28T00:27:12","slug":"cheminee-electriquechemin-artecheminee-electrique-lounge-medium-blanc","status":"publish","type":"product","link":"https:\/\/electromenagerexpress.com\/en\/product\/cheminee-electriquechemin-artecheminee-electrique-lounge-medium-blanc\/","title":{"rendered":"Chemin\u00e9e \u00e9lectrique CHEMIN ARTE Chemin\u00e9e \u00e9lectrique Lounge M\u00e9dium Blanc"},"content":{"rendered":"<div class=\"product-features__content\">\n<ul role=\"list\">\n<li class=\"product-features__item\" role=\"listitem\">\n<h3 class=\"product-features__label\">Caract\u00e9ristiques g\u00e9n\u00e9rales<\/h3>\n<ul role=\"list\">\n<li class=\"product-features__item-list__item\" role=\"listitem\"><span class=\"is--medium\">Type :<\/span> Chemin\u00e9e \u00e9lectrique<\/li>\n<li class=\"product-features__item-list__item\" role=\"listitem\"><span class=\"is--medium\">Alimentation :<\/span> Secteur<\/li>\n<li class=\"product-features__item-list__item\" role=\"listitem\"><span class=\"is--medium\">Puissance max :<\/span> 2.000 W<\/li>\n<li class=\"product-features__item-list__item\" role=\"listitem\"><span class=\"is--medium\">Surface chauff\u00e9e :<\/span> 30 m\u00b2<\/li>\n<li class=\"product-features__item-list__item\" role=\"listitem\"><span class=\"is--medium\">Coloris :<\/span> Blanc<\/li>\n<\/ul>\n<\/li>\n<li class=\"product-features__item\" role=\"listitem\">\n<h3 class=\"product-features__label\">Dimensions<\/h3>\n<ul role=\"list\">\n<li class=\"product-features__item-list__item\" role=\"listitem\"><span class=\"is--medium\">Poids Brut :<\/span> 20 kg<\/li>\n<\/ul>\n<\/li>\n<li class=\"product-features__item\" role=\"listitem\">\n<h3 class=\"product-features__label\">Informations compl\u00e9mentaires<\/h3>\n<ul role=\"list\">\n<li class=\"product-features__item-list__item\" role=\"listitem\"><span class=\"is--medium\">Disponibilit\u00e9 des pi\u00e8ces d\u00e9tach\u00e9es (donn\u00e9es fournisseur) :<\/span> Non communiqu\u00e9e<\/li>\n<\/ul>\n<\/li>\n<\/ul>\n<\/div>\n<div class=\"product__disclosure-content\">\n<div class=\"js-read-more product-description__content\" style=\"max-height: 500px;overflow: hidden\" data-read-more-name=\"description\">\n<p>Effet flammes ultra r\u00e9aliste: technologie \u00e0 leds Chemin&rsquo;Arte<br \/>\nThermostat de r\u00e9glage de la temp\u00e9rature via l&rsquo;\u00e9cran LCD (s&rsquo;\u00e9teint apr\u00e8s r\u00e9glage)<br \/>\nProgrammation horaire journali\u00e8re et hebdomadaire<br \/>\nIntensit\u00e9 des flammes r\u00e9glables<br \/>\nPuissance: 2000W, protection contre la surchauffe<br \/>\nLivr\u00e9e assembl\u00e9e. Aucun montage n\u00e9cessaire.<br \/>\nDesign moderne<br \/>\nSe fixe au mur ou se pose au sol<br \/>\nStructure en bois MDF blanc ou noir brillant<br \/>\nLivr\u00e9 avec des galets et des buches<\/p>\n<\/div>\n<\/div>","protected":false},"excerpt":{"rendered":"<div class=\"keypoints\">\n<h3 class=\"keypoints__title\">Les points cl\u00e9s<\/h3>\n<ul role=\"list\">\n<li class=\"keypoints__item\" role=\"listitem\">Surface chauff\u00e9e : 30 m\u00b2<\/li>\n<li class=\"keypoints__item\" role=\"listitem\">Puissance max : 2.000 W<\/li>\n<\/ul>\n<\/div>","protected":false},"featured_media":40926,"template":"","meta":{"_glsr_average":0,"_glsr_ranking":0,"_glsr_reviews":0},"product_cat":[288],"product_tag":[290,153],"class_list":{"0":"post-99510","1":"product","2":"type-product","3":"status-publish","4":"has-post-thumbnail","6":"product_cat-chauffage","7":"product_tag-chauffage","8":"product_tag-maison-entretien","10":"first","11":"instock","12":"sale","13":"shipping-taxable","14":"purchasable","15":"product-type-simple"},"_links":{"self":[{"href":"https:\/\/electromenagerexpress.com\/en\/wp-json\/wp\/v2\/product\/99510","targetHints":{"allow":["GET"]}}],"collection":[{"href":"https:\/\/electromenagerexpress.com\/en\/wp-json\/wp\/v2\/product"}],"about":[{"href":"https:\/\/electromenagerexpress.com\/en\/wp-json\/wp\/v2\/types\/product"}],"wp:featuredmedia":[{"embeddable":true,"href":"https:\/\/electromenagerexpress.com\/en\/wp-json\/wp\/v2\/media\/40926"}],"wp:attachment":[{"href":"https:\/\/electromenagerexpress.com\/en\/wp-json\/wp\/v2\/media?parent=99510"}],"wp:term":[{"taxonomy":"product_cat","embeddable":true,"href":"https:\/\/electromenagerexpress.com\/en\/wp-json\/wp\/v2\/product_cat?post=99510"},{"taxonomy":"product_tag","embeddable":true,"href":"https:\/\/electromenagerexpress.com\/en\/wp-json\/wp\/v2\/product_tag?post=99510"}],"curies":[{"name":"wp","href":"https:\/\/api.w.org\/{rel}","templated":true}]}}