{"id":99505,"date":"2024-11-28T11:02:23","date_gmt":"2024-11-28T11:02:23","guid":{"rendered":"https:\/\/electromenagerexpress.com\/product\/cheminee-electriqueklarsteinetna-pozzolana-1800w\/"},"modified":"2024-12-28T07:51:43","modified_gmt":"2024-12-28T07:51:43","slug":"cheminee-electriqueklarsteinetna-pozzolana-1800w","status":"publish","type":"product","link":"https:\/\/electromenagerexpress.com\/en\/product\/cheminee-electriqueklarsteinetna-pozzolana-1800w\/","title":{"rendered":"Chemin\u00e9e \u00e9lectrique KLARSTEIN Etna Pozzolana 1800W"},"content":{"rendered":"<div class=\"product-features__content\">\n<ul role=\"list\">\n<li class=\"product-features__item\" role=\"listitem\">\n<h3 class=\"product-features__label\">Caract\u00e9ristiques g\u00e9n\u00e9rales<\/h3>\n<ul role=\"list\">\n<li class=\"product-features__item-list__item\" role=\"listitem\"><span class=\"is--medium\">Type :<\/span> Chemin\u00e9e \u00e9lectrique<\/li>\n<li class=\"product-features__item-list__item\" role=\"listitem\"><span class=\"is--medium\">Alimentation :<\/span> Secteur<\/li>\n<li class=\"product-features__item-list__item\" role=\"listitem\"><span class=\"is--medium\">Puissance max :<\/span> 1.800 W<\/li>\n<li class=\"product-features__item-list__item\" role=\"listitem\"><span class=\"is--medium\">Surface chauff\u00e9e :<\/span> 40 m\u00b2<\/li>\n<li class=\"product-features__item-list__item\" role=\"listitem\"><span class=\"is--medium\">Effet flamme :<\/span> Oui<\/li>\n<li class=\"product-features__item-list__item\" role=\"listitem\"><span class=\"is--medium\">Thermostat :<\/span> M\u00e9canique<\/li>\n<li class=\"product-features__item-list__item\" role=\"listitem\"><span class=\"is--medium\">Fa\u00e7ade :<\/span> Verre tremp\u00e9<\/li>\n<li class=\"product-features__item-list__item\" role=\"listitem\"><span class=\"is--medium\">Coloris :<\/span> Blanc<\/li>\n<li class=\"product-features__item-list__item\" role=\"listitem\"><span class=\"is--medium\">Programmateur :<\/span> 8 heures<\/li>\n<\/ul>\n<\/li>\n<li class=\"product-features__item\" role=\"listitem\">\n<h3 class=\"product-features__label\">Utilisation<\/h3>\n<ul role=\"list\">\n<li class=\"product-features__item-list__item\" role=\"listitem\"><span class=\"is--medium\">Nombre de vitesses :<\/span> 2 vitesses<\/li>\n<\/ul>\n<\/li>\n<li class=\"product-features__item\" role=\"listitem\">\n<h3 class=\"product-features__label\">S\u00e9curit\u00e9<\/h3>\n<ul role=\"list\">\n<li class=\"product-features__item-list__item\" role=\"listitem\"><span class=\"is--medium\">Arr\u00eat automatique :<\/span> Oui<\/li>\n<\/ul>\n<\/li>\n<li class=\"product-features__item\" role=\"listitem\">\n<h3 class=\"product-features__label\">Dimensions<\/h3>\n<ul role=\"list\">\n<li class=\"product-features__item-list__item\" role=\"listitem\"><span class=\"is--medium\">Dimensions l x h x p :<\/span> 60 x 66 x 23 cm<\/li>\n<li class=\"product-features__item-list__item\" role=\"listitem\"><span class=\"is--medium\">Poids net :<\/span> 24,00 kg<\/li>\n<li class=\"product-features__item-list__item\" role=\"listitem\"><span class=\"is--medium\">Poids Brut :<\/span> 24 kg<\/li>\n<\/ul>\n<\/li>\n<li class=\"product-features__item\" role=\"listitem\">\n<h3 class=\"product-features__label\">Informations compl\u00e9mentaires<\/h3>\n<ul role=\"list\">\n<li class=\"product-features__item-list__item\" role=\"listitem\"><span class=\"is--medium\">Fabriqu\u00e9 en :<\/span> Chine<\/li>\n<li class=\"product-features__item-list__item\" role=\"listitem\"><span class=\"is--medium\">Disponibilit\u00e9 des pi\u00e8ces d\u00e9tach\u00e9es (donn\u00e9es fournisseur) :<\/span> Non communiqu\u00e9e<\/li>\n<\/ul>\n<\/li>\n<\/ul>\n<\/div>\n<div class=\"product__disclosure-content\">\n<div class=\"js-read-more product-description__content read-more read-more--truncated\" style=\"max-height: 500px;overflow: hidden\" data-read-more-name=\"description\">\n<p><b>Chemin\u00e9e \u00e9lectrique avec une agr\u00e9able lueur de feu pour une ambiance romantique sans<br \/>\nfum\u00e9e ni cendres.<\/b><\/p>\n<p><b>Fonction chauffante ind\u00e9pendante avec deux niveaux d&rsquo;intensit\u00e9 de 900W et 1800W et<br \/>\nillusion de flammes.<\/b><\/p>\n<p><b>Contr\u00f4le pratique via la t\u00e9l\u00e9commande, programmateur hebdomadaire, fonction de<br \/>\nminuterie et\u00a0<i>OpenWindow Detection<\/i>.<\/b><\/p>\n<p>Ambiance de chemin\u00e9e \u00e9l\u00e9gante dans des dimensions compactes sans fum\u00e9e ni feu.<br \/>\nL&rsquo;\u00e9l\u00e9gante chemin\u00e9e \u00e9lectrique\u00a0<b>Klarstein<\/b>\u00a0Etna Pozzolana cr\u00e9\u00e9e\u00a0une illusion de flammes<br \/>\nr\u00e9alistes dans toutes les pi\u00e8ces. La faible lumi\u00e8re simule de v\u00e9ritables flammes<br \/>\nflamboyantes et des b\u00fbches de bois, diffusant directement une agr\u00e9able ambiance<br \/>\nromantique.<\/p>\n<p>Profitez d&rsquo;un feu tout au long de l&rsquo;ann\u00e9e: les flammes LED de la<b>\u00a0chemin\u00e9e<br \/>\n\u00e9lectrique <\/b><b>Klarstein<\/b>\u00a0Etna Pozzolana fonctionnent compl\u00e8tement ind\u00e9pendamment de la<br \/>\nfonction chauffante et peuvent donc \u00eatre utilis\u00e9es m\u00eame lors des nuits chaudes d&rsquo;\u00e9t\u00e9.<br \/>\nLa fonction chauffante \u00e0 deux niveaux d&rsquo;intensit\u00e9 avec une puissance de 900 et 1800<br \/>\nwatts diffuse une agr\u00e9able chaleur. Avec le programmateur hebdomadaire r\u00e9glable, il<br \/>\nest possible de programmer pour chaque jour la fonction chauffante afin qu&rsquo;il fasse<br \/>\ntoujours bon lorsque vous vous levez le matin ou lorsque vous rentrez du travail le<br \/>\nsoir, sans devoir n\u00e9cessairement laisser allumer le chauffage en continu. Outre, le<br \/>\npanneau de commande, la chemin\u00e9e \u00e9lectrique peut aussi \u00eatre r\u00e9gl\u00e9e \u00e0 l&rsquo;aide de la<br \/>\nt\u00e9l\u00e9commande. Un thermostat int\u00e9gr\u00e9\u00a0permet de r\u00e9guler automatiquement la fonction<br \/>\nchauffante tandis que la fonction\u00a0<i>OpenWindow Detection<\/i>\u00a0permet d&rsquo;\u00e9viter des d\u00e9penses<br \/>\ninutiles en d\u00e9tectant les rapides chutes de temp\u00e9rature et en \u00e9teignant<br \/>\nautomatiquement la\u00a0<b>chemin\u00e9e<\/b>.<\/p>\n<p>Un design unique avec des pierres d\u00e9coratives: la\u00a0<b>chemin\u00e9e<\/b><b>Klarstein<\/b>\u00a0Etna Pozzolana<br \/>\nest \u00e9l\u00e9gante avec ses pierres qui semblent plus vraies que nature gr\u00e2ce au Polystone.<br \/>\nElle apporte ainsi partout une atmosph\u00e8re styl\u00e9e et d\u00e9gage instantan\u00e9ment une<br \/>\nambiance de convivialit\u00e9 digne d&rsquo;une v\u00e9ritable\u00a0<b>chemin\u00e9e<\/b>. Elle est id\u00e9ale pour passer<br \/>\nun moment douillet, seul ou \u00e0 deux.<\/p>\n<p>La\u00a0<b>chemin\u00e9e \u00e9lectrique\u00a0<\/b>Etna Pozzolana de\u00a0<b>Klarstein<\/b>: un atout alliant modernit\u00e9 et<br \/>\nromantisme !<\/p>\n<p><b>Remarque: ce produit convient uniquement aux pi\u00e8ces bien isol\u00e9es ou pour une<br \/>\nutilisation occasionnelle.<\/b><\/p>\n<p><b>Top Features:<\/b><\/p>\n<p>\u2022 <b>Puissante:<\/b>\u00a02 niveaux d&rsquo;intensit\u00e9 de 900 ou 1800 watts<br \/>\n\u2022 <b>Agr\u00e9able:<\/b>\u00a0chemin\u00e9e \u00e9lectrique avec illusion r\u00e9aliste de flammes LED pour un moment<br \/>\ndans une ambiance douillette<br \/>\n\u2022 <b>Pratique et facile \u00e0 contr\u00f4ler :<\/b>\u00a0t\u00e9l\u00e9commande incluse<br \/>\n\u2022 <b>Automatique :\u00a0<\/b>avec programmateur hebdomadaire pour programmer la dur\u00e9e de chauffe<br \/>\net la mise \u00e0 l&rsquo;arr\u00eat<br \/>\n\u2022 <b>\u00c9l\u00e9gante:<\/b>\u00a0pierres d\u00e9coratives en polystone tr\u00e8s r\u00e9alistes<br \/>\n\u2022 <b>\u00c9clairage r\u00e9glable :<\/b>\u00a0gr\u00e2ce aux 5 niveaux de clart\u00e9 r\u00e9glables<\/p>\n<p><b>Caract\u00e9ristiques:<\/b><\/p>\n<p>\u2022 Puissance: 1800 watts<br \/>\n\u2022 Port\u00e9e : jusqu&rsquo;\u00e0 36 m\u00b2 (selon l&rsquo;isolation de la pi\u00e8ce)<br \/>\n\u2022 Plage de temp\u00e9rature: 10 \u00e0 30 \u00b0C<br \/>\n\u2022 Flammes LED fonctionnant ind\u00e9pendamment de la fonction chauffante<br \/>\n\u2022 5 niveaux de clart\u00e9<br \/>\n\u2022 B\u00fbche de bois en r\u00e9sine<br \/>\n\u2022 T\u00e9l\u00e9commande incluse<br \/>\n\u2022 Verrouillage du clavier<br \/>\n\u2022 Minuterie de mise \u00e0 l&rsquo;arr\u00eat &#8211;\u00a0 30 minutes \u00e0 9 heures<br \/>\n\u2022 Affichage de la temp\u00e9rature en \u00b0C ou \u00b0F<br \/>\n\u2022 Mat\u00e9riel du bo\u00eetier : plaques MDF \/ Polystone<br \/>\n\u2022 Alimentation \u00e9lectrique : 220-240 V~ | 50 Hz<\/p>\n<p><b>Inclus dans la livraison:<\/b><\/p>\n<p>\u2022 1 x chemin\u00e9e<br \/>\n\u2022 1 x t\u00e9l\u00e9commande<br \/>\n\u2022 Manuel d&rsquo;instructions<\/p>\n<p><b>Dimensions:<\/b><\/p>\n<p>\u2022 Dimensions: env. 60 x 66 x 23 cm (LxHxP)<br \/>\n\u2022 Longueur du c\u00e2ble : env. 120 cm<br \/>\n\u2022 Poids: env. 24 kg<\/p>\n<\/div>\n<p>&nbsp;<\/p>\n<\/div>","protected":false},"excerpt":{"rendered":"<div class=\"keypoints\">\n<h3 class=\"keypoints__title\">Les points cl\u00e9s<\/h3>\n<ul role=\"list\">\n<li class=\"keypoints__item\" role=\"listitem\">Surface chauff\u00e9e : 40 m\u00b2<\/li>\n<li class=\"keypoints__item\" role=\"listitem\">Puissance max : 1.800 W<\/li>\n<li class=\"keypoints__item\" role=\"listitem\">Programmateur : 8 heures<\/li>\n<li class=\"keypoints__item\" role=\"listitem\">2 vitesses<\/li>\n<\/ul>\n<\/div>","protected":false},"featured_media":40896,"template":"","meta":{"_glsr_average":0,"_glsr_ranking":0,"_glsr_reviews":0},"product_cat":[288],"product_tag":[290,153],"class_list":{"0":"post-99505","1":"product","2":"type-product","3":"status-publish","4":"has-post-thumbnail","6":"product_cat-chauffage","7":"product_tag-chauffage","8":"product_tag-maison-entretien","10":"first","11":"instock","12":"sale","13":"shipping-taxable","14":"purchasable","15":"product-type-simple"},"_links":{"self":[{"href":"https:\/\/electromenagerexpress.com\/en\/wp-json\/wp\/v2\/product\/99505","targetHints":{"allow":["GET"]}}],"collection":[{"href":"https:\/\/electromenagerexpress.com\/en\/wp-json\/wp\/v2\/product"}],"about":[{"href":"https:\/\/electromenagerexpress.com\/en\/wp-json\/wp\/v2\/types\/product"}],"wp:featuredmedia":[{"embeddable":true,"href":"https:\/\/electromenagerexpress.com\/en\/wp-json\/wp\/v2\/media\/40896"}],"wp:attachment":[{"href":"https:\/\/electromenagerexpress.com\/en\/wp-json\/wp\/v2\/media?parent=99505"}],"wp:term":[{"taxonomy":"product_cat","embeddable":true,"href":"https:\/\/electromenagerexpress.com\/en\/wp-json\/wp\/v2\/product_cat?post=99505"},{"taxonomy":"product_tag","embeddable":true,"href":"https:\/\/electromenagerexpress.com\/en\/wp-json\/wp\/v2\/product_tag?post=99505"}],"curies":[{"name":"wp","href":"https:\/\/api.w.org\/{rel}","templated":true}]}}