{"id":99503,"date":"2024-11-28T11:02:13","date_gmt":"2024-11-28T11:02:13","guid":{"rendered":"https:\/\/electromenagerexpress.com\/product\/cheminee-electriqueklarsteinlienz-1800w\/"},"modified":"2024-12-28T07:59:23","modified_gmt":"2024-12-28T07:59:23","slug":"cheminee-electriqueklarsteinlienz-1800w","status":"publish","type":"product","link":"https:\/\/electromenagerexpress.com\/en\/product\/cheminee-electriqueklarsteinlienz-1800w\/","title":{"rendered":"Chemin\u00e9e \u00e9lectrique KLARSTEIN Lienz 1800W"},"content":{"rendered":"<div class=\"product-features__content\">\n<ul role=\"list\">\n<li class=\"product-features__item\" role=\"listitem\">\n<h3 class=\"product-features__label\">Caract\u00e9ristiques g\u00e9n\u00e9rales<\/h3>\n<ul role=\"list\">\n<li class=\"product-features__item-list__item\" role=\"listitem\"><span class=\"is--medium\">Type :<\/span> Chemin\u00e9e \u00e9lectrique<\/li>\n<li class=\"product-features__item-list__item\" role=\"listitem\"><span class=\"is--medium\">Alimentation :<\/span> Secteur<\/li>\n<li class=\"product-features__item-list__item\" role=\"listitem\"><span class=\"is--medium\">Puissance minimale :<\/span> 900 W<\/li>\n<li class=\"product-features__item-list__item\" role=\"listitem\"><span class=\"is--medium\">Puissance max :<\/span> 1.800 W<\/li>\n<li class=\"product-features__item-list__item\" role=\"listitem\"><span class=\"is--medium\">Surface chauff\u00e9e :<\/span> 40 m\u00b2<\/li>\n<li class=\"product-features__item-list__item\" role=\"listitem\"><span class=\"is--medium\">Effet flamme :<\/span> Oui<\/li>\n<li class=\"product-features__item-list__item\" role=\"listitem\"><span class=\"is--medium\">Thermostat :<\/span> M\u00e9canique<\/li>\n<li class=\"product-features__item-list__item\" role=\"listitem\"><span class=\"is--medium\">Fa\u00e7ade :<\/span> Verre tremp\u00e9<\/li>\n<li class=\"product-features__item-list__item\" role=\"listitem\"><span class=\"is--medium\">Coloris :<\/span> Beige<\/li>\n<li class=\"product-features__item-list__item\" role=\"listitem\"><span class=\"is--medium\">Programmateur :<\/span> Oui<\/li>\n<\/ul>\n<\/li>\n<li class=\"product-features__item\" role=\"listitem\">\n<h3 class=\"product-features__label\">Utilisation<\/h3>\n<ul role=\"list\">\n<li class=\"product-features__item-list__item\" role=\"listitem\"><span class=\"is--medium\">Nombre de vitesses :<\/span> 2 vitesses<\/li>\n<li class=\"product-features__item-list__item\" role=\"listitem\"><span class=\"is--medium\">T\u00e9moin de fonctionnement :<\/span> Oui<\/li>\n<\/ul>\n<\/li>\n<li class=\"product-features__item\" role=\"listitem\">\n<h3 class=\"product-features__label\">S\u00e9curit\u00e9<\/h3>\n<ul role=\"list\">\n<li class=\"product-features__item-list__item\" role=\"listitem\"><span class=\"is--medium\">Anti-surchauffe :<\/span> Oui<\/li>\n<li class=\"product-features__item-list__item\" role=\"listitem\"><span class=\"is--medium\">Arr\u00eat automatique :<\/span> Oui<\/li>\n<\/ul>\n<\/li>\n<li class=\"product-features__item\" role=\"listitem\">\n<h3 class=\"product-features__label\">Confort<\/h3>\n<ul role=\"list\">\n<li class=\"product-features__item-list__item\" role=\"listitem\"><span class=\"is--medium\">Mobilit\u00e9 :<\/span> Sans<\/li>\n<\/ul>\n<\/li>\n<li class=\"product-features__item\" role=\"listitem\">\n<h3 class=\"product-features__label\">Dimensions<\/h3>\n<ul role=\"list\">\n<li class=\"product-features__item-list__item\" role=\"listitem\"><span class=\"is--medium\">Dimensions l x h x p :<\/span> 60 x 67 x 23 cm<\/li>\n<li class=\"product-features__item-list__item\" role=\"listitem\"><span class=\"is--medium\">Poids net :<\/span> 15,00 kg<\/li>\n<li class=\"product-features__item-list__item\" role=\"listitem\"><span class=\"is--medium\">Poids Brut :<\/span> 15 kg<\/li>\n<\/ul>\n<\/li>\n<li class=\"product-features__item\" role=\"listitem\">\n<h3 class=\"product-features__label\">Informations compl\u00e9mentaires<\/h3>\n<ul role=\"list\">\n<li class=\"product-features__item-list__item\" role=\"listitem\"><span class=\"is--medium\">Fabriqu\u00e9 en :<\/span> Chine<\/li>\n<li class=\"product-features__item-list__item\" role=\"listitem\"><span class=\"is--medium\">Disponibilit\u00e9 des pi\u00e8ces d\u00e9tach\u00e9es (donn\u00e9es fournisseur) :<\/span> Non communiqu\u00e9e<\/li>\n<\/ul>\n<\/li>\n<\/ul>\n<\/div>\n<div class=\"product__disclosure-content\">\n<div class=\"js-read-more product-description__content read-more read-more--truncated\" style=\"max-height: 500px;overflow: hidden\" data-read-more-name=\"description\">\n<p>Une sensation de chemin\u00e9e styl\u00e9e aux dimensions compactes, sans fum\u00e9e ni feu.<br \/>\nL&rsquo;\u00e9l\u00e9gante <b>chemin\u00e9e \u00e9lectrique<\/b><b>Klarstein<\/b> Lienz ressemble \u00e0 s&rsquo;y m\u00e9prendre \u00e0 une vraie<br \/>\nchemin\u00e9e en pierre gr\u00e2ce \u00e0 sa fabrication en polystone et cr\u00e9e des illusions de<br \/>\nflammes r\u00e9alistes dans chaque pi\u00e8ce. La lumi\u00e8re douce et r\u00e9glable imite \u00e0 s&rsquo;y<br \/>\nm\u00e9prendre la lueur du feu et les b\u00fbches incandescentes et diffuse imm\u00e9diatement une<br \/>\natmosph\u00e8re agr\u00e9able et romantique. De plus, la <b>chemin\u00e9e<\/b> Lienz est \u00e9quip\u00e9e d&rsquo;une<br \/>\nfonction de chauffage activable \u00e0 deux niveaux et d&rsquo;une minuterie hebdomadaire tr\u00e8s<br \/>\npratique. La commande s&rsquo;effectue via l&rsquo;\u00e9cran de l&rsquo;appareil ou tr\u00e8s ais\u00e9ment via la<br \/>\nt\u00e9l\u00e9commande.<\/p>\n<p>Parfait pour passer des heures douillettes &#8211; que l&rsquo;on soit seul ou \u00e0 deux\u00a0: la<br \/>\n<b>chemin\u00e9e \u00e9lectrique <\/b><b>Klarstein<\/b> Lienz.<\/p>\n<p><b>Remarque : ce produit ne convient qu&rsquo;aux pi\u00e8ces bien isol\u00e9es ou pour une utilisation<br \/>\noccasionnelle.<\/b><\/p>\n<p><b>Top Features:<\/b><\/p>\n<p>\u2022 <b>Puissant :<\/b> 2 niveaux de chauffage \u00e0 900 ou 1800 watts <b>Confortable :<\/b> chemin\u00e9e<br \/>\n\u00e9lectrique avec illusion de flammes r\u00e9alistes <b>Contr\u00f4le simple et pratique<\/b> :<br \/>\nt\u00e9l\u00e9commande incluse <b>Avec minuterie hebdomadaire :<\/b> pour la programmation de la<br \/>\npuissance de chauffage <b>Effet trompeur :<\/b> d\u00e9cor de pierre et de bois en<br \/>\npolystone <b>Adaptable : <\/b>avec luminosit\u00e9 r\u00e9glable ind\u00e9pendamment de la fonction de<br \/>\nchauffage <b><i>Open Window Detection<\/i> :<\/b> la chemin\u00e9e se coupe automatiquement en cas de<br \/>\nbaisse rapide de la temp\u00e9rature<\/p>\n<p><b>Caract\u00e9ristiques:<\/b><\/p>\n<p>\u2022 chemin\u00e9e \u00e9lectrique avec \u00e9clairage et fonction de chauffage activable<br \/>\n\u2022 2 niveaux de puissance : 900 \/ 1800 watts<br \/>\n\u2022 Flammes LED utilisables ind\u00e9pendamment du chauffage<br \/>\n\u2022 luminosit\u00e9 r\u00e9glable<br \/>\n\u2022 Minuteur hebdomadaire avec p\u00e9riodes de chauffage programmables<br \/>\n\u2022 le thermostat int\u00e9gr\u00e9 r\u00e9gule automatiquement la puissance de chauffage<br \/>\n\u2022 <i>Open Window Detection :<\/i> arr\u00eat automatique en cas de baisse rapide de la temp\u00e9rature<br \/>\n\u2022 aspect trompeur de pierre v\u00e9ritable<br \/>\n\u2022 t\u00e9l\u00e9commande incluse<\/p>\n<p><b>Inclus dans la livraison:<\/b><\/p>\n<p>\u2022 1 x chemin\u00e9e1 x t\u00e9l\u00e9commande<\/p>\n<p><b>Dimensions:<\/b><\/p>\n<p>\u2022 Dimensions\u00a0: env. 60 x 67 x 23\u00a0cm (LxHxP)<br \/>\n\u2022 Poids\u00a0: env. 15\u00a0kg<br \/>\n\u2022 Mat\u00e9riau du bo\u00eetier : polystone<br \/>\n\u2022 Alimentation \u00e9lectrique : 220-240 V~ | 50 Hz<\/p>\n<\/div>\n<p>&nbsp;<\/p>\n<\/div>","protected":false},"excerpt":{"rendered":"<div class=\"keypoints\">\n<h3 class=\"keypoints__title\">Les points cl\u00e9s<\/h3>\n<ul role=\"list\">\n<li class=\"keypoints__item\" role=\"listitem\">Surface chauff\u00e9e : 40 m\u00b2<\/li>\n<li class=\"keypoints__item\" role=\"listitem\">Puissance max : 1.800 W<\/li>\n<li class=\"keypoints__item\" role=\"listitem\">Programmateur<\/li>\n<li class=\"keypoints__item\" role=\"listitem\">2 vitesses<\/li>\n<\/ul>\n<\/div>","protected":false},"featured_media":40878,"template":"","meta":{"_glsr_average":0,"_glsr_ranking":0,"_glsr_reviews":0},"product_cat":[288],"product_tag":[290,153],"class_list":{"0":"post-99503","1":"product","2":"type-product","3":"status-publish","4":"has-post-thumbnail","6":"product_cat-chauffage","7":"product_tag-chauffage","8":"product_tag-maison-entretien","10":"first","11":"instock","12":"sale","13":"shipping-taxable","14":"purchasable","15":"product-type-simple"},"_links":{"self":[{"href":"https:\/\/electromenagerexpress.com\/en\/wp-json\/wp\/v2\/product\/99503","targetHints":{"allow":["GET"]}}],"collection":[{"href":"https:\/\/electromenagerexpress.com\/en\/wp-json\/wp\/v2\/product"}],"about":[{"href":"https:\/\/electromenagerexpress.com\/en\/wp-json\/wp\/v2\/types\/product"}],"wp:featuredmedia":[{"embeddable":true,"href":"https:\/\/electromenagerexpress.com\/en\/wp-json\/wp\/v2\/media\/40878"}],"wp:attachment":[{"href":"https:\/\/electromenagerexpress.com\/en\/wp-json\/wp\/v2\/media?parent=99503"}],"wp:term":[{"taxonomy":"product_cat","embeddable":true,"href":"https:\/\/electromenagerexpress.com\/en\/wp-json\/wp\/v2\/product_cat?post=99503"},{"taxonomy":"product_tag","embeddable":true,"href":"https:\/\/electromenagerexpress.com\/en\/wp-json\/wp\/v2\/product_tag?post=99503"}],"curies":[{"name":"wp","href":"https:\/\/api.w.org\/{rel}","templated":true}]}}