{"id":99502,"date":"2024-11-28T11:02:07","date_gmt":"2024-11-28T11:02:07","guid":{"rendered":"https:\/\/electromenagerexpress.com\/product\/cheminee-electriqueklarsteinstudio-5-900-1800w-reconditionne\/"},"modified":"2024-12-28T08:02:16","modified_gmt":"2024-12-28T08:02:16","slug":"cheminee-electriqueklarsteinstudio-5-900-1800w-reconditionne","status":"publish","type":"product","link":"https:\/\/electromenagerexpress.com\/en\/product\/cheminee-electriqueklarsteinstudio-5-900-1800w-reconditionne\/","title":{"rendered":"Chemin\u00e9e \u00e9lectrique KLARSTEIN Studio 5 900\/1800W Reconditionn\u00e9"},"content":{"rendered":"<div class=\"product-features__content\">\n<ul role=\"list\">\n<li class=\"product-features__item\" role=\"listitem\">\n<h3 class=\"product-features__label\">Caract\u00e9ristiques g\u00e9n\u00e9rales<\/h3>\n<ul role=\"list\">\n<li class=\"product-features__item-list__item\" role=\"listitem\"><span class=\"is--medium\">Type :<\/span> Chemin\u00e9e \u00e9lectrique<\/li>\n<li class=\"product-features__item-list__item\" role=\"listitem\"><span class=\"is--medium\">Alimentation :<\/span> Secteur<\/li>\n<li class=\"product-features__item-list__item\" role=\"listitem\"><span class=\"is--medium\">Puissance minimale :<\/span> 900 W<\/li>\n<li class=\"product-features__item-list__item\" role=\"listitem\"><span class=\"is--medium\">Puissance max :<\/span> 1.800 W<\/li>\n<li class=\"product-features__item-list__item\" role=\"listitem\"><span class=\"is--medium\">Surface chauff\u00e9e :<\/span> 40 m\u00b2<\/li>\n<li class=\"product-features__item-list__item\" role=\"listitem\"><span class=\"is--medium\">Effet flamme :<\/span> Oui<\/li>\n<li class=\"product-features__item-list__item\" role=\"listitem\"><span class=\"is--medium\">Fa\u00e7ade :<\/span> Verre tremp\u00e9<\/li>\n<li class=\"product-features__item-list__item\" role=\"listitem\"><span class=\"is--medium\">Coloris :<\/span> Noir<\/li>\n<\/ul>\n<\/li>\n<li class=\"product-features__item\" role=\"listitem\">\n<h3 class=\"product-features__label\">Utilisation<\/h3>\n<ul role=\"list\">\n<li class=\"product-features__item-list__item\" role=\"listitem\"><span class=\"is--medium\">Nombre de vitesses :<\/span> 2 vitesses<\/li>\n<\/ul>\n<\/li>\n<li class=\"product-features__item\" role=\"listitem\">\n<h3 class=\"product-features__label\">S\u00e9curit\u00e9<\/h3>\n<ul role=\"list\">\n<li class=\"product-features__item-list__item\" role=\"listitem\"><span class=\"is--medium\">Anti-surchauffe :<\/span> Oui<\/li>\n<\/ul>\n<\/li>\n<li class=\"product-features__item\" role=\"listitem\">\n<h3 class=\"product-features__label\">Dimensions<\/h3>\n<ul role=\"list\">\n<li class=\"product-features__item-list__item\" role=\"listitem\"><span class=\"is--medium\">Dimensions l x h x p :<\/span> 62 x 80 x 22 cm<\/li>\n<li class=\"product-features__item-list__item\" role=\"listitem\"><span class=\"is--medium\">Poids net :<\/span> 26,00 kg<\/li>\n<\/ul>\n<\/li>\n<li class=\"product-features__item\" role=\"listitem\">\n<h3 class=\"product-features__label\">Informations compl\u00e9mentaires<\/h3>\n<ul role=\"list\">\n<li class=\"product-features__item-list__item\" role=\"listitem\"><span class=\"is--medium\">Fabriqu\u00e9 en :<\/span> Chine<\/li>\n<\/ul>\n<\/li>\n<\/ul>\n<\/div>\n<div class=\"product__disclosure-content\">\n<div class=\"js-read-more product-description__content read-more read-more--truncated\" style=\"max-height: 500px;overflow: hidden\" data-read-more-name=\"description\">\n<p>L&rsquo;\u00e9l\u00e9gante <b>chemin\u00e9e \u00e9lectrique<\/b> <b>Klarstein<\/b> Studio 5 cr\u00e9e comme par magie des illusions de flammes r\u00e9alistes dans chaque pi\u00e8ce ! La lumi\u00e8re douce imite \u00e0 s&rsquo;y m\u00e9prendre les flmmes et les b\u00fbches incandescentes et diffuse imm\u00e9diatement une atmosph\u00e8re agr\u00e9able et romantique. Les flammes LED s&rsquo;allument de mani\u00e8re totalement ind\u00e9pendante de la fonction de chauffage, avec 5 niveaux de luminosit\u00e9 diff\u00e9rents. La commande, d&rsquo;une simplicit\u00e9 enfantine, s&rsquo;effectue directement sur la <b>chemin\u00e9e<\/b> ou confortablement via la <b>t\u00e9l\u00e9commande<\/b>.<\/p>\n<p>La c<b>hemin\u00e9e<\/b> Studio 5 de <b>Klarstein<\/b>: un highlight romantique confortable et moderne, sans suie ni cendres !<\/p>\n<p><b>Top Features:<\/b><\/p>\n<p><b>\u00c9l\u00e9gant :<\/b> chemin\u00e9e \u00e9lectrique avec illusion de flammes r\u00e9alistes<br \/>\n<b>S\u00fbr :<\/b> ambiance de chemin\u00e9e sans feu ni fum\u00e9e<br \/>\n<b>2 niveaux de temp\u00e9rature :<\/b> ventilateur chauffant de 900 ou 1 800 W<br \/>\n<b>Pour toutes les saisons :<\/b> illusion de flammes \u00e0 s&rsquo;y m\u00e9prendre, m\u00eame sans chauffage<br \/>\n<b>Contr\u00f4le simple<\/b> : t\u00e9l\u00e9commande incluse<\/p>\n<p><b>Caract\u00e9ristiques:<\/b><\/p>\n<ul>\n<li>chemin\u00e9e avec \u00e9clairage et fonction de chauffage activable<\/li>\n<li>5 niveaux de luminosit\u00e9 et 2 niveaux de temp\u00e9rature<\/li>\n<li>\u00e9galement possible exclusivement en \u00e9clairage<\/li>\n<li>Puissance : 1800 watts<\/li>\n<li>\u00c9clairage : LED 4 W<\/li>\n<li>design moderne avec plateau en verre<\/li>\n<li>t\u00e9l\u00e9commande incluse<\/li>\n<li><\/li>\n<\/ul>\n<p><b>Inclus dans la livraison:<\/b><\/p>\n<ul>\n<li>1 x chemin\u00e9e<\/li>\n<li>1 x t\u00e9l\u00e9commande (pile bouton CR2025 fournie)<\/li>\n<li>Mode d&#8217;emploi en fran\u00e7ais<\/li>\n<\/ul>\n<p><b>Dimension:<\/b><\/p>\n<ul>\n<li>Dimensions : env. 62 x 80 x 22 cm (LxHxP)<\/li>\n<li>Poids\u00a0: env. 26\u00a0kg<\/li>\n<li>Alimentation \u00e9lectrique : 220-240 V~ | 50 Hz<\/li>\n<\/ul>\n<\/div>\n<p>&nbsp;<\/p>\n<\/div>","protected":false},"excerpt":{"rendered":"<div class=\"keypoints\">\n<h3 class=\"keypoints__title\">Les points cl\u00e9s<\/h3>\n<ul role=\"list\">\n<li class=\"keypoints__item\" role=\"listitem\">Surface chauff\u00e9e : 40 m\u00b2<\/li>\n<li class=\"keypoints__item\" role=\"listitem\">Puissance max : 1.800 W<\/li>\n<li class=\"keypoints__item\" role=\"listitem\">2 vitesses<\/li>\n<\/ul>\n<\/div>","protected":false},"featured_media":40869,"template":"","meta":{"_glsr_average":0,"_glsr_ranking":0,"_glsr_reviews":0},"product_cat":[288],"product_tag":[290,153],"class_list":{"0":"post-99502","1":"product","2":"type-product","3":"status-publish","4":"has-post-thumbnail","6":"product_cat-chauffage","7":"product_tag-chauffage","8":"product_tag-maison-entretien","10":"first","11":"instock","12":"sale","13":"shipping-taxable","14":"purchasable","15":"product-type-simple"},"_links":{"self":[{"href":"https:\/\/electromenagerexpress.com\/en\/wp-json\/wp\/v2\/product\/99502","targetHints":{"allow":["GET"]}}],"collection":[{"href":"https:\/\/electromenagerexpress.com\/en\/wp-json\/wp\/v2\/product"}],"about":[{"href":"https:\/\/electromenagerexpress.com\/en\/wp-json\/wp\/v2\/types\/product"}],"wp:featuredmedia":[{"embeddable":true,"href":"https:\/\/electromenagerexpress.com\/en\/wp-json\/wp\/v2\/media\/40869"}],"wp:attachment":[{"href":"https:\/\/electromenagerexpress.com\/en\/wp-json\/wp\/v2\/media?parent=99502"}],"wp:term":[{"taxonomy":"product_cat","embeddable":true,"href":"https:\/\/electromenagerexpress.com\/en\/wp-json\/wp\/v2\/product_cat?post=99502"},{"taxonomy":"product_tag","embeddable":true,"href":"https:\/\/electromenagerexpress.com\/en\/wp-json\/wp\/v2\/product_tag?post=99502"}],"curies":[{"name":"wp","href":"https:\/\/api.w.org\/{rel}","templated":true}]}}