{"id":99498,"date":"2024-11-28T11:01:52","date_gmt":"2024-11-28T11:01:52","guid":{"rendered":"https:\/\/electromenagerexpress.com\/product\/cheminee-electriqueklarsteinstudio-10-arc-1800w\/"},"modified":"2024-12-28T08:13:24","modified_gmt":"2024-12-28T08:13:24","slug":"cheminee-electriqueklarsteinstudio-10-arc-1800w","status":"publish","type":"product","link":"https:\/\/electromenagerexpress.com\/en\/product\/cheminee-electriqueklarsteinstudio-10-arc-1800w\/","title":{"rendered":"Chemin\u00e9e \u00e9lectrique KLARSTEIN Studio 10 Arc 1800W"},"content":{"rendered":"<div class=\"product-features__content\">\n<ul role=\"list\">\n<li class=\"product-features__item\" role=\"listitem\">\n<h3 class=\"product-features__label\">Caract\u00e9ristiques g\u00e9n\u00e9rales<\/h3>\n<ul role=\"list\">\n<li class=\"product-features__item-list__item\" role=\"listitem\"><span class=\"is--medium\">Type :<\/span> Chemin\u00e9e \u00e9lectrique<\/li>\n<li class=\"product-features__item-list__item\" role=\"listitem\"><span class=\"is--medium\">Alimentation :<\/span> Secteur<\/li>\n<li class=\"product-features__item-list__item\" role=\"listitem\"><span class=\"is--medium\">Puissance minimale :<\/span> 900 W<\/li>\n<li class=\"product-features__item-list__item\" role=\"listitem\"><span class=\"is--medium\">Puissance max :<\/span> 1.800 W<\/li>\n<li class=\"product-features__item-list__item\" role=\"listitem\"><span class=\"is--medium\">Surface chauff\u00e9e :<\/span> 40 m\u00b2<\/li>\n<li class=\"product-features__item-list__item\" role=\"listitem\"><span class=\"is--medium\">Effet flamme :<\/span> Oui<\/li>\n<li class=\"product-features__item-list__item\" role=\"listitem\"><span class=\"is--medium\">Thermostat :<\/span> M\u00e9canique<\/li>\n<li class=\"product-features__item-list__item\" role=\"listitem\"><span class=\"is--medium\">Fa\u00e7ade :<\/span> Verre tremp\u00e9<\/li>\n<li class=\"product-features__item-list__item\" role=\"listitem\"><span class=\"is--medium\">Coloris :<\/span> Blanc<\/li>\n<li class=\"product-features__item-list__item\" role=\"listitem\"><span class=\"is--medium\">Programmateur :<\/span> Minuteur 24h<\/li>\n<\/ul>\n<\/li>\n<li class=\"product-features__item\" role=\"listitem\">\n<h3 class=\"product-features__label\">Utilisation<\/h3>\n<ul role=\"list\">\n<li class=\"product-features__item-list__item\" role=\"listitem\"><span class=\"is--medium\">Nombre de vitesses :<\/span> 2 vitesses<\/li>\n<\/ul>\n<\/li>\n<li class=\"product-features__item\" role=\"listitem\">\n<h3 class=\"product-features__label\">S\u00e9curit\u00e9<\/h3>\n<ul role=\"list\">\n<li class=\"product-features__item-list__item\" role=\"listitem\"><span class=\"is--medium\">Arr\u00eat automatique :<\/span> Oui<\/li>\n<\/ul>\n<\/li>\n<li class=\"product-features__item\" role=\"listitem\">\n<h3 class=\"product-features__label\">Dimensions<\/h3>\n<ul role=\"list\">\n<li class=\"product-features__item-list__item\" role=\"listitem\"><span class=\"is--medium\">Dimensions l x h x p :<\/span> 96 x 79 x 26 cm<\/li>\n<li class=\"product-features__item-list__item\" role=\"listitem\"><span class=\"is--medium\">Poids net :<\/span> 20,00 kg<\/li>\n<li class=\"product-features__item-list__item\" role=\"listitem\"><span class=\"is--medium\">Poids Brut :<\/span> 20 kg<\/li>\n<\/ul>\n<\/li>\n<li class=\"product-features__item\" role=\"listitem\">\n<h3 class=\"product-features__label\">Informations compl\u00e9mentaires<\/h3>\n<ul role=\"list\">\n<li class=\"product-features__item-list__item\" role=\"listitem\"><span class=\"is--medium\">Fabriqu\u00e9 en :<\/span> Chine<\/li>\n<li class=\"product-features__item-list__item\" role=\"listitem\"><span class=\"is--medium\">Disponibilit\u00e9 des pi\u00e8ces d\u00e9tach\u00e9es (donn\u00e9es fournisseur) :<\/span> Non communiqu\u00e9e<\/li>\n<\/ul>\n<\/li>\n<\/ul>\n<\/div>\n<div class=\"product__disclosure-content\">\n<div class=\"js-read-more product-description__content read-more read-more--truncated\" style=\"max-height: 500px;overflow: hidden\" data-read-more-name=\"description\">\n<p>Un look \u00e9l\u00e9gant, une chaleur bienfaisante et une utilisation simple : la <b>chemin\u00e9e<br \/>\n\u00e9lectrique<\/b> Studio 10 Arc de <b>Klarstein<\/b> cr\u00e9e comme par magie des illusions de flammes<br \/>\nr\u00e9alistes l dans votre int\u00e9rieur. Les flammes LED cr\u00e9pitent de mani\u00e8re totalement<br \/>\nind\u00e9pendante de la fonction de chauffage \u00e0 deux niveaux et cr\u00e9ent imm\u00e9diatement une<br \/>\natmosph\u00e8re agr\u00e9able et romantique. Diff\u00e9rents niveaux de luminosit\u00e9 et une<br \/>\nutilisation tr\u00e8s simple sur l&rsquo;appareil ou via la t\u00e9l\u00e9commande compl\u00e8tent l&rsquo;image<br \/>\ngrandiose de l&rsquo;intemporelle <b>chemin\u00e9e \u00e9lectrique <\/b>Studio 10 Arc de <b>Klarstein<\/b>.<\/p>\n<p><b>Top Features:<\/b><\/p>\n<p>\u2022 <b>Pas de feu ni de fum\u00e9e : <\/b>chemin\u00e9e \u00e9lectrique avec 2 niveaux de chauffage<br \/>\npuissants <b>D\u00e9coratif\u00a0:<\/b> avec compartiment \u00e0 bois dans la partie inf\u00e9rieure <b>Aper\u00e7u :<\/b> avec<br \/>\n\u00e9cran pour une commande ais\u00e9e <b>Atmosph\u00e9rique :<\/b> effets de flammes et lit de braises<br \/>\nainsi que luminosit\u00e9 r\u00e9glable <b>Design moderne : <\/b>avec clayette en verre sur le dessus<b>A<br \/>\ndistance<\/b>\u00a0: mise en marche via la t\u00e9l\u00e9commande<\/p>\n<p><b>Caract\u00e9ristiques:<\/b><\/p>\n<p>\u2022 chemin\u00e9e \u00e9lectrique avec flammes LED et fonction de chauffage activable<br \/>\n\u2022 Puissance de chauffage : 900 \/ 1800 watts<br \/>\n\u2022 \u00c9clairage : 7 watts<br \/>\n\u2022 2 niveaux de chauffage<br \/>\n\u2022 R\u00e9glage de la luminosit\u00e9<br \/>\n\u2022 R\u00e9glage de la temp\u00e9rature entre 10 \u00b0C et 30 \u00b0C<br \/>\n\u2022 Affichage de la temp\u00e9rature : en Celsius ou Fahrenheit<br \/>\n\u2022 Thermostat<br \/>\n\u2022 Fonction de minuterie<br \/>\n\u2022 T\u00e9l\u00e9commande fournie<br \/>\n\u2022 Open Window Detection : d\u00e9tecte une baisse rapide de la temp\u00e9rature et \u00e9teint la<br \/>\nchemin\u00e9e automatiquement<br \/>\n\u2022 Verrouillage des touches<br \/>\n\u2022 Design moderne<br \/>\n\u2022 clayette sup\u00e9rieure en verre<br \/>\n\u2022 compartiment \u00e0 bois dans la partie inf\u00e9rieure<\/p>\n<p><b>Inclus dans la livraison:<\/b><\/p>\n<p>\u2022 1 x chemin\u00e9e1 x t\u00e9l\u00e9commande (pile bouton CR2025 fournie)Mode d&#8217;emploi en fran\u00e7ais<\/p>\n<p><b>Dimensions:<\/b><\/p>\n<p>\u2022 Dimensions : env. 96 x 79 x 26 cm (LxHxP)<br \/>\n\u2022 Longueur du c\u00e2ble : env. 138 cm<br \/>\n\u2022 Poids : env. 20 kg<br \/>\n\u2022 Alimentation \u00e9lectrique : 220-240 V~ | 50 Hz<br \/>\n\u2022 Alimentation de la t\u00e9l\u00e9commande\u00a0: pile bouton CR2025<\/p>\n<\/div>\n<p>&nbsp;<\/p>\n<\/div>","protected":false},"excerpt":{"rendered":"<div class=\"keypoints\">\n<h3 class=\"keypoints__title\">Les points cl\u00e9s<\/h3>\n<ul role=\"list\">\n<li class=\"keypoints__item\" role=\"listitem\">Surface chauff\u00e9e : 40 m\u00b2<\/li>\n<li class=\"keypoints__item\" role=\"listitem\">Puissance max : 1.800 W<\/li>\n<li class=\"keypoints__item\" role=\"listitem\">Programmateur : Minuteur 24h<\/li>\n<li class=\"keypoints__item\" role=\"listitem\">2 vitesses<\/li>\n<\/ul>\n<\/div>","protected":false},"featured_media":40846,"template":"","meta":{"_glsr_average":0,"_glsr_ranking":0,"_glsr_reviews":0},"product_cat":[288],"product_tag":[290,153],"class_list":{"0":"post-99498","1":"product","2":"type-product","3":"status-publish","4":"has-post-thumbnail","6":"product_cat-chauffage","7":"product_tag-chauffage","8":"product_tag-maison-entretien","10":"first","11":"instock","12":"sale","13":"shipping-taxable","14":"purchasable","15":"product-type-simple"},"_links":{"self":[{"href":"https:\/\/electromenagerexpress.com\/en\/wp-json\/wp\/v2\/product\/99498","targetHints":{"allow":["GET"]}}],"collection":[{"href":"https:\/\/electromenagerexpress.com\/en\/wp-json\/wp\/v2\/product"}],"about":[{"href":"https:\/\/electromenagerexpress.com\/en\/wp-json\/wp\/v2\/types\/product"}],"wp:featuredmedia":[{"embeddable":true,"href":"https:\/\/electromenagerexpress.com\/en\/wp-json\/wp\/v2\/media\/40846"}],"wp:attachment":[{"href":"https:\/\/electromenagerexpress.com\/en\/wp-json\/wp\/v2\/media?parent=99498"}],"wp:term":[{"taxonomy":"product_cat","embeddable":true,"href":"https:\/\/electromenagerexpress.com\/en\/wp-json\/wp\/v2\/product_cat?post=99498"},{"taxonomy":"product_tag","embeddable":true,"href":"https:\/\/electromenagerexpress.com\/en\/wp-json\/wp\/v2\/product_tag?post=99498"}],"curies":[{"name":"wp","href":"https:\/\/api.w.org\/{rel}","templated":true}]}}