{"id":99494,"date":"2024-11-28T11:01:30","date_gmt":"2024-11-28T11:01:30","guid":{"rendered":"https:\/\/electromenagerexpress.com\/product\/cheminee-electriqueklarsteincarinthia-1800w\/"},"modified":"2024-12-28T08:19:27","modified_gmt":"2024-12-28T08:19:27","slug":"cheminee-electriqueklarsteincarinthia-1800w","status":"publish","type":"product","link":"https:\/\/electromenagerexpress.com\/en\/product\/cheminee-electriqueklarsteincarinthia-1800w\/","title":{"rendered":"Chemin\u00e9e \u00e9lectrique KLARSTEIN Carinthia 1800W"},"content":{"rendered":"<div class=\"product-features__content\">\n<ul role=\"list\">\n<li class=\"product-features__item\" role=\"listitem\">\n<h3 class=\"product-features__label\">Caract\u00e9ristiques g\u00e9n\u00e9rales<\/h3>\n<ul role=\"list\">\n<li class=\"product-features__item-list__item\" role=\"listitem\"><span class=\"is--medium\">Type :<\/span> Chemin\u00e9e \u00e9lectrique<\/li>\n<li class=\"product-features__item-list__item\" role=\"listitem\"><span class=\"is--medium\">Alimentation :<\/span> Secteur<\/li>\n<li class=\"product-features__item-list__item\" role=\"listitem\"><span class=\"is--medium\">Puissance minimale :<\/span> 900 W<\/li>\n<li class=\"product-features__item-list__item\" role=\"listitem\"><span class=\"is--medium\">Puissance max :<\/span> 1.800 W<\/li>\n<li class=\"product-features__item-list__item\" role=\"listitem\"><span class=\"is--medium\">Surface chauff\u00e9e :<\/span> 36 m\u00b2<\/li>\n<li class=\"product-features__item-list__item\" role=\"listitem\"><span class=\"is--medium\">Effet flamme :<\/span> Oui<\/li>\n<li class=\"product-features__item-list__item\" role=\"listitem\"><span class=\"is--medium\">Fa\u00e7ade :<\/span> Verre tremp\u00e9<\/li>\n<li class=\"product-features__item-list__item\" role=\"listitem\"><span class=\"is--medium\">Coloris :<\/span> Beige<\/li>\n<li class=\"product-features__item-list__item\" role=\"listitem\"><span class=\"is--medium\">Programmateur :<\/span> Oui<\/li>\n<\/ul>\n<\/li>\n<li class=\"product-features__item\" role=\"listitem\">\n<h3 class=\"product-features__label\">Utilisation<\/h3>\n<ul role=\"list\">\n<li class=\"product-features__item-list__item\" role=\"listitem\"><span class=\"is--medium\">Nombre de vitesses :<\/span> 2 vitesses<\/li>\n<\/ul>\n<\/li>\n<li class=\"product-features__item\" role=\"listitem\">\n<h3 class=\"product-features__label\">S\u00e9curit\u00e9<\/h3>\n<ul role=\"list\">\n<li class=\"product-features__item-list__item\" role=\"listitem\"><span class=\"is--medium\">Anti-surchauffe :<\/span> Oui<\/li>\n<\/ul>\n<\/li>\n<li class=\"product-features__item\" role=\"listitem\">\n<h3 class=\"product-features__label\">Dimensions<\/h3>\n<ul role=\"list\">\n<li class=\"product-features__item-list__item\" role=\"listitem\"><span class=\"is--medium\">Dimensions l x h x p :<\/span> 50 x 82 x 31 cm<\/li>\n<li class=\"product-features__item-list__item\" role=\"listitem\"><span class=\"is--medium\">Poids net :<\/span> 24,00 kg<\/li>\n<\/ul>\n<\/li>\n<li class=\"product-features__item\" role=\"listitem\">\n<h3 class=\"product-features__label\">Informations compl\u00e9mentaires<\/h3>\n<ul role=\"list\">\n<li class=\"product-features__item-list__item\" role=\"listitem\"><span class=\"is--medium\">Fabriqu\u00e9 en :<\/span> Chine<\/li>\n<li class=\"product-features__item-list__item\" role=\"listitem\"><span class=\"is--medium\">Disponibilit\u00e9 des pi\u00e8ces d\u00e9tach\u00e9es (donn\u00e9es fournisseur) :<\/span> Non concern\u00e9<\/li>\n<\/ul>\n<\/li>\n<\/ul>\n<\/div>\n<div class=\"product__disclosure-content\">\n<div class=\"js-read-more product-description__content read-more read-more--truncated\" style=\"max-height: 500px;overflow: hidden\" data-read-more-name=\"description\">\n<p>Une atmosph\u00e8re de chemin\u00e9e, avec style, sans fum\u00e9e ni feu\u00a0: la <b>Chemin\u00e9e \u00e9lectrique<\/b> Klarstein Carinthia<b> avec d\u00e9cor en pierre et compartiment \u00e0 bois d\u00e9coratif imite \u00e0 s&rsquo;y m\u00e9prendre les flammes et les b\u00fbches incandescentes et cr\u00e9e une illusion de flammes r\u00e9aliste chez toi. Le chauffage int\u00e9gr\u00e9 activable \u00e0 deux niveaux diffuse une chaleur agr\u00e9able. Gr\u00e2ce \u00e0 la minuterie hebdomadaire, vous pouvez programmer des p\u00e9riodes de chauffage pour chaque jour. Le Carinthia se commande directement sur l&rsquo;appareil ou tr\u00e8s confortablement via la t\u00e9l\u00e9commande. Le thermostat int\u00e9gr\u00e9 r\u00e9gule automatiquement la puissance de chauffage gr\u00e2ce \u00e0 la fonction <em>OpenWindow Detection<\/em>. <\/b><\/p>\n<p><b><\/p>\n<p>Parfait pour passer des heures douillettes, que l&rsquo;on soit seul ou \u00e0 deux\u00a0: la<\/b> chemin\u00e9e \u00e9lectrique <b> <b>Klarstein<\/b> <b>Carinthia.<\/b><\/b><\/p>\n<p><b>Top Features:<\/b><\/p>\n<p><b>Puissante\u00a0:<\/b> chemin\u00e9e \u00e9lectrique avec 2\u00a0niveaux de chauffage jusqu&rsquo;\u00e0 1800\u00a0watts<br \/>\n<b>Ambiance de chemin\u00e9e\u00a0:<\/b> avec espace de rangement pour les b\u00fbches d\u00e9coratives<br \/>\n<b>Pratique\u00a0:<\/b> avec thermostat r\u00e9glable et fonction minuterie<br \/>\n<b>Contr\u00f4le pratique\u00a0:<\/b> t\u00e9l\u00e9commande fournie<br \/>\n<b>Style<\/b><b> classique\u00a0:<\/b> le d\u00e9cor de pierre en polystone est plus vrai que nature<\/p>\n<p><b>Caract\u00e9ristiques:<\/b><\/p>\n<ul>\n<li>Puissance\u00a0: 900 \/ 1800\u00a0watts<\/li>\n<li>chauffage \u00e0 2\u00a0niveaux<\/li>\n<li>Champ d&rsquo;action\u00a0: jusqu&rsquo;\u00e0 36\u00a0m\u00b2 (selon l&rsquo;isolation de la pi\u00e8ce)<\/li>\n<li>Plage de temp\u00e9rature\u00a0: 10 \u00e0 30\u00a0\u00b0C<\/li>\n<li>Flammes LED utilisables ind\u00e9pendamment du chauffage<\/li>\n<li>5 niveaux de luminosit\u00e9<\/li>\n<li>Minuterie hebdomadaire, permet de programmer les heures de chauffage pour chaque jour de la semaine<\/li>\n<li>B\u00fbches en r\u00e9sine<\/li>\n<li>Compartiment \u00e0 bois d\u00e9coratif<\/li>\n<li>t\u00e9l\u00e9commande incluse<\/li>\n<li>Verrouillage des touches<\/li>\n<li>Minuterie d&rsquo;arr\u00eat de 30\u00a0minutes \u00e0 9\u00a0heures<\/li>\n<li><em>OpenWindow Detection\u00a0:<\/em> si la temp\u00e9rature baisse de 4\u00a0\u00b0C en l&rsquo;espace de 10\u00a0minutes, la fonction de chauffage est automatiquement d\u00e9sactiv\u00e9e<\/li>\n<li>Affichage de la temp\u00e9rature en \u00b0C ou \u00b0F<\/li>\n<li>Mat\u00e9riau du bo\u00eetier\u00a0: panneaux MDF\/polystone<\/li>\n<li>Alimentation\u00a0: 220-240\u00a0V~ | 50\u00a0Hz<\/li>\n<li>Veuillez noter que cet appareil ne peut pas \u00eatre utilis\u00e9 comme source de chauffage principale.<\/li>\n<\/ul>\n<p><b>Inclus dans la livraison:<\/b><\/p>\n<ul>\n<li>1 x chemin\u00e9e<\/li>\n<li>1 x t\u00e9l\u00e9commande<\/li>\n<li>Mode d&#8217;emploi en fran\u00e7ais<\/li>\n<\/ul>\n<p><b>Dimension:<\/b><\/p>\n<ul>\n<li>Dimensions du bo\u00eetier\u00a0: env. 50 x 82 x 31\u00a0cm (l x h x p)<\/li>\n<li>Dimensions de la chemin\u00e9e\u00a0: env. 39 x 45\u00a0cm (l x h)<\/li>\n<li>Dimensions du compartiment de rangement du bois\u00a0: env. 38 x 16\u00a0cm (l x h)<\/li>\n<li>Longueur du c\u00e2ble\u00a0: env. 120\u00a0cm<\/li>\n<li>Poids\u00a0: env. 24\u00a0kg<\/li>\n<\/ul>\n<p>&nbsp;<\/p>\n<\/div>\n<p>&nbsp;<\/p>\n<\/div>","protected":false},"excerpt":{"rendered":"<div class=\"keypoints\">\n<h3 class=\"keypoints__title\">Les points cl\u00e9s<\/h3>\n<ul role=\"list\">\n<li class=\"keypoints__item\" role=\"listitem\">Surface chauff\u00e9e : 36 m\u00b2<\/li>\n<li class=\"keypoints__item\" role=\"listitem\">Puissance max : 1.800 W<\/li>\n<li class=\"keypoints__item\" role=\"listitem\">Programmateur<\/li>\n<li class=\"keypoints__item\" role=\"listitem\">2 vitesses<\/li>\n<\/ul>\n<\/div>","protected":false},"featured_media":40806,"template":"","meta":{"_glsr_average":0,"_glsr_ranking":0,"_glsr_reviews":0},"product_cat":[288],"product_tag":[290,153],"class_list":{"0":"post-99494","1":"product","2":"type-product","3":"status-publish","4":"has-post-thumbnail","6":"product_cat-chauffage","7":"product_tag-chauffage","8":"product_tag-maison-entretien","10":"first","11":"instock","12":"sale","13":"shipping-taxable","14":"purchasable","15":"product-type-simple"},"_links":{"self":[{"href":"https:\/\/electromenagerexpress.com\/en\/wp-json\/wp\/v2\/product\/99494","targetHints":{"allow":["GET"]}}],"collection":[{"href":"https:\/\/electromenagerexpress.com\/en\/wp-json\/wp\/v2\/product"}],"about":[{"href":"https:\/\/electromenagerexpress.com\/en\/wp-json\/wp\/v2\/types\/product"}],"wp:featuredmedia":[{"embeddable":true,"href":"https:\/\/electromenagerexpress.com\/en\/wp-json\/wp\/v2\/media\/40806"}],"wp:attachment":[{"href":"https:\/\/electromenagerexpress.com\/en\/wp-json\/wp\/v2\/media?parent=99494"}],"wp:term":[{"taxonomy":"product_cat","embeddable":true,"href":"https:\/\/electromenagerexpress.com\/en\/wp-json\/wp\/v2\/product_cat?post=99494"},{"taxonomy":"product_tag","embeddable":true,"href":"https:\/\/electromenagerexpress.com\/en\/wp-json\/wp\/v2\/product_tag?post=99494"}],"curies":[{"name":"wp","href":"https:\/\/api.w.org\/{rel}","templated":true}]}}