{"id":99491,"date":"2024-11-28T11:01:17","date_gmt":"2024-11-28T11:01:17","guid":{"rendered":"https:\/\/electromenagerexpress.com\/product\/cheminee-electriqueklarsteinkamini-fxl-200w-blanc\/"},"modified":"2024-12-28T08:29:01","modified_gmt":"2024-12-28T08:29:01","slug":"cheminee-electriqueklarsteinkamini-fxl-200w-blanc","status":"publish","type":"product","link":"https:\/\/electromenagerexpress.com\/en\/product\/cheminee-electriqueklarsteinkamini-fxl-200w-blanc\/","title":{"rendered":"Chemin\u00e9e \u00e9lectrique KLARSTEIN Kamini FXL &#8211; 200W &#8211; Blanc"},"content":{"rendered":"<div class=\"product-features__content\">\n<ul role=\"list\">\n<li class=\"product-features__item\" role=\"listitem\">\n<h3 class=\"product-features__label\">Caract\u00e9ristiques g\u00e9n\u00e9rales<\/h3>\n<ul role=\"list\">\n<li class=\"product-features__item-list__item\" role=\"listitem\"><span class=\"is--medium\">Type :<\/span> Chemin\u00e9e \u00e9lectrique<\/li>\n<li class=\"product-features__item-list__item\" role=\"listitem\"><span class=\"is--medium\">Alimentation :<\/span> Secteur<\/li>\n<li class=\"product-features__item-list__item\" role=\"listitem\"><span class=\"is--medium\">Puissance minimale :<\/span> 1.000 W<\/li>\n<li class=\"product-features__item-list__item\" role=\"listitem\"><span class=\"is--medium\">Puissance max :<\/span> 2.000 W<\/li>\n<li class=\"product-features__item-list__item\" role=\"listitem\"><span class=\"is--medium\">Surface chauff\u00e9e :<\/span> 20 m\u00b2<\/li>\n<li class=\"product-features__item-list__item\" role=\"listitem\"><span class=\"is--medium\">Coloris :<\/span> Blanc<\/li>\n<\/ul>\n<\/li>\n<li class=\"product-features__item\" role=\"listitem\">\n<h3 class=\"product-features__label\">Utilisation<\/h3>\n<ul role=\"list\">\n<li class=\"product-features__item-list__item\" role=\"listitem\"><span class=\"is--medium\">Nombre de vitesses :<\/span> 2 vitesses<\/li>\n<\/ul>\n<\/li>\n<li class=\"product-features__item\" role=\"listitem\">\n<h3 class=\"product-features__label\">Dimensions<\/h3>\n<ul role=\"list\">\n<li class=\"product-features__item-list__item\" role=\"listitem\"><span class=\"is--medium\">Dimensions l x h x p :<\/span> 80 x 60 x 40 cm<\/li>\n<li class=\"product-features__item-list__item\" role=\"listitem\"><span class=\"is--medium\">Poids net :<\/span> 16,20 kg<\/li>\n<\/ul>\n<\/li>\n<li class=\"product-features__item\" role=\"listitem\">\n<h3 class=\"product-features__label\">Informations compl\u00e9mentaires<\/h3>\n<ul role=\"list\">\n<li class=\"product-features__item-list__item\" role=\"listitem\"><span class=\"is--medium\">Fabriqu\u00e9 en :<\/span> Chine<\/li>\n<li class=\"product-features__item-list__item\" role=\"listitem\"><span class=\"is--medium\">Disponibilit\u00e9 des pi\u00e8ces d\u00e9tach\u00e9es (donn\u00e9es fournisseur) :<\/span> Non concern\u00e9<\/li>\n<\/ul>\n<\/li>\n<\/ul>\n<\/div>\n<div class=\"product__disclosure-content\">\n<div class=\"js-read-more product-description__content read-more read-more--truncated\" style=\"max-height: 500px;overflow: hidden\" data-read-more-name=\"description\">\n<p>Une ambiance romantique au coin du feu tous les soirs, en toutes saisons ! La <b>chemin\u00e9e \u00e9lectrique<\/b> <b>Klarstein<\/b> Kamini FXL fonctionne sans feu ouvert, sur simple pression d&rsquo;un bouton. Elle peut non seulement \u00eatre utilis\u00e9e dans les chemin\u00e9es froides existantes, mais aussi \u00eatre plac\u00e9e librement dans chaque pi\u00e8ce. La douce lumi\u00e8re dans les charbons provient d&rsquo;une LED \u00e9conomique de 2 W et imite \u00e0 s&rsquo;y m\u00e9prendre, par ses mouvements, des b\u00fbches incandescantes. La fonction chauffage activable fonctionne au choix avec 1\u00a0000 ou 2\u00a0000 watts. De plus, le <b>chemin\u00e9e<\/b> poss\u00e8de une fonction ventilation. M\u00eame en \u00e9t\u00e9, il est d\u00e9sormais possible de profiter d&rsquo;un joli feu de chemin\u00e9e : ol suffit d&rsquo;allumer exclusivement l&rsquo;\u00e9clairage.<\/p>\n<p><b>Top Features:<\/b><\/p>\n<p><b>Un romantisme douillet :<\/b> insert de chemin\u00e9e \u00e9lectrique<br \/>\n<b>Bien au chaud :<\/b> fonction chaleur activable avec 1\u00a0000 ou 2\u00a0000 watts<br \/>\n<b>Propre :<\/b> pas de suie, pas de cendres &#8211; nettoyage tr\u00e8s facile<br \/>\n<b>Romantisme au coin du feu en toutes saisons : <\/b>illusion de flammes plus vraies que nature m\u00eame sans chauffage<br \/>\n<b>Facile \u00e0 utiliser <\/b><b>:<\/b> 2 niveaux de puissance, \u00e9clairage et thermostat m\u00e9canique<\/p>\n<p><b>Caract\u00e9ristiques:<\/b><\/p>\n<ul>\n<li>chemin\u00e9e avec \u00e9clairage et fonction de chauffage ind\u00e9pendante<\/li>\n<li>b\u00fbches incandescentes sans cendre ni suie<\/li>\n<li>Fonction chauffage au choix 1\u00a0000 ou 2\u00a0000\u00a0W<\/li>\n<li>\u00e9galement possible exclusivement en \u00e9clairage<\/li>\n<li>Puissance : 2\u00a0000 W<\/li>\n<li>\u00c9clairage : LED 2W<\/li>\n<li>Alimentation : 220-240 V~ | 50 Hz<\/li>\n<\/ul>\n<p><b>Inclus dans la livraison:<\/b><\/p>\n<ul>\n<li>1 x insert de chemin\u00e9e<\/li>\n<li>Mode d&#8217;emploi en fran\u00e7ais<\/li>\n<\/ul>\n<p><b>Dimension:<\/b><\/p>\n<ul>\n<li>Dimensions : env. 80 x 60 x 40 cm (LxHxP)<\/li>\n<li>Longueur du c\u00e2ble d&rsquo;alimentation\u00a0: env. 145\u00a0cm<\/li>\n<li>Poids : env. 16,2 kg<\/li>\n<\/ul>\n<\/div>\n<p>&nbsp;<\/p>\n<\/div>","protected":false},"excerpt":{"rendered":"<div class=\"keypoints\">\n<h3 class=\"keypoints__title\">Les points cl\u00e9s<\/h3>\n<ul role=\"list\">\n<li class=\"keypoints__item\" role=\"listitem\">Surface chauff\u00e9e : 20 m\u00b2<\/li>\n<li class=\"keypoints__item\" role=\"listitem\">Puissance max : 2.000 W<\/li>\n<li class=\"keypoints__item\" role=\"listitem\">2 vitesses<\/li>\n<\/ul>\n<\/div>","protected":false},"featured_media":40788,"template":"","meta":{"_glsr_average":0,"_glsr_ranking":0,"_glsr_reviews":0},"product_cat":[288],"product_tag":[290,153],"class_list":{"0":"post-99491","1":"product","2":"type-product","3":"status-publish","4":"has-post-thumbnail","6":"product_cat-chauffage","7":"product_tag-chauffage","8":"product_tag-maison-entretien","10":"first","11":"instock","12":"sale","13":"shipping-taxable","14":"purchasable","15":"product-type-simple"},"_links":{"self":[{"href":"https:\/\/electromenagerexpress.com\/en\/wp-json\/wp\/v2\/product\/99491","targetHints":{"allow":["GET"]}}],"collection":[{"href":"https:\/\/electromenagerexpress.com\/en\/wp-json\/wp\/v2\/product"}],"about":[{"href":"https:\/\/electromenagerexpress.com\/en\/wp-json\/wp\/v2\/types\/product"}],"wp:featuredmedia":[{"embeddable":true,"href":"https:\/\/electromenagerexpress.com\/en\/wp-json\/wp\/v2\/media\/40788"}],"wp:attachment":[{"href":"https:\/\/electromenagerexpress.com\/en\/wp-json\/wp\/v2\/media?parent=99491"}],"wp:term":[{"taxonomy":"product_cat","embeddable":true,"href":"https:\/\/electromenagerexpress.com\/en\/wp-json\/wp\/v2\/product_cat?post=99491"},{"taxonomy":"product_tag","embeddable":true,"href":"https:\/\/electromenagerexpress.com\/en\/wp-json\/wp\/v2\/product_tag?post=99491"}],"curies":[{"name":"wp","href":"https:\/\/api.w.org\/{rel}","templated":true}]}}