{"id":99490,"date":"2024-11-28T11:01:12","date_gmt":"2024-11-28T11:01:12","guid":{"rendered":"https:\/\/electromenagerexpress.com\/product\/cheminee-electriqueklarsteinbormio\/"},"modified":"2024-12-28T09:13:04","modified_gmt":"2024-12-28T09:13:04","slug":"cheminee-electriqueklarsteinbormio","status":"publish","type":"product","link":"https:\/\/electromenagerexpress.com\/en\/product\/cheminee-electriqueklarsteinbormio\/","title":{"rendered":"Chemin\u00e9e \u00e9lectrique KLARSTEIN Bormio"},"content":{"rendered":"<div class=\"product-features__content\">\n<ul role=\"list\">\n<li class=\"product-features__item\" role=\"listitem\">\n<h3 class=\"product-features__label\">Caract\u00e9ristiques g\u00e9n\u00e9rales<\/h3>\n<ul role=\"list\">\n<li class=\"product-features__item-list__item\" role=\"listitem\"><span class=\"is--medium\">Type :<\/span> Chemin\u00e9e \u00e9lectrique<\/li>\n<li class=\"product-features__item-list__item\" role=\"listitem\"><span class=\"is--medium\">Alimentation :<\/span> Secteur<\/li>\n<li class=\"product-features__item-list__item\" role=\"listitem\"><span class=\"is--medium\">Puissance max :<\/span> 1.900 W<\/li>\n<li class=\"product-features__item-list__item\" role=\"listitem\"><span class=\"is--medium\">Surface chauff\u00e9e :<\/span> 20 m\u00b2<\/li>\n<li class=\"product-features__item-list__item\" role=\"listitem\"><span class=\"is--medium\">Coloris :<\/span> Noir<\/li>\n<\/ul>\n<\/li>\n<li class=\"product-features__item\" role=\"listitem\">\n<h3 class=\"product-features__label\">Utilisation<\/h3>\n<ul role=\"list\">\n<li class=\"product-features__item-list__item\" role=\"listitem\"><span class=\"is--medium\">Nombre de vitesses :<\/span> 2 vitesses<\/li>\n<\/ul>\n<\/li>\n<li class=\"product-features__item\" role=\"listitem\">\n<h3 class=\"product-features__label\">S\u00e9curit\u00e9<\/h3>\n<ul role=\"list\">\n<li class=\"product-features__item-list__item\" role=\"listitem\"><span class=\"is--medium\">Compatible Salle de bain :<\/span> Non<\/li>\n<\/ul>\n<\/li>\n<li class=\"product-features__item\" role=\"listitem\">\n<h3 class=\"product-features__label\">Informations compl\u00e9mentaires<\/h3>\n<ul role=\"list\">\n<li class=\"product-features__item-list__item\" role=\"listitem\"><span class=\"is--medium\">Disponibilit\u00e9 des pi\u00e8ces d\u00e9tach\u00e9es (donn\u00e9es fournisseur) :<\/span> Non communiqu\u00e9e<\/li>\n<\/ul>\n<\/li>\n<\/ul>\n<\/div>\n<div class=\"product__disclosure-content\">\n<div class=\"js-read-more product-description__content read-more read-more--truncated\" style=\"max-height: 500px;overflow: hidden\" data-read-more-name=\"description\">\n<p><b>Chemin\u00e9e simple et \u00e9l\u00e9gante en noir mat avec simulation de flamme d&rsquo;ambiance.<\/b><\/p>\n<p><b>Puissance de chauffage commutable de 950 ou 1900 watts pour une atmosph\u00e8re<br \/>\nchaleureuse.<\/b><\/p>\n<p><b>T\u00e9l\u00e9commande fournie pour une mise en marche et un arr\u00eat faciles et minuterie<br \/>\nhebdomadaire programmable.<\/b><br \/>\nLa <b>chemin\u00e9e \u00e9lectrique Klarstein<\/b> Bormio enchante chaque pi\u00e8ce avec ses illusions de<br \/>\nflammes r\u00e9alistes. Sa douce lumi\u00e8re imite les flammes et les b\u00fbches rougeoyantes \u00e0<br \/>\ns&rsquo;y m\u00e9prendre et diffuse instantan\u00e9ment une atmosph\u00e8re chaleureuse et romantique.<\/p>\n<p>Sur demande, vous pouvez allumer le chauffage qui r\u00e9pandra imm\u00e9diatement de la<br \/>\nchaleur \u00e0 950 ou 1900 watts au choix. Le thermostat int\u00e9gr\u00e9 mesure la temp\u00e9rature<br \/>\nambiante actuelle. Avec la fonction <i>Open Window Detection<\/i>, la <b>chemin\u00e9e<\/b> d\u00e9tecte m\u00eame<br \/>\nune chute rapide de la temp\u00e9rature et \u00e9teint le chauffage automatiquement. Une<br \/>\nminuterie hebdomadaire r\u00e9glable vous permet de programmer les heures de chauffage<br \/>\npour chaque jour de la semaine. Le fonctionnement est simple : vous pouvez commander<br \/>\nla <b>chemin\u00e9e<\/b> par les commutateurs sur l&rsquo;appareil, mais aussi avec la t\u00e9l\u00e9commande<br \/>\nfournie.<\/p>\n<p>Le design classique de la <b>chemin\u00e9e Klarstein<\/b> s\u00e9duit par sa simplicit\u00e9 et son \u00e9l\u00e9gance<br \/>\nsans fioritures. Le noir mat et les commandes dissimul\u00e9es ajoutent \u00e0 l&rsquo;impression<br \/>\ng\u00e9n\u00e9rale. Son point fort est l&rsquo;espace de rangement d\u00e9coratif pour les b\u00fbches au pied<br \/>\nde la <b>chemin\u00e9e<\/b>.<\/p>\n<p>Que votre mobilier soit rustique ou moderne, la <b>chemin\u00e9e Klarstein<\/b> Bormio cr\u00e9e<br \/>\npartout une atmosph\u00e8re romantique et donne l&rsquo;impression de se trouver devant un feu<br \/>\nde chemin\u00e9e cr\u00e9pitant sans feu ni suie.<\/p>\n<p><b>Remarque : ce produit ne convient que pour les pi\u00e8ces bien isol\u00e9es ou pour une<br \/>\nutilisation occasionnelle.<\/b><br \/>\n<b>Top Features:<\/b><br \/>\n\u2022 <b>Moderne :<\/b> chemin\u00e9e \u00e9lectrique avec simulation de flammes r\u00e9aliste<br \/>\n\u2022 <b>2 niveaux de chauffe :<\/b> 950 ou 1900 watts au choix<br \/>\n\u2022 <b>Sans complication :<\/b> avec thermostat r\u00e9glable et minuterie hebdomadaire<br \/>\n\u2022 <b>El\u00e9gance rare : <\/b>espace de rangement d\u00e9coratif pour les b\u00fbches de bois<br \/>\n\u2022 <b>Commande confortable :<\/b> t\u00e9l\u00e9commande fournie<br \/>\n\u2022 <b>Toutes saisons :<\/b> divers effets de flamme y compris sans allumer le chauffage<br \/>\n\u2022 <b>InstaFire :<\/b> ambiance de feu de chemin\u00e9e sans feu ni d\u00e9gagement de fum\u00e9e<br \/>\n\u2022 <b>Open Window Detection :<\/b> la chemin\u00e9e r\u00e9agit toute seule \u00e0 une baisse de temp\u00e9rature<\/p>\n<p><b>Caract\u00e9ristiques:<\/b><br \/>\n\u2022 Puissance de chauffage au choix : 950 ou 1900 watts<br \/>\n\u2022 T\u00e9l\u00e9commande pour d\u00e9marrer ou arr\u00eater l&rsquo;appareil<br \/>\n\u2022 Int\u00e9rrupteur de commande camoufl\u00e9<br \/>\n\u2022 Alimentation 220-240 V~ | 50\/60 Hz<\/p>\n<p><b>Inclus dans la livraison:<\/b><br \/>\n\u2022 1 x chemin\u00e9e<br \/>\n\u2022 1 x t\u00e9l\u00e9commande<br \/>\n\u2022 Mode d&#8217;emploi fourni ( langues : Allemand, Anglais )<\/p>\n<p><b>Dimensions:<\/b><br \/>\n\u2022 49 x 79 x 35,5 cm (LxHxP)<br \/>\n\u2022 Poids : env. 22 kg<\/p>\n<\/div>\n<p>&nbsp;<\/p>\n<\/div>","protected":false},"excerpt":{"rendered":"<div class=\"keypoints\">\n<h3 class=\"keypoints__title\">Les points cl\u00e9s<\/h3>\n<ul role=\"list\">\n<li class=\"keypoints__item\" role=\"listitem\">Surface chauff\u00e9e : 20 m\u00b2<\/li>\n<li class=\"keypoints__item\" role=\"listitem\">Puissance max : 1.900 W<\/li>\n<li class=\"keypoints__item\" role=\"listitem\">2 vitesses<\/li>\n<\/ul>\n<\/div>","protected":false},"featured_media":40779,"template":"","meta":{"_glsr_average":0,"_glsr_ranking":0,"_glsr_reviews":0},"product_cat":[288],"product_tag":[290,153],"class_list":{"0":"post-99490","1":"product","2":"type-product","3":"status-publish","4":"has-post-thumbnail","6":"product_cat-chauffage","7":"product_tag-chauffage","8":"product_tag-maison-entretien","10":"first","11":"instock","12":"sale","13":"shipping-taxable","14":"purchasable","15":"product-type-simple"},"_links":{"self":[{"href":"https:\/\/electromenagerexpress.com\/en\/wp-json\/wp\/v2\/product\/99490","targetHints":{"allow":["GET"]}}],"collection":[{"href":"https:\/\/electromenagerexpress.com\/en\/wp-json\/wp\/v2\/product"}],"about":[{"href":"https:\/\/electromenagerexpress.com\/en\/wp-json\/wp\/v2\/types\/product"}],"wp:featuredmedia":[{"embeddable":true,"href":"https:\/\/electromenagerexpress.com\/en\/wp-json\/wp\/v2\/media\/40779"}],"wp:attachment":[{"href":"https:\/\/electromenagerexpress.com\/en\/wp-json\/wp\/v2\/media?parent=99490"}],"wp:term":[{"taxonomy":"product_cat","embeddable":true,"href":"https:\/\/electromenagerexpress.com\/en\/wp-json\/wp\/v2\/product_cat?post=99490"},{"taxonomy":"product_tag","embeddable":true,"href":"https:\/\/electromenagerexpress.com\/en\/wp-json\/wp\/v2\/product_tag?post=99490"}],"curies":[{"name":"wp","href":"https:\/\/api.w.org\/{rel}","templated":true}]}}