{"id":99484,"date":"2024-11-28T11:00:47","date_gmt":"2024-11-28T11:00:47","guid":{"rendered":"https:\/\/electromenagerexpress.com\/product\/cheminee-electriqueklarsteinstudio-light-fire-2\/"},"modified":"2024-12-28T09:42:37","modified_gmt":"2024-12-28T09:42:37","slug":"cheminee-electriqueklarsteinstudio-light-fire-2","status":"publish","type":"product","link":"https:\/\/electromenagerexpress.com\/en\/product\/cheminee-electriqueklarsteinstudio-light-fire-2\/","title":{"rendered":"Chemin\u00e9e \u00e9lectrique KLARSTEIN Studio Light &amp; Fire 2"},"content":{"rendered":"<div class=\"product-features__content\">\n<ul role=\"list\">\n<li class=\"product-features__item\" role=\"listitem\">\n<h3 class=\"product-features__label\">Caract\u00e9ristiques g\u00e9n\u00e9rales<\/h3>\n<ul role=\"list\">\n<li class=\"product-features__item-list__item\" role=\"listitem\"><span class=\"is--medium\">Type :<\/span> Chemin\u00e9e \u00e9lectrique<\/li>\n<li class=\"product-features__item-list__item\" role=\"listitem\"><span class=\"is--medium\">Alimentation :<\/span> Secteur<\/li>\n<li class=\"product-features__item-list__item\" role=\"listitem\"><span class=\"is--medium\">Puissance minimale :<\/span> 1.000 W<\/li>\n<li class=\"product-features__item-list__item\" role=\"listitem\"><span class=\"is--medium\">Puissance max :<\/span> 2.000 W<\/li>\n<li class=\"product-features__item-list__item\" role=\"listitem\"><span class=\"is--medium\">Surface chauff\u00e9e :<\/span> 40 m\u00b2<\/li>\n<li class=\"product-features__item-list__item\" role=\"listitem\"><span class=\"is--medium\">Effet flamme :<\/span> Oui<\/li>\n<li class=\"product-features__item-list__item\" role=\"listitem\"><span class=\"is--medium\">Thermostat :<\/span> M\u00e9canique<\/li>\n<li class=\"product-features__item-list__item\" role=\"listitem\"><span class=\"is--medium\">Fa\u00e7ade :<\/span> Verre tremp\u00e9<\/li>\n<li class=\"product-features__item-list__item\" role=\"listitem\"><span class=\"is--medium\">Corps :<\/span> Bois<\/li>\n<li class=\"product-features__item-list__item\" role=\"listitem\"><span class=\"is--medium\">Coloris :<\/span> Blanc<\/li>\n<li class=\"product-features__item-list__item\" role=\"listitem\"><span class=\"is--medium\">Programmateur :<\/span> Oui<\/li>\n<\/ul>\n<\/li>\n<li class=\"product-features__item\" role=\"listitem\">\n<h3 class=\"product-features__label\">Utilisation<\/h3>\n<ul role=\"list\">\n<li class=\"product-features__item-list__item\" role=\"listitem\"><span class=\"is--medium\">Nombre de vitesses :<\/span> 2 vitesses<\/li>\n<li class=\"product-features__item-list__item\" role=\"listitem\"><span class=\"is--medium\">T\u00e9moin de fonctionnement :<\/span> Oui<\/li>\n<\/ul>\n<\/li>\n<li class=\"product-features__item\" role=\"listitem\">\n<h3 class=\"product-features__label\">S\u00e9curit\u00e9<\/h3>\n<ul role=\"list\">\n<li class=\"product-features__item-list__item\" role=\"listitem\"><span class=\"is--medium\">Anti-surchauffe :<\/span> Oui<\/li>\n<li class=\"product-features__item-list__item\" role=\"listitem\"><span class=\"is--medium\">Arr\u00eat automatique :<\/span> Oui<\/li>\n<\/ul>\n<\/li>\n<li class=\"product-features__item\" role=\"listitem\">\n<h3 class=\"product-features__label\">Installation<\/h3>\n<ul role=\"list\">\n<li class=\"product-features__item-list__item\" role=\"listitem\"><span class=\"is--medium\">Installation murale :<\/span> Fixation fournie<\/li>\n<\/ul>\n<\/li>\n<li class=\"product-features__item\" role=\"listitem\">\n<h3 class=\"product-features__label\">Confort<\/h3>\n<ul role=\"list\">\n<li class=\"product-features__item-list__item\" role=\"listitem\"><span class=\"is--medium\">Mobilit\u00e9 :<\/span> Sans<\/li>\n<\/ul>\n<\/li>\n<li class=\"product-features__item\" role=\"listitem\">\n<h3 class=\"product-features__label\">Dimensions<\/h3>\n<ul role=\"list\">\n<li class=\"product-features__item-list__item\" role=\"listitem\"><span class=\"is--medium\">Dimensions l x h x p :<\/span> 132 x 58 x 24 cm<\/li>\n<li class=\"product-features__item-list__item\" role=\"listitem\"><span class=\"is--medium\">Poids net :<\/span> 21,00 kg<\/li>\n<li class=\"product-features__item-list__item\" role=\"listitem\"><span class=\"is--medium\">Poids Brut :<\/span> 21 kg<\/li>\n<\/ul>\n<\/li>\n<li class=\"product-features__item\" role=\"listitem\">\n<h3 class=\"product-features__label\">Informations compl\u00e9mentaires<\/h3>\n<ul role=\"list\">\n<li class=\"product-features__item-list__item\" role=\"listitem\"><span class=\"is--medium\">Fabriqu\u00e9 en :<\/span> Chine<\/li>\n<li class=\"product-features__item-list__item\" role=\"listitem\"><span class=\"is--medium\">Disponibilit\u00e9 des pi\u00e8ces d\u00e9tach\u00e9es (donn\u00e9es fournisseur) :<\/span> Non communiqu\u00e9e<\/li>\n<\/ul>\n<\/li>\n<\/ul>\n<\/div>\n<div class=\"product__disclosure-content\">\n<div class=\"js-read-more product-description__content read-more read-more--truncated\" style=\"max-height: 500px;overflow: hidden\" data-read-more-name=\"description\">\n<p>L&rsquo;\u00e9l\u00e9gante <b>chemin\u00e9e \u00e9lectrique<\/b><b>Klarstein<\/b> Studio Light &amp; Fire 2 cr\u00e9e des simulations de<br \/>\nflammes r\u00e9alistes. La lumi\u00e8re douce imite \u00e0 s&rsquo;y m\u00e9prendre les flammes et les b\u00fbches<br \/>\nincandescentes et diffuse imm\u00e9diatement une atmosph\u00e8re agr\u00e9able et romantique. Les<br \/>\nflammes LED \u00e0 faible consommation d&rsquo;\u00e9nergie vacillent de mani\u00e8re totalement<br \/>\nind\u00e9pendante de la fonction de chauffage activable en option. Le <b>radiateur soufflant<\/b><br \/>\nint\u00e9gr\u00e9 r\u00e9glable \u00e0 1000 ou 2000 watts au choix remplit la pi\u00e8ce d&rsquo;une chaleur<br \/>\nagr\u00e9able. Programmez confortablement l&rsquo;\u00e9clairage et le chauffage avec la minuterie<br \/>\nhebdomadaire et d\u00e9tendez-vous comme devant une vraie <b>chemin\u00e9e <\/b> &#8211; sans fum\u00e9e, ni feu,<br \/>\nni cendres.<\/p>\n<p>Un point fort d\u00e9coratif romantique : la <b>chemin\u00e9e \u00e9lectrique <\/b> Studio Light &amp; Fire 2<b><\/b> de<b><br \/>\nKlarstein <\/b> imite avec art un feu de chemin\u00e9e cr\u00e9pitant.<\/p>\n<p><b>Top Features:<\/b><\/p>\n<p>\u2022 <b>\u00c9l\u00e9gante :<\/b> chemin\u00e9e \u00e9lectrique avec simulation de flammes LED<b>Fonction de chauffage<br \/>\n: <\/b>chauffage s\u00e9par\u00e9 avec 1000 ou 2000 watts<b>Contr\u00f4le simple<\/b> : t\u00e9l\u00e9commande<br \/>\nincluse<b>Ambiance :<\/b> avec \u00e9clairage lat\u00e9ral blanc chaud<b>Automatique : <\/b>avec minuterie<br \/>\nhebdomadaire et d&rsquo;arr\u00eat<b>Lignes droites :<\/b> Bo\u00eetier en MDF pr\u00e9cis et moderne<b>Pour chaque<br \/>\nsaison :<\/b> Animation de feu m\u00eame sans chauffage<b>Contr\u00f4le de la temp\u00e9rature : <\/b>arr\u00eat<br \/>\nautomatique en cas de surchauffe ou de froid<\/p>\n<p><b>Caract\u00e9ristiques:<\/b><\/p>\n<p>\u2022 chemin\u00e9e \u00e9lectrique avec \u00e9clairage et fonction de chauffage activable<br \/>\n\u2022 Mat\u00e9riau du bo\u00eetier : MDF<br \/>\n\u2022 Installation d&rsquo;\u00e9clairage possible m\u00eame sans chauffage<br \/>\n\u2022 \u00e9clairage lat\u00e9ral blanc chaud<br \/>\n\u2022 set de b\u00fbches d\u00e9coratives d&rsquo;apparence r\u00e9elle<br \/>\n\u2022 t\u00e9l\u00e9commande incluse<br \/>\n\u2022 grande stabilit\u00e9<br \/>\n\u2022 Protection contre la surchauffe<br \/>\n\u2022 option Open Window Detection : \u00e9teint l&rsquo;appareil lorsque la temp\u00e9rature ambiante<br \/>\nbaisse<\/p>\n<p><b>Inclus dans la livraison:<\/b><\/p>\n<p>\u2022 1 x chemin\u00e9e1 x jeu de b\u00fbches1 x t\u00e9l\u00e9commande1 x mat\u00e9riel de montage Mode d&#8217;emploi<br \/>\nen fran\u00e7ais<\/p>\n<p><b>Dimensions:<\/b><\/p>\n<p>\u2022 Dimensions : env. 132 x 58 x 24 cm (LxHxP )<br \/>\n\u2022 Longueur du c\u00e2ble : env. 120 cm<br \/>\n\u2022 Poids : env. 21 kg<br \/>\n\u2022 Puissance de chauffage : 1000 ou 2000 watts<br \/>\n\u2022 Alimentation \u00e9lectrique\u00a0: 220-240\u00a0V~ | 50\/60\u00a0Hz<\/p>\n<\/div>\n<p>&nbsp;<\/p>\n<\/div>","protected":false},"excerpt":{"rendered":"<div class=\"keypoints\">\n<h3 class=\"keypoints__title\">Les points cl\u00e9s<\/h3>\n<ul role=\"list\">\n<li class=\"keypoints__item\" role=\"listitem\">Surface chauff\u00e9e : 40 m\u00b2<\/li>\n<li class=\"keypoints__item\" role=\"listitem\">Puissance max : 2.000 W<\/li>\n<li class=\"keypoints__item\" role=\"listitem\">Programmateur<\/li>\n<li class=\"keypoints__item\" role=\"listitem\">2 vitesses<\/li>\n<\/ul>\n<\/div>","protected":false},"featured_media":40736,"template":"","meta":{"_glsr_average":0,"_glsr_ranking":0,"_glsr_reviews":0},"product_cat":[288],"product_tag":[290,153],"class_list":{"0":"post-99484","1":"product","2":"type-product","3":"status-publish","4":"has-post-thumbnail","6":"product_cat-chauffage","7":"product_tag-chauffage","8":"product_tag-maison-entretien","10":"first","11":"instock","12":"sale","13":"shipping-taxable","14":"purchasable","15":"product-type-simple"},"_links":{"self":[{"href":"https:\/\/electromenagerexpress.com\/en\/wp-json\/wp\/v2\/product\/99484","targetHints":{"allow":["GET"]}}],"collection":[{"href":"https:\/\/electromenagerexpress.com\/en\/wp-json\/wp\/v2\/product"}],"about":[{"href":"https:\/\/electromenagerexpress.com\/en\/wp-json\/wp\/v2\/types\/product"}],"wp:featuredmedia":[{"embeddable":true,"href":"https:\/\/electromenagerexpress.com\/en\/wp-json\/wp\/v2\/media\/40736"}],"wp:attachment":[{"href":"https:\/\/electromenagerexpress.com\/en\/wp-json\/wp\/v2\/media?parent=99484"}],"wp:term":[{"taxonomy":"product_cat","embeddable":true,"href":"https:\/\/electromenagerexpress.com\/en\/wp-json\/wp\/v2\/product_cat?post=99484"},{"taxonomy":"product_tag","embeddable":true,"href":"https:\/\/electromenagerexpress.com\/en\/wp-json\/wp\/v2\/product_tag?post=99484"}],"curies":[{"name":"wp","href":"https:\/\/api.w.org\/{rel}","templated":true}]}}