{"id":99483,"date":"2024-11-28T11:00:43","date_gmt":"2024-11-28T11:00:43","guid":{"rendered":"https:\/\/electromenagerexpress.com\/product\/chauffage-infrarougeklarsteinhot-spot-crystal-spotless\/"},"modified":"2024-12-28T09:45:18","modified_gmt":"2024-12-28T09:45:18","slug":"chauffage-infrarougeklarsteinhot-spot-crystal-spotless","status":"publish","type":"product","link":"https:\/\/electromenagerexpress.com\/en\/product\/chauffage-infrarougeklarsteinhot-spot-crystal-spotless\/","title":{"rendered":"Chauffage infrarouge KLARSTEIN Hot Spot Crystal Spotless"},"content":{"rendered":"<div class=\"product-features__content\">\n<ul role=\"list\">\n<li class=\"product-features__item\" role=\"listitem\">\n<h3 class=\"product-features__label\">Caract\u00e9ristiques g\u00e9n\u00e9rales<\/h3>\n<ul role=\"list\">\n<li class=\"product-features__item-list__item\" role=\"listitem\"><span class=\"is--medium\">Type :<\/span> Chauffage infrarouge<\/li>\n<li class=\"product-features__item-list__item\" role=\"listitem\"><span class=\"is--medium\">Alimentation :<\/span> Secteur<\/li>\n<li class=\"product-features__item-list__item\" role=\"listitem\"><span class=\"is--medium\">Puissance max :<\/span> 750 W<\/li>\n<li class=\"product-features__item-list__item\" role=\"listitem\"><span class=\"is--medium\">Surface chauff\u00e9e :<\/span> 15 m\u00b2<\/li>\n<li class=\"product-features__item-list__item\" role=\"listitem\"><span class=\"is--medium\">Thermostat :<\/span> Num\u00e9rique<\/li>\n<li class=\"product-features__item-list__item\" role=\"listitem\"><span class=\"is--medium\">Coloris :<\/span> Noir<\/li>\n<li class=\"product-features__item-list__item\" role=\"listitem\"><span class=\"is--medium\">Programmateur :<\/span> Oui<\/li>\n<\/ul>\n<\/li>\n<li class=\"product-features__item\" role=\"listitem\">\n<h3 class=\"product-features__label\">Utilisation<\/h3>\n<ul role=\"list\">\n<li class=\"product-features__item-list__item\" role=\"listitem\"><span class=\"is--medium\">T\u00e9moin de fonctionnement :<\/span> Oui<\/li>\n<\/ul>\n<\/li>\n<li class=\"product-features__item\" role=\"listitem\">\n<h3 class=\"product-features__label\">S\u00e9curit\u00e9<\/h3>\n<ul role=\"list\">\n<li class=\"product-features__item-list__item\" role=\"listitem\"><span class=\"is--medium\">Arr\u00eat automatique :<\/span> Oui<\/li>\n<li class=\"product-features__item-list__item\" role=\"listitem\"><span class=\"is--medium\">Compatible Salle de bain :<\/span> Norme IP24 : Prot\u00e8ge votre appareil des projections d&rsquo;eau<\/li>\n<\/ul>\n<\/li>\n<li class=\"product-features__item\" role=\"listitem\">\n<h3 class=\"product-features__label\">Installation<\/h3>\n<ul role=\"list\">\n<li class=\"product-features__item-list__item\" role=\"listitem\"><span class=\"is--medium\">Installation murale :<\/span> Fixation fournie<\/li>\n<\/ul>\n<\/li>\n<li class=\"product-features__item\" role=\"listitem\">\n<h3 class=\"product-features__label\">Dimensions<\/h3>\n<ul role=\"list\">\n<li class=\"product-features__item-list__item\" role=\"listitem\"><span class=\"is--medium\">Dimensions l x h x p :<\/span> 59 x 112 x 8 cm<\/li>\n<li class=\"product-features__item-list__item\" role=\"listitem\"><span class=\"is--medium\">Poids net :<\/span> 19,00 kg<\/li>\n<li class=\"product-features__item-list__item\" role=\"listitem\"><span class=\"is--medium\">Poids Brut :<\/span> 19 kg<\/li>\n<\/ul>\n<\/li>\n<li class=\"product-features__item\" role=\"listitem\">\n<h3 class=\"product-features__label\">Informations compl\u00e9mentaires<\/h3>\n<ul role=\"list\">\n<li class=\"product-features__item-list__item\" role=\"listitem\"><span class=\"is--medium\">Fabriqu\u00e9 en :<\/span> Chine<\/li>\n<li class=\"product-features__item-list__item\" role=\"listitem\"><span class=\"is--medium\">Disponibilit\u00e9 des pi\u00e8ces d\u00e9tach\u00e9es (donn\u00e9es fournisseur) :<\/span> Non communiqu\u00e9e<\/li>\n<\/ul>\n<\/li>\n<\/ul>\n<\/div>\n<div class=\"product__disclosure-content\">\n<div class=\"js-read-more product-description__content read-more read-more--truncated\" style=\"max-height: 500px;overflow: hidden\" data-read-more-name=\"description\">\n<p><b>Radiateur infrarouge pour installation murale avec connexion WiFi pour un Chauffage<br \/>\nsimple et rapide de la pi\u00e8ce.<\/b><\/p>\n<p><b>750 watts de puissance avec une conversion d&rsquo;\u00e9nergie de 95 % en un agr\u00e9able<br \/>\nrayonnement thermique infrarouge et s\u00e8che-serviettes d\u00e9pliable.<\/b><\/p>\n<p><b>Pas de brassage de poussi\u00e8re et pas d&rsquo;odeurs d\u00e9sagr\u00e9ables, donc parfait pour les<br \/>\nallergiques et les personnes sensibles.<\/b><\/p>\n<p>Innovant pour une chaleur bienfaisante : le <b>radiateur infrarouge <\/b><b>Klarstein<\/b> Hot Spot<br \/>\nCrystal Spotless Smart apporte une chaleur saine et agr\u00e9able dans la salle de bains<br \/>\net met \u00e0 votre disposition des serviettes chaudes et douillettes. Extra plat,<br \/>\nl&rsquo;\u00e9l\u00e9gant <b>panneau chauffant<\/b> s&rsquo;accroche directement au mur. De plus, vous pouvez<br \/>\nd\u00e9plier une barre porte-serviettes int\u00e9gr\u00e9e pour des serviettes de bain toujours bien<br \/>\nchaudes et douillettes. Avec une puissance de 750 watts, il utilise le principe de la<br \/>\nchaleur solaire gr\u00e2ce \u00e0 <i>IR ComfortHeat<\/i> et r\u00e9chauffe directement les objets et les<br \/>\npersonnes avec des rayons infrarouges. Pas moins de 95 % de la puissance absorb\u00e9e est<br \/>\ntransform\u00e9e en rayonnement thermique.<\/p>\n<p>&nbsp;<\/p>\n<p>&nbsp;<\/p>\n<p>&nbsp;<\/p>\n<p>&nbsp;<\/p>\n<p>La r\u00e9volution de la technologie de Chauffage : Le <b>radiateur \u00e9lectrique<br \/>\ninfrarouge<\/b><b>Klarstein<\/b>Hot Spot Crystal Spotless Smart se contr\u00f4le tr\u00e8s confortablement<br \/>\navec<i>Klarstein App Experience<\/i>.<\/p>\n<p><b>Top Features:<\/b><\/p>\n<p>\u2022 <b>Maison connect\u00e9e : <\/b>contr\u00f4lable par WiFi avec <i>Klarstein App Experience<\/i> pour Android<br \/>\nou iOs<b>Puissant <\/b> : Gr\u00e2ce \u00e0 2 niveaux de puissance avec 750 watts max.<b>Comme les rayons<br \/>\ndu soleil : <\/b><i>IR ComfortHeat <\/i>vous r\u00e9chauffe imm\u00e9diatement avec son rayonnement<br \/>\ninfrarouge<b>Astucieux &amp; confortable :<\/b> Minuterie, thermostat, \u00e9cran tactile LED &amp;<br \/>\nt\u00e9l\u00e9commande <b>Con\u00e7u pour la salle de bain :<\/b> avec classe IP 24 <b>Une touche de luxe :<\/b><br \/>\nAvec barre porte-serviettes escamotable<b>Sans poussi\u00e8re &amp; silencieux :<\/b> Sans<br \/>\nventilateur, id\u00e9al pour les allergiques<\/p>\n<p><b>Caract\u00e9ristiques:<\/b><\/p>\n<p>\u2022 <b>Connexion WiFi requise : SSID sur la bande 2,4 GHz<\/b><br \/>\n\u2022 Puissance : 750 watts<br \/>\n\u2022 Efficacit\u00e9 : jusqu&rsquo;\u00e0 15 m\u00b2 (selon isolation de la pi\u00e8ce)<br \/>\n\u2022 Norme de protection : IP24<br \/>\n\u2022 Sans pr\u00e9Chauffage, produit imm\u00e9diatement de la chaleur<br \/>\n\u2022 Plage de temp\u00e9rature : 5 &#8211; 40 \u00b0C<br \/>\n\u2022 Chaleur infrarouge : r\u00e9chauffe les personnes et les objets sans chauffer l&rsquo;air<br \/>\ndirectement<br \/>\n\u2022 Verrouillage parental<br \/>\n\u2022 A combiner avec d&rsquo;autres panneaux pour chauffer des pi\u00e8ces plus grandes<br \/>\n\u2022 Montage simple<br \/>\n\u2022 Distance min. du sol 55 cm<br \/>\n\u2022 Alimentation : 220 &#8211; 240 V~ | 50 Hz<\/p>\n<p><b>Inclus dans la livraison:<\/b><\/p>\n<p>\u2022 1 x radiateur \u00e0 infrarouge1 x t\u00e9l\u00e9commande1 x mat\u00e9riel de montageMode d&#8217;emploi en<br \/>\nfran\u00e7ais<\/p>\n<p><b>Dimensions:<\/b><\/p>\n<p>\u2022 Dimensions : env. 59 x 112 x 8 cm (LxHxP)<br \/>\n\u2022 Dimensions : avec s\u00e8che-serviette d\u00e9pli\u00e9 env. 59 x 112 x 17 cm (LxHxP)<br \/>\n\u2022 Dimensions : distance entre s\u00e8che-serviettes et radiateur : env. 7,5 cm<br \/>\n\u2022 C\u00e2ble : env. 127 cm<br \/>\n\u2022 Poids : env. 19 kg<\/p>\n<\/div>\n<p>&nbsp;<\/p>\n<\/div>","protected":false},"excerpt":{"rendered":"<div class=\"keypoints\">\n<h3 class=\"keypoints__title\">Les points cl\u00e9s<\/h3>\n<ul role=\"list\">\n<li class=\"keypoints__item\" role=\"listitem\">Surface chauff\u00e9e : 15 m\u00b2<\/li>\n<li class=\"keypoints__item\" role=\"listitem\">Puissance max : 750 W<\/li>\n<li class=\"keypoints__item\" role=\"listitem\">Compatible Salle de bain &#8211; Programmateur &#8211; Compatible Salle de bain<\/li>\n<\/ul>\n<\/div>","protected":false},"featured_media":40731,"template":"","meta":{"_glsr_average":0,"_glsr_ranking":0,"_glsr_reviews":0},"product_cat":[288],"product_tag":[290,153],"class_list":{"0":"post-99483","1":"product","2":"type-product","3":"status-publish","4":"has-post-thumbnail","6":"product_cat-chauffage","7":"product_tag-chauffage","8":"product_tag-maison-entretien","10":"first","11":"instock","12":"sale","13":"shipping-taxable","14":"purchasable","15":"product-type-simple"},"_links":{"self":[{"href":"https:\/\/electromenagerexpress.com\/en\/wp-json\/wp\/v2\/product\/99483","targetHints":{"allow":["GET"]}}],"collection":[{"href":"https:\/\/electromenagerexpress.com\/en\/wp-json\/wp\/v2\/product"}],"about":[{"href":"https:\/\/electromenagerexpress.com\/en\/wp-json\/wp\/v2\/types\/product"}],"wp:featuredmedia":[{"embeddable":true,"href":"https:\/\/electromenagerexpress.com\/en\/wp-json\/wp\/v2\/media\/40731"}],"wp:attachment":[{"href":"https:\/\/electromenagerexpress.com\/en\/wp-json\/wp\/v2\/media?parent=99483"}],"wp:term":[{"taxonomy":"product_cat","embeddable":true,"href":"https:\/\/electromenagerexpress.com\/en\/wp-json\/wp\/v2\/product_cat?post=99483"},{"taxonomy":"product_tag","embeddable":true,"href":"https:\/\/electromenagerexpress.com\/en\/wp-json\/wp\/v2\/product_tag?post=99483"}],"curies":[{"name":"wp","href":"https:\/\/api.w.org\/{rel}","templated":true}]}}