{"id":99482,"date":"2024-11-28T11:00:40","date_gmt":"2024-11-28T11:00:40","guid":{"rendered":"https:\/\/electromenagerexpress.com\/product\/chauffage-soufflantstadler-formpaul-noir\/"},"modified":"2024-12-28T09:49:24","modified_gmt":"2024-12-28T09:49:24","slug":"chauffage-soufflantstadler-formpaul-noir","status":"publish","type":"product","link":"https:\/\/electromenagerexpress.com\/en\/product\/chauffage-soufflantstadler-formpaul-noir\/","title":{"rendered":"Chauffage soufflant STADLER FORM PAUL Noir"},"content":{"rendered":"<div class=\"product-features__content\">\n<ul role=\"list\">\n<li class=\"product-features__item\" role=\"listitem\">\n<h3 class=\"product-features__label\">Les + de ce mod\u00e8le<\/h3>\n<ul role=\"list\">\n<li class=\"product-features__item-list__item\" role=\"listitem\"><span class=\"is--medium\">Avantages :<\/span> IP21 : adapt\u00e9 pour les salles de bainPanneau de controle tactile2 en 1 : chauffage et brise fraicheTechnologie Adaptative HeatFiltre \u00e0 air amovible et lavable<\/li>\n<\/ul>\n<\/li>\n<li class=\"product-features__item\" role=\"listitem\">\n<h3 class=\"product-features__label\">Caract\u00e9ristiques g\u00e9n\u00e9rales<\/h3>\n<ul role=\"list\">\n<li class=\"product-features__item-list__item\" role=\"listitem\"><span class=\"is--medium\">Type :<\/span> Chauffage soufflant c\u00e9ramique<\/li>\n<li class=\"product-features__item-list__item\" role=\"listitem\"><span class=\"is--medium\">Alimentation :<\/span> Secteur<\/li>\n<li class=\"product-features__item-list__item\" role=\"listitem\"><span class=\"is--medium\">Puissance max :<\/span> 2.000 W<\/li>\n<li class=\"product-features__item-list__item\" role=\"listitem\"><span class=\"is--medium\">Surface chauff\u00e9e :<\/span> 30 m\u00b2<\/li>\n<li class=\"product-features__item-list__item\" role=\"listitem\"><span class=\"is--medium\">Thermostat :<\/span> Electronique<\/li>\n<li class=\"product-features__item-list__item\" role=\"listitem\"><span class=\"is--medium\">Coloris :<\/span> Noir<\/li>\n<li class=\"product-features__item-list__item\" role=\"listitem\"><span class=\"is--medium\">Niveau sonore :<\/span> 50 dB<\/li>\n<\/ul>\n<\/li>\n<li class=\"product-features__item\" role=\"listitem\">\n<h3 class=\"product-features__label\">Utilisation<\/h3>\n<ul role=\"list\">\n<li class=\"product-features__item-list__item\" role=\"listitem\"><span class=\"is--medium\">Nombre de vitesses :<\/span> 3 vitesses<\/li>\n<li class=\"product-features__item-list__item\" role=\"listitem\"><span class=\"is--medium\">Oscillation :<\/span> Oui<\/li>\n<\/ul>\n<\/li>\n<li class=\"product-features__item\" role=\"listitem\">\n<h3 class=\"product-features__label\">S\u00e9curit\u00e9<\/h3>\n<ul role=\"list\">\n<li class=\"product-features__item-list__item\" role=\"listitem\"><span class=\"is--medium\">Arr\u00eat automatique :<\/span> Oui<\/li>\n<li class=\"product-features__item-list__item\" role=\"listitem\"><span class=\"is--medium\">Filtre anti-poussi\u00e8re :<\/span> Oui<\/li>\n<li class=\"product-features__item-list__item\" role=\"listitem\"><span class=\"is--medium\">Compatible Salle de bain :<\/span> Norme IP21 : Prot\u00e8ge votre appareil des gouttes d&rsquo;eau verticales<\/li>\n<\/ul>\n<\/li>\n<li class=\"product-features__item\" role=\"listitem\">\n<h3 class=\"product-features__label\">Dimensions<\/h3>\n<ul role=\"list\">\n<li class=\"product-features__item-list__item\" role=\"listitem\"><span class=\"is--medium\">Dimensions l x h x p :<\/span> 18.5 x 53.5 x 18.5 cm<\/li>\n<li class=\"product-features__item-list__item\" role=\"listitem\"><span class=\"is--medium\">Poids net :<\/span> 4,70 kg<\/li>\n<li class=\"product-features__item-list__item\" role=\"listitem\"><span class=\"is--medium\">Poids Brut :<\/span> 5 kg<\/li>\n<\/ul>\n<\/li>\n<li class=\"product-features__item\" role=\"listitem\">\n<h3 class=\"product-features__label\">Informations compl\u00e9mentaires<\/h3>\n<ul role=\"list\">\n<li class=\"product-features__item-list__item\" role=\"listitem\"><span class=\"is--medium\">Fabriqu\u00e9 en :<\/span> Chine<\/li>\n<li class=\"product-features__item-list__item\" role=\"listitem\"><span class=\"is--medium\">Garantie :<\/span> 2 ans<\/li>\n<li class=\"product-features__item-list__item\" role=\"listitem\"><span class=\"is--medium\">Disponibilit\u00e9 des pi\u00e8ces d\u00e9tach\u00e9es (donn\u00e9es fournisseur) :<\/span> Pas de pi\u00e8ce disponible<\/li>\n<\/ul>\n<\/li>\n<\/ul>\n<\/div>\n<div class=\"product__disclosure-content\">\n<div class=\"js-read-more product-description__content read-more read-more--truncated\" style=\"max-height: 500px;overflow: hidden\" data-read-more-name=\"description\">\n<p>Pour accompagner les froides soir\u00e9es d&rsquo;hiver, quoi de mieux qu&rsquo;un chauffage d&rsquo;appoint c\u00e9ramique ? Avec Paul, Stadler met \u00e0 votre disposition le compagnon id\u00e9al de l&rsquo;hiver.<\/p>\n<h3><img fetchpriority=\"high\" decoding=\"async\" class=\"wy_tableau_gauche\" src=\"https:\/\/boulanger.scene7.com\/is\/image\/Boulanger\/0802322005653_h_f_l_0?wid=400&amp;hei=270\" alt=\"Chauf Souffl STADLER FORM PAUL Noir\" width=\"400\" height=\"270\" \/>Pens\u00e9 pour le confort<\/h3>\n<p>Con\u00e7u pour r\u00e9chauffer des pi\u00e8ces jusqu&rsquo;\u00e0 30m2, Paul met sa <b>puissance de 2000 watts<\/b> \u00e0 votre service. Gr\u00e2ce \u00e0 sa certification IP21, il r\u00e9siste aux gouttes d&rsquo;eau et <b>trouvera donc parfaitement sa place dans votre salle de bain<\/b>. Gr\u00e2ce \u00e0 sa technologie <b>Adaptive Heat, Paul maintient la diffusion de la chaleur \u00e0 une puissance constante<\/b>, rapidement et efficacement, sans aucune surface br\u00fblante pour votre s\u00e9curit\u00e9.<\/p>\n<p>Dot\u00e9 d&rsquo;un mode oscillant, Paul diffuse une chaleur r\u00e9confortante dans toute la pi\u00e8ce sans risque de basculer, gr\u00e2ce \u00e0 <b>de nombreux capteurs intelligents<\/b> (s\u00e9curit\u00e9 anti-bascule et anti-surchauffe) qui <b>garantissent votre s\u00e9curit\u00e9 et votre bien-\u00eatre.<\/b><\/p>\n<h3><img decoding=\"async\" class=\"wy_tableau_right\" src=\"https:\/\/boulanger.scene7.com\/is\/image\/Boulanger\/0802322005653_h_f_l_1?wid=400&amp;hei=270\" alt=\"Chauf Souffl STADLER FORM PAUL Noir\" width=\"400\" height=\"270\" \/>Une utilisation intuitive<\/h3>\n<p>Avec son <b>panneau de contr\u00f4le tactile, Paul se plie \u00e0 tous vos besoins<\/b> et diffuse la temp\u00e9rature id\u00e9ale pour votre int\u00e9rieur. Du bout des doigts, s\u00e9lectionnez l&rsquo;une de ses trois vitesses pour diffuser une agr\u00e9able chaleur dans votre pi\u00e8ce. Sa t\u00e9l\u00e9commande vous permet \u00e9galement de piloter Paul \u00e0 distance : c&rsquo;est <b>l&rsquo;appareil id\u00e9al pour un confort in\u00e9gal\u00e9<\/b>.<\/p>\n<p>C\u00f4t\u00e9 design, Stadler a dot\u00e9 Paul d&rsquo;un <b>look sobre, futuriste et \u00e9pur\u00e9<\/b> qui s&rsquo;int\u00e9grera parfaitement dans les int\u00e9rieurs les plus pointus, comme chez les amateurs de beaux objets. Sa conception pointue le dote d&rsquo;un filtre \u00e0 air amovible et lavable, pour vous <b>garantir confort et air pur durablement<\/b>.<\/p>\n<\/div>\n<p>&nbsp;<\/p>\n<\/div>","protected":false},"excerpt":{"rendered":"<div class=\"keypoints\">\n<h3 class=\"keypoints__title\">Les points cl\u00e9s<\/h3>\n<ul role=\"list\">\n<li class=\"keypoints__item\" role=\"listitem\">Surface chauff\u00e9e : 30 m\u00b2<\/li>\n<li class=\"keypoints__item\" role=\"listitem\">Puissance max : 2.000 W<\/li>\n<li class=\"keypoints__item\" role=\"listitem\">Compatible Salle de bain &#8211; Compatible Salle de bain<\/li>\n<li class=\"keypoints__item\" role=\"listitem\">3 vitesses<\/li>\n<li class=\"keypoints__item keypoints__item--advantage\" role=\"listitem\"><strong>Le + :<\/strong> Panneau de contr\u00f4le tactile<\/li>\n<\/ul>\n<\/div>","protected":false},"featured_media":40726,"template":"","meta":{"_glsr_average":0,"_glsr_ranking":0,"_glsr_reviews":0},"product_cat":[289],"product_tag":[290,291,153],"class_list":{"0":"post-99482","1":"product","2":"type-product","3":"status-publish","4":"has-post-thumbnail","6":"product_cat-chauffage-soufflant","7":"product_tag-chauffage","8":"product_tag-chauffage-soufflant","9":"product_tag-maison-entretien","11":"first","12":"instock","13":"sale","14":"shipping-taxable","15":"purchasable","16":"product-type-simple"},"_links":{"self":[{"href":"https:\/\/electromenagerexpress.com\/en\/wp-json\/wp\/v2\/product\/99482","targetHints":{"allow":["GET"]}}],"collection":[{"href":"https:\/\/electromenagerexpress.com\/en\/wp-json\/wp\/v2\/product"}],"about":[{"href":"https:\/\/electromenagerexpress.com\/en\/wp-json\/wp\/v2\/types\/product"}],"wp:featuredmedia":[{"embeddable":true,"href":"https:\/\/electromenagerexpress.com\/en\/wp-json\/wp\/v2\/media\/40726"}],"wp:attachment":[{"href":"https:\/\/electromenagerexpress.com\/en\/wp-json\/wp\/v2\/media?parent=99482"}],"wp:term":[{"taxonomy":"product_cat","embeddable":true,"href":"https:\/\/electromenagerexpress.com\/en\/wp-json\/wp\/v2\/product_cat?post=99482"},{"taxonomy":"product_tag","embeddable":true,"href":"https:\/\/electromenagerexpress.com\/en\/wp-json\/wp\/v2\/product_tag?post=99482"}],"curies":[{"name":"wp","href":"https:\/\/api.w.org\/{rel}","templated":true}]}}