{"id":99481,"date":"2024-11-28T11:00:36","date_gmt":"2024-11-28T11:00:36","guid":{"rendered":"https:\/\/electromenagerexpress.com\/product\/cheminee-electriqueklarsteinlamington-2000w\/"},"modified":"2024-12-28T09:55:16","modified_gmt":"2024-12-28T09:55:16","slug":"cheminee-electriqueklarsteinlamington-2000w","status":"publish","type":"product","link":"https:\/\/electromenagerexpress.com\/en\/product\/cheminee-electriqueklarsteinlamington-2000w\/","title":{"rendered":"Chemin\u00e9e \u00e9lectrique KLARSTEIN Lamington 2000W"},"content":{"rendered":"<div class=\"product-features__content\">\n<ul role=\"list\">\n<li class=\"product-features__item\" role=\"listitem\">\n<h3 class=\"product-features__label\">Caract\u00e9ristiques g\u00e9n\u00e9rales<\/h3>\n<ul role=\"list\">\n<li class=\"product-features__item-list__item\" role=\"listitem\"><span class=\"is--medium\">Type :<\/span> Chemin\u00e9e \u00e9lectrique<\/li>\n<li class=\"product-features__item-list__item\" role=\"listitem\"><span class=\"is--medium\">Alimentation :<\/span> Secteur<\/li>\n<li class=\"product-features__item-list__item\" role=\"listitem\"><span class=\"is--medium\">Puissance minimale :<\/span> 1.000 W<\/li>\n<li class=\"product-features__item-list__item\" role=\"listitem\"><span class=\"is--medium\">Puissance max :<\/span> 2.000 W<\/li>\n<li class=\"product-features__item-list__item\" role=\"listitem\"><span class=\"is--medium\">Surface chauff\u00e9e :<\/span> 40 m\u00b2<\/li>\n<li class=\"product-features__item-list__item\" role=\"listitem\"><span class=\"is--medium\">Effet flamme :<\/span> Oui<\/li>\n<li class=\"product-features__item-list__item\" role=\"listitem\"><span class=\"is--medium\">Fa\u00e7ade :<\/span> Verre tremp\u00e9<\/li>\n<li class=\"product-features__item-list__item\" role=\"listitem\"><span class=\"is--medium\">Coloris :<\/span> Blanc<\/li>\n<li class=\"product-features__item-list__item\" role=\"listitem\"><span class=\"is--medium\">Programmateur :<\/span> Oui<\/li>\n<\/ul>\n<\/li>\n<li class=\"product-features__item\" role=\"listitem\">\n<h3 class=\"product-features__label\">Utilisation<\/h3>\n<ul role=\"list\">\n<li class=\"product-features__item-list__item\" role=\"listitem\"><span class=\"is--medium\">Nombre de vitesses :<\/span> 2 vitesses<\/li>\n<\/ul>\n<\/li>\n<li class=\"product-features__item\" role=\"listitem\">\n<h3 class=\"product-features__label\">S\u00e9curit\u00e9<\/h3>\n<ul role=\"list\">\n<li class=\"product-features__item-list__item\" role=\"listitem\"><span class=\"is--medium\">Anti-surchauffe :<\/span> Oui<\/li>\n<li class=\"product-features__item-list__item\" role=\"listitem\"><span class=\"is--medium\">Arr\u00eat automatique :<\/span> Oui<\/li>\n<\/ul>\n<\/li>\n<li class=\"product-features__item\" role=\"listitem\">\n<h3 class=\"product-features__label\">Installation<\/h3>\n<ul role=\"list\">\n<li class=\"product-features__item-list__item\" role=\"listitem\"><span class=\"is--medium\">Installation murale :<\/span> Fixation fournie<\/li>\n<\/ul>\n<\/li>\n<li class=\"product-features__item\" role=\"listitem\">\n<h3 class=\"product-features__label\">Dimensions<\/h3>\n<ul role=\"list\">\n<li class=\"product-features__item-list__item\" role=\"listitem\"><span class=\"is--medium\">Dimensions l x h x p :<\/span> 40 x 87 x 14 cm<\/li>\n<li class=\"product-features__item-list__item\" role=\"listitem\"><span class=\"is--medium\">Poids net :<\/span> 10,50 kg<\/li>\n<\/ul>\n<\/li>\n<li class=\"product-features__item\" role=\"listitem\">\n<h3 class=\"product-features__label\">Informations compl\u00e9mentaires<\/h3>\n<ul role=\"list\">\n<li class=\"product-features__item-list__item\" role=\"listitem\"><span class=\"is--medium\">Fabriqu\u00e9 en :<\/span> Chine<\/li>\n<li class=\"product-features__item-list__item\" role=\"listitem\"><span class=\"is--medium\">Disponibilit\u00e9 des pi\u00e8ces d\u00e9tach\u00e9es (donn\u00e9es fournisseur) :<\/span> Non concern\u00e9<\/li>\n<\/ul>\n<\/li>\n<\/ul>\n<\/div>\n<div class=\"product__disclosure-content\">\n<div class=\"js-read-more product-description__content read-more read-more--truncated\" style=\"max-height: 500px;overflow: hidden\" data-read-more-name=\"description\">\n<p>Des flammes LED r\u00e9alistes et une chaleur agr\u00e9able : la <b>chemin\u00e9e \u00e9lectrique<\/b><b> Klarstein <\/b>Lamington cr\u00e9e chez vous une ambiance merveilleusement chaleureuse. Ses deux niveaux de chauffage garantissent des temp\u00e9ratures agr\u00e9ables et le feu LED cr\u00e9pitant se propage vivement au-dessus des b\u00fbches. Le point fort particulier du <b>foyer mural<\/b> Lamington est son \u00e9clairage d&rsquo;ambiance en couleur \u00e0 l&rsquo;arri\u00e8re. De plus, vous pouvez r\u00e9gler \u00e0 votre convenance la luminosit\u00e9 des flammes. Avec sa minuterie int\u00e9gr\u00e9e et sa t\u00e9l\u00e9commande pratique, la Lamington r\u00e9pond \u00e0 toutes les attentes. Sa fa\u00e7ade incurv\u00e9e en verre compl\u00e8te habilement son design moderne.<\/p>\n<p><b>Top Features:<\/b><\/p>\n<p><b>2000 watts :<\/b> Puissante chemin\u00e9e murale \u00e9lectrique avec deux niveaux de chauffage<br \/>\n<b>Dynamique :<\/b> Design moderne avec fa\u00e7ade en verre incurv\u00e9e<br \/>\n<b>Point fort pour l&rsquo;ambiance : <\/b>gr\u00e2ce \u00e0 l&rsquo;\u00e9clairage d&rsquo;ambiance en couleur \u00e0 l&rsquo;arri\u00e8re<br \/>\n<b>Flexible : <\/b>luminosit\u00e9 r\u00e9glable individuellement<br \/>\n<b>Confortable :<\/b> avec t\u00e9l\u00e9commande pratique<\/p>\n<p><b>Caract\u00e9ristiques:<\/b><\/p>\n<ul>\n<li>Puissance : 1000\/2000 watts<\/li>\n<li>\u00c9clairage : LED<\/li>\n<li>2 niveaux de chaleur<\/li>\n<li>Temp\u00e9rature : 10 \u00e0 25 \u00b0C<\/li>\n<li>R\u00e9glage de la luminosit\u00e9<\/li>\n<li>\u00e9clairage d&rsquo;ambiance \u00e0 l&rsquo;arri\u00e8re en 3 couleurs<\/li>\n<li>Minuterie hebdomadaire programmable<\/li>\n<li>\u00c9cran et thermostat<\/li>\n<li>Affichage de la temp\u00e9rature : en Celsius ou Fahrenheit<\/li>\n<li>avec t\u00e9l\u00e9commande et pile 3 V CR2025 fournie<\/li>\n<li>Protection contre la surchauffe<\/li>\n<li>Design moderne<\/li>\n<\/ul>\n<p><b>Inclus dans la livraison:<\/b><\/p>\n<ul>\n<li>1 x chemin\u00e9e<\/li>\n<li>1 x t\u00e9l\u00e9commande<\/li>\n<li>Mode d&#8217;emploi en fran\u00e7ais<\/li>\n<\/ul>\n<p><b>Dimension:<\/b><\/p>\n<ul>\n<li>Dimensions : environ 40 x 87 x 14 cm (LxHxP)<\/li>\n<li>Longueur du c\u00e2ble : env. 170 cm<\/li>\n<li>Poids : env. 10,5 kg<\/li>\n<li>Mat\u00e9riau du bo\u00eetier : verre<\/li>\n<li>Alimentation : 220-240 V~ 50 Hz<\/li>\n<\/ul>\n<\/div>\n<p>&nbsp;<\/p>\n<\/div>","protected":false},"excerpt":{"rendered":"<div class=\"keypoints\">\n<h3 class=\"keypoints__title\">Les points cl\u00e9s<\/h3>\n<ul role=\"list\">\n<li class=\"keypoints__item\" role=\"listitem\">Surface chauff\u00e9e : 40 m\u00b2<\/li>\n<li class=\"keypoints__item\" role=\"listitem\">Puissance max : 2.000 W<\/li>\n<li class=\"keypoints__item\" role=\"listitem\">Programmateur<\/li>\n<li class=\"keypoints__item\" role=\"listitem\">2 vitesses<\/li>\n<\/ul>\n<\/div>","protected":false},"featured_media":40719,"template":"","meta":{"_glsr_average":0,"_glsr_ranking":0,"_glsr_reviews":0},"product_cat":[288],"product_tag":[290,153],"class_list":{"0":"post-99481","1":"product","2":"type-product","3":"status-publish","4":"has-post-thumbnail","6":"product_cat-chauffage","7":"product_tag-chauffage","8":"product_tag-maison-entretien","10":"first","11":"instock","12":"sale","13":"shipping-taxable","14":"purchasable","15":"product-type-simple"},"_links":{"self":[{"href":"https:\/\/electromenagerexpress.com\/en\/wp-json\/wp\/v2\/product\/99481","targetHints":{"allow":["GET"]}}],"collection":[{"href":"https:\/\/electromenagerexpress.com\/en\/wp-json\/wp\/v2\/product"}],"about":[{"href":"https:\/\/electromenagerexpress.com\/en\/wp-json\/wp\/v2\/types\/product"}],"wp:featuredmedia":[{"embeddable":true,"href":"https:\/\/electromenagerexpress.com\/en\/wp-json\/wp\/v2\/media\/40719"}],"wp:attachment":[{"href":"https:\/\/electromenagerexpress.com\/en\/wp-json\/wp\/v2\/media?parent=99481"}],"wp:term":[{"taxonomy":"product_cat","embeddable":true,"href":"https:\/\/electromenagerexpress.com\/en\/wp-json\/wp\/v2\/product_cat?post=99481"},{"taxonomy":"product_tag","embeddable":true,"href":"https:\/\/electromenagerexpress.com\/en\/wp-json\/wp\/v2\/product_tag?post=99481"}],"curies":[{"name":"wp","href":"https:\/\/api.w.org\/{rel}","templated":true}]}}