{"id":99480,"date":"2024-11-28T11:00:32","date_gmt":"2024-11-28T11:00:32","guid":{"rendered":"https:\/\/electromenagerexpress.com\/product\/cheminee-electriqueklarsteinlausanne-vertical-1000-2000w\/"},"modified":"2024-12-28T10:14:46","modified_gmt":"2024-12-28T10:14:46","slug":"cheminee-electriqueklarsteinlausanne-vertical-1000-2000w","status":"publish","type":"product","link":"https:\/\/electromenagerexpress.com\/en\/product\/cheminee-electriqueklarsteinlausanne-vertical-1000-2000w\/","title":{"rendered":"Chemin\u00e9e \u00e9lectrique KLARSTEIN Lausanne Vertical 1000\/2000W"},"content":{"rendered":"<div class=\"product-features__content\">\n<ul role=\"list\">\n<li class=\"product-features__item\" role=\"listitem\">\n<h3 class=\"product-features__label\">Caract\u00e9ristiques g\u00e9n\u00e9rales<\/h3>\n<ul role=\"list\">\n<li class=\"product-features__item-list__item\" role=\"listitem\"><span class=\"is--medium\">Type :<\/span> Chemin\u00e9e \u00e9lectrique<\/li>\n<li class=\"product-features__item-list__item\" role=\"listitem\"><span class=\"is--medium\">Alimentation :<\/span> Secteur<\/li>\n<li class=\"product-features__item-list__item\" role=\"listitem\"><span class=\"is--medium\">Puissance minimale :<\/span> 1.000 W<\/li>\n<li class=\"product-features__item-list__item\" role=\"listitem\"><span class=\"is--medium\">Puissance max :<\/span> 2.000 W<\/li>\n<li class=\"product-features__item-list__item\" role=\"listitem\"><span class=\"is--medium\">Surface chauff\u00e9e :<\/span> 40 m\u00b2<\/li>\n<li class=\"product-features__item-list__item\" role=\"listitem\"><span class=\"is--medium\">Effet flamme :<\/span> Oui<\/li>\n<li class=\"product-features__item-list__item\" role=\"listitem\"><span class=\"is--medium\">Fa\u00e7ade :<\/span> Verre tremp\u00e9<\/li>\n<li class=\"product-features__item-list__item\" role=\"listitem\"><span class=\"is--medium\">Coloris :<\/span> Noir<\/li>\n<li class=\"product-features__item-list__item\" role=\"listitem\"><span class=\"is--medium\">Programmateur :<\/span> Oui<\/li>\n<\/ul>\n<\/li>\n<li class=\"product-features__item\" role=\"listitem\">\n<h3 class=\"product-features__label\">Utilisation<\/h3>\n<ul role=\"list\">\n<li class=\"product-features__item-list__item\" role=\"listitem\"><span class=\"is--medium\">Nombre de vitesses :<\/span> 2 vitesses<\/li>\n<\/ul>\n<\/li>\n<li class=\"product-features__item\" role=\"listitem\">\n<h3 class=\"product-features__label\">Installation<\/h3>\n<ul role=\"list\">\n<li class=\"product-features__item-list__item\" role=\"listitem\"><span class=\"is--medium\">Installation murale :<\/span> Fixation fournie<\/li>\n<\/ul>\n<\/li>\n<li class=\"product-features__item\" role=\"listitem\">\n<h3 class=\"product-features__label\">Dimensions<\/h3>\n<ul role=\"list\">\n<li class=\"product-features__item-list__item\" role=\"listitem\"><span class=\"is--medium\">Dimensions l x h x p :<\/span> 58 x 88 x 15 cm<\/li>\n<li class=\"product-features__item-list__item\" role=\"listitem\"><span class=\"is--medium\">Poids net :<\/span> 20,70 kg<\/li>\n<\/ul>\n<\/li>\n<li class=\"product-features__item\" role=\"listitem\">\n<h3 class=\"product-features__label\">Informations compl\u00e9mentaires<\/h3>\n<ul role=\"list\">\n<li class=\"product-features__item-list__item\" role=\"listitem\"><span class=\"is--medium\">Fabriqu\u00e9 en :<\/span> Chine<\/li>\n<li class=\"product-features__item-list__item\" role=\"listitem\"><span class=\"is--medium\">Disponibilit\u00e9 des pi\u00e8ces d\u00e9tach\u00e9es (donn\u00e9es fournisseur) :<\/span> Non concern\u00e9<\/li>\n<\/ul>\n<\/li>\n<\/ul>\n<\/div>\n<div class=\"product__disclosure-content\">\n<div class=\"js-read-more product-description__content read-more read-more--truncated\" style=\"max-height: 500px;overflow: hidden\" data-read-more-name=\"description\">\n<p>La <b>chemin\u00e9e \u00e9lectrique Lausanne Vertical <\/b>de <b>Klarstein<\/b> cr\u00e9e une atmosph\u00e8re romantique et chaleureuse gr\u00e2ce \u00e0 son remarquable effet de flammes &#8211; sans flamme v\u00e9ritable, ni cendres, ni fum\u00e9e. Sur demande, il est possible d&rsquo;activer un chauffage qui diffuse imm\u00e9diatement de la chaleur et cr\u00e9e un environnement relaxant en quelques minutes. Restez assis confortablement sans vous d\u00e9placer : En effet, cette fonction se contr\u00f4le facilement \u00e0 l&rsquo;aide de la t\u00e9l\u00e9commande et vous pouvez m\u00eame programmer une minuterie hebdomadaire.<\/p>\n<p>O\u00f9 le verre rencontre de fascinants jeux de flammes : la Lausanne Vertical de <b>Klarstein<\/b> imite de mani\u00e8re r\u00e9aliste un feu de chemin\u00e9e cr\u00e9pitant, offre de la chaleur et d\u00e9core artistiquement votre int\u00e9rieur.<\/p>\n<p><b>Top Features:<\/b><\/p>\n<p><b>Des flammes sans feu :<\/b> Chemin\u00e9e \u00e9lectrique avec des effets de lumi\u00e8re remarquables<br \/>\n<b>Chauffez-vous :<\/b> Puissance de chauffage de 1000 ou 2000 watts<br \/>\n<b>Comme par magie : <\/b>Contr\u00f4le par t\u00e9l\u00e9commande ou minuterie hebdomadaire<br \/>\n<b>Derri\u00e8re la vitre :<\/b> Design \u00e9l\u00e9gant et sobre<br \/>\n<b>Plat et adaptable :<\/b> montage mural tr\u00e8s simple<\/p>\n<p><b>Caract\u00e9ristiques:<\/b><\/p>\n<ul>\n<li>chemin\u00e9e \u00e9lectrique avec simulation de feu<\/li>\n<li>effets de flammes d&rsquo;ambiance et b\u00fbches incandescentes<\/li>\n<li>Puissance de chauffage au choix : 1000 ou 2000 watts<\/li>\n<li>Fonction de chauffage activable en option<\/li>\n<li>toutes les fonctions sont programmables par minuterie<\/li>\n<li>t\u00e9l\u00e9commande incluse<\/li>\n<li>Voyant lumineux<\/li>\n<li>avec fonction variateur<\/li>\n<li>design \u00e9l\u00e9gant et esth\u00e9tique en verre<\/li>\n<li>Alimentation : 220-240 V~ 50 Hz<\/li>\n<\/ul>\n<p><b>Inclus dans la livraison:<\/b><\/p>\n<ul>\n<li>1 x chemin\u00e9e<\/li>\n<li>1 x t\u00e9l\u00e9commande<\/li>\n<li>1 x mat\u00e9riel de montage<\/li>\n<li>Mode d&#8217;emploi en fran\u00e7ais<\/li>\n<\/ul>\n<p><b>Dimension:<\/b><\/p>\n<ul>\n<li>Total : env. 58 x 88 x 15 cm (LxHxP)<\/li>\n<li>Longueur du c\u00e2ble d&rsquo;alimentation : env. 160 cm<\/li>\n<li>Poids : env. 20,7 kg<\/li>\n<\/ul>\n<\/div>\n<p>&nbsp;<\/p>\n<\/div>","protected":false},"excerpt":{"rendered":"<div class=\"keypoints\">\n<h3 class=\"keypoints__title\">Les points cl\u00e9s<\/h3>\n<ul role=\"list\">\n<li class=\"keypoints__item\" role=\"listitem\">Surface chauff\u00e9e : 40 m\u00b2<\/li>\n<li class=\"keypoints__item\" role=\"listitem\">Puissance max : 2.000 W<\/li>\n<li class=\"keypoints__item\" role=\"listitem\">Programmateur<\/li>\n<li class=\"keypoints__item\" role=\"listitem\">2 vitesses<\/li>\n<\/ul>\n<\/div>","protected":false},"featured_media":40714,"template":"","meta":{"_glsr_average":0,"_glsr_ranking":0,"_glsr_reviews":0},"product_cat":[288],"product_tag":[290,153],"class_list":{"0":"post-99480","1":"product","2":"type-product","3":"status-publish","4":"has-post-thumbnail","6":"product_cat-chauffage","7":"product_tag-chauffage","8":"product_tag-maison-entretien","10":"first","11":"instock","12":"sale","13":"shipping-taxable","14":"purchasable","15":"product-type-simple"},"_links":{"self":[{"href":"https:\/\/electromenagerexpress.com\/en\/wp-json\/wp\/v2\/product\/99480","targetHints":{"allow":["GET"]}}],"collection":[{"href":"https:\/\/electromenagerexpress.com\/en\/wp-json\/wp\/v2\/product"}],"about":[{"href":"https:\/\/electromenagerexpress.com\/en\/wp-json\/wp\/v2\/types\/product"}],"wp:featuredmedia":[{"embeddable":true,"href":"https:\/\/electromenagerexpress.com\/en\/wp-json\/wp\/v2\/media\/40714"}],"wp:attachment":[{"href":"https:\/\/electromenagerexpress.com\/en\/wp-json\/wp\/v2\/media?parent=99480"}],"wp:term":[{"taxonomy":"product_cat","embeddable":true,"href":"https:\/\/electromenagerexpress.com\/en\/wp-json\/wp\/v2\/product_cat?post=99480"},{"taxonomy":"product_tag","embeddable":true,"href":"https:\/\/electromenagerexpress.com\/en\/wp-json\/wp\/v2\/product_tag?post=99480"}],"curies":[{"name":"wp","href":"https:\/\/api.w.org\/{rel}","templated":true}]}}