{"id":99479,"date":"2024-11-28T11:00:31","date_gmt":"2024-11-28T11:00:31","guid":{"rendered":"https:\/\/electromenagerexpress.com\/product\/seche-serviettevidaxl140844\/"},"modified":"2024-12-28T10:16:49","modified_gmt":"2024-12-28T10:16:49","slug":"seche-serviettevidaxl140844","status":"publish","type":"product","link":"https:\/\/electromenagerexpress.com\/en\/product\/seche-serviettevidaxl140844\/","title":{"rendered":"S\u00e8che serviette VIDAXL 140844"},"content":{"rendered":"<div class=\"product-features__content\">\n<ul role=\"list\">\n<li class=\"product-features__item\" role=\"listitem\">\n<h3 class=\"product-features__label\">Caract\u00e9ristiques g\u00e9n\u00e9rales<\/h3>\n<ul role=\"list\">\n<li class=\"product-features__item-list__item\" role=\"listitem\"><span class=\"is--medium\">Type :<\/span> S\u00e8che serviette<\/li>\n<li class=\"product-features__item-list__item\" role=\"listitem\"><span class=\"is--medium\">Alimentation :<\/span> Secteur<\/li>\n<li class=\"product-features__item-list__item\" role=\"listitem\"><span class=\"is--medium\">Puissance max :<\/span> 560 W<\/li>\n<li class=\"product-features__item-list__item\" role=\"listitem\"><span class=\"is--medium\">Surface chauff\u00e9e :<\/span> 12 m\u00b2<\/li>\n<li class=\"product-features__item-list__item\" role=\"listitem\"><span class=\"is--medium\">Coloris :<\/span> Blanc<\/li>\n<\/ul>\n<\/li>\n<li class=\"product-features__item\" role=\"listitem\">\n<h3 class=\"product-features__label\">Informations compl\u00e9mentaires<\/h3>\n<ul role=\"list\">\n<li class=\"product-features__item-list__item\" role=\"listitem\"><span class=\"is--medium\">Fabriqu\u00e9 en :<\/span> Chine<\/li>\n<li class=\"product-features__item-list__item\" role=\"listitem\"><span class=\"is--medium\">Disponibilit\u00e9 des pi\u00e8ces d\u00e9tach\u00e9es (donn\u00e9es fournisseur) :<\/span> Non communiqu\u00e9e<\/li>\n<\/ul>\n<\/li>\n<\/ul>\n<\/div>\n<div class=\"product__disclosure-content\">\n<div class=\"js-read-more product-description__content read-more read-more--truncated\" style=\"max-height: 500px;overflow: hidden\" data-read-more-name=\"description\">\n<p>Ce radiateur s\u00e8che-serviettes est con\u00e7u pour servir \u00e0 la fois de s\u00e8che-serviettes et de radiateur. Il aide les salles de bains \u00e0 rester au chaud, sans moisissure et convient pour s\u00e9cher de grandes serviettes et de longs peignoirs en attendant.<\/p>\n<p>Gr\u00e2ce au syst\u00e8me de circulation d&rsquo;eau chaude, vos serviettes seront s\u00e9ch\u00e9es en un rien de temps, ce qui ne co\u00fbtera pas de factures d&rsquo;\u00e9lectricit\u00e9. Le s\u00e8che-serviettes comporte 18 barres transversales en acier de 22 mm de diam\u00e8tre et est peint en blanc. Les barres transversales sont tr\u00e8s \u00e9paisses et produisent donc une puissance calorifique \u00e9lev\u00e9e. Le haut et le bas sont tous deux \u00e9quip\u00e9s d&rsquo;arriv\u00e9es d&rsquo;eau pour un d\u00e9bit d&rsquo;eau optimal.<\/p>\n<p>Il est facile \u00e0 assembler et \u00e0 entretenir. La livraison comprend les supports muraux et les vis.<\/p>\n<p>Couleur: Blanc<br \/>\nMat\u00e9riel: Acier<br \/>\nStyle: Droit<br \/>\nPuissance calorifique : 560 W (422 BTU)<br \/>\nDimensions : 600 x 1 160 mm (L x H)<br \/>\nDistance entre les centres des tubes : 550 mm<br \/>\nDistance entre le mur et la fa\u00e7ade du radiateur : 80 mm<br \/>\nNombre de barres transversales : 18 d&rsquo;un diam\u00e8tre de 22 mm, r\u00e9parties en 4 sections de 3, 4, 5, 6<br \/>\nMontage mural<br \/>\nPack de fixation : Inclus<br \/>\nRemarque : Le radiateur s\u00e8che-serviettes chauffe \u00e0 l&rsquo;eau et non \u00e0 l&rsquo;\u00e9lectricit\u00e9.<\/p>\n<\/div>\n<p>&nbsp;<\/p>\n<\/div>","protected":false},"excerpt":{"rendered":"<div class=\"keypoints\">\n<h3 class=\"keypoints__title\">Les points cl\u00e9s<\/h3>\n<ul role=\"list\">\n<li class=\"keypoints__item\" role=\"listitem\">Surface chauff\u00e9e : 12 m\u00b2<\/li>\n<li class=\"keypoints__item\" role=\"listitem\">Puissance max : 560 W<\/li>\n<\/ul>\n<\/div>","protected":false},"featured_media":40713,"template":"","meta":{"_glsr_average":0,"_glsr_ranking":0,"_glsr_reviews":0},"product_cat":[306],"product_tag":[290,307,153],"class_list":{"0":"post-99479","1":"product","2":"type-product","3":"status-publish","4":"has-post-thumbnail","6":"product_cat-chauffage-electrique","7":"product_tag-chauffage","8":"product_tag-chauffage-electrique","9":"product_tag-maison-entretien","11":"first","12":"instock","13":"sale","14":"shipping-taxable","15":"purchasable","16":"product-type-simple"},"_links":{"self":[{"href":"https:\/\/electromenagerexpress.com\/en\/wp-json\/wp\/v2\/product\/99479","targetHints":{"allow":["GET"]}}],"collection":[{"href":"https:\/\/electromenagerexpress.com\/en\/wp-json\/wp\/v2\/product"}],"about":[{"href":"https:\/\/electromenagerexpress.com\/en\/wp-json\/wp\/v2\/types\/product"}],"wp:featuredmedia":[{"embeddable":true,"href":"https:\/\/electromenagerexpress.com\/en\/wp-json\/wp\/v2\/media\/40713"}],"wp:attachment":[{"href":"https:\/\/electromenagerexpress.com\/en\/wp-json\/wp\/v2\/media?parent=99479"}],"wp:term":[{"taxonomy":"product_cat","embeddable":true,"href":"https:\/\/electromenagerexpress.com\/en\/wp-json\/wp\/v2\/product_cat?post=99479"},{"taxonomy":"product_tag","embeddable":true,"href":"https:\/\/electromenagerexpress.com\/en\/wp-json\/wp\/v2\/product_tag?post=99479"}],"curies":[{"name":"wp","href":"https:\/\/api.w.org\/{rel}","templated":true}]}}