{"id":99474,"date":"2024-11-28T11:00:10","date_gmt":"2024-11-28T11:00:10","guid":{"rendered":"https:\/\/electromenagerexpress.com\/product\/cheminee-electriqueklarsteinlausanne-long-1600w\/"},"modified":"2024-12-28T10:26:59","modified_gmt":"2024-12-28T10:26:59","slug":"cheminee-electriqueklarsteinlausanne-long-1600w","status":"publish","type":"product","link":"https:\/\/electromenagerexpress.com\/en\/product\/cheminee-electriqueklarsteinlausanne-long-1600w\/","title":{"rendered":"Chemin\u00e9e \u00e9lectrique KLARSTEIN Lausanne Long  1600W"},"content":{"rendered":"<div class=\"product-features__content\">\n<ul role=\"list\">\n<li class=\"product-features__item\" role=\"listitem\">\n<h3 class=\"product-features__label\">Caract\u00e9ristiques g\u00e9n\u00e9rales<\/h3>\n<ul role=\"list\">\n<li class=\"product-features__item-list__item\" role=\"listitem\"><span class=\"is--medium\">Type :<\/span> Chemin\u00e9e \u00e9lectrique<\/li>\n<li class=\"product-features__item-list__item\" role=\"listitem\"><span class=\"is--medium\">Alimentation :<\/span> Secteur<\/li>\n<li class=\"product-features__item-list__item\" role=\"listitem\"><span class=\"is--medium\">Puissance minimale :<\/span> 800 W<\/li>\n<li class=\"product-features__item-list__item\" role=\"listitem\"><span class=\"is--medium\">Puissance max :<\/span> 1.600 W<\/li>\n<li class=\"product-features__item-list__item\" role=\"listitem\"><span class=\"is--medium\">Surface chauff\u00e9e :<\/span> 40 m\u00b2<\/li>\n<li class=\"product-features__item-list__item\" role=\"listitem\"><span class=\"is--medium\">Effet flamme :<\/span> Oui<\/li>\n<li class=\"product-features__item-list__item\" role=\"listitem\"><span class=\"is--medium\">Fa\u00e7ade :<\/span> Verre tremp\u00e9<\/li>\n<li class=\"product-features__item-list__item\" role=\"listitem\"><span class=\"is--medium\">Coloris :<\/span> Blanc<\/li>\n<li class=\"product-features__item-list__item\" role=\"listitem\"><span class=\"is--medium\">Programmateur :<\/span> Oui<\/li>\n<\/ul>\n<\/li>\n<li class=\"product-features__item\" role=\"listitem\">\n<h3 class=\"product-features__label\">Utilisation<\/h3>\n<ul role=\"list\">\n<li class=\"product-features__item-list__item\" role=\"listitem\"><span class=\"is--medium\">Nombre de vitesses :<\/span> 2 vitesses<\/li>\n<\/ul>\n<\/li>\n<li class=\"product-features__item\" role=\"listitem\">\n<h3 class=\"product-features__label\">S\u00e9curit\u00e9<\/h3>\n<ul role=\"list\">\n<li class=\"product-features__item-list__item\" role=\"listitem\"><span class=\"is--medium\">Anti-surchauffe :<\/span> Oui<\/li>\n<li class=\"product-features__item-list__item\" role=\"listitem\"><span class=\"is--medium\">Arr\u00eat automatique :<\/span> Oui<\/li>\n<\/ul>\n<\/li>\n<li class=\"product-features__item\" role=\"listitem\">\n<h3 class=\"product-features__label\">Installation<\/h3>\n<ul role=\"list\">\n<li class=\"product-features__item-list__item\" role=\"listitem\"><span class=\"is--medium\">Installation murale :<\/span> Fixation fournie<\/li>\n<\/ul>\n<\/li>\n<li class=\"product-features__item\" role=\"listitem\">\n<h3 class=\"product-features__label\">Dimensions<\/h3>\n<ul role=\"list\">\n<li class=\"product-features__item-list__item\" role=\"listitem\"><span class=\"is--medium\">Dimensions l x h x p :<\/span> 128 x 55 x 15 cm<\/li>\n<li class=\"product-features__item-list__item\" role=\"listitem\"><span class=\"is--medium\">Poids net :<\/span> 20,00 kg<\/li>\n<\/ul>\n<\/li>\n<li class=\"product-features__item\" role=\"listitem\">\n<h3 class=\"product-features__label\">Informations compl\u00e9mentaires<\/h3>\n<ul role=\"list\">\n<li class=\"product-features__item-list__item\" role=\"listitem\"><span class=\"is--medium\">Fabriqu\u00e9 en :<\/span> Chine<\/li>\n<li class=\"product-features__item-list__item\" role=\"listitem\"><span class=\"is--medium\">Disponibilit\u00e9 des pi\u00e8ces d\u00e9tach\u00e9es (donn\u00e9es fournisseur) :<\/span> Non concern\u00e9<\/li>\n<\/ul>\n<\/li>\n<\/ul>\n<\/div>\n<div class=\"product__disclosure-content\">\n<div class=\"js-read-more product-description__content read-more read-more--truncated\" style=\"max-height: 500px;overflow: hidden\" data-read-more-name=\"description\">\n<p>La <b>chemin\u00e9e \u00e9lectrique Lausanne Long <\/b>de <b>Klarstein<\/b> cr\u00e9e une atmosph\u00e8re romantique et chaleureuse gr\u00e2ce \u00e0 son remarquable effet de flammes. Vivez l&rsquo;atmosph\u00e8re d&rsquo;un feu de chemin\u00e9e vivant et cr\u00e9pitant &#8211; sans fum\u00e9e ni flammes r\u00e9elles, sans cendres ni suie. La fonction de chauffage suppl\u00e9mentaire vous offre une chaleur agr\u00e9able et r\u00e9glable sur deux niveaux. Vous pouvez aussi r\u00e9gler la luminosit\u00e9 du <b>foyer mural<\/b>. Et tout cela tr\u00e8s confortablement par t\u00e9l\u00e9commande<\/p>\n<p>Enti\u00e8rement en verre, la <b>Klarstein<\/b> Lausanne Long, m\u00eame \u00e9teinte, est extr\u00eamement \u00e9l\u00e9gante sur n&rsquo;importe quel mur &#8211; allum\u00e9e, elle diffuse de la chaleur avec le charme convivial d&rsquo;un feu vivant.<\/p>\n<p><b>Veuillez noter que ce produit ne convient qu&rsquo;aux pi\u00e8ces bien isol\u00e9es ou pour une utilisation occasionnelle.<\/b><\/p>\n<p><b>Top Features:<\/b><\/p>\n<p><b>Merveilleuse chemin\u00e9e murale : <\/b>chemin\u00e9e \u00e9lectrique avec illumination des flammes<br \/>\n<b>Format horizontal simple : <\/b>avec grande fen\u00eatre de visualisation en verre tremp\u00e9<br \/>\n<b>\u00c0 distance :<\/b> contr\u00f4le ais\u00e9 par t\u00e9l\u00e9commande<br \/>\n<b>Effets de flammes chauffantes :<\/b> avec chauffage activable sans feu ni fum\u00e9e<br \/>\n<b>2 niveaux de chauffage jusqu&rsquo;\u00e0 1600 watts :<\/b> id\u00e9al pour les pi\u00e8ces jusqu&rsquo;\u00e0 40 m\u00b2<\/p>\n<p><b>Caract\u00e9ristiques:<\/b><\/p>\n<ul>\n<li>chemin\u00e9e \u00e9lectrique avec simulation de flamme<\/li>\n<li>Puissance\u00a0: 1600\u00a0watts<\/li>\n<li>chauffage \u00e0 2 niveaux, activable en option<\/li>\n<li>effet de flammes d&rsquo;ambiance<\/li>\n<li>Fen\u00eatre de visualisation en verre tremp\u00e9<\/li>\n<li>luminosit\u00e9 r\u00e9glable<\/li>\n<li>t\u00e9l\u00e9commande incluse<\/li>\n<li>Montage mural simple<\/li>\n<li>Design \u00e9l\u00e9gant et sobre au format horizontal<\/li>\n<li>r\u00e9chauffe les pi\u00e8ces jusqu&rsquo;\u00e0 40 m\u00b2<\/li>\n<li>Alimentation : 220-240 V~ 50 Hz<\/li>\n<\/ul>\n<p><b>Inclus dans la livraison:<\/b><\/p>\n<ul>\n<li>1 x chemin\u00e9e<\/li>\n<li>1 x t\u00e9l\u00e9commande<\/li>\n<li>1 x mat\u00e9riel de montage<\/li>\n<li>Mode d&#8217;emploi en fran\u00e7ais<\/li>\n<\/ul>\n<p><b>Dimension:<\/b><\/p>\n<ul>\n<li>Dimensions : 128 x 55 x 15 cm (LxHxP)<\/li>\n<li>Longueur du c\u00e2ble d&rsquo;alimentation\u00a0: environ 140\u00a0cm<\/li>\n<li>Poids : env. 20 kg<\/li>\n<\/ul>\n<\/div>\n<p>&nbsp;<\/p>\n<\/div>","protected":false},"excerpt":{"rendered":"<div class=\"keypoints\">\n<h3 class=\"keypoints__title\">Les points cl\u00e9s<\/h3>\n<ul role=\"list\">\n<li class=\"keypoints__item\" role=\"listitem\">Surface chauff\u00e9e : 40 m\u00b2<\/li>\n<li class=\"keypoints__item\" role=\"listitem\">Puissance max : 1.600 W<\/li>\n<li class=\"keypoints__item\" role=\"listitem\">Programmateur<\/li>\n<li class=\"keypoints__item\" role=\"listitem\">2 vitesses<\/li>\n<\/ul>\n<\/div>","protected":false},"featured_media":40681,"template":"","meta":{"_glsr_average":0,"_glsr_ranking":0,"_glsr_reviews":0},"product_cat":[288],"product_tag":[290,153],"class_list":{"0":"post-99474","1":"product","2":"type-product","3":"status-publish","4":"has-post-thumbnail","6":"product_cat-chauffage","7":"product_tag-chauffage","8":"product_tag-maison-entretien","10":"first","11":"instock","12":"sale","13":"shipping-taxable","14":"purchasable","15":"product-type-simple"},"_links":{"self":[{"href":"https:\/\/electromenagerexpress.com\/en\/wp-json\/wp\/v2\/product\/99474","targetHints":{"allow":["GET"]}}],"collection":[{"href":"https:\/\/electromenagerexpress.com\/en\/wp-json\/wp\/v2\/product"}],"about":[{"href":"https:\/\/electromenagerexpress.com\/en\/wp-json\/wp\/v2\/types\/product"}],"wp:featuredmedia":[{"embeddable":true,"href":"https:\/\/electromenagerexpress.com\/en\/wp-json\/wp\/v2\/media\/40681"}],"wp:attachment":[{"href":"https:\/\/electromenagerexpress.com\/en\/wp-json\/wp\/v2\/media?parent=99474"}],"wp:term":[{"taxonomy":"product_cat","embeddable":true,"href":"https:\/\/electromenagerexpress.com\/en\/wp-json\/wp\/v2\/product_cat?post=99474"},{"taxonomy":"product_tag","embeddable":true,"href":"https:\/\/electromenagerexpress.com\/en\/wp-json\/wp\/v2\/product_tag?post=99474"}],"curies":[{"name":"wp","href":"https:\/\/api.w.org\/{rel}","templated":true}]}}