{"id":99473,"date":"2024-11-28T11:00:08","date_gmt":"2024-11-28T11:00:08","guid":{"rendered":"https:\/\/electromenagerexpress.com\/product\/chauffage-electriquetaurusmalbork600\/"},"modified":"2024-12-28T10:28:57","modified_gmt":"2024-12-28T10:28:57","slug":"chauffage-electriquetaurusmalbork600","status":"publish","type":"product","link":"https:\/\/electromenagerexpress.com\/en\/product\/chauffage-electriquetaurusmalbork600\/","title":{"rendered":"Chauffage \u00e9lectrique TAURUS\t MALBORK600"},"content":{"rendered":"<div class=\"product-features__content\">\n<ul role=\"list\">\n<li class=\"product-features__item\" role=\"listitem\">\n<h3 class=\"product-features__label\">Caract\u00e9ristiques g\u00e9n\u00e9rales<\/h3>\n<ul role=\"list\">\n<li class=\"product-features__item-list__item\" role=\"listitem\"><span class=\"is--medium\">Type :<\/span> Radiateur \u00e9lectrique<\/li>\n<li class=\"product-features__item-list__item\" role=\"listitem\"><span class=\"is--medium\">Alimentation :<\/span> Secteur<\/li>\n<li class=\"product-features__item-list__item\" role=\"listitem\"><span class=\"is--medium\">Puissance max :<\/span> 600 W<\/li>\n<li class=\"product-features__item-list__item\" role=\"listitem\"><span class=\"is--medium\">Surface chauff\u00e9e :<\/span> 6 m\u00b2<\/li>\n<li class=\"product-features__item-list__item\" role=\"listitem\"><span class=\"is--medium\">Coloris :<\/span> Blanc<\/li>\n<\/ul>\n<\/li>\n<li class=\"product-features__item\" role=\"listitem\">\n<h3 class=\"product-features__label\">Dimensions<\/h3>\n<ul role=\"list\">\n<li class=\"product-features__item-list__item\" role=\"listitem\"><span class=\"is--medium\">Dimensions l x h x p :<\/span> 45.5 x 58 x 8 cm<\/li>\n<li class=\"product-features__item-list__item\" role=\"listitem\"><span class=\"is--medium\">Poids net :<\/span> 6,30 kg<\/li>\n<\/ul>\n<\/li>\n<li class=\"product-features__item\" role=\"listitem\">\n<h3 class=\"product-features__label\">Informations compl\u00e9mentaires<\/h3>\n<ul role=\"list\">\n<li class=\"product-features__item-list__item\" role=\"listitem\"><span class=\"is--medium\">Fabriqu\u00e9 en :<\/span> France<\/li>\n<li class=\"product-features__item-list__item\" role=\"listitem\"><span class=\"is--medium\">Disponibilit\u00e9 des pi\u00e8ces d\u00e9tach\u00e9es (donn\u00e9es fournisseur) :<\/span> Non communiqu\u00e9e<\/li>\n<\/ul>\n<\/li>\n<\/ul>\n<\/div>\n<div class=\"product__disclosure-content\">\n<div class=\"js-read-more product-description__content read-more read-more--truncated\" style=\"max-height: 500px;overflow: hidden\" data-read-more-name=\"description\">\n<p>Affichage : Ecran LCD r\u00e9tro\u00e9clair\u00e9<br \/>\nAutre(s) : Verrouillage du clavier, Protection anti-surchauffe<br \/>\nAutre(s) fonction(s) : Technologie s\u00e8che, 3 modes (Confort, Economique, Hors Gel)<br \/>\nConstruction : Mobile<br \/>\nCouleur : Blanc<br \/>\nHauteur (cm) : 58<br \/>\nLargeur (cm) : 45.5<br \/>\nNombre d&rsquo;\u00e9l\u00e9ments : 4<br \/>\nPoids (kg) : 5.2<br \/>\nPosition hors-gel : Oui<br \/>\nProfondeur (cm) : 8<br \/>\nProgrammable : Oui<br \/>\nPuissance maximum (W) : 600<br \/>\nR\u00e9gulation \u00e9lectronique : Oui<br \/>\nSurface trait\u00e9e max (m\u00b2) : 6<br \/>\nThermostat : Oui<br \/>\nType : Radiateur<br \/>\nType de chauffage : Inertie s\u00e8che<br \/>\nType de pose : Mobile<br \/>\nType de programmation : 7 programmes. Programmation journali\u00e8re ou hebdomadaire<br \/>\nType de thermostat : Electronique<br \/>\nUtilisable en salle de bains : Non<br \/>\nVentilateur : Non<\/p>\n<\/div>\n<p>&nbsp;<\/p>\n<\/div>","protected":false},"excerpt":{"rendered":"<div class=\"keypoints\">\n<h3 class=\"keypoints__title\">Les points cl\u00e9s<\/h3>\n<ul role=\"list\">\n<li class=\"keypoints__item\" role=\"listitem\">Surface chauff\u00e9e : 6 m\u00b2<\/li>\n<li class=\"keypoints__item\" role=\"listitem\">Puissance max : 600 W<\/li>\n<\/ul>\n<\/div>","protected":false},"featured_media":40679,"template":"","meta":{"_glsr_average":0,"_glsr_ranking":0,"_glsr_reviews":0},"product_cat":[288],"product_tag":[290,153],"class_list":{"0":"post-99473","1":"product","2":"type-product","3":"status-publish","4":"has-post-thumbnail","6":"product_cat-chauffage","7":"product_tag-chauffage","8":"product_tag-maison-entretien","10":"first","11":"instock","12":"sale","13":"shipping-taxable","14":"purchasable","15":"product-type-simple"},"_links":{"self":[{"href":"https:\/\/electromenagerexpress.com\/en\/wp-json\/wp\/v2\/product\/99473","targetHints":{"allow":["GET"]}}],"collection":[{"href":"https:\/\/electromenagerexpress.com\/en\/wp-json\/wp\/v2\/product"}],"about":[{"href":"https:\/\/electromenagerexpress.com\/en\/wp-json\/wp\/v2\/types\/product"}],"wp:featuredmedia":[{"embeddable":true,"href":"https:\/\/electromenagerexpress.com\/en\/wp-json\/wp\/v2\/media\/40679"}],"wp:attachment":[{"href":"https:\/\/electromenagerexpress.com\/en\/wp-json\/wp\/v2\/media?parent=99473"}],"wp:term":[{"taxonomy":"product_cat","embeddable":true,"href":"https:\/\/electromenagerexpress.com\/en\/wp-json\/wp\/v2\/product_cat?post=99473"},{"taxonomy":"product_tag","embeddable":true,"href":"https:\/\/electromenagerexpress.com\/en\/wp-json\/wp\/v2\/product_tag?post=99473"}],"curies":[{"name":"wp","href":"https:\/\/api.w.org\/{rel}","templated":true}]}}