{"id":99470,"date":"2024-11-28T10:59:57","date_gmt":"2024-11-28T10:59:57","guid":{"rendered":"https:\/\/electromenagerexpress.com\/product\/cheminee-electriqueklarsteinlausanne-1000-2000w\/"},"modified":"2024-12-28T10:40:36","modified_gmt":"2024-12-28T10:40:36","slug":"cheminee-electriqueklarsteinlausanne-1000-2000w","status":"publish","type":"product","link":"https:\/\/electromenagerexpress.com\/en\/product\/cheminee-electriqueklarsteinlausanne-1000-2000w\/","title":{"rendered":"Chemin\u00e9e \u00e9lectrique KLARSTEIN\tLausanne 1000\/2000W"},"content":{"rendered":"<div class=\"product-features__content\">\n<ul role=\"list\">\n<li class=\"product-features__item\" role=\"listitem\">\n<h3 class=\"product-features__label\">Caract\u00e9ristiques g\u00e9n\u00e9rales<\/h3>\n<ul role=\"list\">\n<li class=\"product-features__item-list__item\" role=\"listitem\"><span class=\"is--medium\">Type :<\/span> Chemin\u00e9e \u00e9lectrique<\/li>\n<li class=\"product-features__item-list__item\" role=\"listitem\"><span class=\"is--medium\">Alimentation :<\/span> Secteur<\/li>\n<li class=\"product-features__item-list__item\" role=\"listitem\"><span class=\"is--medium\">Puissance minimale :<\/span> 1.000 W<\/li>\n<li class=\"product-features__item-list__item\" role=\"listitem\"><span class=\"is--medium\">Puissance max :<\/span> 2.000 W<\/li>\n<li class=\"product-features__item-list__item\" role=\"listitem\"><span class=\"is--medium\">Surface chauff\u00e9e :<\/span> 40 m\u00b2<\/li>\n<li class=\"product-features__item-list__item\" role=\"listitem\"><span class=\"is--medium\">Effet flamme :<\/span> Oui<\/li>\n<li class=\"product-features__item-list__item\" role=\"listitem\"><span class=\"is--medium\">Fa\u00e7ade :<\/span> Verre tremp\u00e9<\/li>\n<li class=\"product-features__item-list__item\" role=\"listitem\"><span class=\"is--medium\">Coloris :<\/span> Blanc<\/li>\n<li class=\"product-features__item-list__item\" role=\"listitem\"><span class=\"is--medium\">Programmateur :<\/span> Oui<\/li>\n<\/ul>\n<\/li>\n<li class=\"product-features__item\" role=\"listitem\">\n<h3 class=\"product-features__label\">Utilisation<\/h3>\n<ul role=\"list\">\n<li class=\"product-features__item-list__item\" role=\"listitem\"><span class=\"is--medium\">Nombre de vitesses :<\/span> 2 vitesses<\/li>\n<li class=\"product-features__item-list__item\" role=\"listitem\"><span class=\"is--medium\">T\u00e9moin de fonctionnement :<\/span> Oui<\/li>\n<\/ul>\n<\/li>\n<li class=\"product-features__item\" role=\"listitem\">\n<h3 class=\"product-features__label\">S\u00e9curit\u00e9<\/h3>\n<ul role=\"list\">\n<li class=\"product-features__item-list__item\" role=\"listitem\"><span class=\"is--medium\">Arr\u00eat automatique :<\/span> Oui<\/li>\n<\/ul>\n<\/li>\n<li class=\"product-features__item\" role=\"listitem\">\n<h3 class=\"product-features__label\">Dimensions<\/h3>\n<ul role=\"list\">\n<li class=\"product-features__item-list__item\" role=\"listitem\"><span class=\"is--medium\">Dimensions l x h x p :<\/span> 88 x 57 x 14 cm<\/li>\n<li class=\"product-features__item-list__item\" role=\"listitem\"><span class=\"is--medium\">Poids net :<\/span> 18,70 kg<\/li>\n<li class=\"product-features__item-list__item\" role=\"listitem\"><span class=\"is--medium\">Poids Brut :<\/span> 19 kg<\/li>\n<\/ul>\n<\/li>\n<li class=\"product-features__item\" role=\"listitem\">\n<h3 class=\"product-features__label\">Informations compl\u00e9mentaires<\/h3>\n<ul role=\"list\">\n<li class=\"product-features__item-list__item\" role=\"listitem\"><span class=\"is--medium\">Fabriqu\u00e9 en :<\/span> Chine<\/li>\n<li class=\"product-features__item-list__item\" role=\"listitem\"><span class=\"is--medium\">Disponibilit\u00e9 des pi\u00e8ces d\u00e9tach\u00e9es (donn\u00e9es fournisseur) :<\/span> Non communiqu\u00e9e<\/li>\n<\/ul>\n<\/li>\n<\/ul>\n<\/div>\n<div class=\"product__disclosure-content\">\n<div class=\"js-read-more product-description__content read-more read-more--truncated\" style=\"max-height: 500px;overflow: hidden\" data-read-more-name=\"description\">\n<p>La <b>chemin\u00e9e \u00e9lectrique Lausanne <\/b>de <b>Klarstein<\/b> cr\u00e9e une atmosph\u00e8re romantique et<br \/>\nchaleureuse gr\u00e2ce \u00e0 son remarquable effet de flammes &#8211; sans v\u00e9ritable feu, ni<br \/>\ncendres, ni fum\u00e9e. Activez le Chauffage si besoin et cr\u00e9ez en quelques minutes un<br \/>\nenvironnement chaud et confortable. M\u00eame pas besoin de vous d\u00e9placer : la <b>chemin\u00e9e <\/b><br \/>\nen verre<b><\/b>se contr\u00f4le aussi avec la t\u00e9l\u00e9commande fournie. En plus des flammes, le<br \/>\nr\u00e9tro\u00e9clairage r\u00e9glable en 7 couleurs offre de beaux effets et les pierres<br \/>\nd\u00e9coratives apportent une touche naturelle au feu artificiel.<\/p>\n<p><b>Top Features:<\/b><\/p>\n<p>\u2022 <b>Ambiance romantique :<\/b> remarquable feu artificiel<\/p>\n<p><b>Bien au chaud :<\/b> puissance de<br \/>\nChauffage au choix 1000 ou 2000 watts<\/p>\n<p><b>Un confort douillet :<\/b> Commande sur l&rsquo;appareil ou<br \/>\npar t\u00e9l\u00e9commande<\/p>\n<p><b>Verre styl\u00e9 : <\/b>Design simple et esth\u00e9tique<\/p>\n<p><b>R\u00e9tro\u00e9clairage :<\/b> avec 7<br \/>\ncouleurs diff\u00e9rentes et luminosit\u00e9 r\u00e9glable<\/p>\n<p><b>Caract\u00e9ristiques:<\/b><\/p>\n<p>\u2022 chemin\u00e9e \u00e9lectrique avec simulation de feu \u00e0 s&rsquo;y m\u00e9prendre<br \/>\n\u2022 fonction de Chauffage ind\u00e9pendante<br \/>\n\u2022 Puissance de Chauffage au choix : 1000 ou 2000 watts<br \/>\n\u2022 effet de flammes d&rsquo;ambiance<br \/>\n\u2022 R\u00e9tro\u00e9clairage avec 7 couleurs diff\u00e9rentes<br \/>\n\u2022 Fonction de luminosit\u00e9 r\u00e9glable du r\u00e9tro\u00e9clairage<br \/>\n\u2022 Mat\u00e9riau : verre<br \/>\n\u2022 t\u00e9l\u00e9commande incluse<br \/>\n\u2022 avec pierres d\u00e9coratives<br \/>\n\u2022 Alimentation : 220-240 V~ 50 Hz<\/p>\n<p><b>Inclus dans la livraison:<\/b><\/p>\n<p>\u2022 1 x\u00a0chemin\u00e9e1 x\u00a0t\u00e9l\u00e9commande1 x\u00a0mat\u00e9riel de montage1 x\u00a0pierre d\u00e9corativeManuel<br \/>\nd&rsquo;utilisation inclus<\/p>\n<p><b>Dimensions:<\/b><\/p>\n<p>\u2022 Dimensions : env. 88 x 57 x 14 cm (LxHxP)<br \/>\n\u2022 Longueur du c\u00e2ble d&rsquo;alimentation : env. 160 cm<br \/>\n\u2022 Poids : env. 18,7 kg<\/p>\n<\/div>\n<p>&nbsp;<\/p>\n<\/div>","protected":false},"excerpt":{"rendered":"<div class=\"keypoints\">\n<h3 class=\"keypoints__title\">Les points cl\u00e9s<\/h3>\n<ul role=\"list\">\n<li class=\"keypoints__item\" role=\"listitem\">Surface chauff\u00e9e : 40 m\u00b2<\/li>\n<li class=\"keypoints__item\" role=\"listitem\">Puissance max : 2.000 W<\/li>\n<li class=\"keypoints__item\" role=\"listitem\">Programmateur<\/li>\n<li class=\"keypoints__item\" role=\"listitem\">2 vitesses<\/li>\n<\/ul>\n<\/div>","protected":false},"featured_media":40663,"template":"","meta":{"_glsr_average":0,"_glsr_ranking":0,"_glsr_reviews":0},"product_cat":[288],"product_tag":[290,153],"class_list":{"0":"post-99470","1":"product","2":"type-product","3":"status-publish","4":"has-post-thumbnail","6":"product_cat-chauffage","7":"product_tag-chauffage","8":"product_tag-maison-entretien","10":"first","11":"instock","12":"sale","13":"shipping-taxable","14":"purchasable","15":"product-type-simple"},"_links":{"self":[{"href":"https:\/\/electromenagerexpress.com\/en\/wp-json\/wp\/v2\/product\/99470","targetHints":{"allow":["GET"]}}],"collection":[{"href":"https:\/\/electromenagerexpress.com\/en\/wp-json\/wp\/v2\/product"}],"about":[{"href":"https:\/\/electromenagerexpress.com\/en\/wp-json\/wp\/v2\/types\/product"}],"wp:featuredmedia":[{"embeddable":true,"href":"https:\/\/electromenagerexpress.com\/en\/wp-json\/wp\/v2\/media\/40663"}],"wp:attachment":[{"href":"https:\/\/electromenagerexpress.com\/en\/wp-json\/wp\/v2\/media?parent=99470"}],"wp:term":[{"taxonomy":"product_cat","embeddable":true,"href":"https:\/\/electromenagerexpress.com\/en\/wp-json\/wp\/v2\/product_cat?post=99470"},{"taxonomy":"product_tag","embeddable":true,"href":"https:\/\/electromenagerexpress.com\/en\/wp-json\/wp\/v2\/product_tag?post=99470"}],"curies":[{"name":"wp","href":"https:\/\/api.w.org\/{rel}","templated":true}]}}