{"id":99469,"date":"2024-11-28T10:59:52","date_gmt":"2024-11-28T10:59:52","guid":{"rendered":"https:\/\/electromenagerexpress.com\/product\/cheminee-electriqueklarsteincolmar-2000w\/"},"modified":"2024-12-28T10:42:35","modified_gmt":"2024-12-28T10:42:35","slug":"cheminee-electriqueklarsteincolmar-2000w","status":"publish","type":"product","link":"https:\/\/electromenagerexpress.com\/en\/product\/cheminee-electriqueklarsteincolmar-2000w\/","title":{"rendered":"Chemin\u00e9e \u00e9lectrique KLARSTEIN Colmar 2000W"},"content":{"rendered":"<div class=\"product-features__content\">\n<ul role=\"list\">\n<li class=\"product-features__item\" role=\"listitem\">\n<h3 class=\"product-features__label\">Caract\u00e9ristiques g\u00e9n\u00e9rales<\/h3>\n<ul role=\"list\">\n<li class=\"product-features__item-list__item\" role=\"listitem\"><span class=\"is--medium\">Type :<\/span> Chemin\u00e9e \u00e9lectrique<\/li>\n<li class=\"product-features__item-list__item\" role=\"listitem\"><span class=\"is--medium\">Alimentation :<\/span> Secteur<\/li>\n<li class=\"product-features__item-list__item\" role=\"listitem\"><span class=\"is--medium\">Puissance minimale :<\/span> 1.000 W<\/li>\n<li class=\"product-features__item-list__item\" role=\"listitem\"><span class=\"is--medium\">Puissance max :<\/span> 2.000 W<\/li>\n<li class=\"product-features__item-list__item\" role=\"listitem\"><span class=\"is--medium\">Surface chauff\u00e9e :<\/span> 40 m\u00b2<\/li>\n<li class=\"product-features__item-list__item\" role=\"listitem\"><span class=\"is--medium\">Effet flamme :<\/span> Oui<\/li>\n<li class=\"product-features__item-list__item\" role=\"listitem\"><span class=\"is--medium\">Fa\u00e7ade :<\/span> Verre tremp\u00e9<\/li>\n<li class=\"product-features__item-list__item\" role=\"listitem\"><span class=\"is--medium\">Coloris :<\/span> Beige<\/li>\n<li class=\"product-features__item-list__item\" role=\"listitem\"><span class=\"is--medium\">Programmateur :<\/span> Oui<\/li>\n<\/ul>\n<\/li>\n<li class=\"product-features__item\" role=\"listitem\">\n<h3 class=\"product-features__label\">Utilisation<\/h3>\n<ul role=\"list\">\n<li class=\"product-features__item-list__item\" role=\"listitem\"><span class=\"is--medium\">Nombre de vitesses :<\/span> 2 vitesses<\/li>\n<\/ul>\n<\/li>\n<li class=\"product-features__item\" role=\"listitem\">\n<h3 class=\"product-features__label\">S\u00e9curit\u00e9<\/h3>\n<ul role=\"list\">\n<li class=\"product-features__item-list__item\" role=\"listitem\"><span class=\"is--medium\">Anti-surchauffe :<\/span> Oui<\/li>\n<li class=\"product-features__item-list__item\" role=\"listitem\"><span class=\"is--medium\">Arr\u00eat automatique :<\/span> Oui<\/li>\n<\/ul>\n<\/li>\n<li class=\"product-features__item\" role=\"listitem\">\n<h3 class=\"product-features__label\">Installation<\/h3>\n<ul role=\"list\">\n<li class=\"product-features__item-list__item\" role=\"listitem\"><span class=\"is--medium\">Installation murale :<\/span> Fixation fournie<\/li>\n<li class=\"product-features__item-list__item\" role=\"listitem\"><span class=\"is--medium\">Installation sur pied :<\/span> Pied fourni<\/li>\n<\/ul>\n<\/li>\n<li class=\"product-features__item\" role=\"listitem\">\n<h3 class=\"product-features__label\">Dimensions<\/h3>\n<ul role=\"list\">\n<li class=\"product-features__item-list__item\" role=\"listitem\"><span class=\"is--medium\">Dimensions l x h x p :<\/span> 90 x 61 x 30 cm<\/li>\n<li class=\"product-features__item-list__item\" role=\"listitem\"><span class=\"is--medium\">Poids net :<\/span> 18,00 kg<\/li>\n<\/ul>\n<\/li>\n<li class=\"product-features__item\" role=\"listitem\">\n<h3 class=\"product-features__label\">Informations compl\u00e9mentaires<\/h3>\n<ul role=\"list\">\n<li class=\"product-features__item-list__item\" role=\"listitem\"><span class=\"is--medium\">Fabriqu\u00e9 en :<\/span> Chine<\/li>\n<li class=\"product-features__item-list__item\" role=\"listitem\"><span class=\"is--medium\">Disponibilit\u00e9 des pi\u00e8ces d\u00e9tach\u00e9es (donn\u00e9es fournisseur) :<\/span> Non concern\u00e9<\/li>\n<\/ul>\n<\/li>\n<\/ul>\n<\/div>\n<div class=\"product__disclosure-content\">\n<div class=\"js-read-more product-description__content read-more read-more--truncated\" style=\"max-height: 500px;overflow: hidden\" data-read-more-name=\"description\">\n<p>Cette \u00e9l\u00e9gante chemin\u00e9e \u00e9lectrique <b>Klarstein<\/b> <b>cr\u00e9e une illusion de flammes r\u00e9alistes dans chaque pi\u00e8ce\u00a0! Sa lumi\u00e8re douce imite des flammes et b\u00fbches incandescentes plus vraies que nature et diffuse imm\u00e9diatement une atmosph\u00e8re agr\u00e9able et romantique et une chaleur douillette gr\u00e2ce \u00e0 sa fonction chauffante en option. La commande de d\u00e9marrage adaptative r\u00e8gle automatiquement la temp\u00e9rature avec une puissance de chauffage de 1000 ou 2000\u00a0watts, et vous pouvez programmer facilement la fonction d&rsquo;\u00e9clairage et de chauffage avec la fonction de minuterie.<\/b><\/p>\n<p><b><\/p>\n<p>L&rsquo;une de ses particularit\u00e9s est sans aucun doute son design unique avec un d\u00e9cor r\u00e9aliste en pierre et en verre\u00a0: il conf\u00e8re partout une atmosph\u00e8re \u00e9l\u00e9gante. De plus, l&rsquo;arri\u00e8re-plan de la <b>chemin\u00e9e \u00e9lectrique <\/b> peut, si on le souhaite, s&rsquo;illuminer de 7\u00a0couleurs diff\u00e9rentes gr\u00e2ce \u00e0 l&rsquo;impressionnant \u00e9clairage d&rsquo;ambiance.<\/b><\/p>\n<p>La <b>chemin\u00e9e<\/b> <b> \u00e9lectrique<\/b> de <b>Klarstein<\/b>\u00a0: un highlight romantique moderne\u00a0!<\/p>\n<p><b>Top Features:<\/b><\/p>\n<p><b>\u00c9l\u00e9gant\u00a0:<\/b> chemin\u00e9e \u00e9lectrique avec illusion de flammes r\u00e9alistes<br \/>\n<b>2\u00a0niveaux de chauffage\u00a0:<\/b> ventilateur soufflant de 1000 ou 2000\u00a0W<br \/>\n<b>S\u00fbre\u00a0:<\/b> ambiance de chemin\u00e9e sans feu ni fum\u00e9e<br \/>\n<b>Toutes saisons\u00a0:<\/b> illusion de flammes plus vraies que nature m\u00eame sans chauffage<br \/>\n<b>R\u00e9glable\u00a0: <\/b>\u00e9clairage \u00e0 intensit\u00e9 r\u00e9glable et 7\u00a0couleurs diff\u00e9rentes<\/p>\n<p><b>Caract\u00e9ristiques:<\/b><\/p>\n<ul>\n<li>chemin\u00e9e \u00e9lectrique avec \u00e9clairage et fonction de chauffage activable<\/li>\n<li>\u00e9galement possible exclusivement en \u00e9clairage<\/li>\n<li>Montage mural ou sur pied<\/li>\n<li>Mat\u00e9riau de la fa\u00e7ade\u00a0: verre<\/li>\n<li>Mat\u00e9riau du corps de l&rsquo;appareil\u00a0: t\u00f4le d&rsquo;acier<\/li>\n<li>Interrupteur marche\/arr\u00eat sur le haut de l&rsquo;appareil<\/li>\n<li>Protection contre la surchauffe<\/li>\n<li>Alimentation\u00a0: 220-240\u00a0V~ | 50\u00a0Hz<\/li>\n<\/ul>\n<p><b>Inclus dans la livraison:<\/b><\/p>\n<ul>\n<li>1 x chemin\u00e9e<\/li>\n<li>1 x pied de support<\/li>\n<li>1 x t\u00e9l\u00e9commande<\/li>\n<li>1 x kit de fixation murale<\/li>\n<li>Mode d&#8217;emploi en fran\u00e7ais<\/li>\n<\/ul>\n<p><b>Dimension:<\/b><\/p>\n<ul>\n<li>Dimensions sans pied\u00a0: env. 90 x 56 x 9,5\u00a0cm (LxHxP)<\/li>\n<li>Dimensions avec pied\u00a0: env. 90 x 61 x 30\u00a0cm (LxHxP)<\/li>\n<li>Longueur du c\u00e2ble\u00a0: env. 165\u00a0cm<\/li>\n<li>Poids\u00a0: env. 18\u00a0kg<\/li>\n<\/ul>\n<p>&nbsp;<\/p>\n<\/div>\n<p>&nbsp;<\/p>\n<\/div>","protected":false},"excerpt":{"rendered":"<div class=\"keypoints\">\n<h3 class=\"keypoints__title\">Les points cl\u00e9s<\/h3>\n<ul role=\"list\">\n<li class=\"keypoints__item\" role=\"listitem\">Surface chauff\u00e9e : 40 m\u00b2<\/li>\n<li class=\"keypoints__item\" role=\"listitem\">Puissance max : 2.000 W<\/li>\n<li class=\"keypoints__item\" role=\"listitem\">Programmateur<\/li>\n<li class=\"keypoints__item\" role=\"listitem\">2 vitesses<\/li>\n<\/ul>\n<\/div>","protected":false},"featured_media":40654,"template":"","meta":{"_glsr_average":0,"_glsr_ranking":0,"_glsr_reviews":0},"product_cat":[288],"product_tag":[290,153],"class_list":{"0":"post-99469","1":"product","2":"type-product","3":"status-publish","4":"has-post-thumbnail","6":"product_cat-chauffage","7":"product_tag-chauffage","8":"product_tag-maison-entretien","10":"first","11":"instock","12":"sale","13":"shipping-taxable","14":"purchasable","15":"product-type-simple"},"_links":{"self":[{"href":"https:\/\/electromenagerexpress.com\/en\/wp-json\/wp\/v2\/product\/99469","targetHints":{"allow":["GET"]}}],"collection":[{"href":"https:\/\/electromenagerexpress.com\/en\/wp-json\/wp\/v2\/product"}],"about":[{"href":"https:\/\/electromenagerexpress.com\/en\/wp-json\/wp\/v2\/types\/product"}],"wp:featuredmedia":[{"embeddable":true,"href":"https:\/\/electromenagerexpress.com\/en\/wp-json\/wp\/v2\/media\/40654"}],"wp:attachment":[{"href":"https:\/\/electromenagerexpress.com\/en\/wp-json\/wp\/v2\/media?parent=99469"}],"wp:term":[{"taxonomy":"product_cat","embeddable":true,"href":"https:\/\/electromenagerexpress.com\/en\/wp-json\/wp\/v2\/product_cat?post=99469"},{"taxonomy":"product_tag","embeddable":true,"href":"https:\/\/electromenagerexpress.com\/en\/wp-json\/wp\/v2\/product_tag?post=99469"}],"curies":[{"name":"wp","href":"https:\/\/api.w.org\/{rel}","templated":true}]}}