{"id":99467,"date":"2024-11-28T10:59:45","date_gmt":"2024-11-28T10:59:45","guid":{"rendered":"https:\/\/electromenagerexpress.com\/product\/cheminee-electriqueklarsteinzermatt-900-1800w\/"},"modified":"2024-12-28T10:46:26","modified_gmt":"2024-12-28T10:46:26","slug":"cheminee-electriqueklarsteinzermatt-900-1800w","status":"publish","type":"product","link":"https:\/\/electromenagerexpress.com\/en\/product\/cheminee-electriqueklarsteinzermatt-900-1800w\/","title":{"rendered":"Chemin\u00e9e \u00e9lectrique KLARSTEIN Zermatt 900\/1800W"},"content":{"rendered":"<div class=\"product-features__content\">\n<ul role=\"list\">\n<li class=\"product-features__item\" role=\"listitem\">\n<h3 class=\"product-features__label\">Caract\u00e9ristiques g\u00e9n\u00e9rales<\/h3>\n<ul role=\"list\">\n<li class=\"product-features__item-list__item\" role=\"listitem\"><span class=\"is--medium\">Type :<\/span> Chemin\u00e9e \u00e9lectrique<\/li>\n<li class=\"product-features__item-list__item\" role=\"listitem\"><span class=\"is--medium\">Alimentation :<\/span> Secteur<\/li>\n<li class=\"product-features__item-list__item\" role=\"listitem\"><span class=\"is--medium\">Puissance minimale :<\/span> 900 W<\/li>\n<li class=\"product-features__item-list__item\" role=\"listitem\"><span class=\"is--medium\">Puissance max :<\/span> 1.800 W<\/li>\n<li class=\"product-features__item-list__item\" role=\"listitem\"><span class=\"is--medium\">Surface chauff\u00e9e :<\/span> 36 m\u00b2<\/li>\n<li class=\"product-features__item-list__item\" role=\"listitem\"><span class=\"is--medium\">Effet flamme :<\/span> Oui<\/li>\n<li class=\"product-features__item-list__item\" role=\"listitem\"><span class=\"is--medium\">Fa\u00e7ade :<\/span> Verre tremp\u00e9<\/li>\n<li class=\"product-features__item-list__item\" role=\"listitem\"><span class=\"is--medium\">Coloris :<\/span> Noir<\/li>\n<\/ul>\n<\/li>\n<li class=\"product-features__item\" role=\"listitem\">\n<h3 class=\"product-features__label\">Utilisation<\/h3>\n<ul role=\"list\">\n<li class=\"product-features__item-list__item\" role=\"listitem\"><span class=\"is--medium\">Nombre de vitesses :<\/span> 2 vitesses<\/li>\n<\/ul>\n<\/li>\n<li class=\"product-features__item\" role=\"listitem\">\n<h3 class=\"product-features__label\">S\u00e9curit\u00e9<\/h3>\n<ul role=\"list\">\n<li class=\"product-features__item-list__item\" role=\"listitem\"><span class=\"is--medium\">Anti-surchauffe :<\/span> Oui<\/li>\n<\/ul>\n<\/li>\n<li class=\"product-features__item\" role=\"listitem\">\n<h3 class=\"product-features__label\">Dimensions<\/h3>\n<ul role=\"list\">\n<li class=\"product-features__item-list__item\" role=\"listitem\"><span class=\"is--medium\">Dimensions l x h x p :<\/span> 49.2 x 123.5 x 19.5 cm<\/li>\n<li class=\"product-features__item-list__item\" role=\"listitem\"><span class=\"is--medium\">Poids net :<\/span> 19,70 kg<\/li>\n<\/ul>\n<\/li>\n<li class=\"product-features__item\" role=\"listitem\">\n<h3 class=\"product-features__label\">Informations compl\u00e9mentaires<\/h3>\n<ul role=\"list\">\n<li class=\"product-features__item-list__item\" role=\"listitem\"><span class=\"is--medium\">Fabriqu\u00e9 en :<\/span> Chine<\/li>\n<li class=\"product-features__item-list__item\" role=\"listitem\"><span class=\"is--medium\">Disponibilit\u00e9 des pi\u00e8ces d\u00e9tach\u00e9es (donn\u00e9es fournisseur) :<\/span> Non concern\u00e9<\/li>\n<\/ul>\n<\/li>\n<\/ul>\n<\/div>\n<div class=\"product__disclosure-content\">\n<div class=\"js-read-more product-description__content read-more read-more--truncated\" style=\"max-height: 500px;overflow: hidden\" data-read-more-name=\"description\">\n<p>Laissez-vous envouter\u00a0: la <b>chemin\u00e9e \u00e9lectrique<\/b> Zermatt de <b>Klarstein<\/b> cr\u00e9e des illusions de flammes LED variables, r\u00e9alistes et bien visibles dans chaque pi\u00e8ce gr\u00e2ce \u00e0 une fen\u00eatre d&rsquo;observation. Sa lumi\u00e8re douce imite des flammes et b\u00fbches incandescentes plus vraies que nature et diffuse imm\u00e9diatement une atmosph\u00e8re agr\u00e9able et romantique. Vous pouvez m\u00eame, si vous le souhaitez, ajouter un radiateur soufflant d&rsquo;une puissance maximale de 1800\u00a0watts et contr\u00f4ler toutes les fonctions confortablement depuis votre canap\u00e9 \u00e0 l&rsquo;aide de la t\u00e9l\u00e9commande. Le tuyau de fum\u00e9e donne l&rsquo;impression d&rsquo;une vraie chemin\u00e9e.<\/p>\n<p>Que l&rsquo;int\u00e9rieur soit rustique ou moderne, la <b>chemin\u00e9e \u00e9lectrique<\/b> Zermatt de <b>Klarstein<\/b> cr\u00e9e n&rsquo;importe o\u00f9 une ambiance romantique et donne l&rsquo;impression d&rsquo;\u00eatre assis devant un feu de chemin\u00e9e cr\u00e9pitant, sans flammes ni suie.<\/p>\n<p><b>Remarque\u00a0: ce produit ne convient qu&rsquo;aux pi\u00e8ces bien isol\u00e9es ou pour une utilisation occasionnelle.<\/b><\/p>\n<p><b>Top Features:<\/b><\/p>\n<p><b>Simulation de flamme &amp; tuyau de fum\u00e9e\u00a0:<\/b> chemin\u00e9e \u00e9lectrique \u00e9l\u00e9gante<br \/>\n<b>Une ambiance de chemin\u00e9e toute l&rsquo;ann\u00e9e\u00a0: <\/b>sans fum\u00e9e ni feu<br \/>\n<b>Magie du feu\u00a0:<\/b> simulation r\u00e9aliste de flammes LED 3D avec 6\u00a0niveaux de luminosit\u00e9<br \/>\n<b>Visibilit\u00e9 compl\u00e8te\u00a0:<\/b> fen\u00eatre de visualisation panoramique en 3\u00a0parties<br \/>\n<b>Un style unique\u00a0:<\/b> avec espace de rangement pour les b\u00fbches d\u00e9coratives<\/p>\n<p><b>Caract\u00e9ristiques:<\/b><\/p>\n<ul>\n<li>Puissance de chauffage au choix<\/li>\n<li>taille de la pi\u00e8ce appropri\u00e9e\u00a0: jusqu&rsquo;\u00e0 36\u00a0m\u00b2<\/li>\n<li>Fen\u00eatre de visualisation panoramique en 3\u00a0parties<\/li>\n<li>Illusion de flammes avec 6\u00a0niveaux de gradation<\/li>\n<li>protection int\u00e9gr\u00e9e contre la surchauffe<\/li>\n<li>panneau de commande arri\u00e8re<\/li>\n<li>Thermostat<\/li>\n<li>Espace de rangement pour les b\u00fbches<\/li>\n<li>Support magn\u00e9tique pour la t\u00e9l\u00e9commande sur le c\u00f4t\u00e9 du bo\u00eetier<\/li>\n<li>Type de prise\u00a0: type E+F (CEE 7\/7)<\/li>\n<li>Alimentation de la t\u00e9l\u00e9commande\u00a0: 1 x pile CR\u00a02025 (incluse)<\/li>\n<li>Alimentation\u00a0: 220-240\u00a0V~ | 50\u00a0Hz<\/li>\n<\/ul>\n<p><b>Inclus dans la livraison:<\/b><\/p>\n<ul>\n<li>1 x chemin\u00e9e<\/li>\n<li>1 x t\u00e9l\u00e9commande<\/li>\n<li>1 x bois de d\u00e9coration<\/li>\n<li>1 x tuyau de fum\u00e9e<\/li>\n<li>2 x support de tuyau de fum\u00e9e<\/li>\n<li>1 x mat\u00e9riel de fixation<\/li>\n<li>Mode d&#8217;emploi multilingue<\/li>\n<\/ul>\n<p><b>Dimension:<\/b><\/p>\n<ul>\n<li>Dimensions\u00a0: env. 49,2 x 123,5 x 19,5\u00a0cm (LxHxP)<\/li>\n<li>Dimensions de l&rsquo;ouverture de la chemin\u00e9e\u00a0: env. 45 x 22\u00a0cm (l x h)<\/li>\n<li>Tube de fum\u00e9e\u00a0: env. 8,5 x 55 x 18,5\u00a0cm (\u00d8xHxP)<\/li>\n<li>\u00c9paisseur du mat\u00e9riau du tube de fum\u00e9e\u00a0: 2\u00a0mm<\/li>\n<li>Longueur du c\u00e2ble\u00a0: env. 190\u00a0cm<\/li>\n<li>Poids\u00a0: env. 19,7\u00a0kg<\/li>\n<\/ul>\n<\/div>\n<p>&nbsp;<\/p>\n<\/div>","protected":false},"excerpt":{"rendered":"<div class=\"keypoints\">\n<h3 class=\"keypoints__title\">Les points cl\u00e9s<\/h3>\n<ul role=\"list\">\n<li class=\"keypoints__item\" role=\"listitem\">Surface chauff\u00e9e : 36 m\u00b2<\/li>\n<li class=\"keypoints__item\" role=\"listitem\">Puissance max : 1.800 W<\/li>\n<li class=\"keypoints__item\" role=\"listitem\">2 vitesses<\/li>\n<\/ul>\n<\/div>","protected":false},"featured_media":40642,"template":"","meta":{"_glsr_average":0,"_glsr_ranking":0,"_glsr_reviews":0},"product_cat":[288],"product_tag":[290,153],"class_list":{"0":"post-99467","1":"product","2":"type-product","3":"status-publish","4":"has-post-thumbnail","6":"product_cat-chauffage","7":"product_tag-chauffage","8":"product_tag-maison-entretien","10":"first","11":"instock","12":"sale","13":"shipping-taxable","14":"purchasable","15":"product-type-simple"},"_links":{"self":[{"href":"https:\/\/electromenagerexpress.com\/en\/wp-json\/wp\/v2\/product\/99467","targetHints":{"allow":["GET"]}}],"collection":[{"href":"https:\/\/electromenagerexpress.com\/en\/wp-json\/wp\/v2\/product"}],"about":[{"href":"https:\/\/electromenagerexpress.com\/en\/wp-json\/wp\/v2\/types\/product"}],"wp:featuredmedia":[{"embeddable":true,"href":"https:\/\/electromenagerexpress.com\/en\/wp-json\/wp\/v2\/media\/40642"}],"wp:attachment":[{"href":"https:\/\/electromenagerexpress.com\/en\/wp-json\/wp\/v2\/media?parent=99467"}],"wp:term":[{"taxonomy":"product_cat","embeddable":true,"href":"https:\/\/electromenagerexpress.com\/en\/wp-json\/wp\/v2\/product_cat?post=99467"},{"taxonomy":"product_tag","embeddable":true,"href":"https:\/\/electromenagerexpress.com\/en\/wp-json\/wp\/v2\/product_tag?post=99467"}],"curies":[{"name":"wp","href":"https:\/\/api.w.org\/{rel}","templated":true}]}}