{"id":99466,"date":"2024-11-28T10:59:41","date_gmt":"2024-11-28T10:59:41","guid":{"rendered":"https:\/\/electromenagerexpress.com\/product\/cheminee-electriqueklarsteinbormio-s-950-1900w\/"},"modified":"2024-12-28T10:49:34","modified_gmt":"2024-12-28T10:49:34","slug":"cheminee-electriqueklarsteinbormio-s-950-1900w","status":"publish","type":"product","link":"https:\/\/electromenagerexpress.com\/en\/product\/cheminee-electriqueklarsteinbormio-s-950-1900w\/","title":{"rendered":"Chemin\u00e9e \u00e9lectrique KLARSTEIN Bormio S 950\/1900W"},"content":{"rendered":"<div class=\"product-features__content\">\n<ul role=\"list\">\n<li class=\"product-features__item\" role=\"listitem\">\n<h3 class=\"product-features__label\">Caract\u00e9ristiques g\u00e9n\u00e9rales<\/h3>\n<ul role=\"list\">\n<li class=\"product-features__item-list__item\" role=\"listitem\"><span class=\"is--medium\">Type :<\/span> Chemin\u00e9e \u00e9lectrique<\/li>\n<li class=\"product-features__item-list__item\" role=\"listitem\"><span class=\"is--medium\">Alimentation :<\/span> Secteur<\/li>\n<li class=\"product-features__item-list__item\" role=\"listitem\"><span class=\"is--medium\">Puissance minimale :<\/span> 950 W<\/li>\n<li class=\"product-features__item-list__item\" role=\"listitem\"><span class=\"is--medium\">Puissance max :<\/span> 1.900 W<\/li>\n<li class=\"product-features__item-list__item\" role=\"listitem\"><span class=\"is--medium\">Surface chauff\u00e9e :<\/span> 30 m\u00b2<\/li>\n<li class=\"product-features__item-list__item\" role=\"listitem\"><span class=\"is--medium\">Effet flamme :<\/span> Oui<\/li>\n<li class=\"product-features__item-list__item\" role=\"listitem\"><span class=\"is--medium\">Fa\u00e7ade :<\/span> Verre tremp\u00e9<\/li>\n<li class=\"product-features__item-list__item\" role=\"listitem\"><span class=\"is--medium\">Coloris :<\/span> Noir<\/li>\n<li class=\"product-features__item-list__item\" role=\"listitem\"><span class=\"is--medium\">Programmateur :<\/span> Oui<\/li>\n<\/ul>\n<\/li>\n<li class=\"product-features__item\" role=\"listitem\">\n<h3 class=\"product-features__label\">Utilisation<\/h3>\n<ul role=\"list\">\n<li class=\"product-features__item-list__item\" role=\"listitem\"><span class=\"is--medium\">Nombre de vitesses :<\/span> 2 vitesses<\/li>\n<\/ul>\n<\/li>\n<li class=\"product-features__item\" role=\"listitem\">\n<h3 class=\"product-features__label\">S\u00e9curit\u00e9<\/h3>\n<ul role=\"list\">\n<li class=\"product-features__item-list__item\" role=\"listitem\"><span class=\"is--medium\">Anti-surchauffe :<\/span> Oui<\/li>\n<\/ul>\n<\/li>\n<li class=\"product-features__item\" role=\"listitem\">\n<h3 class=\"product-features__label\">Dimensions<\/h3>\n<ul role=\"list\">\n<li class=\"product-features__item-list__item\" role=\"listitem\"><span class=\"is--medium\">Dimensions l x h x p :<\/span> 49 x 55 x 35 cm<\/li>\n<li class=\"product-features__item-list__item\" role=\"listitem\"><span class=\"is--medium\">Poids net :<\/span> 18,00 kg<\/li>\n<\/ul>\n<\/li>\n<li class=\"product-features__item\" role=\"listitem\">\n<h3 class=\"product-features__label\">Informations compl\u00e9mentaires<\/h3>\n<ul role=\"list\">\n<li class=\"product-features__item-list__item\" role=\"listitem\"><span class=\"is--medium\">Fabriqu\u00e9 en :<\/span> Chine<\/li>\n<li class=\"product-features__item-list__item\" role=\"listitem\"><span class=\"is--medium\">Disponibilit\u00e9 des pi\u00e8ces d\u00e9tach\u00e9es (donn\u00e9es fournisseur) :<\/span> Non concern\u00e9<\/li>\n<\/ul>\n<\/li>\n<\/ul>\n<\/div>\n<div class=\"product__disclosure-content\">\n<div class=\"js-read-more product-description__content read-more read-more--truncated\" style=\"max-height: 500px;overflow: hidden\" data-read-more-name=\"description\">\n<p>Une ambiance de chemin\u00e9e douillette sans feu ni fum\u00e9e\u00a0: la <b>chemin\u00e9e \u00e9lectrique<\/b> Bormio S de <b>Klarstein<\/b> cr\u00e9e comme par magie des illusions de flammes r\u00e9alistes dans chaque pi\u00e8ce. La lumi\u00e8re douce imite \u00e0 s&rsquo;y m\u00e9prendre les flmmes et les b\u00fbches incandescentes et diffuse imm\u00e9diatement une atmosph\u00e8re agr\u00e9able et romantique. Si vous le souhaitez, vous pouvez activer le chauffage avec 950 ou 1900 watts au choix. Le thermostat int\u00e9gr\u00e9 mesure la temp\u00e9rature actuelle de la pi\u00e8ce et adapte automatiquement la puissance de chauffage&#8230; La <em>d\u00e9tection Open Window <\/em> permet d&rsquo;\u00e9conomiser des frais inutiles en d\u00e9tectant une baisse rapide de la temp\u00e9rature et en \u00e9teignant lui-m\u00eame la <b>chemin\u00e9e<\/b> Gr\u00e2ce \u00e0 la minuterie hebdomadaire r\u00e9glable, il est possible de programmer des p\u00e9riodes de chauffage ind\u00e9pendantes pour chaque jour de la semaine, afin d&rsquo;avoir toujours bien chaud en se levant le matin ou en rentrant le soir.<\/p>\n<p>La <b>chemin\u00e9e<\/b> Bormio S de <b>Klarstein<\/b> cr\u00e9e \u00e0 n&rsquo;importe quel endroit une ambiance romantique, presque comme devant un vrai feu de chemin\u00e9e cr\u00e9pitant.<\/p>\n<p><b>Remarque : ce produit ne convient qu&rsquo;aux pi\u00e8ces bien isol\u00e9es ou pour une utilisation occasionnelle.<\/b><\/p>\n<p><b>Top Features:<\/b><\/p>\n<p><b>Illusion de flammes :<\/b> chemin\u00e9e \u00e9lectrique avec effets de lumi\u00e8re LED<br \/>\n<b>Romantique<\/b> : b\u00fbches incandescentes en r\u00e9sine<br \/>\n<b>Open Window Detection : <\/b>arr\u00eat automatique en cas de baisse rapide de la temp\u00e9rature<br \/>\n<b>2 niveaux de puissance de chauffage :<\/b> 950 ou 1900 watts<br \/>\n<b>Commande pratique :<\/b> t\u00e9l\u00e9commande incluse<\/p>\n<p><b>Caract\u00e9ristiques:<\/b><\/p>\n<ul>\n<li>chemin\u00e9e \u00e9lectrique avec fonction de chauffage<\/li>\n<li>2 niveaux de puissance de chauffage : 950 ou 1900 watts<\/li>\n<li>R\u00e9glage de la temp\u00e9rature entre 7 \u00b0C et 30 \u00b0C<\/li>\n<li>charbons incandescents r\u00e9alistes et illusion de flammes<\/li>\n<li><em>D\u00e9tection OpenWindow: <\/em>s&rsquo;\u00e9teint automatiquement<\/li>\n<li>T\u00e9l\u00e9commande pour allumer et \u00e9teindre<\/li>\n<li>R\u00e9glages \u00e9galement possibles sur l&rsquo;appareil<\/li>\n<li>boutons de commande cach\u00e9s<\/li>\n<li>Espace de rangement pour les b\u00fbches<\/li>\n<li>avec programmateur hebdomadaire<\/li>\n<\/ul>\n<p><b>Inclus dans la livraison:<\/b><\/p>\n<ul>\n<li>1 x chemin\u00e9e<\/li>\n<li>1 x t\u00e9l\u00e9commande<\/li>\n<li>Mode d&#8217;emploi en fran\u00e7ais<\/li>\n<\/ul>\n<p><b>Dimension:<\/b><\/p>\n<ul>\n<li>Dimensions : env. 49 x 55 x 35 cm (LxHxP)<\/li>\n<li>Poids : env. 18 kg<\/li>\n<li>Alimentation \u00e9lectrique\u00a0: 220-240\u00a0V~ | 50\/60\u00a0Hz<\/li>\n<\/ul>\n<\/div>\n<p>&nbsp;<\/p>\n<\/div>","protected":false},"excerpt":{"rendered":"<div class=\"keypoints\">\n<h3 class=\"keypoints__title\">Les points cl\u00e9s<\/h3>\n<ul role=\"list\">\n<li class=\"keypoints__item\" role=\"listitem\">Surface chauff\u00e9e : 30 m\u00b2<\/li>\n<li class=\"keypoints__item\" role=\"listitem\">Puissance max : 1.900 W<\/li>\n<li class=\"keypoints__item\" role=\"listitem\">Programmateur<\/li>\n<li class=\"keypoints__item\" role=\"listitem\">2 vitesses<\/li>\n<\/ul>\n<\/div>","protected":false},"featured_media":40633,"template":"","meta":{"_glsr_average":0,"_glsr_ranking":0,"_glsr_reviews":0},"product_cat":[288],"product_tag":[290,153],"class_list":{"0":"post-99466","1":"product","2":"type-product","3":"status-publish","4":"has-post-thumbnail","6":"product_cat-chauffage","7":"product_tag-chauffage","8":"product_tag-maison-entretien","10":"first","11":"instock","12":"sale","13":"shipping-taxable","14":"purchasable","15":"product-type-simple"},"_links":{"self":[{"href":"https:\/\/electromenagerexpress.com\/en\/wp-json\/wp\/v2\/product\/99466","targetHints":{"allow":["GET"]}}],"collection":[{"href":"https:\/\/electromenagerexpress.com\/en\/wp-json\/wp\/v2\/product"}],"about":[{"href":"https:\/\/electromenagerexpress.com\/en\/wp-json\/wp\/v2\/types\/product"}],"wp:featuredmedia":[{"embeddable":true,"href":"https:\/\/electromenagerexpress.com\/en\/wp-json\/wp\/v2\/media\/40633"}],"wp:attachment":[{"href":"https:\/\/electromenagerexpress.com\/en\/wp-json\/wp\/v2\/media?parent=99466"}],"wp:term":[{"taxonomy":"product_cat","embeddable":true,"href":"https:\/\/electromenagerexpress.com\/en\/wp-json\/wp\/v2\/product_cat?post=99466"},{"taxonomy":"product_tag","embeddable":true,"href":"https:\/\/electromenagerexpress.com\/en\/wp-json\/wp\/v2\/product_tag?post=99466"}],"curies":[{"name":"wp","href":"https:\/\/api.w.org\/{rel}","templated":true}]}}