{"id":99465,"date":"2024-11-28T10:59:33","date_gmt":"2024-11-28T10:59:33","guid":{"rendered":"https:\/\/electromenagerexpress.com\/product\/chauffage-electriquekaliaglass-3\/"},"modified":"2024-12-28T10:53:56","modified_gmt":"2024-12-28T10:53:56","slug":"chauffage-electriquekaliaglass-3","status":"publish","type":"product","link":"https:\/\/electromenagerexpress.com\/en\/product\/chauffage-electriquekaliaglass-3\/","title":{"rendered":"Chauffage \u00e9lectrique KALIA GLASS"},"content":{"rendered":"<div class=\"product-features__content\">\n<ul role=\"list\">\n<li class=\"product-features__item\" role=\"listitem\">\n<h3 class=\"product-features__label\">Caract\u00e9ristiques g\u00e9n\u00e9rales<\/h3>\n<ul role=\"list\">\n<li class=\"product-features__item-list__item\" role=\"listitem\"><span class=\"is--medium\">Type :<\/span> Radiateur \u00e9lectrique<\/li>\n<li class=\"product-features__item-list__item\" role=\"listitem\"><span class=\"is--medium\">Alimentation :<\/span> Secteur<\/li>\n<li class=\"product-features__item-list__item\" role=\"listitem\"><span class=\"is--medium\">Puissance max :<\/span> 1.500 W<\/li>\n<li class=\"product-features__item-list__item\" role=\"listitem\"><span class=\"is--medium\">Surface chauff\u00e9e :<\/span> 15 m\u00b2<\/li>\n<li class=\"product-features__item-list__item\" role=\"listitem\"><span class=\"is--medium\">Coloris :<\/span> Blanc<\/li>\n<\/ul>\n<\/li>\n<li class=\"product-features__item\" role=\"listitem\">\n<h3 class=\"product-features__label\">Dimensions<\/h3>\n<ul role=\"list\">\n<li class=\"product-features__item-list__item\" role=\"listitem\"><span class=\"is--medium\">Dimensions l x h x p :<\/span> 79 x 45 x 13 cm<\/li>\n<\/ul>\n<\/li>\n<li class=\"product-features__item\" role=\"listitem\">\n<h3 class=\"product-features__label\">Informations compl\u00e9mentaires<\/h3>\n<ul role=\"list\">\n<li class=\"product-features__item-list__item\" role=\"listitem\"><span class=\"is--medium\">Fabriqu\u00e9 en :<\/span> Chine<\/li>\n<li class=\"product-features__item-list__item\" role=\"listitem\"><span class=\"is--medium\">Disponibilit\u00e9 des pi\u00e8ces d\u00e9tach\u00e9es (donn\u00e9es fournisseur) :<\/span> Non communiqu\u00e9e<\/li>\n<\/ul>\n<\/li>\n<\/ul>\n<\/div>\n<div class=\"product__disclosure-content\">\n<div class=\"js-read-more product-description__content\" style=\"max-height: 500px;overflow: hidden\" data-read-more-name=\"description\">\n<ul>\n<li>Chauffage \u00e0 inertie s\u00e8che c\u00e9ramique avec fa\u00e7ade en verre. Contr\u00f4le \u00e9lectronique avec \u00e9cran digital LCD, 4 modes (confort, normal, \u00e9co et hors gel), 3 programmes pr\u00e9install\u00e9s, Programmation journali\u00e8re et quotidienne, D\u00e9tection de fen\u00eatre ouverte, Protection anti-surchauffe, Fil pilote 6 ordres, Panneau courb\u00e9, New ERP(2015\/1188) Directive, Class II, IP20. Norme CE\/NF\/RoHS\/ERP. Garantie de 2 ans<\/li>\n<li>CARACT\u00c9RISTIQUES : Radiateur \u00e9lectrique \u00e0 inertie s\u00e8che C\u00c9RAMIQUE<strong data-mce-fragment=\"1\"> 1500 W <\/strong>Surface de chauffe indicative :<strong data-mce-fragment=\"1\"> (\u2264 15m\u00b2)<\/strong> Programmation LCD. Nouveau design moderne, sobre et \u00e9l\u00e9gant. Design made in France. Couleur blanc. Chaleur douce. C\u0153ur de chauffe : \u00e9l\u00e9ments en c\u00e9ramique. Dimension du radiateur: <strong>79x13xH45cm<\/strong><\/li>\n<li>PRINCIPE DE FONCTIONNEMENT : il est compos\u00e9 d&rsquo;une pierre chauff\u00e9e par une r\u00e9sistance qui restitue la chaleur pendant plusieurs heures. La pierre recueille et accumule la chaleur produite par les r\u00e9sistances \u00e9lectriques int\u00e9gr\u00e9es dans le mat\u00e9riau et la restitue lentement. Le pouvoir d&rsquo;inertie thermique d\u00e9pend du mat\u00e9riau choisi (c\u00e9ramique, fonte\u2026) et du volume du c\u0153ur de chauffe.<\/li>\n<li>AVANTAGES : Mont\u00e9e rapide en temp\u00e9rature, chaleur homog\u00e8ne, Meilleur rapport qualit\u00e9 prix, Consomme moins d&rsquo;\u00e9nergie compar\u00e9 aux radiateurs radiants ou panneau rayonnant et continue \u00e0 diffuser de la chaleur une fois \u00e9teint. Plus confortable que le convecteur, s&rsquo;adapte doucement \u00e0 la temp\u00e9rature souhait\u00e9e. Le rayonnement de la chaleur permet de l&rsquo;installer dans de grandes pi\u00e8ces. La sensation de chaleur est douce et continue.<\/li>\n<li>INSTALLATION ET MAINTENANCE : Installation facile avec support de fixation. Id\u00e9al dans les pi\u00e8ces \u00e0 vivre comme le s\u00e9jour ou la chambre des enfants. Ne n\u00e9cessite aucune maintenance. S\u00e9curit\u00e9 thermique \u00e0 r\u00e9armement automatique. Fixation murale verrouillable. Kit de fixation inclus. Garantie 2 ans.<\/li>\n<\/ul>\n<\/div>\n<\/div>","protected":false},"excerpt":{"rendered":"<div class=\"keypoints\">\n<h3 class=\"keypoints__title\">Les points cl\u00e9s<\/h3>\n<ul role=\"list\">\n<li class=\"keypoints__item\" role=\"listitem\">Surface chauff\u00e9e : 15 m\u00b2<\/li>\n<li class=\"keypoints__item\" role=\"listitem\">Puissance max : 1.500 W<\/li>\n<\/ul>\n<\/div>","protected":false},"featured_media":40607,"template":"","meta":{"_glsr_average":0,"_glsr_ranking":0,"_glsr_reviews":0},"product_cat":[288],"product_tag":[290,153],"class_list":{"0":"post-99465","1":"product","2":"type-product","3":"status-publish","4":"has-post-thumbnail","6":"product_cat-chauffage","7":"product_tag-chauffage","8":"product_tag-maison-entretien","10":"first","11":"instock","12":"sale","13":"shipping-taxable","14":"purchasable","15":"product-type-simple"},"_links":{"self":[{"href":"https:\/\/electromenagerexpress.com\/en\/wp-json\/wp\/v2\/product\/99465","targetHints":{"allow":["GET"]}}],"collection":[{"href":"https:\/\/electromenagerexpress.com\/en\/wp-json\/wp\/v2\/product"}],"about":[{"href":"https:\/\/electromenagerexpress.com\/en\/wp-json\/wp\/v2\/types\/product"}],"wp:featuredmedia":[{"embeddable":true,"href":"https:\/\/electromenagerexpress.com\/en\/wp-json\/wp\/v2\/media\/40607"}],"wp:attachment":[{"href":"https:\/\/electromenagerexpress.com\/en\/wp-json\/wp\/v2\/media?parent=99465"}],"wp:term":[{"taxonomy":"product_cat","embeddable":true,"href":"https:\/\/electromenagerexpress.com\/en\/wp-json\/wp\/v2\/product_cat?post=99465"},{"taxonomy":"product_tag","embeddable":true,"href":"https:\/\/electromenagerexpress.com\/en\/wp-json\/wp\/v2\/product_tag?post=99465"}],"curies":[{"name":"wp","href":"https:\/\/api.w.org\/{rel}","templated":true}]}}