{"id":99462,"date":"2024-11-28T10:59:17","date_gmt":"2024-11-28T10:59:17","guid":{"rendered":"https:\/\/electromenagerexpress.com\/product\/chauffage-electriquebesthermeole-2000w-bestherm\/"},"modified":"2024-12-28T11:16:34","modified_gmt":"2024-12-28T11:16:34","slug":"chauffage-electriquebesthermeole-2000w-bestherm","status":"publish","type":"product","link":"https:\/\/electromenagerexpress.com\/en\/product\/chauffage-electriquebesthermeole-2000w-bestherm\/","title":{"rendered":"Chauffage \u00e9lectrique BESTHERM EOLE 2000W Bestherm"},"content":{"rendered":"<div class=\"product-features__content\">\n<ul role=\"list\">\n<li class=\"product-features__item\" role=\"listitem\">\n<h3 class=\"product-features__label\">Les + de ce mod\u00e8le<\/h3>\n<ul role=\"list\">\n<li class=\"product-features__item-list__item\" role=\"listitem\"><span class=\"is--medium\">Avantages :<\/span> Affichage LCD<br \/>\nThermostat \u00e9lectronique<br \/>\nFil Pilote 6 ordres : Confort \/ Confort -1\u00b0 \/ Confort -2\u00b0 \/ Eco \/ Hors Gel \/ Off<br \/>\nS\u00e9curit\u00e9 enfants<br \/>\nD\u00e9tection automatique ouverture de fen\u00eatres<br \/>\nClasse II<br \/>\nIP24<\/li>\n<\/ul>\n<\/li>\n<li class=\"product-features__item\" role=\"listitem\">\n<h3 class=\"product-features__label\">Caract\u00e9ristiques g\u00e9n\u00e9rales<\/h3>\n<ul role=\"list\">\n<li class=\"product-features__item-list__item\" role=\"listitem\"><span class=\"is--medium\">Type :<\/span> Radiateur \u00e9lectrique<\/li>\n<li class=\"product-features__item-list__item\" role=\"listitem\"><span class=\"is--medium\">Alimentation :<\/span> Secteur<\/li>\n<li class=\"product-features__item-list__item\" role=\"listitem\"><span class=\"is--medium\">Puissance minimale :<\/span> 2.000 W<\/li>\n<li class=\"product-features__item-list__item\" role=\"listitem\"><span class=\"is--medium\">Puissance max :<\/span> 2.000 W<\/li>\n<li class=\"product-features__item-list__item\" role=\"listitem\"><span class=\"is--medium\">Surface chauff\u00e9e :<\/span> 19 m\u00b2<\/li>\n<li class=\"product-features__item-list__item\" role=\"listitem\"><span class=\"is--medium\">Consommation minimale :<\/span> 2.000,0 W<\/li>\n<li class=\"product-features__item-list__item\" role=\"listitem\"><span class=\"is--medium\">Consommation max :<\/span> 2.000,0 W<\/li>\n<li class=\"product-features__item-list__item\" role=\"listitem\"><span class=\"is--medium\">Effet flamme :<\/span> Non<\/li>\n<li class=\"product-features__item-list__item\" role=\"listitem\"><span class=\"is--medium\">Sp\u00e9cificit\u00e9s :<\/span> 2000<\/li>\n<li class=\"product-features__item-list__item\" role=\"listitem\"><span class=\"is--medium\">Thermostat :<\/span> Electronique<\/li>\n<li class=\"product-features__item-list__item\" role=\"listitem\"><span class=\"is--medium\">Fa\u00e7ade :<\/span> Acier<\/li>\n<li class=\"product-features__item-list__item\" role=\"listitem\"><span class=\"is--medium\">Corps :<\/span> Acier<\/li>\n<li class=\"product-features__item-list__item\" role=\"listitem\"><span class=\"is--medium\">Coloris :<\/span> Blanc<\/li>\n<li class=\"product-features__item-list__item\" role=\"listitem\"><span class=\"is--medium\">Programmateur :<\/span> Oui<\/li>\n<\/ul>\n<\/li>\n<li class=\"product-features__item\" role=\"listitem\">\n<h3 class=\"product-features__label\">Utilisation<\/h3>\n<ul role=\"list\">\n<li class=\"product-features__item-list__item\" role=\"listitem\"><span class=\"is--medium\">Position froid :<\/span> Non<\/li>\n<li class=\"product-features__item-list__item\" role=\"listitem\"><span class=\"is--medium\">Position chaud :<\/span> Non<\/li>\n<li class=\"product-features__item-list__item\" role=\"listitem\"><span class=\"is--medium\">Position ventilation :<\/span> Non<\/li>\n<li class=\"product-features__item-list__item\" role=\"listitem\"><span class=\"is--medium\">Oscillation :<\/span> Non<\/li>\n<li class=\"product-features__item-list__item\" role=\"listitem\"><span class=\"is--medium\">R\u00e9servoir d&rsquo;eau pour humidification :<\/span> Non<\/li>\n<li class=\"product-features__item-list__item\" role=\"listitem\"><span class=\"is--medium\">Fonction hors-gel :<\/span> Oui<\/li>\n<\/ul>\n<\/li>\n<li class=\"product-features__item\" role=\"listitem\">\n<h3 class=\"product-features__label\">S\u00e9curit\u00e9<\/h3>\n<ul role=\"list\">\n<li class=\"product-features__item-list__item\" role=\"listitem\"><span class=\"is--medium\">Anti-surchauffe :<\/span> Oui<\/li>\n<li class=\"product-features__item-list__item\" role=\"listitem\"><span class=\"is--medium\">Anti-basculement :<\/span> Non<\/li>\n<li class=\"product-features__item-list__item\" role=\"listitem\"><span class=\"is--medium\">Arr\u00eat automatique :<\/span> Oui<\/li>\n<li class=\"product-features__item-list__item\" role=\"listitem\"><span class=\"is--medium\">Filtre anti-poussi\u00e8re :<\/span> Non<\/li>\n<li class=\"product-features__item-list__item\" role=\"listitem\"><span class=\"is--medium\">Compatible Salle de bain :<\/span> Norme IP24 : Prot\u00e8ge votre appareil des projections d&rsquo;eau<\/li>\n<\/ul>\n<\/li>\n<li class=\"product-features__item\" role=\"listitem\">\n<h3 class=\"product-features__label\">Installation<\/h3>\n<ul role=\"list\">\n<li class=\"product-features__item-list__item\" role=\"listitem\"><span class=\"is--medium\">Temps moyen d&rsquo;installation :<\/span> 1,00 h<\/li>\n<li class=\"product-features__item-list__item\" role=\"listitem\"><span class=\"is--medium\">Installation murale :<\/span> Fixation fournie<\/li>\n<li class=\"product-features__item-list__item\" role=\"listitem\"><span class=\"is--medium\">Installation sur pied :<\/span> Non<\/li>\n<li class=\"product-features__item-list__item\" role=\"listitem\"><span class=\"is--medium\">Installation au sol :<\/span> Non<\/li>\n<\/ul>\n<\/li>\n<li class=\"product-features__item\" role=\"listitem\">\n<h3 class=\"product-features__label\">Confort<\/h3>\n<ul role=\"list\">\n<li class=\"product-features__item-list__item\" role=\"listitem\"><span class=\"is--medium\">Poign\u00e9e de transport :<\/span> Non<\/li>\n<li class=\"product-features__item-list__item\" role=\"listitem\"><span class=\"is--medium\">Mobilit\u00e9 :<\/span> Sans<\/li>\n<li class=\"product-features__item-list__item\" role=\"listitem\"><span class=\"is--medium\">Rangement de cordon :<\/span> Non<\/li>\n<\/ul>\n<\/li>\n<li class=\"product-features__item\" role=\"listitem\">\n<h3 class=\"product-features__label\">Smartphone et Tablette<\/h3>\n<ul role=\"list\">\n<li class=\"product-features__item-list__item\" role=\"listitem\"><span class=\"is--medium\">iPhone :<\/span> Non<\/li>\n<li class=\"product-features__item-list__item\" role=\"listitem\"><span class=\"is--medium\">iPad :<\/span> Non<\/li>\n<li class=\"product-features__item-list__item\" role=\"listitem\"><span class=\"is--medium\">iPod touch :<\/span> Non<\/li>\n<li class=\"product-features__item-list__item\" role=\"listitem\"><span class=\"is--medium\">Smartphone Android :<\/span> Non<\/li>\n<li class=\"product-features__item-list__item\" role=\"listitem\"><span class=\"is--medium\">Smartphone BlackBerry :<\/span> Non<\/li>\n<li class=\"product-features__item-list__item\" role=\"listitem\"><span class=\"is--medium\">Smartphone Windows Phone :<\/span> Non<\/li>\n<\/ul>\n<\/li>\n<li class=\"product-features__item\" role=\"listitem\">\n<h3 class=\"product-features__label\">Dimensions<\/h3>\n<ul role=\"list\">\n<li class=\"product-features__item-list__item\" role=\"listitem\"><span class=\"is--medium\">Dimensions l x h x p :<\/span> 110 x 49 x 13 cm<\/li>\n<\/ul>\n<\/li>\n<li class=\"product-features__item\" role=\"listitem\">\n<h3 class=\"product-features__label\">Informations compl\u00e9mentaires<\/h3>\n<ul role=\"list\">\n<li class=\"product-features__item-list__item\" role=\"listitem\"><span class=\"is--medium\">Fabriqu\u00e9 en :<\/span> Chine<\/li>\n<li class=\"product-features__item-list__item\" role=\"listitem\"><span class=\"is--medium\">Disponibilit\u00e9 des pi\u00e8ces d\u00e9tach\u00e9es (donn\u00e9es fournisseur) :<\/span> Pas de pi\u00e8ce disponible<\/li>\n<\/ul>\n<\/li>\n<\/ul>\n<\/div>\n<div class=\"product__disclosure-content\">\n<div class=\"js-read-more product-description__content read-more read-more--truncated\" style=\"max-height: 500px;overflow: hidden\" data-read-more-name=\"description\">\n<p data-mce-fragment=\"1\">EOLE est synonyme de performance et de modernit\u00e9 : le design de ce radiateur se veut \u00e9pur\u00e9 pour s&rsquo;int\u00e9grer parfaitement au sein de votre habitat. Les technologies utilis\u00e9es quant \u00e0 elles, permettent de chauffer votre maison de mani\u00e8re optimale.<\/p>\n<p data-mce-fragment=\"1\"><strong data-mce-fragment=\"1\">Un double c\u0153ur de chauffe en fonte + film chauffant<\/strong><\/p>\n<ul data-mce-fragment=\"1\">\n<li data-mce-fragment=\"1\">\n<p data-mce-fragment=\"1\">Le chauffage \u00e9lectrique EOLE est compos\u00e9 d&rsquo;un double c\u0153ur de chauffe en fonte et d&rsquo;un film chauffant. Cette technologie, combin\u00e9e \u00e0 l&rsquo;inertie s\u00e8che, g\u00e9n\u00e8re une chaleur douce et agr\u00e9able, sans ass\u00e9cher l&rsquo;air.<\/p>\n<\/li>\n<li data-mce-fragment=\"1\">\n<p data-mce-fragment=\"1\">Le radiateur EOLE vous permet d&rsquo;obtenir rapidement une homog\u00e9n\u00e9it\u00e9 thermique et de r\u00e9aliser des \u00e9conomies au quotidien : la mont\u00e9e en temp\u00e9rature est rapide et durable. M\u00eame lorsque le radiateur est \u00e9teint, la chaleur continue de se propager.<\/p>\n<\/li>\n<\/ul>\n<p data-mce-fragment=\"1\"><strong data-mce-fragment=\"1\">Une programmation facile<\/strong><\/p>\n<ul data-mce-fragment=\"1\">\n<li data-mce-fragment=\"1\">\n<p data-mce-fragment=\"1\">Programmez facilement votre radiateur EOLE en choisissant parmi les diff\u00e9rents programmes disponibles : les 3 programmes hebdomadaires pr\u00e9-enregistr\u00e9s (P1\/P2\/P3) ou le programme hebdomadaire personnalisable. Vous pouvez \u00e9galement choisir l&rsquo;un des 6 modes pr\u00e9sent par le biais du Fil Pilote 6 ordres : Confort \/ Confort -1\u00b0 \/ Confort -2\u00b0 \/ Eco \/ Hors gel \/ Off.<\/p>\n<\/li>\n<li data-mce-fragment=\"1\">\n<p data-mce-fragment=\"1\">Pour mettre \u00e0 jour facilement votre programme, naviguez en toute simplicit\u00e9 sur le bo\u00eetier digital tactile et \u00e9cran LCD. Tr\u00e8s intuitif, vous pourrez changer de programme comme bon vous semble.<\/p>\n<\/li>\n<\/ul>\n<p data-mce-fragment=\"1\">Le radiateur poss\u00e8de un d\u00e9tecteur automatique d&rsquo;ouverture de fen\u00eatres, mais \u00e9galement une s\u00e9curit\u00e9 enfant et une fonction de protection contre la surchauffe.<\/p>\n<p data-mce-fragment=\"1\">EOLE est synonyme de performance et de modernit\u00e9 : le design de ce radiateur se veut \u00e9pur\u00e9 pour s&rsquo;int\u00e9grer parfaitement au sein de votre habitat. Les technologies utilis\u00e9es quant \u00e0 elles, permettent de chauffer votre maison de mani\u00e8re optimale.<\/p>\n<p data-mce-fragment=\"1\"><strong data-mce-fragment=\"1\">Un double c\u0153ur de chauffe en fonte + film chauffant<\/strong><\/p>\n<ul data-mce-fragment=\"1\">\n<li data-mce-fragment=\"1\">\n<p data-mce-fragment=\"1\">Le chauffage \u00e9lectrique EOLE est compos\u00e9 d&rsquo;un double c\u0153ur de chauffe en fonte et d&rsquo;un film chauffant. Cette technologie, combin\u00e9e \u00e0 l&rsquo;inertie s\u00e8che, g\u00e9n\u00e8re une chaleur douce et agr\u00e9able, sans ass\u00e9cher l&rsquo;air.<\/p>\n<\/li>\n<li data-mce-fragment=\"1\">\n<p data-mce-fragment=\"1\">Le radiateur EOLE vous permet d&rsquo;obtenir rapidement une homog\u00e9n\u00e9it\u00e9 thermique et de r\u00e9aliser des \u00e9conomies au quotidien : la mont\u00e9e en temp\u00e9rature est rapide et durable. M\u00eame lorsque le radiateur est \u00e9teint, la chaleur continue de se propager.<\/p>\n<\/li>\n<\/ul>\n<p data-mce-fragment=\"1\"><strong data-mce-fragment=\"1\">Une programmation facile<\/strong><\/p>\n<ul data-mce-fragment=\"1\">\n<li data-mce-fragment=\"1\">\n<p data-mce-fragment=\"1\">Programmez facilement votre radiateur EOLE en choisissant parmi les diff\u00e9rents programmes disponibles : les 3 programmes hebdomadaires pr\u00e9-enregistr\u00e9s (P1\/P2\/P3) ou le programme hebdomadaire personnalisable. Vous pouvez \u00e9galement choisir l&rsquo;un des 6 modes pr\u00e9sent par le biais du Fil Pilote 6 ordres : Confort \/ Confort -1\u00b0 \/ Confort -2\u00b0 \/ Eco \/ Hors gel \/ Off.<\/p>\n<\/li>\n<li data-mce-fragment=\"1\">\n<p data-mce-fragment=\"1\">Pour mettre \u00e0 jour facilement votre programme, naviguez en toute simplicit\u00e9 sur le bo\u00eetier digital tactile et \u00e9cran LCD. Tr\u00e8s intuitif, vous pourrez changer de programme comme bon vous semble.<\/p>\n<\/li>\n<\/ul>\n<p data-mce-fragment=\"1\">Le radiateur poss\u00e8de un d\u00e9tecteur automatique d&rsquo;ouverture de fen\u00eatres, mais \u00e9galement une s\u00e9curit\u00e9 enfant et une fonction de protection contre la surchauffe.<\/p>\n<\/div>\n<p>Voir plus<\/p>\n<\/div>","protected":false},"excerpt":{"rendered":"<div class=\"keypoints\">\n<h3 class=\"keypoints__title\">Les points cl\u00e9s<\/h3>\n<ul role=\"list\">\n<li class=\"keypoints__item\" role=\"listitem\">Surface chauff\u00e9e : 19 m\u00b2<\/li>\n<li class=\"keypoints__item\" role=\"listitem\">Puissance max : 2.000 W<\/li>\n<li class=\"keypoints__item\" role=\"listitem\">Compatible Salle de bain &#8211; Programmateur &#8211; Compatible Salle de bain<\/li>\n<\/ul>\n<\/div>","protected":false},"featured_media":40573,"template":"","meta":{"_glsr_average":0,"_glsr_ranking":0,"_glsr_reviews":0},"product_cat":[288],"product_tag":[290,153],"class_list":{"0":"post-99462","1":"product","2":"type-product","3":"status-publish","4":"has-post-thumbnail","6":"product_cat-chauffage","7":"product_tag-chauffage","8":"product_tag-maison-entretien","10":"first","11":"instock","12":"sale","13":"shipping-taxable","14":"purchasable","15":"product-type-simple"},"_links":{"self":[{"href":"https:\/\/electromenagerexpress.com\/en\/wp-json\/wp\/v2\/product\/99462","targetHints":{"allow":["GET"]}}],"collection":[{"href":"https:\/\/electromenagerexpress.com\/en\/wp-json\/wp\/v2\/product"}],"about":[{"href":"https:\/\/electromenagerexpress.com\/en\/wp-json\/wp\/v2\/types\/product"}],"wp:featuredmedia":[{"embeddable":true,"href":"https:\/\/electromenagerexpress.com\/en\/wp-json\/wp\/v2\/media\/40573"}],"wp:attachment":[{"href":"https:\/\/electromenagerexpress.com\/en\/wp-json\/wp\/v2\/media?parent=99462"}],"wp:term":[{"taxonomy":"product_cat","embeddable":true,"href":"https:\/\/electromenagerexpress.com\/en\/wp-json\/wp\/v2\/product_cat?post=99462"},{"taxonomy":"product_tag","embeddable":true,"href":"https:\/\/electromenagerexpress.com\/en\/wp-json\/wp\/v2\/product_tag?post=99462"}],"curies":[{"name":"wp","href":"https:\/\/api.w.org\/{rel}","templated":true}]}}